
{"id":349,"date":"2012-03-10T08:17:52","date_gmt":"2012-03-10T08:17:52","guid":{"rendered":"http:\/\/web362.itscserver.org\/wordpress\/?page_id=349"},"modified":"2014-04-28T13:44:50","modified_gmt":"2014-04-28T11:44:50","slug":"entstehung","status":"publish","type":"page","link":"https:\/\/rauchfrei.at\/en\/ueber-uns\/entstehung\/","title":{"rendered":"Entstehung"},"content":{"rendered":"<p><strong>Mit dem Weltnichtrauchertag am 31. Mai 2006<\/strong> hat das \u00f6sterreichweite Rauchertelefon seinen Betrieb aufgenommen. Seitdem konnte sich das Service als erste Anlaufstelle f\u00fcr Information und Beratung rund ums Thema Rauchen und Rauchstopp etablieren.<\/p>\n<p>Die beiden Leitungen waren zu Beginn von 15:00 bis 18:00 Uhr ge\u00f6ffnet, ab August 2007 wurden die Telefone aufgrund steigender Nachfrage schon ab 13:00 Uhr besetzt. Seit Oktober 2010 ist die Telefonberatung wochentags von 10:00 bis 18:00 Uhr erreichbar. Mit dieser neuerlichen <strong>Verl\u00e4ngerung der Beratungszeiten<\/strong> um rund drei Stunden kam das Rauchertelefon der steigenden Bekanntheit und Nachfrage nach Beratung entgegen.<\/p>\n<p>Die anf\u00e4ngliche Skepsis, ob professionelle und langfristige Beratung per Telefon \u201ewirklich funktioniert\u201c und ob diese f\u00fcr \u00d6sterreich neue Art der Unterst\u00fctzung per Telefon von Raucherinnen und Rauchern angenommen wird, hat sich inzwischen in breite Akzeptanz verwandelt.<\/p>\n<p>Seit Juni 2008 sind die Hersteller von Tabakwaren gesetzlich verpflichtet, <strong>auf jede 14. Zigarettenpackung<\/strong> folgenden Wortlaut zu drucken: \u201eHier finden Sie Hilfe, wenn Sie das Rauchen aufgeben m\u00f6chten: Kontaktieren Sie das Rauchertelefon (0810 810 013 oder www.rauchertelefon.at). Befragen Sie Ihren Arzt oder Apotheker.\u201c<\/p>\n<p><strong>Mit Mai 2014 <\/strong>entwickelt sich das Rauchertelefon zum<strong> Rauchfrei Telefon mit der kostenfreien Telefonnummer 0800 810 013 <\/strong>weiter<strong>.<\/strong> Mit der Namens\u00e4nderung kommt der positive, ressourcenorientierte Ansatz noch mehr zur Geltung.<\/p>\n<p>Die hohen Anrufzahlen, die positive Entwicklung mit steigenden Beratungs- und Informationsgespr\u00e4chen sowie der Ausbau der Kooperationsmodelle mit Gesundheitseinrichtungen und anderen Entw\u00f6hnangeboten zeigen, dass das \u00f6sterreichweite Rauchfrei Telefon einen wichtigen, unersetzlichen Beitrag zur Tabakentw\u00f6hnung in \u00d6sterreich leistet.<\/p>\n<p>Die \u00f6sterreichweite Kooperation von insgesamt <span style=\"color: #000000;\">25 <\/span>Partnern zur <strong>Finanzierung<\/strong> dieses Services ist ein <strong>einzigartiges Modell<\/strong>. Neben seiner Beratungsfunktion sieht sich das Rauchfrei Telefon auch als Schnittstelle zwischen Beratungsinstitutionen \u00f6sterreichweit und vervollst\u00e4ndigt somit das Angebot der verschiedenen Formen der Tabakentw\u00f6hnung.<\/p>\n<p>Dank der finanzierenden Partner, der kooperierenden Institutionen und Expertinnen und Experten im Gesundheitswesen, die mit dem Rauchfrei Telefon zusammenarbeiten sowie durch das gemeinsame Engagement aller Beteiligten kann das Rauchfrei Telefon seinen Service in der beschriebenen Form auf einem international sehr hohen Standard anbieten.<\/p>\n<p>Dar\u00fcber hinaus kann das \u00f6sterreichweite Rauchfrei Telefon eventuelle gesetzliche Ver\u00e4nderungen in Bezug auf einen verbesserten Nichtraucherschutz auf viele Arten unterst\u00fctzen. So bestehen auch in dieser Richtung M\u00f6glichkeiten inhaltlicher und kooperativer Art, um die Tabakkontrolle und Tabakentw\u00f6hnung in \u00d6sterreich auf mehreren Ebenen auszubauen.<\/p>\n<p>&nbsp;<\/p>\n","protected":false},"excerpt":{"rendered":"<p>Mit dem Weltnichtrauchertag am 31. Mai 2006 hat das \u00f6sterreichweite Rauchertelefon seinen Betrieb aufgenommen. Seitdem konnte sich das Service als erste Anlaufstelle f\u00fcr Information und Beratung rund ums Thema Rauchen und Rauchstopp etablieren. Die beiden Leitungen waren zu Beginn von 15:00 bis 18:00 Uhr ge\u00f6ffnet, ab August 2007 wurden die Telefone aufgrund steigender Nachfrage schon [&hellip;]<\/p>\n","protected":false},"author":2,"featured_media":0,"parent":334,"menu_order":0,"comment_status":"closed","ping_status":"open","template":"","meta":{"_et_pb_use_builder":"","_et_pb_old_content":"","_et_gb_content_width":"","footnotes":""},"class_list":["post-349","page","type-page","status-publish","hentry"],"yoast_head":"<!-- This site is optimized with the Yoast SEO plugin v26.2 - https:\/\/yoast.com\/wordpress\/plugins\/seo\/ -->\n<title>Entstehung - Rauchfrei Telefon<\/title>\n<meta name=\"robots\" content=\"index, follow, max-snippet:-1, max-image-preview:large, max-video-preview:-1\" \/>\n<link rel=\"canonical\" href=\"https:\/\/rauchfrei.at\/ueber-uns\/entstehung\/\" \/>\n<meta property=\"og:locale\" content=\"en_US\" \/>\n<meta property=\"og:type\" content=\"article\" \/>\n<meta property=\"og:title\" content=\"Entstehung - Rauchfrei Telefon\" \/>\n<meta property=\"og:description\" content=\"Mit dem Weltnichtrauchertag am 31. Mai 2006 hat das \u00f6sterreichweite Rauchertelefon seinen Betrieb aufgenommen. Seitdem konnte sich das Service als erste Anlaufstelle f\u00fcr Information und Beratung rund ums Thema Rauchen und Rauchstopp etablieren. Die beiden Leitungen waren zu Beginn von 15:00 bis 18:00 Uhr ge\u00f6ffnet, ab August 2007 wurden die Telefone aufgrund steigender Nachfrage schon [&hellip;]\" \/>\n<meta property=\"og:url\" content=\"https:\/\/rauchfrei.at\/ueber-uns\/entstehung\/\" \/>\n<meta property=\"og:site_name\" content=\"Rauchfrei Telefon\" \/>\n<meta property=\"article:modified_time\" content=\"2014-04-28T11:44:50+00:00\" \/>\n<meta name=\"twitter:card\" content=\"summary_large_image\" \/>\n<meta name=\"twitter:label1\" content=\"Est. reading time\" \/>\n\t<meta name=\"twitter:data1\" content=\"2 minutes\" \/>\n<script type=\"application\/ld+json\" class=\"yoast-schema-graph\">{\"@context\":\"https:\/\/schema.org\",\"@graph\":[{\"@type\":\"WebPage\",\"@id\":\"https:\/\/rauchfrei.at\/ueber-uns\/entstehung\/\",\"url\":\"https:\/\/rauchfrei.at\/ueber-uns\/entstehung\/\",\"name\":\"Entstehung - Rauchfrei Telefon\",\"isPartOf\":{\"@id\":\"https:\/\/rauchfrei.at\/#website\"},\"datePublished\":\"2012-03-10T08:17:52+00:00\",\"dateModified\":\"2014-04-28T11:44:50+00:00\",\"breadcrumb\":{\"@id\":\"https:\/\/rauchfrei.at\/ueber-uns\/entstehung\/#breadcrumb\"},\"inLanguage\":\"en-US\",\"potentialAction\":[{\"@type\":\"ReadAction\",\"target\":[\"https:\/\/rauchfrei.at\/ueber-uns\/entstehung\/\"]}]},{\"@type\":\"BreadcrumbList\",\"@id\":\"https:\/\/rauchfrei.at\/ueber-uns\/entstehung\/#breadcrumb\",\"itemListElement\":[{\"@type\":\"ListItem\",\"position\":1,\"name\":\"\u00dcber uns\",\"item\":\"https:\/\/rauchfrei.at\/ueber-uns\/\"},{\"@type\":\"ListItem\",\"position\":2,\"name\":\"Entstehung\"}]},{\"@type\":\"WebSite\",\"@id\":\"https:\/\/rauchfrei.at\/#website\",\"url\":\"https:\/\/rauchfrei.at\/\",\"name\":\"Rauchfrei Telefon\",\"description\":\"Eine \u00f6sterreichweite Initiative der Sozialversicherungen.\",\"potentialAction\":[{\"@type\":\"SearchAction\",\"target\":{\"@type\":\"EntryPoint\",\"urlTemplate\":\"https:\/\/rauchfrei.at\/?s={search_term_string}\"},\"query-input\":{\"@type\":\"PropertyValueSpecification\",\"valueRequired\":true,\"valueName\":\"search_term_string\"}}],\"inLanguage\":\"en-US\"}]}<\/script>\n<!-- \/ Yoast SEO plugin. -->","yoast_head_json":{"title":"Entstehung - Rauchfrei Telefon","robots":{"index":"index","follow":"follow","max-snippet":"max-snippet:-1","max-image-preview":"max-image-preview:large","max-video-preview":"max-video-preview:-1"},"canonical":"https:\/\/rauchfrei.at\/ueber-uns\/entstehung\/","og_locale":"en_US","og_type":"article","og_title":"Entstehung - Rauchfrei Telefon","og_description":"Mit dem Weltnichtrauchertag am 31. Mai 2006 hat das \u00f6sterreichweite Rauchertelefon seinen Betrieb aufgenommen. Seitdem konnte sich das Service als erste Anlaufstelle f\u00fcr Information und Beratung rund ums Thema Rauchen und Rauchstopp etablieren. Die beiden Leitungen waren zu Beginn von 15:00 bis 18:00 Uhr ge\u00f6ffnet, ab August 2007 wurden die Telefone aufgrund steigender Nachfrage schon [&hellip;]","og_url":"https:\/\/rauchfrei.at\/ueber-uns\/entstehung\/","og_site_name":"Rauchfrei Telefon","article_modified_time":"2014-04-28T11:44:50+00:00","twitter_card":"summary_large_image","twitter_misc":{"Est. reading time":"2 minutes"},"schema":{"@context":"https:\/\/schema.org","@graph":[{"@type":"WebPage","@id":"https:\/\/rauchfrei.at\/ueber-uns\/entstehung\/","url":"https:\/\/rauchfrei.at\/ueber-uns\/entstehung\/","name":"Entstehung - Rauchfrei Telefon","isPartOf":{"@id":"https:\/\/rauchfrei.at\/#website"},"datePublished":"2012-03-10T08:17:52+00:00","dateModified":"2014-04-28T11:44:50+00:00","breadcrumb":{"@id":"https:\/\/rauchfrei.at\/ueber-uns\/entstehung\/#breadcrumb"},"inLanguage":"en-US","potentialAction":[{"@type":"ReadAction","target":["https:\/\/rauchfrei.at\/ueber-uns\/entstehung\/"]}]},{"@type":"BreadcrumbList","@id":"https:\/\/rauchfrei.at\/ueber-uns\/entstehung\/#breadcrumb","itemListElement":[{"@type":"ListItem","position":1,"name":"\u00dcber uns","item":"https:\/\/rauchfrei.at\/ueber-uns\/"},{"@type":"ListItem","position":2,"name":"Entstehung"}]},{"@type":"WebSite","@id":"https:\/\/rauchfrei.at\/#website","url":"https:\/\/rauchfrei.at\/","name":"Rauchfrei Telefon","description":"Eine \u00f6sterreichweite Initiative der Sozialversicherungen.","potentialAction":[{"@type":"SearchAction","target":{"@type":"EntryPoint","urlTemplate":"https:\/\/rauchfrei.at\/?s={search_term_string}"},"query-input":{"@type":"PropertyValueSpecification","valueRequired":true,"valueName":"search_term_string"}}],"inLanguage":"en-US"}]}},"_links":{"self":[{"href":"https:\/\/rauchfrei.at\/en\/wp-json\/wp\/v2\/pages\/349","targetHints":{"allow":["GET"]}}],"collection":[{"href":"https:\/\/rauchfrei.at\/en\/wp-json\/wp\/v2\/pages"}],"about":[{"href":"https:\/\/rauchfrei.at\/en\/wp-json\/wp\/v2\/types\/page"}],"author":[{"embeddable":true,"href":"https:\/\/rauchfrei.at\/en\/wp-json\/wp\/v2\/users\/2"}],"replies":[{"embeddable":true,"href":"https:\/\/rauchfrei.at\/en\/wp-json\/wp\/v2\/comments?post=349"}],"version-history":[{"count":5,"href":"https:\/\/rauchfrei.at\/en\/wp-json\/wp\/v2\/pages\/349\/revisions"}],"predecessor-version":[{"id":5534,"href":"https:\/\/rauchfrei.at\/en\/wp-json\/wp\/v2\/pages\/349\/revisions\/5534"}],"up":[{"embeddable":true,"href":"https:\/\/rauchfrei.at\/en\/wp-json\/wp\/v2\/pages\/334"}],"wp:attachment":[{"href":"https:\/\/rauchfrei.at\/en\/wp-json\/wp\/v2\/media?parent=349"}],"curies":[{"name":"wp","href":"https:\/\/api.w.org\/{rel}","templated":true}]}}