
{"id":351,"date":"2012-03-10T08:18:27","date_gmt":"2012-03-10T08:18:27","guid":{"rendered":"http:\/\/web362.itscserver.org\/wordpress\/?page_id=351"},"modified":"2025-11-26T12:37:12","modified_gmt":"2025-11-26T10:37:12","slug":"team","status":"publish","type":"page","link":"https:\/\/rauchfrei.at\/en\/ueber-uns\/team\/","title":{"rendered":"Team"},"content":{"rendered":"<p>[et_pb_section fb_built=&#8221;1&#8243; custom_padding_last_edited=&#8221;off|&#8221; module_class=&#8221;header&#8221; _builder_version=&#8221;4.16&#8243; background_color=&#8221;#67BAD3&#8243; custom_margin=&#8221;||0px|&#8221; custom_padding=&#8221;100px||10px|&#8221; global_colors_info=&#8221;{}&#8221;][et_pb_row _builder_version=&#8221;4.16&#8243; custom_margin=&#8221;||0px|&#8221; custom_padding=&#8221;||0px|&#8221; global_colors_info=&#8221;{}&#8221;][et_pb_column type=&#8221;4_4&#8243; _builder_version=&#8221;4.16&#8243; custom_padding=&#8221;||0px|&#8221; global_colors_info=&#8221;{}&#8221; custom_padding__hover=&#8221;|||&#8221;][et_pb_text admin_label=&#8221;Blue Background Header&#8221; _builder_version=&#8221;4.27.4&#8243; custom_margin=&#8221;||0px|&#8221; custom_padding=&#8221;||0px|&#8221; global_colors_info=&#8221;{}&#8221;]<\/p>\n<h1>Das Team<\/h1>\n<h2>Wir stellen uns vor!<\/h2>\n<p>[\/et_pb_text][\/et_pb_column][\/et_pb_row][\/et_pb_section][et_pb_section fb_built=&#8221;1&#8243; _builder_version=&#8221;4.16&#8243; global_colors_info=&#8221;{}&#8221;][et_pb_row column_structure=&#8221;2_3,1_3&#8243; _builder_version=&#8221;4.16&#8243; custom_padding=&#8221;|||&#8221; global_colors_info=&#8221;{}&#8221;][et_pb_column type=&#8221;2_3&#8243; _builder_version=&#8221;4.16&#8243; custom_padding=&#8221;|||&#8221; global_colors_info=&#8221;{}&#8221; custom_padding__hover=&#8221;|||&#8221;][et_pb_text _builder_version=&#8221;4.27.4&#8243; hover_enabled=&#8221;0&#8243; z_index_tablet=&#8221;500&#8243; global_colors_info=&#8221;{}&#8221; sticky_enabled=&#8221;0&#8243;]<\/p>\n<h4>Fachliche Leitung<\/h4>\n<p><strong>Mag. Alexandra Beroggio<\/strong><a title=\"Alexandrea Beroggio\" href=\"mailto:alexandra.beroggio@oegk.at\" target=\"_blank\" rel=\"noopener\"><strong><br \/><\/strong><\/a><br \/>Tel. 05 07 66 126220<a title=\"Alexandrea Beroggio\" href=\"mailto:alexandra.beroggio@oegk.at\" target=\"_blank\" rel=\"noopener\"><br \/>Email: <\/a><a title=\"Alexandra Beroggio\" href=\"mailto:alexandra.beroggio@oegk.at\" target=\"_blank\" rel=\"noopener\">alexandra.beroggio@oegk.at<\/a><strong><br \/><\/strong><\/p>\n<h4>Vertretung Fachliche Leitung<\/h4>\n<p><strong>Mag. Melanie Stulik<br \/><\/strong><br \/>Tel. 05 07 66 126222<br \/>Email: <a title=\"Melanie Stulik\" href=\"mailto:%20melanie.stulik@oegk.at\" target=\"_blank\" rel=\"noopener\">melanie.stulik@oegk.at<\/a><strong><br \/><\/strong><\/p>\n<h4>Kaufm\u00e4nnische Leitung<\/h4>\n<p><strong>Elke Bachmann, BA MA<br \/><\/strong><br \/>Tel. 05 07 66 126204<br \/>Email: <a title=\"Elke Bachmann\" href=\"mailto:%20elke.bachmann@oegk.at\">elke.bachmann@oegk.at<\/a><\/p>\n<p>Am Telefon ber\u00e4t ein Team aus erfahrenen Klinischen- und Gesundheitspsychologinnen, die speziell in der Tabakentw\u00f6hnung und in der Telefonberatung ausgebildet sind. Das Team betreut auch die Website und erstellt die Informationsmaterialien.<\/p>\n<p>[\/et_pb_text][et_pb_text admin_label=&#8221;Bildbeschreibung&#8221; _builder_version=&#8221;4.27.4&#8243; hover_enabled=&#8221;0&#8243; z_index_tablet=&#8221;500&#8243; global_colors_info=&#8221;{}&#8221; sticky_enabled=&#8221;0&#8243;]<\/p>\n<h4><strong>\u00a0<\/strong><\/h4>\n<h4><strong>Beratung:<\/strong><\/h4>\n<p>Mag. Sabine Berger, Mag. Alexandra Beroggio, Mag. Silvia Bolena, Mag. Ulrike Brehm, Mag. Andrea B\u00fcttner, Mag. Katharina Klik, Mag. Iris Lackner (Karenzvertretung), Mag. Anita May (Karenzvertretung), Mag. Melanie Stulik, Mag. Veronika Walega, Mag. Pamela Z\u00f6chinger, MSc;\u00a0<\/p>\n<p>&nbsp;<\/p>\n<p>&nbsp;<\/p>\n<p>[\/et_pb_text][et_pb_text admin_label=&#8221;Bildbeschreibung&#8221; _builder_version=&#8221;4.27.4&#8243; hover_enabled=&#8221;0&#8243; z_index_tablet=&#8221;500&#8243; locked=&#8221;off&#8221; global_colors_info=&#8221;{}&#8221; sticky_enabled=&#8221;0&#8243;]<\/p>\n<p>&nbsp;<\/p>\n<p>&nbsp;<\/p>\n<p>&nbsp;<\/p>\n<p>[\/et_pb_text][\/et_pb_column][et_pb_column type=&#8221;1_3&#8243; _builder_version=&#8221;4.16&#8243; custom_padding=&#8221;|||&#8221; global_colors_info=&#8221;{}&#8221; custom_padding__hover=&#8221;|||&#8221;][et_pb_dp_dmb_module_10093 farbe=&#8221;blitzgelb&#8221; headline=&#8221;Buchen Sie einen Anruf!&#8221; image=&#8221;https:\/\/rauchfrei.at\/wp-content\/uploads\/rauchfrei-rueckruf-gelb.png&#8221; image_position=&#8221;center&#8221; link_text=&#8221;Anruf buchen!&#8221; link_url=&#8221;https:\/\/rauchfrei.at\/beratung\/anruf-gewuenscht\/&#8221; image_size=&#8221;80&#8243; admin_label=&#8221;Anruf buchen&#8221; _builder_version=&#8221;3.21.1&#8243; max_width=&#8221;100%&#8221; global_module=&#8221;13148&#8243; saved_tabs=&#8221;all&#8221; global_colors_info=&#8221;{}&#8221;]<\/p>\n<p>Wir rufen Sie gerne an.<\/p>\n<p>[\/et_pb_dp_dmb_module_10093][\/et_pb_column][\/et_pb_row][\/et_pb_section]<\/p>\n","protected":false},"excerpt":{"rendered":"<p>Das Team Wir stellen uns vor!Fachliche Leitung Mag. Alexandra BeroggioTel. 05 07 66 126220Email: alexandra.beroggio@oegk.at Vertretung Fachliche Leitung Mag. Melanie StulikTel. 05 07 66 126222Email: melanie.stulik@oegk.at Kaufm\u00e4nnische Leitung Elke Bachmann, BA MATel. 05 07 66 126204Email: elke.bachmann@oegk.at Am Telefon ber\u00e4t ein Team aus erfahrenen Klinischen- und Gesundheitspsychologinnen, die speziell in der Tabakentw\u00f6hnung und in der [&hellip;]<\/p>\n","protected":false},"author":2,"featured_media":0,"parent":334,"menu_order":0,"comment_status":"closed","ping_status":"open","template":"","meta":{"_et_pb_use_builder":"on","_et_pb_old_content":"<p>Am Telefon beraten erfahrene Klinische- und Gesundheitspsychologinnen, die speziell in der Tabakentw\u00f6hnung und in der Telefonberatung ausgebildet sind.<\/p><p><img class=\"alignnone size-large wp-image-9037\" src=\"https:\/\/rauchfrei.at\/wp-content\/uploads\/20161215_MG_1388_verkleinert-480x218.jpg\" alt=\"20161215_MG_1388_verkleinert\" width=\"480\" height=\"218\" data-id=\"9037\" \/>\u00a0(C) Ferry Nielsen<\/p><p>Von links nach rechts:<br \/>Mag. Ulrike Brehm, Mag. Andrea B\u00fcttner,\u00a0Mag. Pamela Z\u00f6chinger, MSc, Christian Kysela, MMag. Sophie Meingassner, Mag. Silvia Bolena, Mag. Alexandra Beroggio,<br \/>Mag. Veronika Wagerer, Mag. Sabine Leeb<br \/>Nicht im Bild:<br \/>Mag. Christina M\u00fcller (derzeit in Karenz), Mag. Melanie Stulik (derzeit in Mutterschutz)<\/p><p><strong>Fachliche Leitung<\/strong><\/p><p>F\u00fcr die fachliche Leitung des Rauchfrei Telefon Teams ist MMag. Sophie Meingassner verantwortlich,\u00a0vertreten wird sie von Mag. Alexandra Beroggio. Koordination und Kooperationen \u00fcbernimmt Christian Kysela.<\/p><p><strong>MMag. Sophie Meingassner<br \/><\/strong>Tel. 05 08 99 6219<br \/>Email: sophie.meingassner@noegkk.at<strong><br \/><\/strong><\/p><p><strong>Mag. Alexandra Beroggio<br \/><\/strong>Tel. 05 08 99 6220<br \/>Email: alexandra.beroggio@noegkk.at<strong><br \/><\/strong><\/p><p><strong>Christian Kysela<br \/><\/strong>Tel.: 05 08 99 6207<br \/>Email: christian.kysela@noegkk.at<\/p><p>F\u00fcr fachliche Fragen, Qualit\u00e4tssicherung und Weiterbildung stehen ein \u00c4rzteteam der Nieder\u00f6sterreichischen Gebietskrankenkasse sowie die <a title=\"Kooperationen\" href=\"\/ueber-uns\/kooperationen\/\">Mitglieder des wissenschaftlichen Beirats<\/a> zur Verf\u00fcgung.<\/p><p>\u00a0<\/p>","_et_gb_content_width":"","footnotes":""},"class_list":["post-351","page","type-page","status-publish","hentry"],"yoast_head":"<!-- This site is optimized with the Yoast SEO plugin v26.2 - https:\/\/yoast.com\/wordpress\/plugins\/seo\/ -->\n<title>Team - Rauchfrei Telefon<\/title>\n<meta name=\"robots\" content=\"index, follow, max-snippet:-1, max-image-preview:large, max-video-preview:-1\" \/>\n<link rel=\"canonical\" href=\"https:\/\/rauchfrei.at\/ueber-uns\/team\/\" \/>\n<meta property=\"og:locale\" content=\"en_US\" \/>\n<meta property=\"og:type\" content=\"article\" \/>\n<meta property=\"og:title\" content=\"Team - Rauchfrei Telefon\" \/>\n<meta property=\"og:description\" content=\"Das Team Wir stellen uns vor!Fachliche Leitung Mag. Alexandra BeroggioTel. 05 07 66 126220Email: alexandra.beroggio@oegk.at Vertretung Fachliche Leitung Mag. Melanie StulikTel. 05 07 66 126222Email: melanie.stulik@oegk.at Kaufm\u00e4nnische Leitung Elke Bachmann, BA MATel. 05 07 66 126204Email: elke.bachmann@oegk.at Am Telefon ber\u00e4t ein Team aus erfahrenen Klinischen- und Gesundheitspsychologinnen, die speziell in der Tabakentw\u00f6hnung und in der [&hellip;]\" \/>\n<meta property=\"og:url\" content=\"https:\/\/rauchfrei.at\/ueber-uns\/team\/\" \/>\n<meta property=\"og:site_name\" content=\"Rauchfrei Telefon\" \/>\n<meta property=\"article:modified_time\" content=\"2025-11-26T10:37:12+00:00\" \/>\n<meta name=\"twitter:card\" content=\"summary_large_image\" \/>\n<meta name=\"twitter:label1\" content=\"Est. reading time\" \/>\n\t<meta name=\"twitter:data1\" content=\"1 minute\" \/>\n<script type=\"application\/ld+json\" class=\"yoast-schema-graph\">{\"@context\":\"https:\/\/schema.org\",\"@graph\":[{\"@type\":\"WebPage\",\"@id\":\"https:\/\/rauchfrei.at\/ueber-uns\/team\/\",\"url\":\"https:\/\/rauchfrei.at\/ueber-uns\/team\/\",\"name\":\"Team - Rauchfrei Telefon\",\"isPartOf\":{\"@id\":\"https:\/\/rauchfrei.at\/#website\"},\"datePublished\":\"2012-03-10T08:18:27+00:00\",\"dateModified\":\"2025-11-26T10:37:12+00:00\",\"breadcrumb\":{\"@id\":\"https:\/\/rauchfrei.at\/ueber-uns\/team\/#breadcrumb\"},\"inLanguage\":\"en-US\",\"potentialAction\":[{\"@type\":\"ReadAction\",\"target\":[\"https:\/\/rauchfrei.at\/ueber-uns\/team\/\"]}]},{\"@type\":\"BreadcrumbList\",\"@id\":\"https:\/\/rauchfrei.at\/ueber-uns\/team\/#breadcrumb\",\"itemListElement\":[{\"@type\":\"ListItem\",\"position\":1,\"name\":\"\u00dcber uns\",\"item\":\"https:\/\/rauchfrei.at\/ueber-uns\/\"},{\"@type\":\"ListItem\",\"position\":2,\"name\":\"Team\"}]},{\"@type\":\"WebSite\",\"@id\":\"https:\/\/rauchfrei.at\/#website\",\"url\":\"https:\/\/rauchfrei.at\/\",\"name\":\"Rauchfrei Telefon\",\"description\":\"Eine \u00f6sterreichweite Initiative der Sozialversicherungen.\",\"potentialAction\":[{\"@type\":\"SearchAction\",\"target\":{\"@type\":\"EntryPoint\",\"urlTemplate\":\"https:\/\/rauchfrei.at\/?s={search_term_string}\"},\"query-input\":{\"@type\":\"PropertyValueSpecification\",\"valueRequired\":true,\"valueName\":\"search_term_string\"}}],\"inLanguage\":\"en-US\"}]}<\/script>\n<!-- \/ Yoast SEO plugin. -->","yoast_head_json":{"title":"Team - Rauchfrei Telefon","robots":{"index":"index","follow":"follow","max-snippet":"max-snippet:-1","max-image-preview":"max-image-preview:large","max-video-preview":"max-video-preview:-1"},"canonical":"https:\/\/rauchfrei.at\/ueber-uns\/team\/","og_locale":"en_US","og_type":"article","og_title":"Team - Rauchfrei Telefon","og_description":"Das Team Wir stellen uns vor!Fachliche Leitung Mag. Alexandra BeroggioTel. 05 07 66 126220Email: alexandra.beroggio@oegk.at Vertretung Fachliche Leitung Mag. Melanie StulikTel. 05 07 66 126222Email: melanie.stulik@oegk.at Kaufm\u00e4nnische Leitung Elke Bachmann, BA MATel. 05 07 66 126204Email: elke.bachmann@oegk.at Am Telefon ber\u00e4t ein Team aus erfahrenen Klinischen- und Gesundheitspsychologinnen, die speziell in der Tabakentw\u00f6hnung und in der [&hellip;]","og_url":"https:\/\/rauchfrei.at\/ueber-uns\/team\/","og_site_name":"Rauchfrei Telefon","article_modified_time":"2025-11-26T10:37:12+00:00","twitter_card":"summary_large_image","twitter_misc":{"Est. reading time":"1 minute"},"schema":{"@context":"https:\/\/schema.org","@graph":[{"@type":"WebPage","@id":"https:\/\/rauchfrei.at\/ueber-uns\/team\/","url":"https:\/\/rauchfrei.at\/ueber-uns\/team\/","name":"Team - Rauchfrei Telefon","isPartOf":{"@id":"https:\/\/rauchfrei.at\/#website"},"datePublished":"2012-03-10T08:18:27+00:00","dateModified":"2025-11-26T10:37:12+00:00","breadcrumb":{"@id":"https:\/\/rauchfrei.at\/ueber-uns\/team\/#breadcrumb"},"inLanguage":"en-US","potentialAction":[{"@type":"ReadAction","target":["https:\/\/rauchfrei.at\/ueber-uns\/team\/"]}]},{"@type":"BreadcrumbList","@id":"https:\/\/rauchfrei.at\/ueber-uns\/team\/#breadcrumb","itemListElement":[{"@type":"ListItem","position":1,"name":"\u00dcber uns","item":"https:\/\/rauchfrei.at\/ueber-uns\/"},{"@type":"ListItem","position":2,"name":"Team"}]},{"@type":"WebSite","@id":"https:\/\/rauchfrei.at\/#website","url":"https:\/\/rauchfrei.at\/","name":"Rauchfrei Telefon","description":"Eine \u00f6sterreichweite Initiative der Sozialversicherungen.","potentialAction":[{"@type":"SearchAction","target":{"@type":"EntryPoint","urlTemplate":"https:\/\/rauchfrei.at\/?s={search_term_string}"},"query-input":{"@type":"PropertyValueSpecification","valueRequired":true,"valueName":"search_term_string"}}],"inLanguage":"en-US"}]}},"_links":{"self":[{"href":"https:\/\/rauchfrei.at\/en\/wp-json\/wp\/v2\/pages\/351","targetHints":{"allow":["GET"]}}],"collection":[{"href":"https:\/\/rauchfrei.at\/en\/wp-json\/wp\/v2\/pages"}],"about":[{"href":"https:\/\/rauchfrei.at\/en\/wp-json\/wp\/v2\/types\/page"}],"author":[{"embeddable":true,"href":"https:\/\/rauchfrei.at\/en\/wp-json\/wp\/v2\/users\/2"}],"replies":[{"embeddable":true,"href":"https:\/\/rauchfrei.at\/en\/wp-json\/wp\/v2\/comments?post=351"}],"version-history":[{"count":33,"href":"https:\/\/rauchfrei.at\/en\/wp-json\/wp\/v2\/pages\/351\/revisions"}],"predecessor-version":[{"id":32479,"href":"https:\/\/rauchfrei.at\/en\/wp-json\/wp\/v2\/pages\/351\/revisions\/32479"}],"up":[{"embeddable":true,"href":"https:\/\/rauchfrei.at\/en\/wp-json\/wp\/v2\/pages\/334"}],"wp:attachment":[{"href":"https:\/\/rauchfrei.at\/en\/wp-json\/wp\/v2\/media?parent=351"}],"curies":[{"name":"wp","href":"https:\/\/api.w.org\/{rel}","templated":true}]}}