
{"id":353,"date":"2012-03-10T08:19:12","date_gmt":"2012-03-10T08:19:12","guid":{"rendered":"http:\/\/web362.itscserver.org\/wordpress\/?page_id=353"},"modified":"2019-03-18T13:46:12","modified_gmt":"2019-03-18T11:46:12","slug":"leitlinien","status":"publish","type":"page","link":"https:\/\/rauchfrei.at\/en\/ueber-uns\/leitlinien\/","title":{"rendered":"Leitlinien"},"content":{"rendered":"<p>[et_pb_section fb_built=&#8221;1&#8243; custom_padding_last_edited=&#8221;off|&#8221; module_class=&#8221;header&#8221; _builder_version=&#8221;3.0.99&#8243; background_color=&#8221;#67BAD3&#8243; custom_margin=&#8221;||0px|&#8221; custom_padding=&#8221;100px||10px|&#8221;][et_pb_row custom_padding=&#8221;||0px|&#8221; custom_margin=&#8221;||0px|&#8221; padding_bottom_1=&#8221;0px&#8221; _builder_version=&#8221;3.0.99&#8243;][et_pb_column type=&#8221;4_4&#8243; _builder_version=&#8221;3.0.47&#8243;][et_pb_text admin_label=&#8221;Blue Background Header&#8221; _builder_version=&#8221;3.0.99&#8243; custom_margin=&#8221;||0px|&#8221; custom_padding=&#8221;||0px|&#8221;]<\/p>\n<h1>Leitlinien<\/h1>\n<p>[\/et_pb_text][\/et_pb_column][\/et_pb_row][\/et_pb_section][et_pb_section fb_built=&#8221;1&#8243; admin_label=&#8221;section&#8221; _builder_version=&#8221;3.0.47&#8243;][et_pb_row admin_label=&#8221;row&#8221; _builder_version=&#8221;3.0.48&#8243; background_size=&#8221;initial&#8221; background_position=&#8221;top_left&#8221; background_repeat=&#8221;repeat&#8221;][et_pb_column type=&#8221;2_3&#8243; _builder_version=&#8221;3.0.47&#8243;][et_pb_text admin_label=&#8221;Text&#8221; _builder_version=&#8221;3.20.2&#8243; background_size=&#8221;initial&#8221; background_position=&#8221;top_left&#8221; background_repeat=&#8221;repeat&#8221;]<\/p>\n<h2><strong>Ziele:<\/strong><\/h2>\n<ul>\n<li>Wir bieten fundierte Information und Beratung rund ums Thema.<\/li>\n<li>Wir unterst\u00fctzen bei der Entscheidung zur Verhaltens\u00e4nderung in Richtung Rauchfreiheit.<\/li>\n<li>Wir bieten professionelle Hilfe in der Tabakentw\u00f6hnung auf niederschwelliger Basis.<\/li>\n<li>Wir beraten und begleiten beim Rauchstopp.<\/li>\n<li>Wir helfen dabei, nach R\u00fcckf\u00e4llen wieder rauchfrei zu werden und zu bleiben.<\/li>\n<\/ul>\n<h2><strong>Beratung:<\/strong><\/h2>\n<p>Die Beratung basiert auf evidenzbasierten internationalen Standards der Tabakentw\u00f6hnung. Wir beraten klientenzentriert und ressourcenorientiert. Die gesundheitspsychologische Beratung ist vorwiegend verhaltenstherapeutisch basiert. Wertsch\u00e4tzung und Eigenverantwortung sind grundlegende Werte unserer Beratung und Begleitung. Anrufer\/innen k\u00f6nnen anonym bleiben. Die Beratungsinhalte sind vertraulich.<\/p>\n<p>[\/et_pb_text][\/et_pb_column][et_pb_column type=&#8221;1_3&#8243; _builder_version=&#8221;3.0.47&#8243;][et_pb_dp_dmb_module_10093 farbe=&#8221;blitzgelb&#8221; headline=&#8221;Rufen Sie uns an! &#8221; image=&#8221;https:\/\/rauchfrei.at\/wp-content\/uploads\/rauchfrei-psychologin-gelb.png&#8221; image_position=&#8221;center&#8221; link_text=&#8221;mehr&#8221; image_size=&#8221;80&#8243; admin_label=&#8221;Rufen Sie uns an!&#8221; _builder_version=&#8221;3.19.15&#8243; global_module=&#8221;13167&#8243; saved_tabs=&#8221;all&#8221;]<\/p>\n<p>Wir beraten und informieren Sie gerne!<\/p>\n<p>[\/et_pb_dp_dmb_module_10093][\/et_pb_column][\/et_pb_row][\/et_pb_section]<\/p>\n","protected":false},"excerpt":{"rendered":"<p>LeitlinienZiele: Wir bieten fundierte Information und Beratung rund ums Thema. Wir unterst\u00fctzen bei der Entscheidung zur Verhaltens\u00e4nderung in Richtung Rauchfreiheit. Wir bieten professionelle Hilfe in der Tabakentw\u00f6hnung auf niederschwelliger Basis. Wir beraten und begleiten beim Rauchstopp. Wir helfen dabei, nach R\u00fcckf\u00e4llen wieder rauchfrei zu werden und zu bleiben. Beratung: Die Beratung basiert auf evidenzbasierten internationalen [&hellip;]<\/p>\n","protected":false},"author":2,"featured_media":0,"parent":334,"menu_order":0,"comment_status":"closed","ping_status":"open","template":"","meta":{"_et_pb_use_builder":"on","_et_pb_old_content":"Ziele:\r\n\r\nWir bieten fundierte Information und Beratung rund ums Thema\r\n\r\nWir unterst\u00fctzen bei der Entscheidung zur Verhaltens\u00e4nderung in Richtung Rauchfreiheit\r\n\r\nWir bieten professionelle Hilfe in der Tabakentw\u00f6hnung auf niederschwelliger Basis\r\n\r\nWir beraten und begleiten beim Rauchstopp\r\n\r\nWir helfen dabei, nach R\u00fcckf\u00e4llen wieder rauchfrei zu werden und zu bleiben\r\n\r\nBeratung:\r\n\r\nDie Beratung basiert auf evidenzbasierten internationalen Standards der Tabakentw\u00f6hnung. Wir beraten klientenzentriert und ressourcenorientiert. Die gesundheitspsychologische Beratung ist vorwiegend verhaltenstherapeutisch basiert. Wertsch\u00e4tzung und Eigenverantwortung sind grundlegende Werte unserer Beratung und Begleitung. Anrufer\/innen k\u00f6nnen anonym bleiben. Die Beratungsinhalte sind vertraulich.","_et_gb_content_width":"","footnotes":""},"class_list":["post-353","page","type-page","status-publish","hentry"],"yoast_head":"<!-- This site is optimized with the Yoast SEO plugin v26.2 - https:\/\/yoast.com\/wordpress\/plugins\/seo\/ -->\n<title>Leitlinien - Rauchfrei Telefon<\/title>\n<meta name=\"robots\" content=\"index, follow, max-snippet:-1, max-image-preview:large, max-video-preview:-1\" \/>\n<link rel=\"canonical\" href=\"https:\/\/rauchfrei.at\/ueber-uns\/leitlinien\/\" \/>\n<meta property=\"og:locale\" content=\"en_US\" \/>\n<meta property=\"og:type\" content=\"article\" \/>\n<meta property=\"og:title\" content=\"Leitlinien - Rauchfrei Telefon\" \/>\n<meta property=\"og:description\" content=\"LeitlinienZiele: Wir bieten fundierte Information und Beratung rund ums Thema. Wir unterst\u00fctzen bei der Entscheidung zur Verhaltens\u00e4nderung in Richtung Rauchfreiheit. Wir bieten professionelle Hilfe in der Tabakentw\u00f6hnung auf niederschwelliger Basis. Wir beraten und begleiten beim Rauchstopp. Wir helfen dabei, nach R\u00fcckf\u00e4llen wieder rauchfrei zu werden und zu bleiben. Beratung: Die Beratung basiert auf evidenzbasierten internationalen [&hellip;]\" \/>\n<meta property=\"og:url\" content=\"https:\/\/rauchfrei.at\/ueber-uns\/leitlinien\/\" \/>\n<meta property=\"og:site_name\" content=\"Rauchfrei Telefon\" \/>\n<meta property=\"article:modified_time\" content=\"2019-03-18T11:46:12+00:00\" \/>\n<meta name=\"twitter:card\" content=\"summary_large_image\" \/>\n<meta name=\"twitter:label1\" content=\"Est. reading time\" \/>\n\t<meta name=\"twitter:data1\" content=\"1 minute\" \/>\n<script type=\"application\/ld+json\" class=\"yoast-schema-graph\">{\"@context\":\"https:\/\/schema.org\",\"@graph\":[{\"@type\":\"WebPage\",\"@id\":\"https:\/\/rauchfrei.at\/ueber-uns\/leitlinien\/\",\"url\":\"https:\/\/rauchfrei.at\/ueber-uns\/leitlinien\/\",\"name\":\"Leitlinien - Rauchfrei Telefon\",\"isPartOf\":{\"@id\":\"https:\/\/rauchfrei.at\/#website\"},\"datePublished\":\"2012-03-10T08:19:12+00:00\",\"dateModified\":\"2019-03-18T11:46:12+00:00\",\"breadcrumb\":{\"@id\":\"https:\/\/rauchfrei.at\/ueber-uns\/leitlinien\/#breadcrumb\"},\"inLanguage\":\"en-US\",\"potentialAction\":[{\"@type\":\"ReadAction\",\"target\":[\"https:\/\/rauchfrei.at\/ueber-uns\/leitlinien\/\"]}]},{\"@type\":\"BreadcrumbList\",\"@id\":\"https:\/\/rauchfrei.at\/ueber-uns\/leitlinien\/#breadcrumb\",\"itemListElement\":[{\"@type\":\"ListItem\",\"position\":1,\"name\":\"\u00dcber uns\",\"item\":\"https:\/\/rauchfrei.at\/ueber-uns\/\"},{\"@type\":\"ListItem\",\"position\":2,\"name\":\"Leitlinien\"}]},{\"@type\":\"WebSite\",\"@id\":\"https:\/\/rauchfrei.at\/#website\",\"url\":\"https:\/\/rauchfrei.at\/\",\"name\":\"Rauchfrei Telefon\",\"description\":\"Eine \u00f6sterreichweite Initiative der Sozialversicherungen.\",\"potentialAction\":[{\"@type\":\"SearchAction\",\"target\":{\"@type\":\"EntryPoint\",\"urlTemplate\":\"https:\/\/rauchfrei.at\/?s={search_term_string}\"},\"query-input\":{\"@type\":\"PropertyValueSpecification\",\"valueRequired\":true,\"valueName\":\"search_term_string\"}}],\"inLanguage\":\"en-US\"}]}<\/script>\n<!-- \/ Yoast SEO plugin. -->","yoast_head_json":{"title":"Leitlinien - Rauchfrei Telefon","robots":{"index":"index","follow":"follow","max-snippet":"max-snippet:-1","max-image-preview":"max-image-preview:large","max-video-preview":"max-video-preview:-1"},"canonical":"https:\/\/rauchfrei.at\/ueber-uns\/leitlinien\/","og_locale":"en_US","og_type":"article","og_title":"Leitlinien - Rauchfrei Telefon","og_description":"LeitlinienZiele: Wir bieten fundierte Information und Beratung rund ums Thema. Wir unterst\u00fctzen bei der Entscheidung zur Verhaltens\u00e4nderung in Richtung Rauchfreiheit. Wir bieten professionelle Hilfe in der Tabakentw\u00f6hnung auf niederschwelliger Basis. Wir beraten und begleiten beim Rauchstopp. Wir helfen dabei, nach R\u00fcckf\u00e4llen wieder rauchfrei zu werden und zu bleiben. Beratung: Die Beratung basiert auf evidenzbasierten internationalen [&hellip;]","og_url":"https:\/\/rauchfrei.at\/ueber-uns\/leitlinien\/","og_site_name":"Rauchfrei Telefon","article_modified_time":"2019-03-18T11:46:12+00:00","twitter_card":"summary_large_image","twitter_misc":{"Est. reading time":"1 minute"},"schema":{"@context":"https:\/\/schema.org","@graph":[{"@type":"WebPage","@id":"https:\/\/rauchfrei.at\/ueber-uns\/leitlinien\/","url":"https:\/\/rauchfrei.at\/ueber-uns\/leitlinien\/","name":"Leitlinien - Rauchfrei Telefon","isPartOf":{"@id":"https:\/\/rauchfrei.at\/#website"},"datePublished":"2012-03-10T08:19:12+00:00","dateModified":"2019-03-18T11:46:12+00:00","breadcrumb":{"@id":"https:\/\/rauchfrei.at\/ueber-uns\/leitlinien\/#breadcrumb"},"inLanguage":"en-US","potentialAction":[{"@type":"ReadAction","target":["https:\/\/rauchfrei.at\/ueber-uns\/leitlinien\/"]}]},{"@type":"BreadcrumbList","@id":"https:\/\/rauchfrei.at\/ueber-uns\/leitlinien\/#breadcrumb","itemListElement":[{"@type":"ListItem","position":1,"name":"\u00dcber uns","item":"https:\/\/rauchfrei.at\/ueber-uns\/"},{"@type":"ListItem","position":2,"name":"Leitlinien"}]},{"@type":"WebSite","@id":"https:\/\/rauchfrei.at\/#website","url":"https:\/\/rauchfrei.at\/","name":"Rauchfrei Telefon","description":"Eine \u00f6sterreichweite Initiative der Sozialversicherungen.","potentialAction":[{"@type":"SearchAction","target":{"@type":"EntryPoint","urlTemplate":"https:\/\/rauchfrei.at\/?s={search_term_string}"},"query-input":{"@type":"PropertyValueSpecification","valueRequired":true,"valueName":"search_term_string"}}],"inLanguage":"en-US"}]}},"_links":{"self":[{"href":"https:\/\/rauchfrei.at\/en\/wp-json\/wp\/v2\/pages\/353","targetHints":{"allow":["GET"]}}],"collection":[{"href":"https:\/\/rauchfrei.at\/en\/wp-json\/wp\/v2\/pages"}],"about":[{"href":"https:\/\/rauchfrei.at\/en\/wp-json\/wp\/v2\/types\/page"}],"author":[{"embeddable":true,"href":"https:\/\/rauchfrei.at\/en\/wp-json\/wp\/v2\/users\/2"}],"replies":[{"embeddable":true,"href":"https:\/\/rauchfrei.at\/en\/wp-json\/wp\/v2\/comments?post=353"}],"version-history":[{"count":5,"href":"https:\/\/rauchfrei.at\/en\/wp-json\/wp\/v2\/pages\/353\/revisions"}],"predecessor-version":[{"id":15037,"href":"https:\/\/rauchfrei.at\/en\/wp-json\/wp\/v2\/pages\/353\/revisions\/15037"}],"up":[{"embeddable":true,"href":"https:\/\/rauchfrei.at\/en\/wp-json\/wp\/v2\/pages\/334"}],"wp:attachment":[{"href":"https:\/\/rauchfrei.at\/en\/wp-json\/wp\/v2\/media?parent=353"}],"curies":[{"name":"wp","href":"https:\/\/api.w.org\/{rel}","templated":true}]}}