
{"id":355,"date":"2012-03-10T08:19:47","date_gmt":"2012-03-10T08:19:47","guid":{"rendered":"http:\/\/web362.itscserver.org\/wordpress\/?page_id=355"},"modified":"2016-08-05T13:59:01","modified_gmt":"2016-08-05T11:59:01","slug":"finanzierungs-partner","status":"publish","type":"page","link":"https:\/\/rauchfrei.at\/en\/ueber-uns\/finanzierungs-partner\/","title":{"rendered":"Finanzierungs-Partner"},"content":{"rendered":"<p>Das Rauchfrei Telefon wird \u00fcber eine f\u00fcr \u00d6sterreich<strong> beispielhafte Kooperation zwischen allen Bundesl\u00e4ndern, den Sozialversicherungstr\u00e4gern und dem Bundesministerium f\u00fcr Gesundheit und Frauen<\/strong>\u00a0finanziert.<\/p>\n<p>Die finanzierenden Partner unterst\u00fctzen das \u00f6sterreichweite Angebot des Rauchfrei Telefons. Das Rauchfrei Telefon dient als Informationsquelle \u00fcber die spezifischen Angebote aller Partner zur Tabakentw\u00f6hnung.<\/p>\n<p>Wir danken unseren unterst\u00fctzenden Partnern f\u00fcr die in Europa einzigartige Finanzierung.<\/p>\n","protected":false},"excerpt":{"rendered":"<p>Das Rauchfrei Telefon wird \u00fcber eine f\u00fcr \u00d6sterreich beispielhafte Kooperation zwischen allen Bundesl\u00e4ndern, den Sozialversicherungstr\u00e4gern und dem Bundesministerium f\u00fcr Gesundheit und Frauen\u00a0finanziert. Die finanzierenden Partner unterst\u00fctzen das \u00f6sterreichweite Angebot des Rauchfrei Telefons. Das Rauchfrei Telefon dient als Informationsquelle \u00fcber die spezifischen Angebote aller Partner zur Tabakentw\u00f6hnung. Wir danken unseren unterst\u00fctzenden Partnern f\u00fcr die in Europa [&hellip;]<\/p>\n","protected":false},"author":2,"featured_media":0,"parent":334,"menu_order":0,"comment_status":"closed","ping_status":"open","template":"","meta":{"_et_pb_use_builder":"","_et_pb_old_content":"","_et_gb_content_width":"","footnotes":""},"class_list":["post-355","page","type-page","status-publish","hentry"],"yoast_head":"<!-- This site is optimized with the Yoast SEO plugin v26.2 - https:\/\/yoast.com\/wordpress\/plugins\/seo\/ -->\n<title>Finanzierungs-Partner - Rauchfrei Telefon<\/title>\n<meta name=\"robots\" content=\"index, follow, max-snippet:-1, max-image-preview:large, max-video-preview:-1\" \/>\n<link rel=\"canonical\" href=\"https:\/\/rauchfrei.at\/ueber-uns\/finanzierungs-partner\/\" \/>\n<meta property=\"og:locale\" content=\"en_US\" \/>\n<meta property=\"og:type\" content=\"article\" \/>\n<meta property=\"og:title\" content=\"Finanzierungs-Partner - Rauchfrei Telefon\" \/>\n<meta property=\"og:description\" content=\"Das Rauchfrei Telefon wird \u00fcber eine f\u00fcr \u00d6sterreich beispielhafte Kooperation zwischen allen Bundesl\u00e4ndern, den Sozialversicherungstr\u00e4gern und dem Bundesministerium f\u00fcr Gesundheit und Frauen\u00a0finanziert. Die finanzierenden Partner unterst\u00fctzen das \u00f6sterreichweite Angebot des Rauchfrei Telefons. Das Rauchfrei Telefon dient als Informationsquelle \u00fcber die spezifischen Angebote aller Partner zur Tabakentw\u00f6hnung. Wir danken unseren unterst\u00fctzenden Partnern f\u00fcr die in Europa [&hellip;]\" \/>\n<meta property=\"og:url\" content=\"https:\/\/rauchfrei.at\/ueber-uns\/finanzierungs-partner\/\" \/>\n<meta property=\"og:site_name\" content=\"Rauchfrei Telefon\" \/>\n<meta property=\"article:modified_time\" content=\"2016-08-05T11:59:01+00:00\" \/>\n<meta name=\"twitter:card\" content=\"summary_large_image\" \/>\n<script type=\"application\/ld+json\" class=\"yoast-schema-graph\">{\"@context\":\"https:\/\/schema.org\",\"@graph\":[{\"@type\":\"WebPage\",\"@id\":\"https:\/\/rauchfrei.at\/ueber-uns\/finanzierungs-partner\/\",\"url\":\"https:\/\/rauchfrei.at\/ueber-uns\/finanzierungs-partner\/\",\"name\":\"Finanzierungs-Partner - Rauchfrei Telefon\",\"isPartOf\":{\"@id\":\"https:\/\/rauchfrei.at\/#website\"},\"datePublished\":\"2012-03-10T08:19:47+00:00\",\"dateModified\":\"2016-08-05T11:59:01+00:00\",\"breadcrumb\":{\"@id\":\"https:\/\/rauchfrei.at\/ueber-uns\/finanzierungs-partner\/#breadcrumb\"},\"inLanguage\":\"en-US\",\"potentialAction\":[{\"@type\":\"ReadAction\",\"target\":[\"https:\/\/rauchfrei.at\/ueber-uns\/finanzierungs-partner\/\"]}]},{\"@type\":\"BreadcrumbList\",\"@id\":\"https:\/\/rauchfrei.at\/ueber-uns\/finanzierungs-partner\/#breadcrumb\",\"itemListElement\":[{\"@type\":\"ListItem\",\"position\":1,\"name\":\"\u00dcber uns\",\"item\":\"https:\/\/rauchfrei.at\/ueber-uns\/\"},{\"@type\":\"ListItem\",\"position\":2,\"name\":\"Finanzierungs-Partner\"}]},{\"@type\":\"WebSite\",\"@id\":\"https:\/\/rauchfrei.at\/#website\",\"url\":\"https:\/\/rauchfrei.at\/\",\"name\":\"Rauchfrei Telefon\",\"description\":\"Eine \u00f6sterreichweite Initiative der Sozialversicherungen.\",\"potentialAction\":[{\"@type\":\"SearchAction\",\"target\":{\"@type\":\"EntryPoint\",\"urlTemplate\":\"https:\/\/rauchfrei.at\/?s={search_term_string}\"},\"query-input\":{\"@type\":\"PropertyValueSpecification\",\"valueRequired\":true,\"valueName\":\"search_term_string\"}}],\"inLanguage\":\"en-US\"}]}<\/script>\n<!-- \/ Yoast SEO plugin. -->","yoast_head_json":{"title":"Finanzierungs-Partner - Rauchfrei Telefon","robots":{"index":"index","follow":"follow","max-snippet":"max-snippet:-1","max-image-preview":"max-image-preview:large","max-video-preview":"max-video-preview:-1"},"canonical":"https:\/\/rauchfrei.at\/ueber-uns\/finanzierungs-partner\/","og_locale":"en_US","og_type":"article","og_title":"Finanzierungs-Partner - Rauchfrei Telefon","og_description":"Das Rauchfrei Telefon wird \u00fcber eine f\u00fcr \u00d6sterreich beispielhafte Kooperation zwischen allen Bundesl\u00e4ndern, den Sozialversicherungstr\u00e4gern und dem Bundesministerium f\u00fcr Gesundheit und Frauen\u00a0finanziert. Die finanzierenden Partner unterst\u00fctzen das \u00f6sterreichweite Angebot des Rauchfrei Telefons. Das Rauchfrei Telefon dient als Informationsquelle \u00fcber die spezifischen Angebote aller Partner zur Tabakentw\u00f6hnung. Wir danken unseren unterst\u00fctzenden Partnern f\u00fcr die in Europa [&hellip;]","og_url":"https:\/\/rauchfrei.at\/ueber-uns\/finanzierungs-partner\/","og_site_name":"Rauchfrei Telefon","article_modified_time":"2016-08-05T11:59:01+00:00","twitter_card":"summary_large_image","schema":{"@context":"https:\/\/schema.org","@graph":[{"@type":"WebPage","@id":"https:\/\/rauchfrei.at\/ueber-uns\/finanzierungs-partner\/","url":"https:\/\/rauchfrei.at\/ueber-uns\/finanzierungs-partner\/","name":"Finanzierungs-Partner - Rauchfrei Telefon","isPartOf":{"@id":"https:\/\/rauchfrei.at\/#website"},"datePublished":"2012-03-10T08:19:47+00:00","dateModified":"2016-08-05T11:59:01+00:00","breadcrumb":{"@id":"https:\/\/rauchfrei.at\/ueber-uns\/finanzierungs-partner\/#breadcrumb"},"inLanguage":"en-US","potentialAction":[{"@type":"ReadAction","target":["https:\/\/rauchfrei.at\/ueber-uns\/finanzierungs-partner\/"]}]},{"@type":"BreadcrumbList","@id":"https:\/\/rauchfrei.at\/ueber-uns\/finanzierungs-partner\/#breadcrumb","itemListElement":[{"@type":"ListItem","position":1,"name":"\u00dcber uns","item":"https:\/\/rauchfrei.at\/ueber-uns\/"},{"@type":"ListItem","position":2,"name":"Finanzierungs-Partner"}]},{"@type":"WebSite","@id":"https:\/\/rauchfrei.at\/#website","url":"https:\/\/rauchfrei.at\/","name":"Rauchfrei Telefon","description":"Eine \u00f6sterreichweite Initiative der Sozialversicherungen.","potentialAction":[{"@type":"SearchAction","target":{"@type":"EntryPoint","urlTemplate":"https:\/\/rauchfrei.at\/?s={search_term_string}"},"query-input":{"@type":"PropertyValueSpecification","valueRequired":true,"valueName":"search_term_string"}}],"inLanguage":"en-US"}]}},"_links":{"self":[{"href":"https:\/\/rauchfrei.at\/en\/wp-json\/wp\/v2\/pages\/355","targetHints":{"allow":["GET"]}}],"collection":[{"href":"https:\/\/rauchfrei.at\/en\/wp-json\/wp\/v2\/pages"}],"about":[{"href":"https:\/\/rauchfrei.at\/en\/wp-json\/wp\/v2\/types\/page"}],"author":[{"embeddable":true,"href":"https:\/\/rauchfrei.at\/en\/wp-json\/wp\/v2\/users\/2"}],"replies":[{"embeddable":true,"href":"https:\/\/rauchfrei.at\/en\/wp-json\/wp\/v2\/comments?post=355"}],"version-history":[{"count":5,"href":"https:\/\/rauchfrei.at\/en\/wp-json\/wp\/v2\/pages\/355\/revisions"}],"predecessor-version":[{"id":8518,"href":"https:\/\/rauchfrei.at\/en\/wp-json\/wp\/v2\/pages\/355\/revisions\/8518"}],"up":[{"embeddable":true,"href":"https:\/\/rauchfrei.at\/en\/wp-json\/wp\/v2\/pages\/334"}],"wp:attachment":[{"href":"https:\/\/rauchfrei.at\/en\/wp-json\/wp\/v2\/media?parent=355"}],"curies":[{"name":"wp","href":"https:\/\/api.w.org\/{rel}","templated":true}]}}