
{"id":357,"date":"2012-03-10T08:20:24","date_gmt":"2012-03-10T08:20:24","guid":{"rendered":"http:\/\/web362.itscserver.org\/wordpress\/?page_id=357"},"modified":"2025-05-23T09:31:09","modified_gmt":"2025-05-23T07:31:09","slug":"kooperationen","status":"publish","type":"page","link":"https:\/\/rauchfrei.at\/en\/ueber-uns\/kooperationen\/","title":{"rendered":"Kooperationen"},"content":{"rendered":"<p>[et_pb_section fb_built=&#8221;1&#8243; custom_padding_last_edited=&#8221;off|&#8221; module_class=&#8221;header&#8221; _builder_version=&#8221;4.16&#8243; background_color=&#8221;#67BAD3&#8243; custom_margin=&#8221;||0px|&#8221; custom_padding=&#8221;100px||10px|&#8221; global_colors_info=&#8221;{}&#8221;][et_pb_row _builder_version=&#8221;4.16&#8243; custom_margin=&#8221;||0px|&#8221; custom_padding=&#8221;||0px|&#8221; global_colors_info=&#8221;{}&#8221;][et_pb_column type=&#8221;4_4&#8243; _builder_version=&#8221;4.16&#8243; custom_padding=&#8221;||0px|&#8221; global_colors_info=&#8221;{}&#8221; custom_padding__hover=&#8221;|||&#8221;][et_pb_text admin_label=&#8221;Blue Background Header&#8221; _builder_version=&#8221;4.16&#8243; custom_margin=&#8221;||0px|&#8221; custom_padding=&#8221;||0px|&#8221; global_colors_info=&#8221;{}&#8221;]<\/p>\n<h1>Kooperationen<\/h1>\n<p>[\/et_pb_text][\/et_pb_column][\/et_pb_row][\/et_pb_section][et_pb_section fb_built=&#8221;1&#8243; _builder_version=&#8221;4.16&#8243; global_colors_info=&#8221;{}&#8221;][et_pb_row column_structure=&#8221;2_3,1_3&#8243; _builder_version=&#8221;4.16&#8243; global_colors_info=&#8221;{}&#8221;][et_pb_column type=&#8221;2_3&#8243; _builder_version=&#8221;4.16&#8243; custom_padding=&#8221;|||&#8221; global_colors_info=&#8221;{}&#8221; custom_padding__hover=&#8221;|||&#8221;][et_pb_text _builder_version=&#8221;4.16&#8243; global_colors_info=&#8221;{}&#8221;]<\/p>\n<p>Enge Kooperationen gibt es mit unserem wissenschaftlichen Beirat und im Rahmen des deutschsprachigen Netzwerks der Rauchstopptelefone. Der regelm\u00e4\u00dfige Austausch mit Kolleginnen und Kollegen und anderen Expertinnen und Experten ist uns wichtig und ist ein gro\u00dfer Teil der Qualit\u00e4tssicherung und Weiterbildung. Auch das Rauchfrei Ticket ist eine wichtige Kooperation, die wir mit Partnerinnen und Partnern in ganz \u00d6sterreich ausbauen.<\/p>\n<p>Wenn Sie Interesse an einer Vernetzung und Zusammenarbeit mit dem Rauchfrei Telefon haben, freuen wir uns \u00fcber Ihre <a href=\"\/ueber-uns\/team\/\" target=\"_blank\" rel=\"noopener noreferrer\">Kontaktaufnahme<\/a>!<\/p>\n<p>Mit dem <a href=\"https:\/\/rauchfrei.at\/fuer-gesundheitsberufe\/das-rauchfrei-ticket\/\" target=\"_blank\" rel=\"noopener noreferrer\">Rauchfrei Ticket<\/a> k\u00f6nnen Sie Ihren rauchenden Patientinnen und Patienten unmittelbar ein Angebot zur Tabakentw\u00f6hnung anbieten<\/p>\n<p>[\/et_pb_text][et_pb_toggle title=&#8221;Wissenschaftlicher Beirat&#8221; admin_label=&#8221;Wissenschaftlicher Beirat&#8221; _builder_version=&#8221;4.23.1&#8243; global_colors_info=&#8221;{}&#8221;]<\/p>\n<p><strong>Abteilung VI\/A\/5<\/strong><\/p>\n<p>Der Wissenschaftliche Beirat des Rauchfrei Telefons wurde eingerichtet, um das Rauchfrei Telefon auf fachlicher und wissenschaftlicher Basis in voller Unabh\u00e4ngigkeit zu begleiten.<\/p>\n<p>Die laufende Qualit\u00e4tssicherung wird durch den Beirat unterst\u00fctzt. Zusammen mit dem Team des Rauchfrei Telefons werden mittel- und langfristige Ziele entwickelt und deren Umsetzung evaluiert.<\/p>\n<p>Bei der Aus- und Fortbildung soll der Beirat seine Ressourcen und Kontakte nutzen, um das Beratungsteam auf dem aktuellsten Informationsstand zu halten. Eine weitere Aufgabe besteht in der F\u00f6rderung der Zusammenarbeit mit anderen Institutionen und Forschungseinrichtungen.<\/p>\n<p>Die Mitglieder des Beirats \u00fcbernehmen folgende Aufgaben:<\/p>\n<ul>\n<li>Objektive Begutachtung der T\u00e4tigkeiten des Rauchfrei Telefons<\/li>\n<li>Stellungnahme zu T\u00e4tigkeitsberichten und Jahresberichten<\/li>\n<li>Weitergabe von aktuellen Informationen zum Thema<\/li>\n<li>Tabakentw\u00f6hnung (im Bereich der Wissenschaft und Forschung)<\/li>\n<li>Herstellung von Kontakten im Bereich der Wissenschaft und Forschung<\/li>\n<li>F\u00f6rderung der Zusammenarbeit mit anderen Institutionen und Forschungseinrichtungen<\/li>\n<li>Ansprechstelle bei wissenschaftlichen Entscheidungen und fachlichen Fragen<\/li>\n<\/ul>\n<h2><\/h2>\n<h2>Beiratsmitglieder:<strong><\/strong><\/h2>\n<p><strong>Dr. med. Lukasz Antoniewicz, PhD<br \/><\/strong>Medizinische Universit\u00e4t Wien, Abteilung f\u00fcr Pulmologie<\/p>\n<p><strong>Mag. Lisa Brunner<br \/><\/strong>Vorstandsvorsitzende, \u00d6sterreichische ARGE Suchtvorbeugung<\/p>\n<p><strong>Wolfgang Grabher, MBA MSc<br \/><\/strong>Klinischer- und Gesundheitspsychologe, Gesch\u00e4ftsf\u00fchrer Kaplan Bonetti gemeinn\u00fctzige GmbH<\/p>\n<p><strong>Univ. Prof. Dr. med Bernd Lamprecht<br \/><\/strong>Kepler Universit\u00e4tsklinikum, Vorstand der Klinik f\u00fcr Lungenheilkunde<\/p>\n<p><strong>o.Univ.-Prof. em. Dr. med. Manfred Neuberger<br \/><\/strong>Initiative \u00c4rzte gegen Rauchersch\u00e4den \u2013 Stellvertretender Vorsitzender<br \/>MedUniWien, Zentrum f\u00fcr Public Health<\/p>\n<p><strong>Mag. Alice Schogger<br \/><\/strong><span style=\"font-size: 14px;\">BMSGPK, <\/span>Abteilung VI\/A\/5<\/p>\n<p><strong>Min. Rat Mag. Werner Pilz<br \/><\/strong>BMSGPK, Abteilung VI\/A\/5<\/p>\n<p><strong>Dr. Ulrich Radda<br \/><\/strong>\u00d6GK, Pulmologe<\/p>\n<p><strong>Dr. Marcel Rowhani<br \/><\/strong><span>Facharzt f\u00fcr Lungenheilkunde,<\/span> Innere Medizin und Pneumologie<\/p>\n<p><strong>Univ.-Prof. Dr. Rudolf Schoberberger<br \/><\/strong>MedUniWien, Zentrum f\u00fcr Public Health, Abteilung Sozial und Pr\u00e4ventivmedizin<\/p>\n<p><strong>Katharina Steininger, MA<br \/><\/strong>Dachverband der \u00f6sterr. Sozialversicherungen, Gesundheitsf\u00f6rderung und Pr\u00e4vention<\/p>\n<p><strong>Prim.a Univ.-Prof.in Dr.in Angela Zacharasiewicz, MBA<br \/><\/strong>Abteilung f\u00fcr Kinder und Jugendheilkunde mit Ambulanz, Klinik Ottakring<\/p>\n<p>[\/et_pb_toggle][et_pb_toggle title=&#8221;Netzwerk deutschsprachiger Rauchstopptelefone&#8221; _builder_version=&#8221;4.16&#8243; global_colors_info=&#8221;{}&#8221;]Seit 2008 treffen sich die deutschsprachigen Quitlines der Schweiz, Deutschlands und \u00d6sterreichs j\u00e4hrlich im Rahmen des Netzwerks deutschsprachiger Rauchstopptelefone (NDRT) zum Erfahrungsaustausch.<\/p>\n<p>Neben dem fr\u00fcheren \u201eEuropean Network of Quitlines\u201c mit dem Ziel, die Zusammenarbeit zwischen den EU-Mitgliedsstaaten in Bezug auf Tabakkontrolle und Raucherentw\u00f6hnung zu f\u00f6rdern, bildete sich zus\u00e4tzlich ein Netzwerk der deutschsprachigen Quitlines. Der Know-how-Transfer in der Muttersprache erleichtert die Weiterentwicklung von Ideen und Zielen, ist doch die Sprache der wichtigste Baustein in der Telefonberatung.<\/p>\n<p>Mitglieder sind die Telefonberatung in Deutschland (Beratungstelefon der Bundeszentrale f\u00fcr gesundheitliche Aufkl\u00e4rung), die Rauchstopplinie der Krebsliga Schweiz und das \u00f6sterreichweite Rauchfrei Telefon.<br \/>\n[\/et_pb_toggle][\/et_pb_column][et_pb_column type=&#8221;1_3&#8243; _builder_version=&#8221;4.16&#8243; custom_padding=&#8221;|||&#8221; global_colors_info=&#8221;{}&#8221; custom_padding__hover=&#8221;|||&#8221;][et_pb_dp_dmb_module_10093 farbe=&#8221;beige&#8221; headline=&#8221;Das Rauchfrei Ticket &#8211; Informationen f\u00fcr Profis&#8221; image=&#8221;https:\/\/rauchfrei.at\/wp-content\/uploads\/eins-2.jpg&#8221; link_text=&#8221;mehr&#8221; link_url=&#8221;https:\/\/rauchfrei.at\/fuer-gesundheitsberufe\/das-rauchfrei-ticket\/&#8221; admin_label=&#8221;Das Rauchfrei Ticket&#8221; _builder_version=&#8221;4.16&#8243; global_module=&#8221;15118&#8243; saved_tabs=&#8221;all&#8221; global_colors_info=&#8221;{}&#8221;][\/et_pb_dp_dmb_module_10093][\/et_pb_column][\/et_pb_row][\/et_pb_section]<\/p>\n","protected":false},"excerpt":{"rendered":"<p>Kooperationen Enge Kooperationen gibt es mit unserem wissenschaftlichen Beirat und im Rahmen des deutschsprachigen Netzwerks der Rauchstopptelefone. Der regelm\u00e4\u00dfige Austausch mit Kolleginnen und Kollegen und anderen Expertinnen und Experten ist uns wichtig und ist ein gro\u00dfer Teil der Qualit\u00e4tssicherung und Weiterbildung. Auch das Rauchfrei Ticket ist eine wichtige Kooperation, die wir mit Partnerinnen und Partnern [&hellip;]<\/p>\n","protected":false},"author":2,"featured_media":0,"parent":334,"menu_order":0,"comment_status":"closed","ping_status":"open","template":"","meta":{"_et_pb_use_builder":"on","_et_pb_old_content":"<p>Am Weg zu unserem Ziel, Raucherinnen und Rauchern beim Austieg zu unterst\u00fctzen, bauen wir auf gute Netzwerke und Kooperationen. Wenn auch Sie Interesse an einer Vernetzung und Zusammenarbeit mit dem Rauchfrei Telefon haben, <a title=\"Team\" href=\"\/ueber-uns\/team\/\">kontaktieren<\/a> Sie uns!<\/p><p>An dieser Stelle bedanken wir uns beim <a href=\"http:\/\/www.dkfz.de\/de\/index.html\" target=\"_blank\" rel=\"noopener\">Deutschen Krebsforschungszentrum<\/a> und der <a href=\"http:\/\/www.bzga.de\/\" target=\"_blank\" rel=\"noopener\">Bundeszentrale f\u00fcr Gesundheitliche Aufkl\u00e4rung<\/a> f\u00fcr die Bereitstellung diverser Inhalte, Brosch\u00fcren und Materialien.<\/p><p>[toggle Title=\"\u00c4rzteinitiative\"]<\/p><p>Die Initiative \"\u00c4rzte gegen Rauchersch\u00e4den\"<\/p><p>(Austrian Council on Smoking and Health) ist eine gemeinsame Initiative<\/p><p>\u00a0<\/p><ul><li>der \u00d6sterreichischen Gesellschaft f\u00fcr Pneumologie (\u00d6GP),<\/li><li>des Instituts f\u00fcr Umwelthygiene der Medizinischen Universit\u00e4t Wien,<\/li><li>des Instituts f\u00fcr Sozialmedizin der Medizinischen Universit\u00e4t Wien,<\/li><li>der \u00d6sterreichischen Krebshilfe und<\/li><li>der \u00d6sterreichischen \u00c4rztekammer<\/li><\/ul><p>mit einem breiten wissenschaftlichen Beirat aus allen betroffenen medizinischen Fachdisziplinen.<\/p><p>\u00a0<\/p><p>Die besondere Aufgabe dieser Initiative stellt die Aufkl\u00e4rung der Bev\u00f6lkerung \u00fcber die dokumentierten Sch\u00e4den des Tabakkonsums dar.<\/p><p>\u00a0<\/p><p>Eine weitere Aufgabe der Initiative ist es, den nationalen wie auch internationalen politischen Entscheidungstr\u00e4gern bei Fragen der Nikotinabh\u00e4ngigkeit, der Rauchersch\u00e4den, der Pr\u00e4vention usw. zur Seite zu stehen.<\/p><p>\u00a0<\/p><p>Mehr dazu:<\/p><p><a title=\"\u00c4rzteinitiative gegen Rauchersch\u00e4den\" href=\"http:\/\/www.aerzteinitiative.at\/\" target=\"_blank\" rel=\"noopener\">Initiative \u00c4rzte gegen Rauchersch\u00e4den<\/a><\/p><p><a title=\"Krebshilfe\" href=\"http:\/\/www.krebshilfe.net\/\">\u00d6sterreichische Krebshilfe<\/a><\/p><p><a href=\"http:\/\/www.aerztekammer.at\" target=\"_blank\" rel=\"noopener\">\u00d6sterreichische \u00c4rztekammer<\/a><\/p><p><a href=\"http:\/\/www.ogp.at\" target=\"_blank\" rel=\"noopener\">\u00d6sterreichische Gesellschaft f\u00fcr Pneumologie<\/a><\/p><p><a href=\"https:\/\/www.meduniwien.ac.at\/hp\/sozialmedizin\/\" target=\"_blank\" rel=\"noopener\">Institut f\u00fcr Sozialmedizin<\/a><\/p><p><a href=\"http:\/\/www.meduniwien.ac.at\/umwelthygiene\/\" target=\"_blank\" rel=\"noopener\">Institut f\u00fcr Umwelthygiene<\/a><\/p><p>[\/toggle]<\/p><p>[toggle Title=\"Wissenschaftlicher Beirat\"]<\/p><p>Der Wissenschaftliche Beirat des Rauchfrei Telefons wurde eingerichtet, um das Rauchfrei Telefon auf fachlicher und wissenschaftlicher Basis in voller Unabh\u00e4ngigkeit zu begleiten.<\/p><p>\u00a0<\/p><p>Die laufende Qualit\u00e4tssicherung wird durch den Beirat unterst\u00fctzt. Zusammen mit dem Team des Rauchfrei Telefons werden mittel- und langfristige Ziele entwickelt und deren Umsetzung evaluiert.<\/p><p>\u00a0<\/p><p>Bei der Aus- und Fortbildung soll der Beirat seine Ressourcen und Kontakte nutzen, um das Beratungsteam auf dem aktuellsten Informationsstand zu halten. Eine weitere Aufgabe besteht in der F\u00f6rderung der Zusammenarbeit mit anderen Institutionen und Forschungseinrichtungen, die durch den Beirat forciert werden soll.<\/p><p>\u00a0<\/p><p>Die Mitglieder des Beirats \u00fcbernehmen folgende Aufgaben:<\/p><p>\u00a0<\/p><ul><li>Objektive Begutachtung der T\u00e4tigkeiten im Bereich des Rauchfrei Telefons<\/li><li>Stellungnahme zu T\u00e4tigkeitsberichten und Jahresberichten<\/li><li>Weitergabe von aktuellen Informationen zum Thema<\/li><li>Tabakentw\u00f6hnung (im Bereich der Wissenschaft und Forschung)<\/li><li>Erarbeitung kurz- bis langfristiger Ziele<\/li><li>Mitarbeit bei der Evaluation der Ergebnisse<\/li><li>Herstellung von Kontakten im Bereich der Wissenschaft und Forschung<\/li><li>F\u00f6rderung der Zusammenarbeit mit anderen Institutionen und Forschungseinrichtungen<\/li><li>Ansprechstelle bei wissenschaftlichen Entscheidungen und fachlichen Fragen<\/li><\/ul><p><a href=\"\/wp-content\/uploads\/Beiratsmitglieder-Rauchertelefon-2011.jpg\" target=\"_blank\" rel=\"noopener\"><img class=\"alignleft size-large wp-image-2589\" title=\"Beiratsmitglieder Rauchertelefon 2011\" src=\"\/wp-content\/uploads\/Beiratsmitglieder-Rauchertelefon-2011-480x360.jpg\" alt=\"\" width=\"480\" height=\"360\" \/><\/a><\/p><p>\u00a0<\/p><h2>\u00a0<\/h2><h2>\u00a0<\/h2><h2>\u00a0<\/h2><h2>\u00a0<\/h2><h2>\u00a0<\/h2><h2>\u00a0<\/h2><h2>\u00a0<\/h2><h2>\u00a0<\/h2><h2>\u00a0<\/h2><h2>Beiratsmitglieder:<\/h2><p>Prim. Dr. Kurt Aigner<\/p><p>Lungenabteilung - Krankenhaus der Elisabethinen<\/p><p>Fadingerstra\u00dfe 1<\/p><p>A - 4010 Linz<\/p><p>\u00a0<\/p><p>DDr. Eleonore Bachinger<\/p><p>Magistrat der Stadt Wien<\/p><p>Town Town, Thomas Klestil Platz, Zugang Schnirchgasse 12<\/p><p>A - 1030 Wien<\/p><p>\u00a0<\/p><p>Dr. Gottfried Endel<\/p><p>Hauptverband der \u00f6sterreichischen Sozialversicherungstr\u00e4ger<\/p><p>Abteilung 33 G\u00d6K<\/p><p>Kundmanngasse 21<\/p><p>A - 1031 Wien<\/p><p>\u00a0<\/p><p>Univ. Doz. Dr. med. Ernest Groman<\/p><p>Institut f\u00fcr Sozialmedizin<\/p><p>Rooseveltplatz 3\/1<\/p><p>A - 1090 Wien<\/p><p>\u00a0<\/p><p>Dr.in med. Kathryn Hoffmann, MPH<\/p><p>Abteilung f\u00fcr Allgemeinmedizin,<\/p><p>Zentrum f\u00fcr Public Health, Med. Universit\u00e4t Wien<\/p><p>W\u00e4hringer Stra\u00dfe 13a\/3.Stock<\/p><p>A - 1090 Wien<\/p><p>\u00a0<\/p><p>o. Univ. Prof. Dr. Michael Kunze<\/p><p>Institut f\u00fcr Sozialmedizin<\/p><p>Rooseveltplatz 3\/1<\/p><p>A - 1090 Wien<\/p><p>\u00a0<\/p><p>Prim. Dr. Alfred Lichtenschopf<\/p><p>Sonderkrankenanstalt-Rehabilitationszentrum der PVA<\/p><p>M\u00fchlein 2<\/p><p>A - 3335 Weyer\/Enns<\/p><p>\u00a0<\/p><p>o. Univ. Prof. Dr. med. Manfred Neuberger<\/p><p>Institut f\u00fcr Umwelthygiene<\/p><p>Zentrum f\u00fcr Public Health<\/p><p>Kinderspitalgasse 15<\/p><p>A - 1095 Wien<\/p><p>\u00a0<\/p><p>Ao. Univ. Prof. Dr. Rudolf Schoberberger<\/p><p>Institut f\u00fcr Sozialmedizin<\/p><p>Rooseveltplatz 3\/1<\/p><p>A - 1090 Wien<\/p><p>\u00a0<\/p><p>Mag. Alice Schogger<\/p><p>Bundesministerium f\u00fcr Gesundheit<\/p><p>Radetzkystra\u00dfe 2<\/p><p>A - 1030 Wien<\/p><p>[\/toggle]<\/p><p>[toggle Title=\"Netzwerk deutschsprachiger Rauchertelefone\"]<\/p><p>Seit 2008 treffen sich die deutschsprachigen Quitlines der Schweiz, Deutschlands und \u00d6sterreichs j\u00e4hrlich im Rahmen des Netzwerks deutschsprachiger Rauchstopptelefone (NDRT) zum Erfahrungsaustausch.<\/p><p>\u00a0<\/p><p>Neben dem fr\u00fcheren \u201eEuropean Network of Quitlines\u201c\u00a0mit dem\u00a0Ziel, die Zusammenarbeit zwischen den EU-Mitgliedsstaaten in Bezug auf Tabakkontrolle und Raucherentw\u00f6hnung zu f\u00f6rdern, bildete sich zus\u00e4tzlich ein Netzwerk der\u00a0deutschsprachigen Quitlines. Der Know-how-Transfer in der Muttersprache erleichtert die Weiterentwicklung von Ideen und Zielen, ist doch die Sprache der wichtigste Baustein in der Telefonberatung.<\/p><p>\u00a0<\/p><p>Mitglieder sind die Telefonberatung in Deutschland (Beratungstelefon der Bundeszentrale f\u00fcr gesundheitliche Aufkl\u00e4rung), die Rauchstopplinie der Krebsliga Schweiz und das \u00f6sterreichweite Rauchfrei Telefon.<\/p><p>[\/toggle]<\/p><p>\u00a0<\/p><p>\u00a0<\/p><p>\u00a0<\/p><p>\u00a0<\/p><p>\u00a0<\/p><p>\u00a0<\/p><p>\u00a0<\/p><p>\u00a0<\/p>","_et_gb_content_width":"","footnotes":""},"class_list":["post-357","page","type-page","status-publish","hentry"],"yoast_head":"<!-- This site is optimized with the Yoast SEO plugin v26.2 - https:\/\/yoast.com\/wordpress\/plugins\/seo\/ -->\n<title>Kooperationen - Rauchfrei Telefon<\/title>\n<meta name=\"robots\" content=\"index, follow, max-snippet:-1, max-image-preview:large, max-video-preview:-1\" \/>\n<link rel=\"canonical\" href=\"https:\/\/rauchfrei.at\/ueber-uns\/kooperationen\/\" \/>\n<meta property=\"og:locale\" content=\"en_US\" \/>\n<meta property=\"og:type\" content=\"article\" \/>\n<meta property=\"og:title\" content=\"Kooperationen - Rauchfrei Telefon\" \/>\n<meta property=\"og:description\" content=\"Kooperationen Enge Kooperationen gibt es mit unserem wissenschaftlichen Beirat und im Rahmen des deutschsprachigen Netzwerks der Rauchstopptelefone. Der regelm\u00e4\u00dfige Austausch mit Kolleginnen und Kollegen und anderen Expertinnen und Experten ist uns wichtig und ist ein gro\u00dfer Teil der Qualit\u00e4tssicherung und Weiterbildung. Auch das Rauchfrei Ticket ist eine wichtige Kooperation, die wir mit Partnerinnen und Partnern [&hellip;]\" \/>\n<meta property=\"og:url\" content=\"https:\/\/rauchfrei.at\/ueber-uns\/kooperationen\/\" \/>\n<meta property=\"og:site_name\" content=\"Rauchfrei Telefon\" \/>\n<meta property=\"article:modified_time\" content=\"2025-05-23T07:31:09+00:00\" \/>\n<meta name=\"twitter:card\" content=\"summary_large_image\" \/>\n<meta name=\"twitter:label1\" content=\"Est. reading time\" \/>\n\t<meta name=\"twitter:data1\" content=\"4 minutes\" \/>\n<script type=\"application\/ld+json\" class=\"yoast-schema-graph\">{\"@context\":\"https:\/\/schema.org\",\"@graph\":[{\"@type\":\"WebPage\",\"@id\":\"https:\/\/rauchfrei.at\/ueber-uns\/kooperationen\/\",\"url\":\"https:\/\/rauchfrei.at\/ueber-uns\/kooperationen\/\",\"name\":\"Kooperationen - Rauchfrei Telefon\",\"isPartOf\":{\"@id\":\"https:\/\/rauchfrei.at\/#website\"},\"datePublished\":\"2012-03-10T08:20:24+00:00\",\"dateModified\":\"2025-05-23T07:31:09+00:00\",\"breadcrumb\":{\"@id\":\"https:\/\/rauchfrei.at\/ueber-uns\/kooperationen\/#breadcrumb\"},\"inLanguage\":\"en-US\",\"potentialAction\":[{\"@type\":\"ReadAction\",\"target\":[\"https:\/\/rauchfrei.at\/ueber-uns\/kooperationen\/\"]}]},{\"@type\":\"BreadcrumbList\",\"@id\":\"https:\/\/rauchfrei.at\/ueber-uns\/kooperationen\/#breadcrumb\",\"itemListElement\":[{\"@type\":\"ListItem\",\"position\":1,\"name\":\"\u00dcber uns\",\"item\":\"https:\/\/rauchfrei.at\/ueber-uns\/\"},{\"@type\":\"ListItem\",\"position\":2,\"name\":\"Kooperationen\"}]},{\"@type\":\"WebSite\",\"@id\":\"https:\/\/rauchfrei.at\/#website\",\"url\":\"https:\/\/rauchfrei.at\/\",\"name\":\"Rauchfrei Telefon\",\"description\":\"Eine \u00f6sterreichweite Initiative der Sozialversicherungen.\",\"potentialAction\":[{\"@type\":\"SearchAction\",\"target\":{\"@type\":\"EntryPoint\",\"urlTemplate\":\"https:\/\/rauchfrei.at\/?s={search_term_string}\"},\"query-input\":{\"@type\":\"PropertyValueSpecification\",\"valueRequired\":true,\"valueName\":\"search_term_string\"}}],\"inLanguage\":\"en-US\"}]}<\/script>\n<!-- \/ Yoast SEO plugin. -->","yoast_head_json":{"title":"Kooperationen - Rauchfrei Telefon","robots":{"index":"index","follow":"follow","max-snippet":"max-snippet:-1","max-image-preview":"max-image-preview:large","max-video-preview":"max-video-preview:-1"},"canonical":"https:\/\/rauchfrei.at\/ueber-uns\/kooperationen\/","og_locale":"en_US","og_type":"article","og_title":"Kooperationen - Rauchfrei Telefon","og_description":"Kooperationen Enge Kooperationen gibt es mit unserem wissenschaftlichen Beirat und im Rahmen des deutschsprachigen Netzwerks der Rauchstopptelefone. Der regelm\u00e4\u00dfige Austausch mit Kolleginnen und Kollegen und anderen Expertinnen und Experten ist uns wichtig und ist ein gro\u00dfer Teil der Qualit\u00e4tssicherung und Weiterbildung. Auch das Rauchfrei Ticket ist eine wichtige Kooperation, die wir mit Partnerinnen und Partnern [&hellip;]","og_url":"https:\/\/rauchfrei.at\/ueber-uns\/kooperationen\/","og_site_name":"Rauchfrei Telefon","article_modified_time":"2025-05-23T07:31:09+00:00","twitter_card":"summary_large_image","twitter_misc":{"Est. reading time":"4 minutes"},"schema":{"@context":"https:\/\/schema.org","@graph":[{"@type":"WebPage","@id":"https:\/\/rauchfrei.at\/ueber-uns\/kooperationen\/","url":"https:\/\/rauchfrei.at\/ueber-uns\/kooperationen\/","name":"Kooperationen - Rauchfrei Telefon","isPartOf":{"@id":"https:\/\/rauchfrei.at\/#website"},"datePublished":"2012-03-10T08:20:24+00:00","dateModified":"2025-05-23T07:31:09+00:00","breadcrumb":{"@id":"https:\/\/rauchfrei.at\/ueber-uns\/kooperationen\/#breadcrumb"},"inLanguage":"en-US","potentialAction":[{"@type":"ReadAction","target":["https:\/\/rauchfrei.at\/ueber-uns\/kooperationen\/"]}]},{"@type":"BreadcrumbList","@id":"https:\/\/rauchfrei.at\/ueber-uns\/kooperationen\/#breadcrumb","itemListElement":[{"@type":"ListItem","position":1,"name":"\u00dcber uns","item":"https:\/\/rauchfrei.at\/ueber-uns\/"},{"@type":"ListItem","position":2,"name":"Kooperationen"}]},{"@type":"WebSite","@id":"https:\/\/rauchfrei.at\/#website","url":"https:\/\/rauchfrei.at\/","name":"Rauchfrei Telefon","description":"Eine \u00f6sterreichweite Initiative der Sozialversicherungen.","potentialAction":[{"@type":"SearchAction","target":{"@type":"EntryPoint","urlTemplate":"https:\/\/rauchfrei.at\/?s={search_term_string}"},"query-input":{"@type":"PropertyValueSpecification","valueRequired":true,"valueName":"search_term_string"}}],"inLanguage":"en-US"}]}},"_links":{"self":[{"href":"https:\/\/rauchfrei.at\/en\/wp-json\/wp\/v2\/pages\/357","targetHints":{"allow":["GET"]}}],"collection":[{"href":"https:\/\/rauchfrei.at\/en\/wp-json\/wp\/v2\/pages"}],"about":[{"href":"https:\/\/rauchfrei.at\/en\/wp-json\/wp\/v2\/types\/page"}],"author":[{"embeddable":true,"href":"https:\/\/rauchfrei.at\/en\/wp-json\/wp\/v2\/users\/2"}],"replies":[{"embeddable":true,"href":"https:\/\/rauchfrei.at\/en\/wp-json\/wp\/v2\/comments?post=357"}],"version-history":[{"count":19,"href":"https:\/\/rauchfrei.at\/en\/wp-json\/wp\/v2\/pages\/357\/revisions"}],"predecessor-version":[{"id":30735,"href":"https:\/\/rauchfrei.at\/en\/wp-json\/wp\/v2\/pages\/357\/revisions\/30735"}],"up":[{"embeddable":true,"href":"https:\/\/rauchfrei.at\/en\/wp-json\/wp\/v2\/pages\/334"}],"wp:attachment":[{"href":"https:\/\/rauchfrei.at\/en\/wp-json\/wp\/v2\/media?parent=357"}],"curies":[{"name":"wp","href":"https:\/\/api.w.org\/{rel}","templated":true}]}}