
{"id":361,"date":"2012-03-10T08:22:22","date_gmt":"2012-03-10T08:22:22","guid":{"rendered":"http:\/\/web362.itscserver.org\/wordpress\/?page_id=361"},"modified":"2025-11-21T10:24:09","modified_gmt":"2025-11-21T08:24:09","slug":"impressum","status":"publish","type":"page","link":"https:\/\/rauchfrei.at\/en\/ueber-uns\/impressum\/","title":{"rendered":"Impressum"},"content":{"rendered":"<p>[et_pb_section fb_built=&#8221;1&#8243; custom_padding_last_edited=&#8221;off|&#8221; module_class=&#8221;header&#8221; _builder_version=&#8221;4.16&#8243; background_color=&#8221;#67BAD3&#8243; custom_margin=&#8221;||0px|&#8221; custom_padding=&#8221;100px||10px|&#8221; global_colors_info=&#8221;{}&#8221;][et_pb_row _builder_version=&#8221;4.16&#8243; custom_margin=&#8221;||0px|&#8221; custom_padding=&#8221;||0px|&#8221; global_colors_info=&#8221;{}&#8221;][et_pb_column type=&#8221;4_4&#8243; _builder_version=&#8221;4.16&#8243; custom_padding=&#8221;||0px|&#8221; global_colors_info=&#8221;{}&#8221; custom_padding__hover=&#8221;|||&#8221;][et_pb_text admin_label=&#8221;Blue Background Header&#8221; _builder_version=&#8221;4.22.1&#8243; custom_margin=&#8221;||0px|&#8221; custom_padding=&#8221;||0px|&#8221; global_colors_info=&#8221;{}&#8221;]<\/p>\n<h1>Impressum<\/h1>\n<p>[\/et_pb_text][\/et_pb_column][\/et_pb_row][\/et_pb_section][et_pb_section fb_built=&#8221;1&#8243; _builder_version=&#8221;4.16&#8243; global_colors_info=&#8221;{}&#8221;][et_pb_row column_structure=&#8221;2_3,1_3&#8243; _builder_version=&#8221;4.16&#8243; background_size=&#8221;initial&#8221; background_position=&#8221;top_left&#8221; background_repeat=&#8221;repeat&#8221; global_colors_info=&#8221;{}&#8221;][et_pb_column type=&#8221;2_3&#8243; _builder_version=&#8221;4.16&#8243; custom_padding=&#8221;|||&#8221; global_colors_info=&#8221;{}&#8221; custom_padding__hover=&#8221;|||&#8221;][et_pb_text _builder_version=&#8221;4.27.4&#8243; background_size=&#8221;initial&#8221; background_position=&#8221;top_left&#8221; background_repeat=&#8221;repeat&#8221; z_index_tablet=&#8221;500&#8243; global_colors_info=&#8221;{}&#8221;]<\/p>\n<p><span>Eine Initiative der \u00f6sterreichischen Sozialversicherungstr\u00e4ger, der L\u00e4nder und des Gesundheitsministeriums. Die \u00d6sterreichische Gesundheitskasse betreibt das Rauchfrei Telefon f\u00fcr ganz \u00d6sterreich.<\/span><\/p>\n<h3>Rechtstr\u00e4gerin\/Betreiberin:<\/h3>\n<p>\u00d6sterreichische Gesundheitskasse (\u00d6GK)<br \/>Kremser Landstra\u00dfe 3<br \/>3100 St. P\u00f6lten<br \/>Telefon: <a href=\"tel:\/\/+43 5 0766\">+43 5 0766 12-0<\/a><br \/>Email: <a href=\"mailto:info@rauchfrei.at\">info@rauchfrei.at<\/a><\/p>\n<p>Das Rauchfrei Telefon\u00a0 betreibt diese Website zur Verbesserung des \u00f6ffentlichen Zugangs zu Informationen \u00fcber Tabakentw\u00f6hnung, -pr\u00e4vention und -kontrolle und \u00fcber die Aufgabenbereiche des Rauchfrei Telefons.<\/p>\n<p>Einige Dokumente auf der Website enthalten Hinweise auf Informationen anderer Institutionen, wie z.B. anderer \u00f6sterreichischer Sozialversicherungstr\u00e4ger oder Sozialpartner. Angef\u00fchrte Links dienen ausschlie\u00dflich einer gesteigerten Benutzerfreundlichkeit. Auf die mit einem Link verwiesenen Internetseiten hat die Rechtstr\u00e4gerin keinen Einfluss und kann daher auch f\u00fcr deren Inhalt nicht verantwortlich gemacht werden.<\/p>\n<p>Jede Nutzung bzw. Weiterverwendung von Inhalten der Rauchfrei Telefon-Website (dies gilt insbesondere f\u00fcr Texte, Bilder, Grafiken und Programmcodes) durch Dritte und die Portierung auf andere Medien bedarf ausnahmslos der schriftlichen Genehmigung der Rechtstr\u00e4gerin des Rauchfrei Telefons.<\/p>\n<h3>Haftungsausschluss<\/h3>\n<p>Das Rauchfrei Telefon bietet diese Website an, damit sich Versicherte und Interessierte leichter \u00fcber die Tabakentw\u00f6hnung und die Aufgabenbereiche des Rauchfrei Telefons informieren k\u00f6nnen. Ziel ist es, aktuelle und genaue Informationen bereitzustellen.<\/p>\n<p>Die in dieser Website enthaltenen gesetzlichen Bestimmungen und Verordnungen werden lediglich in nichtauthentischer Form zum Zwecke der Information wiedergegeben und sind weder als Kundmachungen im Sinne bundes- oder landesrechtlicher Kundmachungsbestimmungen konzipiert noch als solche zu verstehen.<\/p>\n<p>Das Rauchfrei Telefon \u00fcbernimmt f\u00fcr die Inhalte der Informationen\u00a0 und Aktualit\u00e4t auf dieser Website sowie daraus entstehenden Konsequenzen keine Haftung.<\/p>\n<p>Es wird versucht St\u00f6rungen aufgrund technischer Probleme so gering wie m\u00f6glich zu halten. Es ist allerdings nicht ausgeschlossen, dass einige der Daten und Angaben auf unserer Website in nicht fehlerfreier Form angelegt sind. Des Weiteren kann keine Gew\u00e4hrleistung oder Haftung daf\u00fcr \u00fcbernommen werden, dass unser Dienst nicht unterbrochen oder anderweitig durch St\u00f6rungen beeintr\u00e4chtigt wird.<\/p>\n<h3>Copyright<\/h3>\n<p>\u00a9 Rauchfrei Telefon 2019<\/p>\n<p>Illustrationen: <a href=\"https:\/\/www.behance.net\/diegoriselli\" target=\"_blank\" rel=\"noopener noreferrer\">Diego Riselli\u00a0<\/a><br \/>Design: <a href=\"https:\/\/mishugge.com\/\" target=\"_blank\" rel=\"noopener noreferrer\">Andreas Klambauer<\/a><br \/>Programmierung\/Umsetzung: <a href=\"https:\/\/pixler.at\" target=\"_blank\" rel=\"noopener noreferrer\">Pixler<\/a><\/p>\n<p>&nbsp;<\/p>\n<p>[\/et_pb_text][\/et_pb_column][et_pb_column type=&#8221;1_3&#8243; _builder_version=&#8221;4.16&#8243; custom_padding=&#8221;|||&#8221; global_colors_info=&#8221;{}&#8221; custom_padding__hover=&#8221;|||&#8221;][\/et_pb_column][\/et_pb_row][\/et_pb_section]<\/p>\n","protected":false},"excerpt":{"rendered":"<p>ImpressumEine Initiative der \u00f6sterreichischen Sozialversicherungstr\u00e4ger, der L\u00e4nder und des Gesundheitsministeriums. Die \u00d6sterreichische Gesundheitskasse betreibt das Rauchfrei Telefon f\u00fcr ganz \u00d6sterreich. Rechtstr\u00e4gerin\/Betreiberin: \u00d6sterreichische Gesundheitskasse (\u00d6GK)Kremser Landstra\u00dfe 33100 St. P\u00f6ltenTelefon: +43 5 0766 12-0Email: info@rauchfrei.at Das Rauchfrei Telefon\u00a0 betreibt diese Website zur Verbesserung des \u00f6ffentlichen Zugangs zu Informationen \u00fcber Tabakentw\u00f6hnung, -pr\u00e4vention und -kontrolle und \u00fcber die Aufgabenbereiche [&hellip;]<\/p>\n","protected":false},"author":2,"featured_media":0,"parent":334,"menu_order":0,"comment_status":"closed","ping_status":"open","template":"","meta":{"_et_pb_use_builder":"on","_et_pb_old_content":"<p>Das Rauchfrei Telefon der \u00f6sterreichischen Sozialversicherungstr\u00e4ger, der Bundesl\u00e4nder und des Bundesministeriums f\u00fcr Gesundheit.<\/p><p>Rechtstr\u00e4gerin:<\/p><p>Nieder\u00f6sterreichische Gebietskrankenkasse<br \/>Kremser Landstra\u00dfe 3<br \/>3100 St. P\u00f6lten<br \/>Telefon: +43 (0)5 0899<br \/>Fax: +43 (0)5 0899-6550<br \/>Email: <a href=\"mailto:info@rauchfrei.at\" target=\"_blank\" rel=\"noopener\">info@rauchfrei.at<\/a><\/p><p>Das Rauchfrei Telefon im Auftrag der \u00f6sterreichischen Sozialversicherung (betrieben von der N\u00d6 Gebietskrankenkasse, im Folgenden \u201eRauchfrei Telefon\u201c genannt) betreibt diese Website zur Verbesserung des \u00f6ffentlichen Zugangs zu Informationen \u00fcber Tabakentw\u00f6hnung und \u00fcber die Aufgabenbereiche des Rauchfrei Telefons.<\/p><p>Einige Dokumente auf der Website enthalten Hinweise auf Informationen anderer Institutionen, wie z.B. anderer \u00f6sterreichischer Sozialversicherungstr\u00e4ger oder Sozialpartner. Angef\u00fchrte Links dienen ausschlie\u00dflich einer gesteigerten Benutzerfreundlichkeit. Auf die mit einem Link verwiesenen Internetseiten hat der Rechtstr\u00e4ger keinen Einfluss und kann daher auch f\u00fcr deren Inhalt nicht verantwortlich gemacht werden.<\/p><p>Jede Nutzung bzw. Weiterverwendung von Inhalten der Rauchfrei Telefon-Website (dies gilt insbesondere f\u00fcr Texte, Bilder, Grafiken und Programmcodes) durch Dritte und die Portierung auf andere Medien bedarf ausnahmslos der schriftlichen Genehmigung des Rechtstr\u00e4gers des Rauchfrei Telefons.<\/p><h2>Haftungsausschluss<\/h2><p>Das Rauchfrei Telefon bietet diese Website an, damit sich Versicherte oder Interessierte leichter \u00fcber die Tabakentw\u00f6hnung und die Aufgabenbereiche des Rauchfrei Telefons informieren k\u00f6nnen. Unser Ziel ist es, aktuelle und genaue Informationen bereitzustellen, Fehler oder Irrt\u00fcmer die wir in Erfahrung bringen, werden korrigiert. Jedwede Haftung daraus ist ausgeschlossen.<\/p><p>Die in dieser Website enthaltenen gesetzlichen Bestimmungen und Verordnungen werden lediglich in nichtauthentischer Form zum Zwecke der Information wiedergegeben und sind weder als Kundmachungen im Sinne bundes- oder landesrechtlicher Kundmachungsbestimmungen konzipiert noch als solche zu verstehen.<\/p><p>Das Rauchfrei Telefon \u00fcbernimmt f\u00fcr die Inhalte der Informationen auf dieser Website sowie daraus entstehenden Konsequenzen keine Haftung. Trotz gewissenhafter Bem\u00fchungen und Recherchen k\u00f6nnen wir aktuell keine Gew\u00e4hr f\u00fcr die Aktualit\u00e4t und Richtigkeit unserer Informationen \u00fcbernehmen. Soweit Fehler und Irrt\u00fcmer bekannt werden, werden diese schnellstm\u00f6glich korrigiert. Wir bedanken uns dabei f\u00fcr jeden Hinweis.<\/p><p>Die Rechtstr\u00e4gerin \u00fcber nimmt keinerlei Verantwortung oder Haftung f\u00fcr die Richtigkeit und Aktualit\u00e4t der Angaben auf dieser Website.<\/p><p>Die Angaben sind nur Informationen allgemeiner Art, die nicht auf individuelle Sachverhalte abgestimmt sind; trotz Bem\u00fchens nicht notwendigerweise umfassend, komplett, genau oder aktuell, da die verst\u00e4ndliche Information im Vordergrund steht; manchmal mit externen Websites verbunden, die der Rechtstr\u00e4ger weder beeinflussen noch verantworten kann.<\/p><p>Wir versuchen St\u00f6rungen aufgrund technischer Probleme so gering wie m\u00f6glich zu halten. Es ist allerdings nicht ausgeschlossen, dass einige der Daten und Angaben auf unserer Website in nicht fehlerfreier Form angelegt sind. Des Weiteren k\u00f6nnen wir keine Gew\u00e4hrleistung oder Haftung daf\u00fcr \u00fcbernehmen, dass unser Dienst nicht unterbrochen oder anderweitig durch St\u00f6rungen beeintr\u00e4chtigt wird.<\/p><p>Copyright<\/p><p>\u00a9 Rauchfrei Telefon 2014<\/p><p>\u00a0<\/p>","_et_gb_content_width":"","footnotes":""},"class_list":["post-361","page","type-page","status-publish","hentry"],"yoast_head":"<!-- This site is optimized with the Yoast SEO plugin v26.2 - https:\/\/yoast.com\/wordpress\/plugins\/seo\/ -->\n<title>Impressum - Rauchfrei Telefon<\/title>\n<meta name=\"robots\" content=\"index, follow, max-snippet:-1, max-image-preview:large, max-video-preview:-1\" \/>\n<link rel=\"canonical\" href=\"https:\/\/rauchfrei.at\/ueber-uns\/impressum\/\" \/>\n<meta property=\"og:locale\" content=\"en_US\" \/>\n<meta property=\"og:type\" content=\"article\" \/>\n<meta property=\"og:title\" content=\"Impressum - Rauchfrei Telefon\" \/>\n<meta property=\"og:description\" content=\"ImpressumEine Initiative der \u00f6sterreichischen Sozialversicherungstr\u00e4ger, der L\u00e4nder und des Gesundheitsministeriums. Die \u00d6sterreichische Gesundheitskasse betreibt das Rauchfrei Telefon f\u00fcr ganz \u00d6sterreich. Rechtstr\u00e4gerin\/Betreiberin: \u00d6sterreichische Gesundheitskasse (\u00d6GK)Kremser Landstra\u00dfe 33100 St. P\u00f6ltenTelefon: +43 5 0766 12-0Email: info@rauchfrei.at Das Rauchfrei Telefon\u00a0 betreibt diese Website zur Verbesserung des \u00f6ffentlichen Zugangs zu Informationen \u00fcber Tabakentw\u00f6hnung, -pr\u00e4vention und -kontrolle und \u00fcber die Aufgabenbereiche [&hellip;]\" \/>\n<meta property=\"og:url\" content=\"https:\/\/rauchfrei.at\/ueber-uns\/impressum\/\" \/>\n<meta property=\"og:site_name\" content=\"Rauchfrei Telefon\" \/>\n<meta property=\"article:modified_time\" content=\"2025-11-21T08:24:09+00:00\" \/>\n<meta name=\"twitter:card\" content=\"summary_large_image\" \/>\n<meta name=\"twitter:label1\" content=\"Est. reading time\" \/>\n\t<meta name=\"twitter:data1\" content=\"2 minutes\" \/>\n<script type=\"application\/ld+json\" class=\"yoast-schema-graph\">{\"@context\":\"https:\/\/schema.org\",\"@graph\":[{\"@type\":\"WebPage\",\"@id\":\"https:\/\/rauchfrei.at\/ueber-uns\/impressum\/\",\"url\":\"https:\/\/rauchfrei.at\/ueber-uns\/impressum\/\",\"name\":\"Impressum - Rauchfrei Telefon\",\"isPartOf\":{\"@id\":\"https:\/\/rauchfrei.at\/#website\"},\"datePublished\":\"2012-03-10T08:22:22+00:00\",\"dateModified\":\"2025-11-21T08:24:09+00:00\",\"breadcrumb\":{\"@id\":\"https:\/\/rauchfrei.at\/ueber-uns\/impressum\/#breadcrumb\"},\"inLanguage\":\"en-US\",\"potentialAction\":[{\"@type\":\"ReadAction\",\"target\":[\"https:\/\/rauchfrei.at\/ueber-uns\/impressum\/\"]}]},{\"@type\":\"BreadcrumbList\",\"@id\":\"https:\/\/rauchfrei.at\/ueber-uns\/impressum\/#breadcrumb\",\"itemListElement\":[{\"@type\":\"ListItem\",\"position\":1,\"name\":\"\u00dcber uns\",\"item\":\"https:\/\/rauchfrei.at\/ueber-uns\/\"},{\"@type\":\"ListItem\",\"position\":2,\"name\":\"Impressum\"}]},{\"@type\":\"WebSite\",\"@id\":\"https:\/\/rauchfrei.at\/#website\",\"url\":\"https:\/\/rauchfrei.at\/\",\"name\":\"Rauchfrei Telefon\",\"description\":\"Eine \u00f6sterreichweite Initiative der Sozialversicherungen.\",\"potentialAction\":[{\"@type\":\"SearchAction\",\"target\":{\"@type\":\"EntryPoint\",\"urlTemplate\":\"https:\/\/rauchfrei.at\/?s={search_term_string}\"},\"query-input\":{\"@type\":\"PropertyValueSpecification\",\"valueRequired\":true,\"valueName\":\"search_term_string\"}}],\"inLanguage\":\"en-US\"}]}<\/script>\n<!-- \/ Yoast SEO plugin. -->","yoast_head_json":{"title":"Impressum - Rauchfrei Telefon","robots":{"index":"index","follow":"follow","max-snippet":"max-snippet:-1","max-image-preview":"max-image-preview:large","max-video-preview":"max-video-preview:-1"},"canonical":"https:\/\/rauchfrei.at\/ueber-uns\/impressum\/","og_locale":"en_US","og_type":"article","og_title":"Impressum - Rauchfrei Telefon","og_description":"ImpressumEine Initiative der \u00f6sterreichischen Sozialversicherungstr\u00e4ger, der L\u00e4nder und des Gesundheitsministeriums. Die \u00d6sterreichische Gesundheitskasse betreibt das Rauchfrei Telefon f\u00fcr ganz \u00d6sterreich. Rechtstr\u00e4gerin\/Betreiberin: \u00d6sterreichische Gesundheitskasse (\u00d6GK)Kremser Landstra\u00dfe 33100 St. P\u00f6ltenTelefon: +43 5 0766 12-0Email: info@rauchfrei.at Das Rauchfrei Telefon\u00a0 betreibt diese Website zur Verbesserung des \u00f6ffentlichen Zugangs zu Informationen \u00fcber Tabakentw\u00f6hnung, -pr\u00e4vention und -kontrolle und \u00fcber die Aufgabenbereiche [&hellip;]","og_url":"https:\/\/rauchfrei.at\/ueber-uns\/impressum\/","og_site_name":"Rauchfrei Telefon","article_modified_time":"2025-11-21T08:24:09+00:00","twitter_card":"summary_large_image","twitter_misc":{"Est. reading time":"2 minutes"},"schema":{"@context":"https:\/\/schema.org","@graph":[{"@type":"WebPage","@id":"https:\/\/rauchfrei.at\/ueber-uns\/impressum\/","url":"https:\/\/rauchfrei.at\/ueber-uns\/impressum\/","name":"Impressum - Rauchfrei Telefon","isPartOf":{"@id":"https:\/\/rauchfrei.at\/#website"},"datePublished":"2012-03-10T08:22:22+00:00","dateModified":"2025-11-21T08:24:09+00:00","breadcrumb":{"@id":"https:\/\/rauchfrei.at\/ueber-uns\/impressum\/#breadcrumb"},"inLanguage":"en-US","potentialAction":[{"@type":"ReadAction","target":["https:\/\/rauchfrei.at\/ueber-uns\/impressum\/"]}]},{"@type":"BreadcrumbList","@id":"https:\/\/rauchfrei.at\/ueber-uns\/impressum\/#breadcrumb","itemListElement":[{"@type":"ListItem","position":1,"name":"\u00dcber uns","item":"https:\/\/rauchfrei.at\/ueber-uns\/"},{"@type":"ListItem","position":2,"name":"Impressum"}]},{"@type":"WebSite","@id":"https:\/\/rauchfrei.at\/#website","url":"https:\/\/rauchfrei.at\/","name":"Rauchfrei Telefon","description":"Eine \u00f6sterreichweite Initiative der Sozialversicherungen.","potentialAction":[{"@type":"SearchAction","target":{"@type":"EntryPoint","urlTemplate":"https:\/\/rauchfrei.at\/?s={search_term_string}"},"query-input":{"@type":"PropertyValueSpecification","valueRequired":true,"valueName":"search_term_string"}}],"inLanguage":"en-US"}]}},"_links":{"self":[{"href":"https:\/\/rauchfrei.at\/en\/wp-json\/wp\/v2\/pages\/361","targetHints":{"allow":["GET"]}}],"collection":[{"href":"https:\/\/rauchfrei.at\/en\/wp-json\/wp\/v2\/pages"}],"about":[{"href":"https:\/\/rauchfrei.at\/en\/wp-json\/wp\/v2\/types\/page"}],"author":[{"embeddable":true,"href":"https:\/\/rauchfrei.at\/en\/wp-json\/wp\/v2\/users\/2"}],"replies":[{"embeddable":true,"href":"https:\/\/rauchfrei.at\/en\/wp-json\/wp\/v2\/comments?post=361"}],"version-history":[{"count":11,"href":"https:\/\/rauchfrei.at\/en\/wp-json\/wp\/v2\/pages\/361\/revisions"}],"predecessor-version":[{"id":32391,"href":"https:\/\/rauchfrei.at\/en\/wp-json\/wp\/v2\/pages\/361\/revisions\/32391"}],"up":[{"embeddable":true,"href":"https:\/\/rauchfrei.at\/en\/wp-json\/wp\/v2\/pages\/334"}],"wp:attachment":[{"href":"https:\/\/rauchfrei.at\/en\/wp-json\/wp\/v2\/media?parent=361"}],"curies":[{"name":"wp","href":"https:\/\/api.w.org\/{rel}","templated":true}]}}