
{"id":365,"date":"2012-03-12T05:08:48","date_gmt":"2012-03-12T05:08:48","guid":{"rendered":"http:\/\/web362.itscserver.org\/wordpress\/?page_id=365"},"modified":"2025-10-22T13:37:30","modified_gmt":"2025-10-22T11:37:30","slug":"kurzansprache","status":"publish","type":"page","link":"https:\/\/rauchfrei.at\/en\/fuer-gesundheitsberufe\/kurzansprache\/","title":{"rendered":"Kurzansprache"},"content":{"rendered":"\n[et_pb_section fb_built=&#8221;1&#8243; custom_padding_last_edited=&#8221;off|&#8221; module_class=&#8221;header&#8221; _builder_version=&#8221;4.16&#8243; background_color=&#8221;#67BAD3&#8243; custom_margin=&#8221;||0px|&#8221; custom_padding=&#8221;100px||10px|&#8221; global_colors_info=&#8221;{}&#8221;][et_pb_row _builder_version=&#8221;4.16&#8243; custom_margin=&#8221;||0px|&#8221; custom_padding=&#8221;||0px|&#8221; global_colors_info=&#8221;{}&#8221;][et_pb_column type=&#8221;4_4&#8243; _builder_version=&#8221;4.16&#8243; custom_padding=&#8221;||0px|&#8221; global_colors_info=&#8221;{}&#8221; custom_padding__hover=&#8221;|||&#8221;][et_pb_text admin_label=&#8221;Blue Background Header&#8221; _builder_version=&#8221;4.16&#8243; custom_margin=&#8221;||0px|&#8221; custom_padding=&#8221;||0px|&#8221; global_colors_info=&#8221;{}&#8221;]<h1>Kurzansprache des Rauchverhaltens<\/h1>\r\n<h2>Ihre Empfehlung wirkt!<\/h2>\r[\/et_pb_text][\/et_pb_column][\/et_pb_row][\/et_pb_section][et_pb_section fb_built=&#8221;1&#8243; _builder_version=&#8221;4.16&#8243; global_colors_info=&#8221;{}&#8221;][et_pb_row column_structure=&#8221;2_3,1_3&#8243; _builder_version=&#8221;4.16&#8243; background_size=&#8221;initial&#8221; background_position=&#8221;top_left&#8221; background_repeat=&#8221;repeat&#8221; global_colors_info=&#8221;{}&#8221;][et_pb_column type=&#8221;2_3&#8243; _builder_version=&#8221;4.16&#8243; custom_padding=&#8221;|||&#8221; global_colors_info=&#8221;{}&#8221; custom_padding__hover=&#8221;|||&#8221;][et_pb_text _builder_version=&#8221;4.27.4&#8243; hover_enabled=&#8221;0&#8243; global_colors_info=&#8221;{}&#8221; sticky_enabled=&#8221;0&#8243;]<h3>Erfragen Sie das Rauchverhalten und empfehlen Sie den Rauchstopp!<\/h3>\n<p>Durch Ihre Ansprache k\u00f6nnen Sie in weniger als 3 Minuten die Rauchstoppraten signifikant erh\u00f6hen. Auch wenn im Alltag manchmal der Eindruck entsteht, die Empfehlung zum Rauchstopp wird nicht umgesetzt, k\u00f6nnen Sie darauf vertrauen, dass schon Ihre kurze Empfehlung das Rauchen zu beenden die Motivation zum Rauchstopp und die Rauchstoppversuche signifikant erh\u00f6ht (Fiore et. al, 2008).<\/p>\n<h3>Erfragen Sie das Rauchverhalten!<\/h3>\n<p>Erfragen Sie das Rauchen bei jeder Patientin, bei jedem Patienten bei jedem Kontakt.<\/p>\n<p>Wird das Rauchen im medizinischen Setting nicht erfragt, interpretieren es die Patientinnen und Patienten so, als w\u00e4re es nicht relevant f\u00fcr die Erkrankung.<\/p>\n<h3>Empfehlen Sie den Rauchstopp!<\/h3>\n<p>Empfehlen Sie den Rauchstopp klar und in einfachen Worten! Zum Beispiel: Der Rauchstopp ist das beste, das Sie f\u00fcr Ihre Gesundheit tun k\u00f6nnen; Ich empfehle Ihnen aufzuh\u00f6ren mit dem Rauchen; Ein Rauchstopp verbessert Ihre Situation deutlich &#8211; H\u00f6ren Sie auf.<\/p>\n<p>Folgt dem Erfragen des Rauchverhaltens keine deutliche Empfehlung, wird das als Duldung des Rauchverhaltens interpretiert.<\/p>\n<h3>Vermitteln Sie zu einem Hilfsangebot!<\/h3>\n<p>Mit Hilfe gelingt der Rauchstopp viel einfacher als alleine. Viele Raucher\/innen haben Angst vor dem Rauchstopp. Durch Ihre unmittelbare Vermittlung zu einem Hilfsangebot (Kurse der \u00d6GK, Gruppe in der eigenen Institution, Rauchfrei Telefon &#8230;) nehmen Raucher\/innen mit gr\u00f6\u00dferer Wahrscheinlichkeit Unterst\u00fctzung in Anspruch.<\/p>\n<p>&nbsp;<\/p>\n<h3>Das Team des Rauchfrei Telefons unterst\u00fctzt Sie gerne mit<\/h3>\n<ul>\n<li>der kostenfreien Zusendung von Informationsmaterialien<\/li>\n<li>der Beratung und\u00a0 Nachbetreuung Ihrer Patientinnen und Patienten mit dem Rauchfrei Ticket<\/li>\n<li>der Weitervermittlung Ihrer Patientinnen und Patienten an geeignete Behandlungsangebote<\/li>\n<\/ul>[\/et_pb_text][\/et_pb_column][et_pb_column type=&#8221;1_3&#8243; _builder_version=&#8221;4.16&#8243; custom_padding=&#8221;|||&#8221; global_colors_info=&#8221;{}&#8221; custom_padding__hover=&#8221;|||&#8221;][et_pb_dp_dmb_module_10089 headline=&#8221;Anleitung Kurzintervention&#8221; image=&#8221;https:\/\/rauchfrei.at\/wp-content\/uploads\/kit.jpg&#8221; link_text=&#8221;zum Download:&#8221; link_new_tab=&#8221;on&#8221; link_url=&#8221;https:\/\/rauchfrei.at\/wp-content\/uploads\/rf25_Kurzintervention.pdf&#8221; _builder_version=&#8221;4.27.4&#8243; _module_preset=&#8221;default&#8221; global_colors_info=&#8221;{}&#8221;][\/et_pb_dp_dmb_module_10089][\/et_pb_column][\/et_pb_row][\/et_pb_section]\n","protected":false},"excerpt":{"rendered":"<p>Kurzansprache des Rauchverhaltens Ihre Empfehlung wirkt! Erfragen Sie das Rauchverhalten und empfehlen Sie den Rauchstopp! Durch Ihre Ansprache k\u00f6nnen Sie in weniger als 3 Minuten die Rauchstoppraten signifikant erh\u00f6hen. Auch wenn im Alltag manchmal der Eindruck entsteht, die Empfehlung zum Rauchstopp wird nicht umgesetzt, k\u00f6nnen Sie darauf vertrauen, dass schon Ihre kurze Empfehlung das Rauchen [&hellip;]<\/p>\n","protected":false},"author":2,"featured_media":0,"parent":336,"menu_order":0,"comment_status":"closed","ping_status":"open","template":"","meta":{"_et_pb_use_builder":"on","_et_pb_old_content":"<h3>Ihre Rauchstopp-Empfehlung erh\u00f6ht die Motivation<\/h3><p>Das Update der Tabakentw\u00f6hnung 2008 des US Departement for Health and Human Services best\u00e4tigt: <strong>Schon eine kurze Empfehlung<\/strong> das Rauchen zu beenden, <strong>erh\u00f6ht die Motivation zum Rauchstopp<\/strong> und <strong>die Rauchstoppversuche<\/strong> signifikant.<\/p><h3>Die WHO empfiehlt<\/h3><ul><li>Sprechen Sie Ihre Patientinnen und Patienten auf ihr Rauchverhalten an und empfehlen Sie den Rauchstopp<\/li><li>Informieren Sie rauchende Patientinnen und Patienten \u00fcber M\u00f6glichkeiten zur Entw\u00f6hnung<\/li><li>Vermitteln Sie spezielle Behandlungsangebote weiter<\/li><\/ul><p>Die Kombination aus professioneller Beratung und medikament\u00f6ser Unterst\u00fctzung hat sich als besonders effektiv erwiesen.<\/p><h3>\u00a0Das Team des Rauchfrei Telefons unterst\u00fctzt Sie gerne mit<\/h3><ul><li>der kostenfreien Zusendung von Informationsmaterialien<\/li><li>der Beratung Ihrer Patientinnen und Patienten<\/li><li>der Nachbetreuung Ihrer Patientinnen und Patienten<\/li><li>der Weitervermittlung Ihrer Patientinnen und Patienten an geeignete Behandlungsangebote<\/li><\/ul><p>Das <strong>Kooperationsmodell \u201eRauchfrei per Fax\u201c<\/strong> des Rauchfrei Telefons bietet Ihnen die M\u00f6glichkeit, Ihre Patientinnen und Patienten einfach und direkt f\u00fcr eine Beratung beim Rauchfrei Telefon anzumelden.<\/p><p>Mehr dazu:<br \/><a href=\"\/fuer-gesundheitsberufe\/service-rauchfrei-per-fax\/\" target=\"_blank\" rel=\"noopener\">Service Rauchfrei Ticket<\/a><\/p><p>\u00a0<\/p>","_et_gb_content_width":"","footnotes":""},"class_list":["post-365","page","type-page","status-publish","hentry"],"yoast_head":"<!-- This site is optimized with the Yoast SEO plugin v26.2 - https:\/\/yoast.com\/wordpress\/plugins\/seo\/ -->\n<title>Kurzansprache - Rauchfrei Telefon<\/title>\n<meta name=\"robots\" content=\"index, follow, max-snippet:-1, max-image-preview:large, max-video-preview:-1\" \/>\n<link rel=\"canonical\" href=\"https:\/\/rauchfrei.at\/fuer-gesundheitsberufe\/kurzansprache\/\" \/>\n<meta property=\"og:locale\" content=\"en_US\" \/>\n<meta property=\"og:type\" content=\"article\" \/>\n<meta property=\"og:title\" content=\"Kurzansprache - Rauchfrei Telefon\" \/>\n<meta property=\"og:description\" content=\"Kurzansprache des Rauchverhaltens Ihre Empfehlung wirkt! Erfragen Sie das Rauchverhalten und empfehlen Sie den Rauchstopp! Durch Ihre Ansprache k\u00f6nnen Sie in weniger als 3 Minuten die Rauchstoppraten signifikant erh\u00f6hen. Auch wenn im Alltag manchmal der Eindruck entsteht, die Empfehlung zum Rauchstopp wird nicht umgesetzt, k\u00f6nnen Sie darauf vertrauen, dass schon Ihre kurze Empfehlung das Rauchen [&hellip;]\" \/>\n<meta property=\"og:url\" content=\"https:\/\/rauchfrei.at\/fuer-gesundheitsberufe\/kurzansprache\/\" \/>\n<meta property=\"og:site_name\" content=\"Rauchfrei Telefon\" \/>\n<meta property=\"article:modified_time\" content=\"2025-10-22T11:37:30+00:00\" \/>\n<meta name=\"twitter:card\" content=\"summary_large_image\" \/>\n<meta name=\"twitter:label1\" content=\"Est. reading time\" \/>\n\t<meta name=\"twitter:data1\" content=\"2 minutes\" \/>\n<script type=\"application\/ld+json\" class=\"yoast-schema-graph\">{\"@context\":\"https:\/\/schema.org\",\"@graph\":[{\"@type\":\"WebPage\",\"@id\":\"https:\/\/rauchfrei.at\/fuer-gesundheitsberufe\/kurzansprache\/\",\"url\":\"https:\/\/rauchfrei.at\/fuer-gesundheitsberufe\/kurzansprache\/\",\"name\":\"Kurzansprache - Rauchfrei Telefon\",\"isPartOf\":{\"@id\":\"https:\/\/rauchfrei.at\/#website\"},\"datePublished\":\"2012-03-12T05:08:48+00:00\",\"dateModified\":\"2025-10-22T11:37:30+00:00\",\"breadcrumb\":{\"@id\":\"https:\/\/rauchfrei.at\/fuer-gesundheitsberufe\/kurzansprache\/#breadcrumb\"},\"inLanguage\":\"en-US\",\"potentialAction\":[{\"@type\":\"ReadAction\",\"target\":[\"https:\/\/rauchfrei.at\/fuer-gesundheitsberufe\/kurzansprache\/\"]}]},{\"@type\":\"BreadcrumbList\",\"@id\":\"https:\/\/rauchfrei.at\/fuer-gesundheitsberufe\/kurzansprache\/#breadcrumb\",\"itemListElement\":[{\"@type\":\"ListItem\",\"position\":1,\"name\":\"F\u00fcr Gesundheitsberufe\",\"item\":\"https:\/\/rauchfrei.at\/fuer-gesundheitsberufe\/\"},{\"@type\":\"ListItem\",\"position\":2,\"name\":\"Kurzansprache\"}]},{\"@type\":\"WebSite\",\"@id\":\"https:\/\/rauchfrei.at\/#website\",\"url\":\"https:\/\/rauchfrei.at\/\",\"name\":\"Rauchfrei Telefon\",\"description\":\"Eine \u00f6sterreichweite Initiative der Sozialversicherungen.\",\"potentialAction\":[{\"@type\":\"SearchAction\",\"target\":{\"@type\":\"EntryPoint\",\"urlTemplate\":\"https:\/\/rauchfrei.at\/?s={search_term_string}\"},\"query-input\":{\"@type\":\"PropertyValueSpecification\",\"valueRequired\":true,\"valueName\":\"search_term_string\"}}],\"inLanguage\":\"en-US\"}]}<\/script>\n<!-- \/ Yoast SEO plugin. -->","yoast_head_json":{"title":"Kurzansprache - Rauchfrei Telefon","robots":{"index":"index","follow":"follow","max-snippet":"max-snippet:-1","max-image-preview":"max-image-preview:large","max-video-preview":"max-video-preview:-1"},"canonical":"https:\/\/rauchfrei.at\/fuer-gesundheitsberufe\/kurzansprache\/","og_locale":"en_US","og_type":"article","og_title":"Kurzansprache - Rauchfrei Telefon","og_description":"Kurzansprache des Rauchverhaltens Ihre Empfehlung wirkt! Erfragen Sie das Rauchverhalten und empfehlen Sie den Rauchstopp! Durch Ihre Ansprache k\u00f6nnen Sie in weniger als 3 Minuten die Rauchstoppraten signifikant erh\u00f6hen. Auch wenn im Alltag manchmal der Eindruck entsteht, die Empfehlung zum Rauchstopp wird nicht umgesetzt, k\u00f6nnen Sie darauf vertrauen, dass schon Ihre kurze Empfehlung das Rauchen [&hellip;]","og_url":"https:\/\/rauchfrei.at\/fuer-gesundheitsberufe\/kurzansprache\/","og_site_name":"Rauchfrei Telefon","article_modified_time":"2025-10-22T11:37:30+00:00","twitter_card":"summary_large_image","twitter_misc":{"Est. reading time":"2 minutes"},"schema":{"@context":"https:\/\/schema.org","@graph":[{"@type":"WebPage","@id":"https:\/\/rauchfrei.at\/fuer-gesundheitsberufe\/kurzansprache\/","url":"https:\/\/rauchfrei.at\/fuer-gesundheitsberufe\/kurzansprache\/","name":"Kurzansprache - Rauchfrei Telefon","isPartOf":{"@id":"https:\/\/rauchfrei.at\/#website"},"datePublished":"2012-03-12T05:08:48+00:00","dateModified":"2025-10-22T11:37:30+00:00","breadcrumb":{"@id":"https:\/\/rauchfrei.at\/fuer-gesundheitsberufe\/kurzansprache\/#breadcrumb"},"inLanguage":"en-US","potentialAction":[{"@type":"ReadAction","target":["https:\/\/rauchfrei.at\/fuer-gesundheitsberufe\/kurzansprache\/"]}]},{"@type":"BreadcrumbList","@id":"https:\/\/rauchfrei.at\/fuer-gesundheitsberufe\/kurzansprache\/#breadcrumb","itemListElement":[{"@type":"ListItem","position":1,"name":"F\u00fcr Gesundheitsberufe","item":"https:\/\/rauchfrei.at\/fuer-gesundheitsberufe\/"},{"@type":"ListItem","position":2,"name":"Kurzansprache"}]},{"@type":"WebSite","@id":"https:\/\/rauchfrei.at\/#website","url":"https:\/\/rauchfrei.at\/","name":"Rauchfrei Telefon","description":"Eine \u00f6sterreichweite Initiative der Sozialversicherungen.","potentialAction":[{"@type":"SearchAction","target":{"@type":"EntryPoint","urlTemplate":"https:\/\/rauchfrei.at\/?s={search_term_string}"},"query-input":{"@type":"PropertyValueSpecification","valueRequired":true,"valueName":"search_term_string"}}],"inLanguage":"en-US"}]}},"_links":{"self":[{"href":"https:\/\/rauchfrei.at\/en\/wp-json\/wp\/v2\/pages\/365","targetHints":{"allow":["GET"]}}],"collection":[{"href":"https:\/\/rauchfrei.at\/en\/wp-json\/wp\/v2\/pages"}],"about":[{"href":"https:\/\/rauchfrei.at\/en\/wp-json\/wp\/v2\/types\/page"}],"author":[{"embeddable":true,"href":"https:\/\/rauchfrei.at\/en\/wp-json\/wp\/v2\/users\/2"}],"replies":[{"embeddable":true,"href":"https:\/\/rauchfrei.at\/en\/wp-json\/wp\/v2\/comments?post=365"}],"version-history":[{"count":19,"href":"https:\/\/rauchfrei.at\/en\/wp-json\/wp\/v2\/pages\/365\/revisions"}],"predecessor-version":[{"id":31318,"href":"https:\/\/rauchfrei.at\/en\/wp-json\/wp\/v2\/pages\/365\/revisions\/31318"}],"up":[{"embeddable":true,"href":"https:\/\/rauchfrei.at\/en\/wp-json\/wp\/v2\/pages\/336"}],"wp:attachment":[{"href":"https:\/\/rauchfrei.at\/en\/wp-json\/wp\/v2\/media?parent=365"}],"curies":[{"name":"wp","href":"https:\/\/api.w.org\/{rel}","templated":true}]}}