
{"id":367,"date":"2012-03-12T05:09:20","date_gmt":"2012-03-12T05:09:20","guid":{"rendered":"http:\/\/web362.itscserver.org\/wordpress\/?page_id=367"},"modified":"2025-10-22T16:58:40","modified_gmt":"2025-10-22T14:58:40","slug":"rauchfreiticket","status":"publish","type":"page","link":"https:\/\/rauchfrei.at\/en\/fuer-gesundheitsberufe\/rauchfreiticket\/","title":{"rendered":"Information zum Rauchfrei Ticket"},"content":{"rendered":"<p>[et_pb_section fb_built=&#8221;1&#8243; custom_padding_last_edited=&#8221;off|&#8221; module_class=&#8221;header&#8221; _builder_version=&#8221;4.16&#8243; background_color=&#8221;#67BAD3&#8243; custom_margin=&#8221;||0px|&#8221; custom_padding=&#8221;100px||10px|&#8221; global_colors_info=&#8221;{}&#8221;][et_pb_row _builder_version=&#8221;4.16&#8243; custom_margin=&#8221;||0px|&#8221; custom_padding=&#8221;||0px|&#8221; global_colors_info=&#8221;{}&#8221;][et_pb_column type=&#8221;4_4&#8243; _builder_version=&#8221;4.16&#8243; custom_padding=&#8221;||0px|&#8221; global_colors_info=&#8221;{}&#8221; custom_padding__hover=&#8221;|||&#8221;][et_pb_text admin_label=&#8221;Blue Background Header&#8221; _builder_version=&#8221;4.16&#8243; custom_margin=&#8221;||0px|&#8221; custom_padding=&#8221;||0px|&#8221; global_colors_info=&#8221;{}&#8221;]<\/p>\n<h1>Das Rauchfrei Ticket<\/h1>\n<h2>Die direkte Anmeldung zum Beratungsgespr\u00e4ch<\/h2>\n<p>[\/et_pb_text][\/et_pb_column][\/et_pb_row][\/et_pb_section][et_pb_section fb_built=&#8221;1&#8243; _builder_version=&#8221;4.16&#8243; global_colors_info=&#8221;{}&#8221;][et_pb_row column_structure=&#8221;2_3,1_3&#8243; _builder_version=&#8221;4.16&#8243; global_colors_info=&#8221;{}&#8221;][et_pb_column type=&#8221;2_3&#8243; _builder_version=&#8221;4.16&#8243; custom_padding=&#8221;|||&#8221; global_colors_info=&#8221;{}&#8221; custom_padding__hover=&#8221;|||&#8221;][et_pb_text _builder_version=&#8221;4.27.4&#8243; z_index_tablet=&#8221;500&#8243; global_colors_info=&#8221;{}&#8221;]<\/p>\n<h2>Was ist das Rauchfrei Ticket?<strong><br \/><\/strong><\/h2>\n<p>Mit dem <strong>Rauchfrei Ticket\u00a0 <\/strong>k\u00f6nnen Sie Ihren rauchenden Patientinnen und Patienten unmittelbar ein <strong>Angebot zur Tabakentw\u00f6hnung<\/strong> anbieten. Auch zur <strong>R\u00fcckfallprophylaxe<\/strong> f\u00fcr gerade erst rauchfrei gewordenen Personen steht das Rauchfrei Ticket zur Verf\u00fcgung.<\/p>\n<p>[\/et_pb_text][et_pb_video src=&#8221;https:\/\/www.youtube.com\/watch?v=bl-D89CGl2k&#8221; _builder_version=&#8221;4.27.4&#8243; _module_preset=&#8221;default&#8221; global_colors_info=&#8221;{}&#8221;][\/et_pb_video][et_pb_text _builder_version=&#8221;4.27.4&#8243; hover_enabled=&#8221;0&#8243; z_index_tablet=&#8221;500&#8243; global_colors_info=&#8221;{}&#8221; sticky_enabled=&#8221;0&#8243;]<\/p>\n<h2>Wozu dient das Rauchfrei Ticket?<\/h2>\n<p>Das <strong>Rauchfrei Ticket<\/strong> dient Gesundheitsprofessionisten dabei, ihren Patientinnen und Patienten ein konkretes Unterst\u00fctzungsangebot beim rauchfrei werden und bleiben anzubieten. Durch die direkte und verbindliche Anmeldung wird das Angebot oft besser angenommen, als wenn allein die Nummer an die Raucherin oder den Raucher weitergegeben wird.<\/p>\n<h2><\/h2>\n<h2>Wie l\u00e4uft die Anmeldung ab?<\/h2>\n<p>Wenn eine Patientin\/ein Patient Interesse hat, Unterst\u00fctzung beim rauchfrei werden in Anspruch zu nehmen, k\u00f6nnen Sie einen Anruf vom Rauchfrei Telefon anbieten, zu dem Sie die Person direkt bei uns anmelden &#8211; online oder mittels Formular.<\/p>\n<p>Das <strong>Anmeldeformular<\/strong> kann per Post, per verschl\u00fcsselter Mail oder mittels FTAPI (Link zur Submit-Box des Rauchfrei Telefons: <a href=\"https:\/\/databox.gesundheitskasse.at\/submit\/rauchfrei\">https:\/\/databox.gesundheitskasse.at\/submit\/rauchfrei<\/a>) an uns geschickt werden.<\/p>\n<p>Sie k\u00f6nnen sich aber auch <a href=\"https:\/\/rauchfrei.at\/fuer-gesundheitsberufe\/login\/\" target=\"_blank\" rel=\"noopener\">registrieren<\/a> und die Anmeldung dann online \u00fcbermitteln.<\/p>\n<p><strong>Achtung: <\/strong>Eine Zusendung des Rauchfrei Tickets per Fax ist seit 1.1.2025 nicht mehr m\u00f6glich.<\/p>\n<p>Um die Person zu kontaktieren, ben\u00f6tigen wir ihren Namen und Telefonnummer und eventuell das aktuelle Rauchverhalten und die Zeit, zu der die Person am besten erreichbar ist.\u00a0 Wichtig ist, dass Sie das Einverst\u00e4ndnis erfragen und festhalten (z. B. im Patientenakt), da wir niemanden kontaktieren, die oder der das nicht m\u00f6chte. F\u00fcr die Patientin\/den Patienten steht ein <strong>Informationsblatt<\/strong> zum Ablauf zur Verf\u00fcgung.<\/p>\n<h2><\/h2>\n<h2>Was passiert, wenn ich meine Patientin\/meinen Patienten angemeldet habe?<\/h2>\n<p>Wenn wir die Anmeldung erhalten haben, kontaktieren wir Ihre Patientin\/Ihren Patienten innerhalb weniger Werktage, um ein unverbindliches Erst- oder Informationsgespr\u00e4ch zu f\u00fchren. Wenn wir die Person beim dritten Kontaktversuch nicht erreichen, sprechen wir auf den Anrufbeantworter oder schicken eine SMS mit der Bitte um R\u00fcckruf.<\/p>\n<h2><\/h2>\n<h2>Was kostet das Rauchfrei Ticket?<\/h2>\n<p>Das Angebot ist kostenfrei.<\/p>\n<p>[\/et_pb_text][et_pb_text admin_label=&#8221;Infoblatt f\u00fcr Professionisten&#8221; _builder_version=&#8221;4.27.4&#8243; global_colors_info=&#8221;{}&#8221;]<\/p>\n<a href='https:\/\/rauchfrei.at\/wp-content\/uploads\/2025_rTel_rauchfrei-ticket_info-arzt.pdf' class='small-button smallblue' target=\"_blank\">Informationsblatt f\u00fcr Gesundheitsprofessionisten<\/a>\n<p>[\/et_pb_text][\/et_pb_column][et_pb_column type=&#8221;1_3&#8243; _builder_version=&#8221;4.16&#8243; custom_padding=&#8221;|||&#8221; global_colors_info=&#8221;{}&#8221; custom_padding__hover=&#8221;|||&#8221;][et_pb_dp_dmb_module_10080 link_text=&#8221;zum Login f\u00fcr Gesundheitsberufe&#8221; link_url=&#8221;https:\/\/rauchfrei.at\/fuer-gesundheitsberufe\/login\/&#8221; admin_label=&#8221;Anmeldung Rauchfrei Ticket&#8221; _builder_version=&#8221;4.27.4&#8243; global_module=&#8221;13162&#8243; saved_tabs=&#8221;all&#8221; global_colors_info=&#8221;{}&#8221;]<\/p>\n<p><span lang=\"DE-AT\">Das <strong>Rauchfrei Ticket<br \/><\/strong><\/span><\/p>\n<p>[\/et_pb_dp_dmb_module_10080][et_pb_image src=&#8221;https:\/\/rauchfrei.at\/wp-content\/uploads\/eins.jpg&#8221; align_tablet=&#8221;center&#8221; align_phone=&#8221;&#8221; align_last_edited=&#8221;on|desktop&#8221; _builder_version=&#8221;4.16&#8243; border_width_all=&#8221;3px&#8221; border_color_all=&#8221;#212121&#8243; global_colors_info=&#8221;{}&#8221;]<br \/>\n[\/et_pb_image][et_pb_text admin_label=&#8221;Rauchfrei Ticket&#8221; _builder_version=&#8221;4.27.4&#8243; z_index_tablet=&#8221;500&#8243; global_colors_info=&#8221;{}&#8221;]<\/p>\n<a href='https:\/\/rauchfrei.at\/wp-content\/uploads\/2025_rTel_rauchfrei-ticket_einzelseiten.pdf' class='small-button smallblue' target=\"_blank\">Das Rauchfrei Ticket auf einen Blick<\/a>\n<p>[\/et_pb_text][et_pb_text admin_label=&#8221;Infoblatt und Anmeldung f\u00fcr Pat&#8221; _builder_version=&#8221;4.27.4&#8243; z_index_tablet=&#8221;500&#8243; global_colors_info=&#8221;{}&#8221;]<\/p>\n<a href='https:\/\/rauchfrei.at\/wp-content\/uploads\/2025_rTel_rauchfrei-ticket_anmeldeblatt-infoblatt.pdf' class='small-button smallblue' target=\"_blank\">Infoblatt und Anmeldung f\u00fcr Ihre Klientinnen und Klienten<\/a>\n<p>[\/et_pb_text][et_pb_dp_dmb_module_10089 headline=&#8221;Individualisierter Poster f\u00fcr Institutionen&#8221; image=&#8221;https:\/\/rauchfrei.at\/wp-content\/uploads\/rftix.jpg&#8221; link_text=&#8221;Hier anfordern:&#8221; link_new_tab=&#8221;on&#8221; link_url=&#8221;mailto:rauchfrei@oegk.at&#8221; admin_label=&#8221;Individualisierter Poster f\u00fcr Institutionen&#8221; _builder_version=&#8221;4.27.4&#8243; _module_preset=&#8221;default&#8221; global_colors_info=&#8221;{}&#8221;]<\/p>\n<p>Dieser <a href=\"https:\/\/rauchfrei.at\/wp-content\/uploads\/rf25_RauchfreiTicket_ohneFax_online.pdf\" target=\"_blank\" rel=\"noopener\">Poster <\/a>dient dazu Ihre Patientinnen und Patienten\u00a0 auf die M\u00f6glichkeit hinzuweisen, sich in Ihrer Institution via Rauchfrei Ticket zur kostenlosen Nikotinentw\u00f6hnung beim Rauchfrei Telefon anzumelden.<\/p>\n<p>Wenn Sie den Poster mit ihrem Institutionslogo versehen m\u00f6chten, schicken Sie uns Ihr Logo zu und wir lassen Ihnen den Poster mit Ihrem Logo als PDF-Datei oder druckfertige Datei zukommen.<\/p>\n<p>[\/et_pb_dp_dmb_module_10089][\/et_pb_column][\/et_pb_row][\/et_pb_section]<\/p>\n","protected":false},"excerpt":{"rendered":"<p>Das Rauchfrei Ticket Die direkte Anmeldung zum Beratungsgespr\u00e4ch Was ist das Rauchfrei Ticket? Mit dem Rauchfrei Ticket\u00a0 k\u00f6nnen Sie Ihren rauchenden Patientinnen und Patienten unmittelbar ein Angebot zur Tabakentw\u00f6hnung anbieten. Auch zur R\u00fcckfallprophylaxe f\u00fcr gerade erst rauchfrei gewordenen Personen steht das Rauchfrei Ticket zur Verf\u00fcgung.Wozu dient das Rauchfrei Ticket? Das Rauchfrei Ticket dient Gesundheitsprofessionisten dabei, [&hellip;]<\/p>\n","protected":false},"author":2,"featured_media":0,"parent":336,"menu_order":0,"comment_status":"closed","ping_status":"open","template":"","meta":{"_et_pb_use_builder":"on","_et_pb_old_content":"<p><strong>Sie arbeiten im Gesundheitsbereich und haben selbst keine Zeit, Ihren Klientinnen und Klienten Tabakentw\u00f6hnung anzubieten?<\/strong><\/p><p>Die Zusammenarbeit von Quitlines mit dem Gesundheitswesen hat sich international als sehr sinnvoll und effizient erwiesen.<\/p><p>Allein Ihr kurzes <strong>Erfragen des Rauchstatus<\/strong> bei jedem Patientenkontakt und die klare <strong>Empfehlung des Rauchstopps<\/strong> erh\u00f6ht die Wahrscheinlichkeit der Abstinenz. Das Nichtansprechen signalisiert, dass Sie mit dem Rauchen einverstanden sind.<\/p><p><a href=\"https:\/\/rauchfrei.at\/fuer-gesundheitsberufe\/das-rauchfrei-ticket-fuer-gesundheitsprofessionisten\/\" target=\"_blank\" rel=\"noopener\"><img class=\"alignnone size-full wp-image-9188\" src=\"https:\/\/rauchfrei.at\/wp-content\/uploads\/Comic-\u00c4rztin-empfiehlt-Patient-den-Rauchstopp.png\" alt=\"Comic \u00c4rztin empfiehlt Patient den Rauchstopp\" width=\"368\" height=\"350\" data-id=\"9188\" \/><\/a><\/p><p><a href=\"https:\/\/rauchfrei.at\/fuer-gesundheitsberufe\/das-rauchfrei-ticket-fuer-gesundheitsprofessionisten\/\" target=\"_blank\" rel=\"noopener\"><strong>Das Rauchfrei Ticket<\/strong><\/a><\/p><p>Mit dem \"<strong>Rauchfrei Ticket<\/strong>\" k\u00f6nnen Sie Ihren Klientinnen und Klienten bzw. Patientinnen und Patienten Tabakentw\u00f6hnung \u00fcber das Rauchfrei Telefon anbieten.<\/p><p>Der <strong>Ablauf<\/strong>\u00a0ist\u00a0\u00a0sehr einfach: zun\u00e4chst informieren Sie Ihre Klientin\/Ihren Klienten \u00fcber das Angebot der telefonischen Beratung durch das Rauchfrei Telefon. Bei Interesse f\u00fcllt die Patientin\/der Patient das Formular aus. Sie \u00fcbermitteln das Formular in der Form, die Ihnen praktikabel ist. Wichtig ist, dass\u00a0Sie das Einverst\u00e4ndnis dazu erfragen und festhalten (z. B.: im Patientenakt).\u00a0\u00a0 Der Klient\/die Klientin erh\u00e4lt von Ihnen ein Informationsblatt mit den Eckpunkten der Beratung.\u00a0Wir kontaktieren den Klient\/die Klientin zeitnah an und begleiten sie mit mehreren Gespr\u00e4chen.<\/p><p><a href=\"https:\/\/rauchfrei.at\/fuer-gesundheitsberufe\/das-rauchfrei-ticket-fuer-gesundheitsprofessionisten\/\" target=\"_blank\" rel=\"noopener\"><img class=\"alignnone wp-image-9105\" src=\"https:\/\/rauchfrei.at\/wp-content\/uploads\/Rauchfrei-Ticket-Bild-Zwei-480x410.jpg\" alt=\"rt1611_faxkonzept_v6_THIS_schriftenInPfade_1\" width=\"357\" height=\"305\" data-id=\"9105\" \/><\/a><\/p><p>F\u00fcr pers\u00f6nliche Informationen zur Kooperation wenden Sie sich bitte direkt an das Rauchfrei Telefon Team.<\/p><p><strong>Alle Unterlagen k\u00f6nnen Sie<\/strong> auch gedruckt bei uns<strong> bestellen<\/strong>.<br \/>Mehr dazu: <a title=\"Bestellung\" href=\"\/broschueren-downloads\/bestellung\/\">Bestellung<\/a><\/p><p><strong>Weitere Informationen:<\/strong><\/p><p><a href=\"https:\/\/rauchfrei.at\/wp-content\/uploads\/rTel_rauchfreiTicket_anmeldeformular-infoblatt.pdf\" target=\"_blank\" rel=\"noopener\">Information_Anmeldeformular<\/a><\/p><p><a href=\"https:\/\/rauchfrei.at\/wp-content\/uploads\/rTel_rauchfreiTicket_info.pdf\" target=\"_blank\" rel=\"noopener\">Informationsblatt zur Anmeldung f\u00fcr Ihre Patientinnen und Patienten<\/a><\/p><p><a href=\"https:\/\/rauchfrei.at\/wp-content\/uploads\/2017_ablauf-und-inhalt_beratugsgespraeche.jpg\" target=\"_blank\" rel=\"noopener\">Rauchfrei Ticket Ablauf einer Beratung<\/a><\/p><p><a href=\"https:\/\/rauchfrei.at\/wp-content\/uploads\/Gespraechsleitfaden_Rauchfrei-per-Fax.jpg\" target=\"_blank\" rel=\"noopener\">Leitfaden f\u00fcr die Kurzanamnese<\/a><\/p>","_et_gb_content_width":"","footnotes":""},"class_list":["post-367","page","type-page","status-publish","hentry"],"yoast_head":"<!-- This site is optimized with the Yoast SEO plugin v26.2 - https:\/\/yoast.com\/wordpress\/plugins\/seo\/ -->\n<title>Information zum Rauchfrei Ticket - Rauchfrei Telefon<\/title>\n<meta name=\"robots\" content=\"index, follow, max-snippet:-1, max-image-preview:large, max-video-preview:-1\" \/>\n<link rel=\"canonical\" href=\"https:\/\/rauchfrei.at\/fuer-gesundheitsberufe\/rauchfreiticket\/\" \/>\n<meta property=\"og:locale\" content=\"en_US\" \/>\n<meta property=\"og:type\" content=\"article\" \/>\n<meta property=\"og:title\" content=\"Information zum Rauchfrei Ticket - Rauchfrei Telefon\" \/>\n<meta property=\"og:description\" content=\"Das Rauchfrei Ticket Die direkte Anmeldung zum Beratungsgespr\u00e4ch Was ist das Rauchfrei Ticket? Mit dem Rauchfrei Ticket\u00a0 k\u00f6nnen Sie Ihren rauchenden Patientinnen und Patienten unmittelbar ein Angebot zur Tabakentw\u00f6hnung anbieten. Auch zur R\u00fcckfallprophylaxe f\u00fcr gerade erst rauchfrei gewordenen Personen steht das Rauchfrei Ticket zur Verf\u00fcgung.Wozu dient das Rauchfrei Ticket? Das Rauchfrei Ticket dient Gesundheitsprofessionisten dabei, [&hellip;]\" \/>\n<meta property=\"og:url\" content=\"https:\/\/rauchfrei.at\/fuer-gesundheitsberufe\/rauchfreiticket\/\" \/>\n<meta property=\"og:site_name\" content=\"Rauchfrei Telefon\" \/>\n<meta property=\"article:modified_time\" content=\"2025-10-22T14:58:40+00:00\" \/>\n<meta name=\"twitter:card\" content=\"summary_large_image\" \/>\n<meta name=\"twitter:label1\" content=\"Est. reading time\" \/>\n\t<meta name=\"twitter:data1\" content=\"3 minutes\" \/>\n<script type=\"application\/ld+json\" class=\"yoast-schema-graph\">{\"@context\":\"https:\/\/schema.org\",\"@graph\":[{\"@type\":\"WebPage\",\"@id\":\"https:\/\/rauchfrei.at\/fuer-gesundheitsberufe\/rauchfreiticket\/\",\"url\":\"https:\/\/rauchfrei.at\/fuer-gesundheitsberufe\/rauchfreiticket\/\",\"name\":\"Information zum Rauchfrei Ticket - Rauchfrei Telefon\",\"isPartOf\":{\"@id\":\"https:\/\/rauchfrei.at\/#website\"},\"datePublished\":\"2012-03-12T05:09:20+00:00\",\"dateModified\":\"2025-10-22T14:58:40+00:00\",\"breadcrumb\":{\"@id\":\"https:\/\/rauchfrei.at\/fuer-gesundheitsberufe\/rauchfreiticket\/#breadcrumb\"},\"inLanguage\":\"en-US\",\"potentialAction\":[{\"@type\":\"ReadAction\",\"target\":[\"https:\/\/rauchfrei.at\/fuer-gesundheitsberufe\/rauchfreiticket\/\"]}]},{\"@type\":\"BreadcrumbList\",\"@id\":\"https:\/\/rauchfrei.at\/fuer-gesundheitsberufe\/rauchfreiticket\/#breadcrumb\",\"itemListElement\":[{\"@type\":\"ListItem\",\"position\":1,\"name\":\"F\u00fcr Gesundheitsberufe\",\"item\":\"https:\/\/rauchfrei.at\/fuer-gesundheitsberufe\/\"},{\"@type\":\"ListItem\",\"position\":2,\"name\":\"Information zum Rauchfrei Ticket\"}]},{\"@type\":\"WebSite\",\"@id\":\"https:\/\/rauchfrei.at\/#website\",\"url\":\"https:\/\/rauchfrei.at\/\",\"name\":\"Rauchfrei Telefon\",\"description\":\"Eine \u00f6sterreichweite Initiative der Sozialversicherungen.\",\"potentialAction\":[{\"@type\":\"SearchAction\",\"target\":{\"@type\":\"EntryPoint\",\"urlTemplate\":\"https:\/\/rauchfrei.at\/?s={search_term_string}\"},\"query-input\":{\"@type\":\"PropertyValueSpecification\",\"valueRequired\":true,\"valueName\":\"search_term_string\"}}],\"inLanguage\":\"en-US\"}]}<\/script>\n<!-- \/ Yoast SEO plugin. -->","yoast_head_json":{"title":"Information zum Rauchfrei Ticket - Rauchfrei Telefon","robots":{"index":"index","follow":"follow","max-snippet":"max-snippet:-1","max-image-preview":"max-image-preview:large","max-video-preview":"max-video-preview:-1"},"canonical":"https:\/\/rauchfrei.at\/fuer-gesundheitsberufe\/rauchfreiticket\/","og_locale":"en_US","og_type":"article","og_title":"Information zum Rauchfrei Ticket - Rauchfrei Telefon","og_description":"Das Rauchfrei Ticket Die direkte Anmeldung zum Beratungsgespr\u00e4ch Was ist das Rauchfrei Ticket? Mit dem Rauchfrei Ticket\u00a0 k\u00f6nnen Sie Ihren rauchenden Patientinnen und Patienten unmittelbar ein Angebot zur Tabakentw\u00f6hnung anbieten. Auch zur R\u00fcckfallprophylaxe f\u00fcr gerade erst rauchfrei gewordenen Personen steht das Rauchfrei Ticket zur Verf\u00fcgung.Wozu dient das Rauchfrei Ticket? Das Rauchfrei Ticket dient Gesundheitsprofessionisten dabei, [&hellip;]","og_url":"https:\/\/rauchfrei.at\/fuer-gesundheitsberufe\/rauchfreiticket\/","og_site_name":"Rauchfrei Telefon","article_modified_time":"2025-10-22T14:58:40+00:00","twitter_card":"summary_large_image","twitter_misc":{"Est. reading time":"3 minutes"},"schema":{"@context":"https:\/\/schema.org","@graph":[{"@type":"WebPage","@id":"https:\/\/rauchfrei.at\/fuer-gesundheitsberufe\/rauchfreiticket\/","url":"https:\/\/rauchfrei.at\/fuer-gesundheitsberufe\/rauchfreiticket\/","name":"Information zum Rauchfrei Ticket - Rauchfrei Telefon","isPartOf":{"@id":"https:\/\/rauchfrei.at\/#website"},"datePublished":"2012-03-12T05:09:20+00:00","dateModified":"2025-10-22T14:58:40+00:00","breadcrumb":{"@id":"https:\/\/rauchfrei.at\/fuer-gesundheitsberufe\/rauchfreiticket\/#breadcrumb"},"inLanguage":"en-US","potentialAction":[{"@type":"ReadAction","target":["https:\/\/rauchfrei.at\/fuer-gesundheitsberufe\/rauchfreiticket\/"]}]},{"@type":"BreadcrumbList","@id":"https:\/\/rauchfrei.at\/fuer-gesundheitsberufe\/rauchfreiticket\/#breadcrumb","itemListElement":[{"@type":"ListItem","position":1,"name":"F\u00fcr Gesundheitsberufe","item":"https:\/\/rauchfrei.at\/fuer-gesundheitsberufe\/"},{"@type":"ListItem","position":2,"name":"Information zum Rauchfrei Ticket"}]},{"@type":"WebSite","@id":"https:\/\/rauchfrei.at\/#website","url":"https:\/\/rauchfrei.at\/","name":"Rauchfrei Telefon","description":"Eine \u00f6sterreichweite Initiative der Sozialversicherungen.","potentialAction":[{"@type":"SearchAction","target":{"@type":"EntryPoint","urlTemplate":"https:\/\/rauchfrei.at\/?s={search_term_string}"},"query-input":{"@type":"PropertyValueSpecification","valueRequired":true,"valueName":"search_term_string"}}],"inLanguage":"en-US"}]}},"_links":{"self":[{"href":"https:\/\/rauchfrei.at\/en\/wp-json\/wp\/v2\/pages\/367","targetHints":{"allow":["GET"]}}],"collection":[{"href":"https:\/\/rauchfrei.at\/en\/wp-json\/wp\/v2\/pages"}],"about":[{"href":"https:\/\/rauchfrei.at\/en\/wp-json\/wp\/v2\/types\/page"}],"author":[{"embeddable":true,"href":"https:\/\/rauchfrei.at\/en\/wp-json\/wp\/v2\/users\/2"}],"replies":[{"embeddable":true,"href":"https:\/\/rauchfrei.at\/en\/wp-json\/wp\/v2\/comments?post=367"}],"version-history":[{"count":29,"href":"https:\/\/rauchfrei.at\/en\/wp-json\/wp\/v2\/pages\/367\/revisions"}],"predecessor-version":[{"id":31334,"href":"https:\/\/rauchfrei.at\/en\/wp-json\/wp\/v2\/pages\/367\/revisions\/31334"}],"up":[{"embeddable":true,"href":"https:\/\/rauchfrei.at\/en\/wp-json\/wp\/v2\/pages\/336"}],"wp:attachment":[{"href":"https:\/\/rauchfrei.at\/en\/wp-json\/wp\/v2\/media?parent=367"}],"curies":[{"name":"wp","href":"https:\/\/api.w.org\/{rel}","templated":true}]}}