

{"id":3683,"date":"2012-09-13T21:19:45","date_gmt":"2012-09-13T19:19:45","guid":{"rendered":"http:\/\/rauchfrei.ipax.hosting\/?page_id=3683"},"modified":"2026-04-07T17:16:51","modified_gmt":"2026-04-07T15:16:51","slug":"rauchfrei-rechner","status":"publish","type":"page","link":"https:\/\/rauchfrei.at\/en\/aufhoeren\/tests-tools\/rauchfrei-rechner\/","title":{"rendered":"Rauchfrei-Rechner"},"content":{"rendered":"<p>[et_pb_section fb_built=&#8221;1&#8243; custom_padding_last_edited=&#8221;off|&#8221; module_class=&#8221;header&#8221; _builder_version=&#8221;4.16&#8243; background_color=&#8221;#67BAD3&#8243; custom_margin=&#8221;||0px|&#8221; custom_padding=&#8221;100px||10px|&#8221; global_colors_info=&#8221;{}&#8221;][et_pb_row _builder_version=&#8221;4.16&#8243; custom_margin=&#8221;||0px|&#8221; custom_padding=&#8221;||0px|&#8221; global_colors_info=&#8221;{}&#8221;][et_pb_column type=&#8221;4_4&#8243; _builder_version=&#8221;4.16&#8243; custom_padding=&#8221;||0px|&#8221; global_colors_info=&#8221;{}&#8221; custom_padding__hover=&#8221;|||&#8221;][et_pb_text admin_label=&#8221;Blue Background Header&#8221; _builder_version=&#8221;4.27.4&#8243; custom_margin=&#8221;||0px|&#8221; custom_padding=&#8221;||0px|&#8221; hover_enabled=&#8221;0&#8243; global_colors_info=&#8221;{}&#8221; sticky_enabled=&#8221;0&#8243;]<\/p>\n<h1>Rauchfrei Rechner<\/h1>\n<h2>Berechnen Sie wie lange Sie schon rauchfrei sind und mehr<\/h2>\n<p>[\/et_pb_text][\/et_pb_column][\/et_pb_row][\/et_pb_section][et_pb_section fb_built=&#8221;1&#8243; _builder_version=&#8221;4.16&#8243; global_colors_info=&#8221;{}&#8221;][et_pb_row column_structure=&#8221;2_3,1_3&#8243; _builder_version=&#8221;4.16&#8243; background_size=&#8221;initial&#8221; background_position=&#8221;top_left&#8221; background_repeat=&#8221;repeat&#8221; global_colors_info=&#8221;{}&#8221;][et_pb_column type=&#8221;2_3&#8243; _builder_version=&#8221;4.16&#8243; custom_padding=&#8221;|||&#8221; global_colors_info=&#8221;{}&#8221; custom_padding__hover=&#8221;|||&#8221;][et_pb_text _builder_version=&#8221;4.27.4&#8243; background_size=&#8221;initial&#8221; background_position=&#8221;top_left&#8221; background_repeat=&#8221;repeat&#8221; hover_enabled=&#8221;0&#8243; global_colors_info=&#8221;{}&#8221; sticky_enabled=&#8221;0&#8243;]<\/p>\n<p>Der Rauchfrei-Rechner erlaubt es Ihnen, zu berechnen, wie lange Sie bereits rauchfrei sind, wie viele Zigaretten Sie sich und Ihrem K\u00f6rper erspart haben und wie viel Geld Sie durch den Rauchstopp zus\u00e4tzlich zur Verf\u00fcgung hatten.<\/p>\n<p>Sie m\u00f6chten wissen, wie viel Zeit Sie f\u00fcr andere Dinge dazu gewonnen haben? Auch das verr\u00e4t Ihnen der Rauchfrei-Rechner. Probieren Sie es aus!<\/p>\n<h3>Rauchfrei-Rechner<\/h3>\n<form id=\"rrechner\"><p><label>Wann haben Sie aufgeh\u00f6rt?<\/label><br><input type=\"text\"id=\"date\" value=\"\" size=\"12\"> (tt.mm.jjjj)<\/p><p style=\"text-align: left\"><label>Wie viele haben Sie pro Tag geraucht?<\/label><br><input size=\"12\" name=\"anzahl\" id=\"anzahl\" type=\"text\"> Zigaretten<\/p><p><label>Was kostete ein P\u00e4ckchen Ihrer Marke?<\/label><br><input size=\"9\" name=\"kosten\" type=\"text\"> EUR<\/p><p><label>Wie lange rauchten Sie an einer Zigarette?<\/label><br><select name=\"laenge\"id=\"laenge\"><option value=\"1.0\">1,0<\/option><option value=\"1.5\">1,5<\/option><option value=\"2.0\">2,0<\/option><option value=\"2.5\">2,5<\/option><option value=\"3.0\">3,0<\/option><option value=\"3.5\">3,5<\/option><option value=\"4.0\">4,0<\/option><option value=\"4.5\">4,5<\/option><option value=\"5.0\">5,0<\/option><option value=\"5.5\">5,5<\/option><option value=\"6.0\">6,0<\/option><option value=\"6.5\">6,5<\/option><option value=\"7.0\">7,0<\/option><option value=\"7.5\">7,5<\/option><\/select> Minuten<\/p><p class=\"p-txt\"><input type=\"button\" class='et_pb_button' onclick=\"umrechnen(this.form)\" value=\"berechnen\"><\/p><div id=\"rauchfreiresult\"><\/div><\/form>\n<p>[\/et_pb_text][\/et_pb_column][et_pb_column type=&#8221;1_3&#8243; _builder_version=&#8221;4.16&#8243; custom_padding=&#8221;|||&#8221; global_colors_info=&#8221;{}&#8221; custom_padding__hover=&#8221;|||&#8221;][\/et_pb_column][\/et_pb_row][\/et_pb_section]<\/p>\n","protected":false},"excerpt":{"rendered":"<p>Rauchfrei Rechner Berechnen Sie wie lange Sie schon rauchfrei sind und mehrDer Rauchfrei-Rechner erlaubt es Ihnen, zu berechnen, wie lange Sie bereits rauchfrei sind, wie viele Zigaretten Sie sich und Ihrem K\u00f6rper erspart haben und wie viel Geld Sie durch den Rauchstopp zus\u00e4tzlich zur Verf\u00fcgung hatten. Sie m\u00f6chten wissen, wie viel Zeit Sie f\u00fcr andere [&hellip;]<\/p>\n","protected":false},"author":1,"featured_media":0,"parent":236,"menu_order":0,"comment_status":"open","ping_status":"open","template":"","meta":{"_et_pb_use_builder":"on","_et_pb_old_content":"<p>Der Rauchfrei-Rechner erlaubt es Ihnen, zu berechnen, wie lange Sie bereits rauchfrei sind, wie viele Zigaretten Sie sich und Ihrem K\u00f6rper erspart haben und wie viel Geld Sie durch den Rauchstopp zus\u00e4tzlich zur Verf\u00fcgung hatten.<\/p><p>Sie m\u00f6chten wissen, wie viel Zeit Sie f\u00fcr andere Dinge dazu gewonnen haben? Auch das verr\u00e4t Ihnen der Rauchfrei-Rechner. Probieren Sie es aus!<\/p><h3>Rauchfrei-Rechner<\/h3><p>[rauchfrei]<\/p>","_et_gb_content_width":"","footnotes":""},"class_list":["post-3683","page","type-page","status-publish","hentry"],"yoast_head":"<!-- This site is optimized with the Yoast SEO plugin v26.2 - https:\/\/yoast.com\/wordpress\/plugins\/seo\/ -->\n<title>Rauchfrei-Rechner - Rauchfrei Telefon<\/title>\n<meta name=\"robots\" content=\"index, follow, max-snippet:-1, max-image-preview:large, max-video-preview:-1\" \/>\n<link rel=\"canonical\" href=\"https:\/\/rauchfrei.at\/aufhoeren\/tests-tools\/rauchfrei-rechner\/\" \/>\n<meta property=\"og:locale\" content=\"en_US\" \/>\n<meta property=\"og:type\" content=\"article\" \/>\n<meta property=\"og:title\" content=\"Rauchfrei-Rechner - Rauchfrei Telefon\" \/>\n<meta property=\"og:description\" content=\"Rauchfrei Rechner Berechnen Sie wie lange Sie schon rauchfrei sind und mehrDer Rauchfrei-Rechner erlaubt es Ihnen, zu berechnen, wie lange Sie bereits rauchfrei sind, wie viele Zigaretten Sie sich und Ihrem K\u00f6rper erspart haben und wie viel Geld Sie durch den Rauchstopp zus\u00e4tzlich zur Verf\u00fcgung hatten. Sie m\u00f6chten wissen, wie viel Zeit Sie f\u00fcr andere [&hellip;]\" \/>\n<meta property=\"og:url\" content=\"https:\/\/rauchfrei.at\/aufhoeren\/tests-tools\/rauchfrei-rechner\/\" \/>\n<meta property=\"og:site_name\" content=\"Rauchfrei Telefon\" \/>\n<meta property=\"article:modified_time\" content=\"2026-04-07T15:16:51+00:00\" \/>\n<meta name=\"twitter:card\" content=\"summary_large_image\" \/>\n<meta name=\"twitter:label1\" content=\"Est. reading time\" \/>\n\t<meta name=\"twitter:data1\" content=\"1 minute\" \/>\n<script type=\"application\/ld+json\" class=\"yoast-schema-graph\">{\"@context\":\"https:\/\/schema.org\",\"@graph\":[{\"@type\":\"WebPage\",\"@id\":\"https:\/\/rauchfrei.at\/aufhoeren\/tests-tools\/rauchfrei-rechner\/\",\"url\":\"https:\/\/rauchfrei.at\/aufhoeren\/tests-tools\/rauchfrei-rechner\/\",\"name\":\"Rauchfrei-Rechner - Rauchfrei Telefon\",\"isPartOf\":{\"@id\":\"https:\/\/rauchfrei.at\/#website\"},\"datePublished\":\"2012-09-13T19:19:45+00:00\",\"dateModified\":\"2026-04-07T15:16:51+00:00\",\"breadcrumb\":{\"@id\":\"https:\/\/rauchfrei.at\/aufhoeren\/tests-tools\/rauchfrei-rechner\/#breadcrumb\"},\"inLanguage\":\"en-US\",\"potentialAction\":[{\"@type\":\"ReadAction\",\"target\":[\"https:\/\/rauchfrei.at\/aufhoeren\/tests-tools\/rauchfrei-rechner\/\"]}]},{\"@type\":\"BreadcrumbList\",\"@id\":\"https:\/\/rauchfrei.at\/aufhoeren\/tests-tools\/rauchfrei-rechner\/#breadcrumb\",\"itemListElement\":[{\"@type\":\"ListItem\",\"position\":1,\"name\":\"Aufh\u00f6ren\",\"item\":\"https:\/\/rauchfrei.at\/aufhoeren\/\"},{\"@type\":\"ListItem\",\"position\":2,\"name\":\"Tests &#038; Tools\",\"item\":\"https:\/\/rauchfrei.at\/aufhoeren\/tests-tools\/\"},{\"@type\":\"ListItem\",\"position\":3,\"name\":\"Rauchfrei-Rechner\"}]},{\"@type\":\"WebSite\",\"@id\":\"https:\/\/rauchfrei.at\/#website\",\"url\":\"https:\/\/rauchfrei.at\/\",\"name\":\"Rauchfrei Telefon\",\"description\":\"Eine \u00f6sterreichweite Initiative der Sozialversicherungen.\",\"potentialAction\":[{\"@type\":\"SearchAction\",\"target\":{\"@type\":\"EntryPoint\",\"urlTemplate\":\"https:\/\/rauchfrei.at\/?s={search_term_string}\"},\"query-input\":{\"@type\":\"PropertyValueSpecification\",\"valueRequired\":true,\"valueName\":\"search_term_string\"}}],\"inLanguage\":\"en-US\"}]}<\/script>\n<!-- \/ Yoast SEO plugin. -->","yoast_head_json":{"title":"Rauchfrei-Rechner - Rauchfrei Telefon","robots":{"index":"index","follow":"follow","max-snippet":"max-snippet:-1","max-image-preview":"max-image-preview:large","max-video-preview":"max-video-preview:-1"},"canonical":"https:\/\/rauchfrei.at\/aufhoeren\/tests-tools\/rauchfrei-rechner\/","og_locale":"en_US","og_type":"article","og_title":"Rauchfrei-Rechner - Rauchfrei Telefon","og_description":"Rauchfrei Rechner Berechnen Sie wie lange Sie schon rauchfrei sind und mehrDer Rauchfrei-Rechner erlaubt es Ihnen, zu berechnen, wie lange Sie bereits rauchfrei sind, wie viele Zigaretten Sie sich und Ihrem K\u00f6rper erspart haben und wie viel Geld Sie durch den Rauchstopp zus\u00e4tzlich zur Verf\u00fcgung hatten. Sie m\u00f6chten wissen, wie viel Zeit Sie f\u00fcr andere [&hellip;]","og_url":"https:\/\/rauchfrei.at\/aufhoeren\/tests-tools\/rauchfrei-rechner\/","og_site_name":"Rauchfrei Telefon","article_modified_time":"2026-04-07T15:16:51+00:00","twitter_card":"summary_large_image","twitter_misc":{"Est. reading time":"1 minute"},"schema":{"@context":"https:\/\/schema.org","@graph":[{"@type":"WebPage","@id":"https:\/\/rauchfrei.at\/aufhoeren\/tests-tools\/rauchfrei-rechner\/","url":"https:\/\/rauchfrei.at\/aufhoeren\/tests-tools\/rauchfrei-rechner\/","name":"Rauchfrei-Rechner - Rauchfrei Telefon","isPartOf":{"@id":"https:\/\/rauchfrei.at\/#website"},"datePublished":"2012-09-13T19:19:45+00:00","dateModified":"2026-04-07T15:16:51+00:00","breadcrumb":{"@id":"https:\/\/rauchfrei.at\/aufhoeren\/tests-tools\/rauchfrei-rechner\/#breadcrumb"},"inLanguage":"en-US","potentialAction":[{"@type":"ReadAction","target":["https:\/\/rauchfrei.at\/aufhoeren\/tests-tools\/rauchfrei-rechner\/"]}]},{"@type":"BreadcrumbList","@id":"https:\/\/rauchfrei.at\/aufhoeren\/tests-tools\/rauchfrei-rechner\/#breadcrumb","itemListElement":[{"@type":"ListItem","position":1,"name":"Aufh\u00f6ren","item":"https:\/\/rauchfrei.at\/aufhoeren\/"},{"@type":"ListItem","position":2,"name":"Tests &#038; Tools","item":"https:\/\/rauchfrei.at\/aufhoeren\/tests-tools\/"},{"@type":"ListItem","position":3,"name":"Rauchfrei-Rechner"}]},{"@type":"WebSite","@id":"https:\/\/rauchfrei.at\/#website","url":"https:\/\/rauchfrei.at\/","name":"Rauchfrei Telefon","description":"Eine \u00f6sterreichweite Initiative der Sozialversicherungen.","potentialAction":[{"@type":"SearchAction","target":{"@type":"EntryPoint","urlTemplate":"https:\/\/rauchfrei.at\/?s={search_term_string}"},"query-input":{"@type":"PropertyValueSpecification","valueRequired":true,"valueName":"search_term_string"}}],"inLanguage":"en-US"}]}},"_links":{"self":[{"href":"https:\/\/rauchfrei.at\/en\/wp-json\/wp\/v2\/pages\/3683","targetHints":{"allow":["GET"]}}],"collection":[{"href":"https:\/\/rauchfrei.at\/en\/wp-json\/wp\/v2\/pages"}],"about":[{"href":"https:\/\/rauchfrei.at\/en\/wp-json\/wp\/v2\/types\/page"}],"author":[{"embeddable":true,"href":"https:\/\/rauchfrei.at\/en\/wp-json\/wp\/v2\/users\/1"}],"replies":[{"embeddable":true,"href":"https:\/\/rauchfrei.at\/en\/wp-json\/wp\/v2\/comments?post=3683"}],"version-history":[{"count":6,"href":"https:\/\/rauchfrei.at\/en\/wp-json\/wp\/v2\/pages\/3683\/revisions"}],"predecessor-version":[{"id":32958,"href":"https:\/\/rauchfrei.at\/en\/wp-json\/wp\/v2\/pages\/3683\/revisions\/32958"}],"up":[{"embeddable":true,"href":"https:\/\/rauchfrei.at\/en\/wp-json\/wp\/v2\/pages\/236"}],"wp:attachment":[{"href":"https:\/\/rauchfrei.at\/en\/wp-json\/wp\/v2\/media?parent=3683"}],"curies":[{"name":"wp","href":"https:\/\/api.w.org\/{rel}","templated":true}]}}