
{"id":371,"date":"2012-03-12T05:10:40","date_gmt":"2012-03-12T05:10:40","guid":{"rendered":"http:\/\/web362.itscserver.org\/wordpress\/?page_id=371"},"modified":"2020-05-28T15:29:17","modified_gmt":"2020-05-28T13:29:17","slug":"download-beratungsunterlagen","status":"publish","type":"page","link":"https:\/\/rauchfrei.at\/en\/broschueren-downloads\/download-beratungsunterlagen\/","title":{"rendered":"Arbeitsbl\u00e4tter"},"content":{"rendered":"<p>[et_pb_section fb_built=&#8221;1&#8243; custom_padding_last_edited=&#8221;off|&#8221; module_class=&#8221;header&#8221; _builder_version=&#8221;3.22&#8243; background_color=&#8221;#67BAD3&#8243; custom_margin=&#8221;||0px|&#8221; custom_padding=&#8221;100px||10px|&#8221;][et_pb_row _builder_version=&#8221;3.25&#8243; custom_margin=&#8221;||0px|&#8221; custom_padding=&#8221;||0px|&#8221;][et_pb_column type=&#8221;4_4&#8243; _builder_version=&#8221;3.25&#8243; custom_padding=&#8221;||0px|&#8221; custom_padding__hover=&#8221;|||&#8221;][et_pb_text admin_label=&#8221;Blue Background Header&#8221; _builder_version=&#8221;3.27.4&#8243; custom_margin=&#8221;||0px|&#8221; custom_padding=&#8221;||0px|&#8221;]<\/p>\n<h1>Arbeitsbl\u00e4tter<\/h1>\n<h2>Zur Begleitung der Telefonberatung<\/h2>\n<p>&nbsp;<\/p>\n<p>[\/et_pb_text][\/et_pb_column][\/et_pb_row][\/et_pb_section][et_pb_section fb_built=&#8221;1&#8243; _builder_version=&#8221;3.22&#8243;][et_pb_row _builder_version=&#8221;3.25&#8243; background_size=&#8221;initial&#8221; background_position=&#8221;top_left&#8221; background_repeat=&#8221;repeat&#8221; column_structure=&#8221;2_3,1_3&#8243;][et_pb_column type=&#8221;2_3&#8243; _builder_version=&#8221;3.25&#8243; custom_padding=&#8221;|||&#8221; custom_padding__hover=&#8221;|||&#8221;][et_pb_text _builder_version=&#8221;4.4.3&#8243; text_font=&#8221;||||||||&#8221; hover_enabled=&#8221;0&#8243;]<\/p>\n<p>Hier finden Sie hilfreiche Materialien zur Vorbereitung, um rauchfrei zu werden und zu bleiben. Die gesammelten Begleitmaterialien zum Rauchstopp k\u00f6nnen Sie gern bei uns bestellen:<\/p>\n<p><a href=\"https:\/\/rauchfrei.at\/wp-content\/uploads\/rauchprotokoll.pdf\" target=\"_blank\" rel=\"noopener noreferrer\"><a href='https:\/\/rauchfrei.at\/wp-content\/uploads\/rauchprotokoll.pdf' class='small-button smallblue' target=\"_blank\">Rauchprotokoll<\/a> <\/a><br \/>Mit Hilfe des Rauchprotokolls k\u00f6nnen Sie Ihr Rauchverhalten genauer unter die Lupe nehmen.<\/p>\n<p><a href='https:\/\/rauchfrei.at\/wp-content\/uploads\/motive.pdf' class='small-button smallblue' target=\"_blank\">Motive f\u00fcr den Rauchstopp<\/a><br \/>Machen Sie sich Ihre Motive f\u00fcr den Rauchstopp bewusst.<\/p>\n<p><a href='https:\/\/rauchfrei.at\/wp-content\/uploads\/motivwaage.pdf' class='small-button smallblue' target=\"_blank\">Motivwaage<\/a><br \/>Mit der Motivwaage k\u00f6nnen Sie Vor- und Nachteile gegen\u00fcberstellen.<\/p>\n<p><a href='https:\/\/rauchfrei.at\/wp-content\/uploads\/funktion.pdf' class='small-button smallblue' target=\"_blank\">Die Funktion der Zigarette<\/a><br \/>Welche Funktionen erf\u00fcllt die Zigarette in Ihrem Leben? Finden Sie es heraus!<\/p>\n<p><a href='https:\/\/rauchfrei.at\/wp-content\/uploads\/3a.pdf' class='small-button smallblue' target=\"_blank\">Die 3-A-Technik<\/a><br \/>Abwarten, Ablenken, Abhauen: wichtige Strategien f\u00fcr Verlangensattacken.<\/p>\n<p><a href='https:\/\/rauchfrei.at\/wp-content\/uploads\/persAlternativen.pdf' class='small-button smallblue' target=\"_blank\">Meine pers\u00f6nlichen Alternativen zur Zigarette<\/a><br \/>\u00dcberlegen und notieren Sie sich Ihre pers\u00f6nlichen Alternativen zur Zigarette.<\/p>\n<p><a href='https:\/\/rauchfrei.at\/wp-content\/uploads\/checkliste-1.pdf' class='small-button smallblue' target=\"_blank\">Checkliste f\u00fcr den Rauchstopp<\/a><br \/>Haben Sie alles bedacht bei der Vorbereitung Ihres Rauchstopps? Diese Checkliste hilft Ihnen dabei.<\/p>\n<p><a href='https:\/\/rauchfrei.at\/wp-content\/uploads\/rauchfreieZeit.pdf' class='small-button smallblue' target=\"_blank\">Die erste rauchfreie Zeit<\/a><br \/>Bemerken Sie bereits die ersten positiven Ver\u00e4nderungen durch den Rauchstopp? Machen Sie sich diese mit Hilfe dieses Downloads bewusst.<\/p>\n<p><a href='https:\/\/rauchfrei.at\/wp-content\/uploads\/belohnungUndGenuss.pdf' class='small-button smallblue' target=\"_blank\">Belohnung und Genuss<\/a><br \/>Belohnen Sie sich f\u00fcr Ihre gro\u00dfartige Leistung, rauchfrei zu bleiben.<\/p>\n<p><a href='https:\/\/rauchfrei.at\/wp-content\/uploads\/atemtechniken1.pdf' class='small-button smallblue' target=\"_blank\">Atemtechniken<\/a><br \/>Die Anwendung von Atemtechniken hat sich als sehr hilfreich beim Rauchstopp erwiesen. Hier finden Sie einige Anregungen dazu.<\/p>\n<p><a href='https:\/\/rauchfrei.at\/wp-content\/uploads\/rauchfreiFitUndSchlank.pdf' class='small-button smallblue' target=\"_blank\">Rauchfrei und Schlank<\/a><br \/>Wie k\u00f6nnen Sie beim Rauchstopp Ihr Gewicht halten? Tipps dazu finden Sie hier.<\/p>\n<p><a href='https:\/\/rauchfrei.at\/wp-content\/uploads\/gutGer\u00fcstet.pdf' class='small-button smallblue' target=\"_blank\">Vorsicht Stolperfalle! Gut ger\u00fcstet f\u00fcr alle F\u00e4lle<\/a><br \/>Dauerhaft rauchfrei bleiben. So bereiten Sie sich gut auf Risikosituationen vor.<\/p>\n<p>&nbsp;<\/p>\n<p>[\/et_pb_text][\/et_pb_column][et_pb_column type=&#8221;1_3&#8243; _builder_version=&#8221;3.25&#8243; custom_padding=&#8221;|||&#8221; custom_padding__hover=&#8221;|||&#8221;][et_pb_dp_dmb_module_10080 link_text=&#8221;hier kostenfrei bestellen&#8221; link_url=&#8221;https:\/\/rauchfrei.at\/broschueren-downloads\/bestellung\/&#8221; admin_label=&#8221;Materialbestellung&#8221; _builder_version=&#8221;3.21&#8243; global_module=&#8221;13132&#8243; saved_tabs=&#8221;all&#8221;]<\/p>\n<p><strong>Brosch\u00fcren<br \/>bestellen\u00a0<\/strong><\/p>\n<p>[\/et_pb_dp_dmb_module_10080][et_pb_dp_dmb_module_10093 farbe=&#8221;blitzgelb&#8221; headline=&#8221;Rufen Sie uns an! &#8221; image=&#8221;https:\/\/rauchfrei.at\/wp-content\/uploads\/rauchfrei-psychologin-gelb.png&#8221; image_position=&#8221;center&#8221; link_text=&#8221;mehr&#8221; link_url=&#8221;https:\/\/rauchfrei.at\/beratung-vom-rauchfrei-telefon\/&#8221; image_size=&#8221;80&#8243; admin_label=&#8221;Rufen Sie uns an!&#8221; _builder_version=&#8221;3.19.15&#8243; global_module=&#8221;13167&#8243; saved_tabs=&#8221;all&#8221;]<\/p>\n<p>Wir beraten und informieren Sie gerne!<\/p>\n<p>[\/et_pb_dp_dmb_module_10093][\/et_pb_column][\/et_pb_row][\/et_pb_section]<\/p>\n","protected":false},"excerpt":{"rendered":"<p>Arbeitsbl\u00e4tter Zur Begleitung der Telefonberatung &nbsp;Hier finden Sie hilfreiche Materialien zur Vorbereitung, um rauchfrei zu werden und zu bleiben. Die gesammelten Begleitmaterialien zum Rauchstopp k\u00f6nnen Sie gern bei uns bestellen: <a href='https:\/\/rauchfrei.at\/wp-content\/uploads\/rauchprotokoll.pdf' class='small-button smallblue' target=\"_blank\">Rauchprotokoll<\/a> Mit Hilfe des Rauchprotokolls k\u00f6nnen Sie Ihr Rauchverhalten genauer unter die Lupe nehmen. <a href='https:\/\/rauchfrei.at\/wp-content\/uploads\/motive.pdf' class='small-button smallblue' target=\"_blank\">Motive f\u00fcr den Rauchstopp<\/a>Machen Sie sich [&hellip;]<\/p>\n","protected":false},"author":2,"featured_media":0,"parent":347,"menu_order":0,"comment_status":"closed","ping_status":"open","template":"","meta":{"_et_pb_use_builder":"on","_et_pb_old_content":"<p>Hier finden Sie hilfreiche Materialien zur Vorbereitung, um rauchfrei zu werden und zu bleiben. Die gesammelten Begleitmaterialien zum Rauchstopp k\u00f6nnen Sie gern bei uns <a title=\"Bestellung\" href=\"\/broschueren-downloads\/bestellung\/\">bestellen<\/a>.<\/p><p><a href=\"https:\/\/rauchfrei.at\/wp-content\/uploads\/rauchprotokoll.pdf\" target=\"_blank\" rel=\"noopener\">Rauchprotokoll<\/a><br \/>Mit Hilfe des Rauchprotokolls k\u00f6nnen Sie Ihr Rauchverhalten genauer unter die Lupe nehmen.<\/p><p><a href=\"https:\/\/rauchfrei.at\/wp-content\/uploads\/motive.pdf\" target=\"_blank\" rel=\"noopener\">Motive f\u00fcr den Rauchstopp<\/a><br \/>Machen Sie sich Ihre Motive f\u00fcr den Rauchstopp bewusst.<\/p><p><a href=\"https:\/\/rauchfrei.at\/wp-content\/uploads\/funktion.pdf\" target=\"_blank\" rel=\"noopener\">Die Funktion der Zigarette<\/a><br \/>Welche Funktionen erf\u00fcllt die Zigarette in Ihrem Leben? Finden Sie es heraus!<\/p><p><a href=\"https:\/\/rauchfrei.at\/wp-content\/uploads\/3a.pdf\" target=\"_blank\" rel=\"noopener\">Die 3 A-Technik<\/a><br \/>Abwarten, Ablenken, Abhauen: wichtige Strategien f\u00fcr Verlangensattacken.<\/p><p><a href=\"https:\/\/rauchfrei.at\/wp-content\/uploads\/persAlternativen.pdf\" target=\"_blank\" rel=\"noopener\">Meine pers\u00f6nlichen Alternativen zur Zigarette<br \/><\/a>\u00dcberlegen und notieren Sie sich Ihre pers\u00f6nlichen Alternativen zur Zigarette.<\/p><p><a href=\"https:\/\/rauchfrei.at\/wp-content\/uploads\/checkliste.pdf\" target=\"_blank\" rel=\"noopener\">Checkliste f\u00fcr den Rauchstopp<\/a><br \/>Haben Sie alles bedacht bei der Vorbereitung Ihres Rauchstopps? Diese Checkliste hilft Ihnen dabei.<\/p><p><a href=\"https:\/\/rauchfrei.at\/wp-content\/uploads\/rauchfreieZeit.pdf\" target=\"_blank\" rel=\"noopener\">Die erste rauchfreie Zeit<\/a><br \/>Bemerken Sie bereits die ersten positiven Ver\u00e4nderungen durch den Rauchstopp? Machen Sie sich diese mit Hilfe dieses Downloads bewusst.<\/p><p><a href=\"https:\/\/rauchfrei.at\/wp-content\/uploads\/belohnungUndGenuss.pdf\" target=\"_blank\" rel=\"noopener\">Belohnung und Genuss<\/a><br \/>Belohnen Sie sich f\u00fcr Ihre gro\u00dfartige Leistung, rauchfrei zu bleiben.<\/p><p><a href=\"https:\/\/rauchfrei.at\/wp-content\/uploads\/atemtechniken1.pdf\" target=\"_blank\" rel=\"noopener\">Atemtechniken<\/a><br \/>Die Anwendung von Atemtechniken hat sich als sehr hilfreich beim Rauchstopp erwiesen. Hier finden Sie einige Anregungen dazu.<\/p><p><a href=\"https:\/\/rauchfrei.at\/wp-content\/uploads\/rauchfreiFitUndSchlank.pdf\">Rauchfrei, fit und schlank<\/a><br \/>Wie k\u00f6nnen Sie beim Rauchstopp Ihr Gewicht halten? Tipps dazu finden Sie hier.<\/p><p><a href=\"https:\/\/rauchfrei.at\/wp-content\/uploads\/gutGer\u00fcstet.pdf\" target=\"_blank\" rel=\"noopener\">Vorsicht Stolperfallen! Gut ger\u00fcstet f\u00fcr alle F\u00e4lle<\/a><br \/>Dauerhaft rauchfrei bleiben. So bereiten Sie sich gut auf Risikosituationen vor.<\/p><p>\u00a0<\/p>","_et_gb_content_width":"","footnotes":""},"class_list":["post-371","page","type-page","status-publish","hentry"],"yoast_head":"<!-- This site is optimized with the Yoast SEO plugin v26.2 - https:\/\/yoast.com\/wordpress\/plugins\/seo\/ -->\n<title>Arbeitsbl\u00e4tter - Rauchfrei Telefon<\/title>\n<meta name=\"robots\" content=\"index, follow, max-snippet:-1, max-image-preview:large, max-video-preview:-1\" \/>\n<link rel=\"canonical\" href=\"https:\/\/rauchfrei.at\/broschueren-downloads\/download-beratungsunterlagen\/\" \/>\n<meta property=\"og:locale\" content=\"en_US\" \/>\n<meta property=\"og:type\" content=\"article\" \/>\n<meta property=\"og:title\" content=\"Arbeitsbl\u00e4tter - Rauchfrei Telefon\" \/>\n<meta property=\"og:description\" content=\"Arbeitsbl\u00e4tter Zur Begleitung der Telefonberatung &nbsp;Hier finden Sie hilfreiche Materialien zur Vorbereitung, um rauchfrei zu werden und zu bleiben. Die gesammelten Begleitmaterialien zum Rauchstopp k\u00f6nnen Sie gern bei uns bestellen: Mit Hilfe des Rauchprotokolls k\u00f6nnen Sie Ihr Rauchverhalten genauer unter die Lupe nehmen. Machen Sie sich [&hellip;]\" \/>\n<meta property=\"og:url\" content=\"https:\/\/rauchfrei.at\/broschueren-downloads\/download-beratungsunterlagen\/\" \/>\n<meta property=\"og:site_name\" content=\"Rauchfrei Telefon\" \/>\n<meta property=\"article:modified_time\" content=\"2020-05-28T13:29:17+00:00\" \/>\n<meta name=\"twitter:card\" content=\"summary_large_image\" \/>\n<meta name=\"twitter:label1\" content=\"Est. reading time\" \/>\n\t<meta name=\"twitter:data1\" content=\"3 minutes\" \/>\n<script type=\"application\/ld+json\" class=\"yoast-schema-graph\">{\"@context\":\"https:\/\/schema.org\",\"@graph\":[{\"@type\":\"WebPage\",\"@id\":\"https:\/\/rauchfrei.at\/broschueren-downloads\/download-beratungsunterlagen\/\",\"url\":\"https:\/\/rauchfrei.at\/broschueren-downloads\/download-beratungsunterlagen\/\",\"name\":\"Arbeitsbl\u00e4tter - Rauchfrei Telefon\",\"isPartOf\":{\"@id\":\"https:\/\/rauchfrei.at\/#website\"},\"datePublished\":\"2012-03-12T05:10:40+00:00\",\"dateModified\":\"2020-05-28T13:29:17+00:00\",\"breadcrumb\":{\"@id\":\"https:\/\/rauchfrei.at\/broschueren-downloads\/download-beratungsunterlagen\/#breadcrumb\"},\"inLanguage\":\"en-US\",\"potentialAction\":[{\"@type\":\"ReadAction\",\"target\":[\"https:\/\/rauchfrei.at\/broschueren-downloads\/download-beratungsunterlagen\/\"]}]},{\"@type\":\"BreadcrumbList\",\"@id\":\"https:\/\/rauchfrei.at\/broschueren-downloads\/download-beratungsunterlagen\/#breadcrumb\",\"itemListElement\":[{\"@type\":\"ListItem\",\"position\":1,\"name\":\"Brosch\u00fcren &#038; Downloads\",\"item\":\"https:\/\/rauchfrei.at\/broschueren-downloads\/\"},{\"@type\":\"ListItem\",\"position\":2,\"name\":\"Arbeitsbl\u00e4tter\"}]},{\"@type\":\"WebSite\",\"@id\":\"https:\/\/rauchfrei.at\/#website\",\"url\":\"https:\/\/rauchfrei.at\/\",\"name\":\"Rauchfrei Telefon\",\"description\":\"Eine \u00f6sterreichweite Initiative der Sozialversicherungen.\",\"potentialAction\":[{\"@type\":\"SearchAction\",\"target\":{\"@type\":\"EntryPoint\",\"urlTemplate\":\"https:\/\/rauchfrei.at\/?s={search_term_string}\"},\"query-input\":{\"@type\":\"PropertyValueSpecification\",\"valueRequired\":true,\"valueName\":\"search_term_string\"}}],\"inLanguage\":\"en-US\"}]}<\/script>\n<!-- \/ Yoast SEO plugin. -->","yoast_head_json":{"title":"Arbeitsbl\u00e4tter - Rauchfrei Telefon","robots":{"index":"index","follow":"follow","max-snippet":"max-snippet:-1","max-image-preview":"max-image-preview:large","max-video-preview":"max-video-preview:-1"},"canonical":"https:\/\/rauchfrei.at\/broschueren-downloads\/download-beratungsunterlagen\/","og_locale":"en_US","og_type":"article","og_title":"Arbeitsbl\u00e4tter - Rauchfrei Telefon","og_description":"Arbeitsbl\u00e4tter Zur Begleitung der Telefonberatung &nbsp;Hier finden Sie hilfreiche Materialien zur Vorbereitung, um rauchfrei zu werden und zu bleiben. Die gesammelten Begleitmaterialien zum Rauchstopp k\u00f6nnen Sie gern bei uns bestellen: Mit Hilfe des Rauchprotokolls k\u00f6nnen Sie Ihr Rauchverhalten genauer unter die Lupe nehmen. Machen Sie sich [&hellip;]","og_url":"https:\/\/rauchfrei.at\/broschueren-downloads\/download-beratungsunterlagen\/","og_site_name":"Rauchfrei Telefon","article_modified_time":"2020-05-28T13:29:17+00:00","twitter_card":"summary_large_image","twitter_misc":{"Est. reading time":"3 minutes"},"schema":{"@context":"https:\/\/schema.org","@graph":[{"@type":"WebPage","@id":"https:\/\/rauchfrei.at\/broschueren-downloads\/download-beratungsunterlagen\/","url":"https:\/\/rauchfrei.at\/broschueren-downloads\/download-beratungsunterlagen\/","name":"Arbeitsbl\u00e4tter - Rauchfrei Telefon","isPartOf":{"@id":"https:\/\/rauchfrei.at\/#website"},"datePublished":"2012-03-12T05:10:40+00:00","dateModified":"2020-05-28T13:29:17+00:00","breadcrumb":{"@id":"https:\/\/rauchfrei.at\/broschueren-downloads\/download-beratungsunterlagen\/#breadcrumb"},"inLanguage":"en-US","potentialAction":[{"@type":"ReadAction","target":["https:\/\/rauchfrei.at\/broschueren-downloads\/download-beratungsunterlagen\/"]}]},{"@type":"BreadcrumbList","@id":"https:\/\/rauchfrei.at\/broschueren-downloads\/download-beratungsunterlagen\/#breadcrumb","itemListElement":[{"@type":"ListItem","position":1,"name":"Brosch\u00fcren &#038; Downloads","item":"https:\/\/rauchfrei.at\/broschueren-downloads\/"},{"@type":"ListItem","position":2,"name":"Arbeitsbl\u00e4tter"}]},{"@type":"WebSite","@id":"https:\/\/rauchfrei.at\/#website","url":"https:\/\/rauchfrei.at\/","name":"Rauchfrei Telefon","description":"Eine \u00f6sterreichweite Initiative der Sozialversicherungen.","potentialAction":[{"@type":"SearchAction","target":{"@type":"EntryPoint","urlTemplate":"https:\/\/rauchfrei.at\/?s={search_term_string}"},"query-input":{"@type":"PropertyValueSpecification","valueRequired":true,"valueName":"search_term_string"}}],"inLanguage":"en-US"}]}},"_links":{"self":[{"href":"https:\/\/rauchfrei.at\/en\/wp-json\/wp\/v2\/pages\/371","targetHints":{"allow":["GET"]}}],"collection":[{"href":"https:\/\/rauchfrei.at\/en\/wp-json\/wp\/v2\/pages"}],"about":[{"href":"https:\/\/rauchfrei.at\/en\/wp-json\/wp\/v2\/types\/page"}],"author":[{"embeddable":true,"href":"https:\/\/rauchfrei.at\/en\/wp-json\/wp\/v2\/users\/2"}],"replies":[{"embeddable":true,"href":"https:\/\/rauchfrei.at\/en\/wp-json\/wp\/v2\/comments?post=371"}],"version-history":[{"count":3,"href":"https:\/\/rauchfrei.at\/en\/wp-json\/wp\/v2\/pages\/371\/revisions"}],"predecessor-version":[{"id":18904,"href":"https:\/\/rauchfrei.at\/en\/wp-json\/wp\/v2\/pages\/371\/revisions\/18904"}],"up":[{"embeddable":true,"href":"https:\/\/rauchfrei.at\/en\/wp-json\/wp\/v2\/pages\/347"}],"wp:attachment":[{"href":"https:\/\/rauchfrei.at\/en\/wp-json\/wp\/v2\/media?parent=371"}],"curies":[{"name":"wp","href":"https:\/\/api.w.org\/{rel}","templated":true}]}}