
{"id":373,"date":"2019-12-19T00:01:07","date_gmt":"2019-12-18T22:01:07","guid":{"rendered":"http:\/\/web362.itscserver.org\/wordpress\/?page_id=373"},"modified":"2026-02-13T19:09:12","modified_gmt":"2026-02-13T17:09:12","slug":"download-broschueren","status":"publish","type":"page","link":"https:\/\/rauchfrei.at\/en\/broschueren-downloads\/download-broschueren\/","title":{"rendered":"Brosch\u00fcren und Folder zum Download"},"content":{"rendered":"<p>[et_pb_section fb_built=&#8221;1&#8243; custom_padding_last_edited=&#8221;off|&#8221; module_class=&#8221;header&#8221; _builder_version=&#8221;4.27.4&#8243; background_color=&#8221;#67BAD3&#8243; custom_margin=&#8221;||0px|&#8221; custom_padding=&#8221;100px||10px|&#8221; global_colors_info=&#8221;{}&#8221;][et_pb_row _builder_version=&#8221;4.16&#8243; custom_margin=&#8221;||0px|&#8221; custom_padding=&#8221;||0px|&#8221; global_colors_info=&#8221;{}&#8221;][et_pb_column type=&#8221;4_4&#8243; _builder_version=&#8221;4.16&#8243; custom_padding=&#8221;||0px|&#8221; global_colors_info=&#8221;{}&#8221; custom_padding__hover=&#8221;|||&#8221;][et_pb_text admin_label=&#8221;Blue Background Header&#8221; _builder_version=&#8221;4.16&#8243; custom_margin=&#8221;||0px|&#8221; custom_padding=&#8221;||0px|&#8221; global_colors_info=&#8221;{}&#8221;]<\/p>\n<h1>Brosch\u00fcren und Folder des Rauchfrei Telefons<\/h1>\n<h2>Hier k\u00f6nnen Sie unsere Materialien zur Information und Begleitung beim Rauchstopp herunterladen.<\/h2>\n<p>[\/et_pb_text][\/et_pb_column][\/et_pb_row][\/et_pb_section][et_pb_section fb_built=&#8221;1&#8243; _builder_version=&#8221;4.16&#8243; global_colors_info=&#8221;{}&#8221;][et_pb_row column_structure=&#8221;2_3,1_3&#8243; _builder_version=&#8221;4.16&#8243; global_colors_info=&#8221;{}&#8221;][et_pb_column type=&#8221;2_3&#8243; _builder_version=&#8221;4.16&#8243; custom_padding=&#8221;|||&#8221; global_colors_info=&#8221;{}&#8221; custom_padding__hover=&#8221;|||&#8221;][et_pb_text admin_label=&#8221;Brosch\u00fcren, Folder, Infobl\u00e4tter&#8221; _builder_version=&#8221;4.27.4&#8243; hover_enabled=&#8221;0&#8243; z_index_tablet=&#8221;500&#8243; global_colors_info=&#8221;{}&#8221; sticky_enabled=&#8221;0&#8243;]<\/p>\n<h2>Brosch\u00fcren und Folder:<\/h2>\n<a href='https:\/\/rauchfrei.at\/wp-content\/uploads\/rf25_es-brosch_deutsch_v5_online.pdf' class='small-button smallblue' target=\"_blank\">Infobrosch\u00fcre in unterschiedlichen Sprachen: &#8220;Frei von Tabak und Nikotin \u2013 F\u00fcr Sie, f\u00fcr Ihre Familie, f\u00fcr Ihre Umgebung&#8221;<\/a>\n<p><strong><a href=\"https:\/\/rauchfrei.at\/wp-content\/uploads\/rf25_es-brosch_deutsch_v5_online.pdf\" target=\"_blank\" rel=\"noopener\">Deutsch<\/a>, <a href=\"https:\/\/rauchfrei.at\/wp-content\/uploads\/rf25_es-brosch_englisch_v3_online.pdf\" target=\"_blank\" rel=\"noopener\">Englisch<\/a>, <a href=\"https:\/\/rauchfrei.at\/wp-content\/uploads\/rf25_es-brosch_araabisch_v1_online.pdf\" target=\"_blank\" rel=\"noopener\">Arabisch<\/a>, <a href=\"https:\/\/rauchfrei.at\/wp-content\/uploads\/rf25_es-brosch_bosnisch_v2_online.pdf\" target=\"_blank\" rel=\"noopener\">Bosnisch<\/a>, <a href=\"https:\/\/rauchfrei.at\/wp-content\/uploads\/rf25_es-brosch_kroatisch_v2_online.pdf\" target=\"_blank\" rel=\"noopener\">Kroatisch<\/a>, <a href=\"https:\/\/rauchfrei.at\/wp-content\/uploads\/rf25_es-brosch_rumaenisch_v2_online.pdf\" target=\"_blank\" rel=\"noopener\">Rum\u00e4nisch<\/a>,\u00a0<a href=\"https:\/\/rauchfrei.at\/wp-content\/uploads\/rf25_es-brosch_serbisch_v2_online.pdf\" target=\"_blank\" rel=\"noopener\">Serbisch, <\/a><a href=\"https:\/\/rauchfrei.at\/wp-content\/uploads\/rf25_es-brosch_tuerkisch_v2_online.pdf\" target=\"_blank\" rel=\"noopener\">T\u00fcrkisch<\/a><\/strong><\/p>\n<p><a href='https:\/\/rauchfrei.at\/wp-content\/uploads\/rf25_Info_Broschuere_v10_online.pdf' class='small-button smallblue' target=\"_blank\">Online-Brosch\u00fcre Rauchfrei Telefon<\/a><br \/>32 seitige Brosch\u00fcre f\u00fcr Raucher\/innen mit dem Untertitel &#8220;Wir helfen Ihnen beim Rauchstopp&#8221;<br \/><a href='https:\/\/rauchfrei.at\/wp-content\/uploads\/rf25_TabakNikotin_v9_online.pdf' class='small-button smallblue' target=\"_blank\">Tabak &amp; Nikotin: Was ist wo drin?<\/a><br \/>6 seitiger Informationsfolder zu Tabak- und Nikotinprodukten<br \/><a href='https:\/\/rauchfrei.at\/wp-content\/uploads\/rf125_Leichtesprache_Folder_v15_online.pdf' class='small-button smallblue' target=\"_blank\">Schluss mit Rauchen<\/a><br \/>6 seitiger Informationsfolder in leichter Sprache<br \/><a href='https:\/\/rauchfrei.at\/wp-content\/uploads\/rf25_Schwangerschaft_Folder_v13_online.pdf' class='small-button smallblue' target=\"_blank\">Rauchfrei f\u00fcr mich und mein Kind<\/a><br \/>6 seitiger Informationsfolder f\u00fcr Schwangere<br \/><a href='https:\/\/rauchfrei.at\/wp-content\/uploads\/rf25_Jugend_Folder_v15_online.pdf' class='small-button smallblue' target=\"_blank\">Besser Schluss machen<\/a><br \/>8 seitiger Informationsfolder f\u00fcr Jugendliche<br \/><a href='https:\/\/rauchfrei.at\/wp-content\/uploads\/rt25_Passivrauch_Folder_v13_online.pdf' class='small-button smallblue' target=\"_blank\">Infofolder Passivrauch Rauchfrei f\u00fcr alle!<\/a><br \/>6 seitiger Informationsfolder Passivrauch<br \/><a href='https:\/\/rauchfrei.at\/wp-content\/uploads\/rf25_Diabetes_Folder_v7_online.pdf' class='small-button smallblue' target=\"_blank\">Infofolder Diabetes und Rauchen<\/a><br \/>6 seitiger Informationsfolder Diabetes<br \/><a href='https:\/\/rauchfrei.at\/wp-content\/uploads\/rf25_Krebs_Folder_v10_online.pdf' class='small-button smallblue' target=\"_blank\">Rauchfreiheit sch\u00fctzt vor Krebs<\/a><br \/>6 seitiger Informationsfolder Krebs und Rauchen<br \/><a href='https:\/\/rauchfrei.at\/wp-content\/uploads\/rf25_Herzgesundheit_Folder_v8_online.pdf' class='small-button smallblue' target=\"_blank\">Rauchfrei f\u00fcr die Herzgesundheit<\/a><br \/>6 seitiger Informationsfolder Herzgesundheit<br \/><a href='https:\/\/rauchfrei.at\/wp-content\/uploads\/rf25_Mundgesundheit_Folder_v6_online.pdf' class='small-button smallblue' target=\"_blank\">Rauchstopp f\u00fcr die Mundgesundheit<\/a><br \/>6 seitiger Informationsfolder &#8220;Rauchfrei l\u00e4cheln&#8221;<br \/><a href='https:\/\/rauchfrei.at\/wp-content\/uploads\/rf25_COPD_Folder_v11_online.pdf' class='small-button smallblue' target=\"_blank\">COPD &#8211; Die Krankheit hinter Atemnot und Raucherhusten<\/a><br \/>6 seitiger Informationsfolder \u00fcber COPD<\/p>\n<p>&nbsp;<\/p>\n<h2>\u00a0<\/h2>\n<h2>\u00a0<\/h2>\n<p>[\/et_pb_text][et_pb_text admin_label=&#8221;Poster&#8221; _builder_version=&#8221;4.27.4&#8243; z_index_tablet=&#8221;500&#8243; global_colors_info=&#8221;{}&#8221;]<\/p>\n<h2>Poster zum Download:<\/h2>\n<a href='https:\/\/rauchfrei.at\/wp-content\/uploads\/rt25_Rfmachtgluecklich_v10_online.pdf' class='small-button smallblue' target=\"_blank\">Poster Rauchfrei macht gl\u00fccklich<\/a>\n<a href='https:\/\/rauchfrei.at\/wp-content\/uploads\/rt25_Krebs_Poster_v4_online.pdf' class='small-button smallblue' target=\"_blank\">Poster Krebs<\/a>\n<a href='https:\/\/rauchfrei.at\/wp-content\/uploads\/rt25_Schwangershaft_Poster_v11_online.pdf' class='small-button smallblue' target=\"_blank\">Poster Schwangerschaft<\/a>\n<a href='https:\/\/rauchfrei.at\/wp-content\/uploads\/rt25_Jugend_Poster_v13_Mann_online.pdf' class='small-button smallblue' target=\"_blank\">Poster Schluss machen &#8220;Bub&#8221;<\/a>\n<a href='https:\/\/rauchfrei.at\/wp-content\/uploads\/rt25_Passivrauch_Poster_v9_online.pdf' class='small-button smallblue' target=\"_blank\">Poster Passivrauch &#8211; Rauchfrei f\u00fcr alle<\/a>\n<p>&nbsp;<\/p>\n<p>[\/et_pb_text][et_pb_text admin_label=&#8221;Weitere Unterlagen&#8221; _builder_version=&#8221;4.27.4&#8243; z_index_tablet=&#8221;500&#8243; global_colors_info=&#8221;{}&#8221;]<\/p>\n<h2><\/h2>\n<h2>Weitere Unterlagen f\u00fcr Gesundheitsberufe<\/h2>\n<p><a href='https:\/\/rauchfrei.at\/wp-content\/uploads\/RFT_Infoblatt_Ansprache-in-der-Schwangerschaft.pdf' class='small-button smallblue' target=\"_blank\">Die Ansprache des Rauchens in der Schwangerschaft<\/a><br \/>Infoblatt Schwangerschaft und Rauchen<\/p>\n<p>Weitere Materialien speziell f\u00fcr Mitarbeiter\/innen in Gesundheitsberufen finden Sie in unserem Channel &#8220;<a title=\"F\u00fcr Gesundheitsberufe\" href=\"\/fuer-gesundheitsberufe\/\">F\u00fcr Gesundheitsberufe&#8221;<\/a>, Unterpunkt &#8220;Service &#8211;<a href=\"https:\/\/rauchfrei.at\/fuer-gesundheitsberufe\/das-rauchfrei-ticket\/\" target=\"_blank\" rel=\"noopener noreferrer\">Rauchfrei Ticket&#8221;<\/a>.<\/p>\n<h2><\/h2>\n<h2>Rauchfrei so geht\u00b4s<\/h2>\n<p>Diese Brosch\u00fcre\u00a0bekommen Sie im Rahmen unserer Beratung zugeschickt, Sie k\u00f6nnen die\u00a0Begleitmaterialien (Arbeits- und Informationsbl\u00e4tter) zum Rauchstopp aber auch im Bereich &#8220;<a title=\"Download Beratungsunterlagen\" href=\"\/broschueren-downloads\/download-beratungsunterlagen\/\">Downloads Beratungsunterlagen<\/a>&#8221; einzeln herunterladen und ausdrucken.<\/p>\n<h2><\/h2>\n<p>[\/et_pb_text][\/et_pb_column][et_pb_column type=&#8221;1_3&#8243; _builder_version=&#8221;4.16&#8243; custom_padding=&#8221;|||&#8221; global_colors_info=&#8221;{}&#8221; custom_padding__hover=&#8221;|||&#8221;][et_pb_dp_dmb_module_10080 link_text=&#8221;hier kostenfrei bestellen&#8221; link_url=&#8221;https:\/\/rauchfrei.at\/broschueren-downloads\/bestellung\/&#8221; admin_label=&#8221;Materialbestellung&#8221; _builder_version=&#8221;4.16&#8243; global_module=&#8221;13132&#8243; saved_tabs=&#8221;all&#8221; global_colors_info=&#8221;{}&#8221;]<\/p>\n<p><strong>Brosch\u00fcren<br \/>bestellen\u00a0<\/strong><\/p>\n<p>[\/et_pb_dp_dmb_module_10080][et_pb_dp_dmb_module_10093 farbe=&#8221;blitzgelb&#8221; headline=&#8221;Rufen Sie uns an! &#8221; image=&#8221;https:\/\/rauchfrei.at\/wp-content\/uploads\/rauchfrei-telefondame-auf-gelb.png&#8221; image_position=&#8221;center&#8221; link_text=&#8221;mehr&#8221; link_url=&#8221;https:\/\/rauchfrei.at\/beratung-vom-rauchfrei-telefon\/&#8221; image_size=&#8221;80&#8243; admin_label=&#8221;Rufen Sie uns an!&#8221; _builder_version=&#8221;4.20.4&#8243; global_module=&#8221;13167&#8243; saved_tabs=&#8221;all&#8221; global_colors_info=&#8221;{}&#8221;]<\/p>\n<p>Wir beraten und informieren Sie gerne!<\/p>\n<p>[\/et_pb_dp_dmb_module_10093][\/et_pb_column][\/et_pb_row][\/et_pb_section]<\/p>\n","protected":false},"excerpt":{"rendered":"<p>Brosch\u00fcren und Folder des Rauchfrei Telefons Hier k\u00f6nnen Sie unsere Materialien zur Information und Begleitung beim Rauchstopp herunterladen. Brosch\u00fcren und Folder: <a href='https:\/\/rauchfrei.at\/wp-content\/uploads\/rf25_es-brosch_deutsch_v5_online.pdf' class='small-button smallblue' target=\"_blank\">Infobrosch\u00fcre in unterschiedlichen Sprachen: &#8220;Frei von Tabak und Nikotin \u2013 F\u00fcr Sie, f\u00fcr Ihre Familie, f\u00fcr Ihre Umgebung&#8221;<\/a> Deutsch, Englisch, Arabisch, Bosnisch, Kroatisch, Rum\u00e4nisch,\u00a0Serbisch, T\u00fcrkisch <a href='https:\/\/rauchfrei.at\/wp-content\/uploads\/rf25_Info_Broschuere_v10_online.pdf' class='small-button smallblue' target=\"_blank\">Online-Brosch\u00fcre Rauchfrei Telefon<\/a>32 seitige [&hellip;]<\/p>\n","protected":false},"author":2,"featured_media":0,"parent":347,"menu_order":0,"comment_status":"closed","ping_status":"open","template":"","meta":{"_et_pb_use_builder":"on","_et_pb_old_content":"<p>\u00a0<\/p><ul><li><a href=\"https:\/\/rauchfrei.at\/wp-content\/uploads\/Informationsbroschuere-Rauchfrei-Telefon.pdf\" target=\"_blank\" rel=\"noopener\">Brosch\u00fcre Rauchfrei Telefon<\/a><\/li><\/ul><p>32 seitige Brosch\u00fcre f\u00fcr Raucher\/innen mit dem Untertitel \"Wir helfen Ihnen beim Rauchstopp\"<\/p><ul><li><a href=\"https:\/\/rauchfrei.at\/wp-content\/uploads\/2016_Schluss_mit-Rauchen.pdf\">Schluss mit Rauchen<\/a><\/li><\/ul><p>6\u00a0seitiger Informationsfolder in leichter Sprache<\/p><ul><li><a href=\"https:\/\/rauchfrei.at\/wp-content\/uploads\/Rauchfrei_App.pdf\" target=\"_blank\" rel=\"noopener\">Rauchfrei App<\/a><\/li><\/ul><p>4\u00a0seitiger Informationsfolder zur Rauchfrei App<\/p><ul><li><a href=\"https:\/\/rauchfrei.at\/wp-content\/uploads\/2016_Rauchfrei-f\u00fcr-mich-und-mein-Kind_Folder.pdf\">Rauchfrei f\u00fcr mich und mein Kind<\/a><\/li><\/ul><p>6\u00a0seitiger Informationsfolder f\u00fcr Schwangere<\/p><ul><li><a href=\"https:\/\/rauchfrei.at\/wp-content\/uploads\/Ziga-Rette-sich-wer-kann.pdf\" target=\"_blank\" rel=\"noopener\">Ziga-Rette sich wer kann<\/a><\/li><\/ul><p>Informationsfolder Passivrauch<\/p><ul><li><a href=\"https:\/\/rauchfrei.at\/wp-content\/uploads\/Infoblatt_Passivrauch_barierrefrei.pdf\" target=\"_blank\" rel=\"noopener\">Infoblatt Passivrauch<\/a><\/li><\/ul><p>6\u00a0seitiger Informationsfolder f\u00fcr Jugendliche<\/p><ul><li><a href=\"https:\/\/rauchfrei.at\/wp-content\/uploads\/2016_COPD_Folder.pdf\">COPD - Die Krankheit hinter Atemnot und Raucherhusten\u00a0<\/a><\/li><\/ul><p>6\u00a0seitiger Informationsfolder \u00fcber COPD<\/p><ul><li><a title=\"T\u00fcrkisch-deutsch-sprachiger Informationsfolder\" href=\"https:\/\/rauchfrei.at\/wp-content\/uploads\/rTel_tuerkisch_folder__AKTUELL-1.pdf\" target=\"_blank\" rel=\"noopener\">Sigara size zarar verir...size, ailenize, \u00e7evrenize!<\/a><\/li><\/ul><p>6\u00a0seitiger Informationsfolder auf T\u00fcrkisch<\/p><ul><li><a href=\"https:\/\/rauchfrei.at\/wp-content\/uploads\/Folder_E-Zigarette.pdf\" target=\"_blank\" rel=\"noopener\">Dampfen statt Rauchen?<\/a><\/li><\/ul><p>6 seitiger Informationsfolder zu E-Zigarette, E-Shisha & Co<\/p><ul><li>Rauchfrei so geht\u00b4s<\/li><\/ul><p>Diese Brosch\u00fcre\u00a0bekommen Sie im Rahmen unserer Beratung zugeschickt, Sie k\u00f6nnen die\u00a0Begleitmaterialien (Arbeits- und Informationsbl\u00e4tter) zum Rauchstopp aber auch im Bereich \"<a title=\"Download Beratungsunterlagen\" href=\"\/broschueren-downloads\/download-beratungsunterlagen\/\">Downloads Beratungsunterlagen<\/a>\" einzeln herunterladen und ausdrucken.<\/p><ul><li>Weitere Unterlagen<\/li><\/ul><p>Materialien speziell f\u00fcr Mitarbeiter\/innen in Gesundheitsberufen finden Sie in unserem Channel \"<a title=\"F\u00fcr Gesundheitsberufe\" href=\"\/fuer-gesundheitsberufe\/\">F\u00fcr Gesundheitsberufe<\/a>\", Unterpunkt \"Service -<a href=\"https:\/\/rauchfrei.at\/fuer-gesundheitsberufe\/service-rauchfrei-per-fax\/\" target=\"_blank\" rel=\"noopener\">Rauchfrei Ticket<\/a>\".<\/p><p>\u00a0<\/p>","_et_gb_content_width":"","footnotes":""},"class_list":["post-373","page","type-page","status-publish","hentry"],"yoast_head":"<!-- This site is optimized with the Yoast SEO plugin v26.2 - https:\/\/yoast.com\/wordpress\/plugins\/seo\/ -->\n<title>Brosch\u00fcren und Folder zum Download - Rauchfrei Telefon<\/title>\n<meta name=\"robots\" content=\"index, follow, max-snippet:-1, max-image-preview:large, max-video-preview:-1\" \/>\n<link rel=\"canonical\" href=\"https:\/\/rauchfrei.at\/broschueren-downloads\/download-broschueren\/\" \/>\n<meta property=\"og:locale\" content=\"en_US\" \/>\n<meta property=\"og:type\" content=\"article\" \/>\n<meta property=\"og:title\" content=\"Brosch\u00fcren und Folder zum Download - Rauchfrei Telefon\" \/>\n<meta property=\"og:description\" content=\"Brosch\u00fcren und Folder des Rauchfrei Telefons Hier k\u00f6nnen Sie unsere Materialien zur Information und Begleitung beim Rauchstopp herunterladen. Brosch\u00fcren und Folder: Deutsch, Englisch, Arabisch, Bosnisch, Kroatisch, Rum\u00e4nisch,\u00a0Serbisch, T\u00fcrkisch 32 seitige [&hellip;]\" \/>\n<meta property=\"og:url\" content=\"https:\/\/rauchfrei.at\/broschueren-downloads\/download-broschueren\/\" \/>\n<meta property=\"og:site_name\" content=\"Rauchfrei Telefon\" \/>\n<meta property=\"article:modified_time\" content=\"2026-02-13T17:09:12+00:00\" \/>\n<meta name=\"twitter:card\" content=\"summary_large_image\" \/>\n<meta name=\"twitter:label1\" content=\"Est. reading time\" \/>\n\t<meta name=\"twitter:data1\" content=\"2 minutes\" \/>\n<script type=\"application\/ld+json\" class=\"yoast-schema-graph\">{\"@context\":\"https:\/\/schema.org\",\"@graph\":[{\"@type\":\"WebPage\",\"@id\":\"https:\/\/rauchfrei.at\/broschueren-downloads\/download-broschueren\/\",\"url\":\"https:\/\/rauchfrei.at\/broschueren-downloads\/download-broschueren\/\",\"name\":\"Brosch\u00fcren und Folder zum Download - Rauchfrei Telefon\",\"isPartOf\":{\"@id\":\"https:\/\/rauchfrei.at\/#website\"},\"datePublished\":\"2019-12-18T22:01:07+00:00\",\"dateModified\":\"2026-02-13T17:09:12+00:00\",\"breadcrumb\":{\"@id\":\"https:\/\/rauchfrei.at\/broschueren-downloads\/download-broschueren\/#breadcrumb\"},\"inLanguage\":\"en-US\",\"potentialAction\":[{\"@type\":\"ReadAction\",\"target\":[\"https:\/\/rauchfrei.at\/broschueren-downloads\/download-broschueren\/\"]}]},{\"@type\":\"BreadcrumbList\",\"@id\":\"https:\/\/rauchfrei.at\/broschueren-downloads\/download-broschueren\/#breadcrumb\",\"itemListElement\":[{\"@type\":\"ListItem\",\"position\":1,\"name\":\"Brosch\u00fcren &#038; Downloads\",\"item\":\"https:\/\/rauchfrei.at\/broschueren-downloads\/\"},{\"@type\":\"ListItem\",\"position\":2,\"name\":\"Brosch\u00fcren und Folder zum Download\"}]},{\"@type\":\"WebSite\",\"@id\":\"https:\/\/rauchfrei.at\/#website\",\"url\":\"https:\/\/rauchfrei.at\/\",\"name\":\"Rauchfrei Telefon\",\"description\":\"Eine \u00f6sterreichweite Initiative der Sozialversicherungen.\",\"potentialAction\":[{\"@type\":\"SearchAction\",\"target\":{\"@type\":\"EntryPoint\",\"urlTemplate\":\"https:\/\/rauchfrei.at\/?s={search_term_string}\"},\"query-input\":{\"@type\":\"PropertyValueSpecification\",\"valueRequired\":true,\"valueName\":\"search_term_string\"}}],\"inLanguage\":\"en-US\"}]}<\/script>\n<!-- \/ Yoast SEO plugin. -->","yoast_head_json":{"title":"Brosch\u00fcren und Folder zum Download - Rauchfrei Telefon","robots":{"index":"index","follow":"follow","max-snippet":"max-snippet:-1","max-image-preview":"max-image-preview:large","max-video-preview":"max-video-preview:-1"},"canonical":"https:\/\/rauchfrei.at\/broschueren-downloads\/download-broschueren\/","og_locale":"en_US","og_type":"article","og_title":"Brosch\u00fcren und Folder zum Download - Rauchfrei Telefon","og_description":"Brosch\u00fcren und Folder des Rauchfrei Telefons Hier k\u00f6nnen Sie unsere Materialien zur Information und Begleitung beim Rauchstopp herunterladen. Brosch\u00fcren und Folder: Deutsch, Englisch, Arabisch, Bosnisch, Kroatisch, Rum\u00e4nisch,\u00a0Serbisch, T\u00fcrkisch 32 seitige [&hellip;]","og_url":"https:\/\/rauchfrei.at\/broschueren-downloads\/download-broschueren\/","og_site_name":"Rauchfrei Telefon","article_modified_time":"2026-02-13T17:09:12+00:00","twitter_card":"summary_large_image","twitter_misc":{"Est. reading time":"2 minutes"},"schema":{"@context":"https:\/\/schema.org","@graph":[{"@type":"WebPage","@id":"https:\/\/rauchfrei.at\/broschueren-downloads\/download-broschueren\/","url":"https:\/\/rauchfrei.at\/broschueren-downloads\/download-broschueren\/","name":"Brosch\u00fcren und Folder zum Download - Rauchfrei Telefon","isPartOf":{"@id":"https:\/\/rauchfrei.at\/#website"},"datePublished":"2019-12-18T22:01:07+00:00","dateModified":"2026-02-13T17:09:12+00:00","breadcrumb":{"@id":"https:\/\/rauchfrei.at\/broschueren-downloads\/download-broschueren\/#breadcrumb"},"inLanguage":"en-US","potentialAction":[{"@type":"ReadAction","target":["https:\/\/rauchfrei.at\/broschueren-downloads\/download-broschueren\/"]}]},{"@type":"BreadcrumbList","@id":"https:\/\/rauchfrei.at\/broschueren-downloads\/download-broschueren\/#breadcrumb","itemListElement":[{"@type":"ListItem","position":1,"name":"Brosch\u00fcren &#038; Downloads","item":"https:\/\/rauchfrei.at\/broschueren-downloads\/"},{"@type":"ListItem","position":2,"name":"Brosch\u00fcren und Folder zum Download"}]},{"@type":"WebSite","@id":"https:\/\/rauchfrei.at\/#website","url":"https:\/\/rauchfrei.at\/","name":"Rauchfrei Telefon","description":"Eine \u00f6sterreichweite Initiative der Sozialversicherungen.","potentialAction":[{"@type":"SearchAction","target":{"@type":"EntryPoint","urlTemplate":"https:\/\/rauchfrei.at\/?s={search_term_string}"},"query-input":{"@type":"PropertyValueSpecification","valueRequired":true,"valueName":"search_term_string"}}],"inLanguage":"en-US"}]}},"_links":{"self":[{"href":"https:\/\/rauchfrei.at\/en\/wp-json\/wp\/v2\/pages\/373","targetHints":{"allow":["GET"]}}],"collection":[{"href":"https:\/\/rauchfrei.at\/en\/wp-json\/wp\/v2\/pages"}],"about":[{"href":"https:\/\/rauchfrei.at\/en\/wp-json\/wp\/v2\/types\/page"}],"author":[{"embeddable":true,"href":"https:\/\/rauchfrei.at\/en\/wp-json\/wp\/v2\/users\/2"}],"replies":[{"embeddable":true,"href":"https:\/\/rauchfrei.at\/en\/wp-json\/wp\/v2\/comments?post=373"}],"version-history":[{"count":76,"href":"https:\/\/rauchfrei.at\/en\/wp-json\/wp\/v2\/pages\/373\/revisions"}],"predecessor-version":[{"id":32777,"href":"https:\/\/rauchfrei.at\/en\/wp-json\/wp\/v2\/pages\/373\/revisions\/32777"}],"up":[{"embeddable":true,"href":"https:\/\/rauchfrei.at\/en\/wp-json\/wp\/v2\/pages\/347"}],"wp:attachment":[{"href":"https:\/\/rauchfrei.at\/en\/wp-json\/wp\/v2\/media?parent=373"}],"curies":[{"name":"wp","href":"https:\/\/api.w.org\/{rel}","templated":true}]}}