
{"id":375,"date":"2012-03-12T05:11:34","date_gmt":"2012-03-12T05:11:34","guid":{"rendered":"http:\/\/web362.itscserver.org\/wordpress\/?page_id=375"},"modified":"2024-10-16T14:13:55","modified_gmt":"2024-10-16T12:13:55","slug":"literatur-links","status":"publish","type":"page","link":"https:\/\/rauchfrei.at\/en\/broschueren-downloads\/literatur-links\/","title":{"rendered":"Literatur, Links, Leitfaden &#038; Leitlinie"},"content":{"rendered":"\n[et_pb_section fb_built=&#8221;1&#8243; custom_padding_last_edited=&#8221;off|&#8221; module_class=&#8221;header&#8221; _builder_version=&#8221;4.16&#8243; background_color=&#8221;#67BAD3&#8243; custom_margin=&#8221;||0px|&#8221; custom_padding=&#8221;100px||10px|&#8221; global_colors_info=&#8221;{}&#8221;][et_pb_row _builder_version=&#8221;4.16&#8243; custom_margin=&#8221;||0px|&#8221; custom_padding=&#8221;||0px|&#8221; global_colors_info=&#8221;{}&#8221;][et_pb_column type=&#8221;4_4&#8243; _builder_version=&#8221;4.16&#8243; custom_padding=&#8221;||0px|&#8221; global_colors_info=&#8221;{}&#8221; custom_padding__hover=&#8221;|||&#8221;][et_pb_text admin_label=&#8221;Blue Background Header&#8221; _builder_version=&#8221;4.16&#8243; custom_margin=&#8221;||0px|&#8221; custom_padding=&#8221;||0px|&#8221; global_colors_info=&#8221;{}&#8221;]<h1>Literatur und Links<\/h1>\r[\/et_pb_text][\/et_pb_column][\/et_pb_row][\/et_pb_section][et_pb_section fb_built=&#8221;1&#8243; _builder_version=&#8221;4.16&#8243; global_colors_info=&#8221;{}&#8221;][et_pb_row _builder_version=&#8221;4.16&#8243; global_colors_info=&#8221;{}&#8221; column_structure=&#8221;3_5,2_5&#8243;][et_pb_column type=&#8221;3_5&#8243; _builder_version=&#8221;4.16&#8243; custom_padding=&#8221;|||&#8221; global_colors_info=&#8221;{}&#8221; custom_padding__hover=&#8221;|||&#8221;][et_pb_toggle title=&#8221;Literatur:&#8221; _builder_version=&#8221;4.23.1&#8243; _module_preset=&#8221;default&#8221; global_colors_info=&#8221;{}&#8221; admin_label=&#8221;Literatur&#8221;]<p>Adams, M. (Hg.), (2007)<br \/><strong>Das Gesch\u00e4ft mit dem Tod.<\/strong><br \/>Frankfurt am Main: Zweitausendeins Verlag<\/p>\n<p>Batra, A. &amp; G. Buchkremer (2. Auflage, 2019)<br \/><strong>Tabakentw\u00f6hnung. Ein Leitfaden f\u00fcr Therapeuten.<\/strong><br \/>Stuttgart: Kohlhammer Verlag<\/p>\n<p>Batra, A. &amp; G. Buchkremer, (6. Auflage, 2017)<br \/><strong>Nichtrauchen! Erfolgreich aussteigen in sechs Schritten.<\/strong><br \/>Stuttgart: Kohlhammer Verlag<\/p>\n<p>Burger, R. &amp; K. Davani (2.Auflage, 2017)<br \/><a href=\"http:\/\/www.infomedien.at\/files\/ebook_sbz.pdf\"><strong>Schwarzbuch Zigarette. Rauchen gef\u00e4hrdet Ihr Bewusstsein.<\/strong><\/a><br \/>Wien: Carl Ueberreuter Verlag<\/p>\n<p>Busson, S. &amp; K. Davani (2010)<br \/><strong>Entschieden zum Nichtraucher. Schritt f\u00fcr Schritt. Endg\u00fcltig raus aus der Sucht.<\/strong><br \/>Hannover: humboldt Verlag<\/p>\n<p>Davani, K. (2007)<br \/><strong>Smoke Reality.<\/strong><br \/>Lulu.com (Lulu Enterprise, Inc.)<\/p>\n<p>Dudenhausen, J.W. (Hg.), (2009)<br \/><strong>Rauchen in der Schwangerschaft. H\u00e4ufigkeit, Folgen und Pr\u00e4vention.<\/strong><br \/>M\u00fcnchen: Urban &amp; Vogel Verlag<\/p>\n<p>Haller, R. (2. Auflage, 2017)<br \/><strong>Nie mehr s\u00fcchtig sein. Leben in Balance.<\/strong><br \/>Wals bei Salzburg: Ecowin Verlag<\/p>\n<p>Handler, B. (2008)<br \/><strong>Mit allen Sinnen leben. T\u00e4gliches Genusstraining.<\/strong><br \/>Wien: Goldegg Verlag<\/p>\n<p>Hartl, S. E. &amp; M. Netz (2016)<br \/><strong>Husten- Atemnot- COPD.<\/strong><br \/>Wien: MedMedia Verlag<br \/>(SV-Buchreihe: Gesund werden. Gesund bleiben. Band 3\/ 3. Auflage)<\/p>\n<p>Haustein, K.-O. &amp; D. Groneberg (2. Auflage, 2008)<br \/><strong>Tabakabh\u00e4ngigkeit. Gesundheitliche Sch\u00e4den durch das Rauchen.<\/strong><br \/>Berlin, Heidelberg: Springer-Verlag<\/p>\n<p>Koppenh\u00f6fer, E. (6. Auflage, 2013)<br \/><strong>Kleine Schule des Genie\u00dfens. Ein verhaltenstherapeutisch orientierter Behandlungsansatz zum Aufbau positiven Erlebens und Handelns.<\/strong><br \/>Gro\u00dfUmstadt: Pabst Science Publishers<\/p>\n<p>Kr\u00f6ger, C.B. &amp; B. Lohmann (2007)<br \/><strong>Tabakkonsum und Tabakabh\u00e4ngigkeit.<\/strong><br \/>G\u00f6ttingen: Hogrefe Verlag<\/p>\n<p>Langbein &amp; Skalnik (2005)<br \/><strong>Gesundheit aktiv.<\/strong><br \/>Wien: Ueberreuter Verlag<\/p>\n<p>Lesch, O. M. (2007)<br \/><strong>Raucherentw\u00f6hnung. Tipps zur Pr\u00e4vention und Therapie in der Praxis.<\/strong><br \/>Bremen: UNI-MED Verlag<\/p>\n<p>Lesch, O. M. &amp; H. Walter (2009)<br \/><strong>Alkohol und Tabak. Medizinische und soziologische Aspekte von Gebrauch, Missbrauch und Abh\u00e4ngigkeit.<\/strong><br \/>Wien, New York: Springer-Verlag<\/p>\n<p>Lichtenschopf, A. (2012)<br \/><strong>Standards der Tabakentw\u00f6hnung. Konsensus der \u00d6sterreichischen Gesellschaft f\u00fcr Pneumologie-Update 2010.<\/strong><br \/>Wien: Springer Verlag<\/p>\n<p>Lindenmeyer, J. &amp; M\u00fchlig St. (2019)<br \/><strong>Therapie-Tools: Alkohol- und Tabakabh\u00e4ngigkeit<\/strong><br \/>Weinheim Basel: Beltz Verlag<\/p>\n<p>Miller, W. R. &amp; S. Rollnick (3. Auflage, 2015)<br \/><strong>Motivierende Gespr\u00e4chsf\u00fchrung.<\/strong><br \/>Freiburg im Breisgau: Lambertus-Verlag<\/p>\n<p>Reinisch, A. (2007)<br \/><strong>Tabakentw\u00f6hnung f\u00fcr Jugendliche. Empirische Befunde und Grundz\u00fcge eines verhaltensorientierten Interventionskonzeptes.<\/strong><br \/>Weinheim und M\u00fcnchen: Juventa Verlag<\/p>\n<p>Ruprechter-Grofe, P. &amp; R. Sander (2019)<br \/><strong>Ausgeraucht. Mein neues Leben ohne Zigarette.<\/strong><br \/>Graz-Wien: Leykam Buchverlag<\/p>\n<p>Schoberberger, R. &amp; M. Kunze (1999)<br \/><strong>Nikotinabh\u00e4ngigkeit. Diagnostik und Therapie.<\/strong><br \/>Wien: Springer-Verlag<\/p>\n<p>Schweizer, C.C. (3. Auflage, 2017)<br \/><strong>Vom blauen Dunst zum frischen Wind. Hypnotherapeutische Raucherentw\u00f6hnung in 5 Sitzungen.<\/strong><br \/>Heidelberg: Carl-Auer Verlag<\/p>\n<p>Storch, M. (2. Auflage, 2016)<br \/><strong>Rauchpause. Wie das Unbewusste dabei hilft, das Rauchen zu vergessen.<\/strong><br \/>Bern: Hogrefe Verlag<\/p>\n<p>Storch, M. (2016)<br \/><strong>Machen Sie doch, was Sie wollen! Wie ein Strudelwurm den Weg zu Zufriedenheit und Freiheit zeigt.<\/strong><br \/>Bern: Hogrefe Verlag<\/p>\n<p>The World Bank. (2003)<br \/><strong>Der Tabakepidemie Einhalt gebieten. Regierungen und wirtschaftliche Aspekte der Tabakkontrolle.<\/strong><br \/>Eine Ver\u00f6ffentlichung der Weltbank<\/p>[\/et_pb_toggle][et_pb_toggle title=&#8221;Links:&#8221; _builder_version=&#8221;4.23.1&#8243; _module_preset=&#8221;default&#8221; global_colors_info=&#8221;{}&#8221; admin_label=&#8221;Links&#8221;]<p><a href=\"https:\/\/www.dkfz.de\/de\/index.html\" target=\"_blank\" rel=\"noopener noreferrer\">Deutsches Krebsforschungsinstitut<\/a><\/p>\n<p><a href=\"https:\/\/www.ftc.gov\/tips-advice\/business-center\/selected-industries\/tobacco\" target=\"_blank\" rel=\"noopener noreferrer\">Federal Trade Commision<\/a><\/p>\n<p><a href=\"https:\/\/www.who.int\/topics\/tobacco\/en\/\" target=\"_blank\" rel=\"noopener noreferrer\">World Health Organisation<\/a><\/p>\n<p><a href=\"http:\/\/ensp.network\/\" target=\"_blank\" rel=\"noopener noreferrer\">ENSP &#8211; European Network and Tobacco Prevention<\/a><\/p>\n<p><a href=\"https:\/\/www.srnt.org\/\" target=\"_blank\" rel=\"noopener noreferrer\">SRNT- Society for Research on Nicotine and Tobacco<\/a><\/p>\n<p><a href=\"http:\/\/www.aerzteinitiative.at\/\" target=\"_blank\" rel=\"noopener noreferrer\">Initiative \u00c4rzte gegen Rauchersch\u00e4den<\/a><u><\/u><\/p>\n<p><a href=\"https:\/\/tobaccoatlas.org\/topic\/secondhand\/\" target=\"_blank\" rel=\"noopener noreferrer\">The Tobacco Atlas<\/a><\/p>[\/et_pb_toggle][et_pb_toggle _builder_version=&#8221;4.23.1&#8243; _module_preset=&#8221;default&#8221; title=&#8221;Leitfaden und Leitlinie&#8221; hover_enabled=&#8221;0&#8243; sticky_enabled=&#8221;0&#8243; admin_label=&#8221;Leitfaden&#8221;]<p class=\"entry-title fusion-post-title\"><a href=\"https:\/\/www.ogp.at\/blog\/neu-leitfaden-zur-tabak-und-nikotinentwoehnung\/\" target=\"_blank\" rel=\"noopener\">Leitfaden zur Tabak- und Nikotinentw\u00f6hnung <\/a><br \/>der \u00d6sterreichische Gesellschaft f\u00fcr Pneumologie<\/p>\n<p class=\"entry-title fusion-post-title\"><a href=\"https:\/\/register.awmf.org\/de\/leitlinien\/detail\/076-006\" target=\"_blank\" rel=\"noopener\">S3-Leitlinie Rauchen und Tabakabh\u00e4ngigkeit: Screening, Diagnostik und Behandlung<\/a><\/p>\n<p class=\"entry-title fusion-post-title\"><a href=\"https:\/\/www.ogp.at\/blog\/neu-leitfaden-zur-tabak-und-nikotinentwoehnung\/\" target=\"_blank\" rel=\"noopener\"><\/a>\u00a0<\/p>[\/et_pb_toggle][\/et_pb_column][et_pb_column type=&#8221;2_5&#8243; _builder_version=&#8221;4.16&#8243; custom_padding=&#8221;|||&#8221; global_colors_info=&#8221;{}&#8221; custom_padding__hover=&#8221;|||&#8221;][et_pb_text admin_label=&#8221;Das Rauchfrei Ticket&#8221; _builder_version=&#8221;3.27.4&#8243; global_module=&#8221;15221&#8243; saved_tabs=&#8221;all&#8221; global_colors_info=&#8221;{}&#8221;]<h2>Das Rauchfrei Ticket &#8211; Informationen f\u00fcr Profis<\/h2>\n<p><img loading=\"lazy\" decoding=\"async\" class=\"size-medium alignnone\" style=\"border: 3px solid #212121;\" src=\"https:\/\/rauchfrei.at\/wp-content\/uploads\/eins-2.jpg\" alt=\"\" width=\"1215\" height=\"1179\" \/><\/p>\n<a href='https:\/\/rauchfrei.at\/fuer-gesundheitsberufe\/das-rauchfrei-ticket\/' class='small-button smallblue'>mehr<\/a>\n[\/et_pb_text][et_pb_dp_dmb_module_10080 link_text=&#8221;Download&#8221; link_url=&#8221;\/broschueren-downloads\/download-beratungsunterlagen\/&#8221; admin_label=&#8221;Arbeitsbl\u00e4tter&#8221; _builder_version=&#8221;3.19.15&#8243; max_width=&#8221;100%&#8221; global_module=&#8221;13623&#8243; saved_tabs=&#8221;all&#8221; global_colors_info=&#8221;{}&#8221;]<p><strong>Arbeitsbl\u00e4tter<\/strong> f\u00fcr die Beratung<\/p>\n[\/et_pb_dp_dmb_module_10080][et_pb_dp_dmb_module_10080 link_text=&#8221;hier downloaden&#8221; link_url=&#8221;https:\/\/rauchfrei.at\/broschueren-downloads\/download-broschueren\/&#8221; admin_label=&#8221;Materialdownloads&#8221; _builder_version=&#8221;3.19.15&#8243; global_module=&#8221;13235&#8243; saved_tabs=&#8221;all&#8221; global_colors_info=&#8221;{}&#8221;]<p><span lang=\"DE-AT\"><strong>Brosch\u00fcren, Folder<\/strong> und <strong>Poster<\/strong><\/span><\/p>\n[\/et_pb_dp_dmb_module_10080][\/et_pb_column][\/et_pb_row][\/et_pb_section]\n","protected":false},"excerpt":{"rendered":"<p>Literatur und Links Adams, M. (Hg.), (2007)Das Gesch\u00e4ft mit dem Tod.Frankfurt am Main: Zweitausendeins Verlag Batra, A. &amp; G. Buchkremer (2. Auflage, 2019)Tabakentw\u00f6hnung. Ein Leitfaden f\u00fcr Therapeuten.Stuttgart: Kohlhammer Verlag Batra, A. &amp; G. Buchkremer, (6. Auflage, 2017)Nichtrauchen! Erfolgreich aussteigen in sechs Schritten.Stuttgart: Kohlhammer Verlag Burger, R. &amp; K. Davani (2.Auflage, 2017)Schwarzbuch Zigarette. Rauchen gef\u00e4hrdet Ihr [&hellip;]<\/p>\n","protected":false},"author":8,"featured_media":0,"parent":347,"menu_order":0,"comment_status":"closed","ping_status":"open","template":"","meta":{"_et_pb_use_builder":"on","_et_pb_old_content":"<h2>Links<\/h2><p>[toggle Title=\"Institutionen des Gesundheitswesens\"]<\/p><p><a href=\"http:\/\/www.bmg.gv.at\/\" target=\"_blank\" rel=\"noopener\">Bundesministerium f\u00fcr Gesundheit<br \/><\/a>Allgemeine Homepage des Gesundheitsministerium<br \/>(f\u00fcr n\u00e4here Informationen bitte den Suchbegriff \"Rauchen\" eingeben)<\/p><p>\u00a0<\/p><p><a href=\"https:\/\/www.gesundheit.gv.at\/Portal.Node\/ghp\/public\/content\/rauchstopp.html\" target=\"_blank\" rel=\"noopener\">\u00d6ffentliches Gesundheitsportal<br \/><\/a>Seite des Gesundheitheitsministeriums mit Informationen rund um den Rauchstopp<\/p><p>\u00a0<\/p><p><a href=\"http:\/\/www.aerztekammer.at\/\" target=\"_blank\" rel=\"noopener\">\u00d6sterreichische \u00c4rztekammer<br \/><\/a>Allgemeine Homepage der \u00d6sterreichischen \u00c4rztekammer<br \/>(f\u00fcr n\u00e4here Informationen bitte den Suchbegriff \"Rauchen\" eingeben)<\/p><p>\u00a0<\/p><p><a href=\"http:\/\/www.ogp.at\/\" target=\"_blank\" rel=\"noopener\">\u00d6sterreichische Gesellschaft f\u00fcr Pneumologie<br \/><\/a>Wissenschaftliche Gesellschaft bestehend aus \u00e4rztlichen und nicht-\u00e4rztlichen Mitglieder (f\u00fcr n\u00e4here Informationen bitte den Suchbegriff \"Rauchen\" eingeben)<\/p><p>\u00a0<\/p><p><a href=\"http:\/\/www.krebshilfe.net\/information\/rauchen\/rauchen.shtm\" target=\"_blank\" rel=\"noopener\">\u00d6sterreichische Krebshilfe<\/a><br \/>Informationen zum Rauchstopp der \u00d6sterreichischen Krebshilfe<\/p><p>\u00a0<\/p><p><a href=\"http:\/\/www.meduniwien.ac.at\/umwelthygiene\/\" target=\"_blank\" rel=\"noopener\">Institut f\u00fcr Umwelthygiene<br \/><\/a>Zentrum f\u00fcr Public Health der Medizinischen Universit\u00e4t Wien<\/p><p>\u00a0<\/p><p><a href=\"http:\/\/www.rauchfrei-dabei.at\/de\/news\/aktuelles\/\" target=\"_blank\" rel=\"noopener\">Rauchfrei dabei<br \/><\/a>VIVID, Fachstelle f\u00fcr Suchtpr\u00e4vention, Steiermark<\/p><p>\u00a0<\/p><p><a href=\"http:\/\/www.suchtvorbeugung.net\/\" target=\"_blank\" rel=\"noopener\">Fachstellen f\u00fcr Suchtvorbeugung<br \/><\/a>\u00d6sterreichische ARGE Suchtvorbeugung<\/p><p>\u00a0<\/p><p><a href=\"http:\/\/www.fgoe.org\/\" target=\"_blank\" rel=\"noopener\">Fonds Gesundes \u00d6sterreich<br \/><\/a>Gesundheitsf\u00f6rderung und Pr\u00e4vention<\/p><p>[\/toggle]<\/p><p>[toggle Title=\"Initiativen\"]<\/p><p><a title=\"Initiative \u00c4rzte gegen Rauchersch\u00e4den\" href=\"http:\/\/www.aerzteinitiative.at\/\" target=\"_blank\" rel=\"noopener\">Initiative \u00c4rzte gegen Rauchersch\u00e4den<\/a><br \/>Initiative der \u00d6sterr. Gesellschaft f\u00fcr Pneumologie, der Insitute f\u00fcr Umweltmedizin und f\u00fcr Sozialmedizin der Medizinischen Universit\u00e4t Wien sowie der \u00d6sterr. \u00c4rztekammer<\/p><p>\u00a0<\/p><p><a href=\"http:\/\/da.stinkts.net\/\" target=\"_blank\" rel=\"noopener\"> \"da.stinkts.net\"<br \/><\/a>Homepage und App auf der Suche nach rauchfreien Lokalen in \u00d6sterreich<a href=\"http:\/\/da.stinkts.net\/\" target=\"_blank\" rel=\"noopener\"><br \/><\/a><\/p><p>[\/toggle]<\/p><p>[toggle Title=\"Gesetzliches\"]<\/p><p><a href=\"\/fakten\/gesetzliches\/\" target=\"_blank\" rel=\"noopener\">Informationen zu den gesetzlichen Regelungen<br \/><\/a>Das Rauchfrei Telefon fasst die aktuellen Regelungen zusammen<\/p><p>[\/toggle]<\/p><p>[toggle Title=\"Selbsthilfe\"]<\/p><p><a href=\"http:\/\/www.lungenkrebsforum-austria.at\/\" target=\"_blank\" rel=\"noopener\">Lungenkrebsforum Austria<br \/><\/a>\u00d6sterreichs erste Selbsthilfegruppe f\u00fcr Lungenkrebspatienten und -patientinnen<\/p><p>\u00a0<\/p><p><a href=\"http:\/\/www.selbsthilfe-lot.at\/home.php\" target=\"_blank\" rel=\"noopener\">Lungenliga \u00d6sterreich<br \/><\/a>Selbsthilfegruppen f\u00fcr Langzeit-Sauerstoff-Therapie und COPD<\/p><p>\u00a0<\/p><p><a href=\"http:\/\/www.da.stinkts.net\" target=\"_blank\" rel=\"noopener\">Rauchfreie Lokale<br \/><\/a>\u00dcbersicht \u00fcber rauchfreie Lokale<\/p><p>[\/toggle]<\/p><p>\u00a0<\/p><h2>Literatur<\/h2><p>[toggle Title=\"Selbsthilfe\"]<\/p><p>Batra, A. & Buchkremer, G. (2008)<br \/>Nichtrauchen! Erfolgreich aussteigen in sechs Schritten<br \/>\u00dcberarbeitete Neuauflage: Kohlhammer Verlag 2008<\/p><p>\u00a0<\/p><p>Brizer, D. & Weingran, K. (2010)<br \/>Nicht mehr rauchen f\u00fcr Dummies<br \/>Weinheim: Wiley-VCH Verlag<\/p><p>\u00a0<\/p><p>Carewitz, O. & Carewitz, D. (2004)<br \/>Nie wieder rauchen! So schaffen Sie es sicher.<br \/>M\u00fcnchen: Gr\u00e4fe & Unzer Verlag<\/p><p>\u00a0<\/p><p>Carr, A. (1992)<br \/>Endlich Nichtraucher.<br \/>M\u00fcnchen: Goldmann Verlag<\/p><p>\u00a0<\/p><p>Kaltwasser, V. (2005)<br \/>Der sanfte Weg zum Nichtraucher.<br \/>Freiburg: Bauer Verlag<\/p><p>\u00a0<\/p><p>Jopp, A. (2011)<br \/>Ich rauche gern\u2026 und h\u00f6r jetzt auf: Nichtraucher in 30 Tagen<br \/>Frankfurt: Fischer Taschenbuch-Verlag<\/p><p>\u00a0<\/p><p>Lindinger, P. (2004)<br \/>Lust und Last des Rauchens.<br \/>Frankfurt: Fischer Taschenbuch-Verlag<\/p><p>\u00a0<\/p><p>Rihs, M. & Lotti, H. (1993)<br \/>Frei vom Rauchen. Gezielt aufh\u00f6ren - und das Leben neu genie\u00dfen.<br \/>Bern: Verlag Hans Huber<\/p><p>\u00a0<\/p><p>Storch, M. (2008)<br \/>Rauchpause \u2013 Wie das Unbewusste dabei hilft, das Rauchen zu vergessen<br \/>Bern: Hans Huber Verlag<\/p><p>\u00a0<\/p><p>Unland, H. (2000)<br \/>Der Raucher - Ratgeber: Nichtraucher werden und bleiben.<br \/>M\u00fcnchen: CIP-Medien<\/p><p>[\/toggle]<\/p><p>[toggle Title=\"Rauchen und Ern\u00e4hrung\"]<\/p><p>Schoberberger, R. (2008)<br \/>Rauchstopp ohne Kiloflop \u2013 Nichtraucher werden ohne zuzunehmen<br \/>Wien: Kneipp Verlag<\/p><p>\u00a0<\/p><p>Lindinger, P. (2004)<br \/>Nichtrauchen und trotzdem schlank. Die Methode mit K\u00f6pfchen.<br \/>Frankfurt: Fischer Taschenbuch-Verlag<\/p><p>\u00a0<\/p><p>Burger, D. (2002)<br \/>Schlank und gl\u00fccklich als Nichtraucher.<br \/>Aufh\u00f6ren, Durchhalten, Frei sein.<br \/>Augsburg: Weltbildverlag<\/p><p>[\/toggle]<\/p><p>[toggle Title=\"Entspannung und Stressreduktion\"]<\/p><p>Hainbuch, F. (2010)<br \/>Progressive Muskelentspannung nach Jacobson. Inklusive CD.<br \/>GU-Reihe: \u201cLust zum \u00dcben\u201d.<br \/>M\u00fcnchen: Gr\u00e4fe & Unzer Verlag<\/p><p>\u00a0<\/p><p>Grasberger, D. (2002)<br \/>Autogenes Training. Inklusive CD.<br \/>GU\u2013Reihe: \"Lust zum \u00dcben\".<br \/>M\u00fcnchen: Gr\u00e4fe & Unzer Verlag<\/p><p>\u00a0<\/p><p>Hennig, M. (2003)<br \/>Autogenes Training. Ruhe und Kraft im Alltag. Inklusive CD.<br \/>M\u00fcnchen: Knaur Verlag<\/p><p>[\/toggle]<\/p><p>[toggle Title=\"Fakten hinter der Zigarette\"]<\/p><p>Davani, K. (2007)<br \/>Smoke Reality.<br \/>Lulu.com (Lulu Enterprises, Inc.)<\/p><p>\u00a0<\/p><p>Burger, R. & Davani, K. (2006)<br \/>Schwarzbuch Zigarette. Rauchen gef\u00e4hrdet Ihr Bewusstsein.<br \/>Wien: Ueberreuter Verlag<\/p><p>[\/toggle]<\/p><p>[toggle Title=\"Diverses\"]<\/p><p>Statt Zigaretten - 40 Tipps gelassen durch den Tag zu kommen (2005).<br \/>M\u00fcnchen: Pattloch Verlag<br \/>(Schachtel mit 40 Tipp-K\u00e4rtchen)<\/p><p>[\/toggle]<\/p><p>\u00a0<\/p><p>\u00a0<\/p>","_et_gb_content_width":"","footnotes":""},"class_list":["post-375","page","type-page","status-publish","hentry"],"yoast_head":"<!-- This site is optimized with the Yoast SEO plugin v26.2 - https:\/\/yoast.com\/wordpress\/plugins\/seo\/ -->\n<title>Literatur, Links, Leitfaden &amp; Leitlinie - Rauchfrei Telefon<\/title>\n<meta name=\"robots\" content=\"index, follow, max-snippet:-1, max-image-preview:large, max-video-preview:-1\" \/>\n<link rel=\"canonical\" href=\"https:\/\/rauchfrei.at\/broschueren-downloads\/literatur-links\/\" \/>\n<meta property=\"og:locale\" content=\"en_US\" \/>\n<meta property=\"og:type\" content=\"article\" \/>\n<meta property=\"og:title\" content=\"Literatur, Links, Leitfaden &amp; Leitlinie - Rauchfrei Telefon\" \/>\n<meta property=\"og:description\" content=\"Literatur und Links Adams, M. (Hg.), (2007)Das Gesch\u00e4ft mit dem Tod.Frankfurt am Main: Zweitausendeins Verlag Batra, A. &amp; G. Buchkremer (2. Auflage, 2019)Tabakentw\u00f6hnung. Ein Leitfaden f\u00fcr Therapeuten.Stuttgart: Kohlhammer Verlag Batra, A. &amp; G. Buchkremer, (6. Auflage, 2017)Nichtrauchen! Erfolgreich aussteigen in sechs Schritten.Stuttgart: Kohlhammer Verlag Burger, R. &amp; K. Davani (2.Auflage, 2017)Schwarzbuch Zigarette. Rauchen gef\u00e4hrdet Ihr [&hellip;]\" \/>\n<meta property=\"og:url\" content=\"https:\/\/rauchfrei.at\/broschueren-downloads\/literatur-links\/\" \/>\n<meta property=\"og:site_name\" content=\"Rauchfrei Telefon\" \/>\n<meta property=\"article:modified_time\" content=\"2024-10-16T12:13:55+00:00\" \/>\n<meta property=\"og:image\" content=\"https:\/\/rauchfrei.at\/wp-content\/uploads\/eins-2.jpg\" \/>\n<meta name=\"twitter:card\" content=\"summary_large_image\" \/>\n<meta name=\"twitter:label1\" content=\"Est. reading time\" \/>\n\t<meta name=\"twitter:data1\" content=\"4 minutes\" \/>\n<script type=\"application\/ld+json\" class=\"yoast-schema-graph\">{\"@context\":\"https:\/\/schema.org\",\"@graph\":[{\"@type\":\"WebPage\",\"@id\":\"https:\/\/rauchfrei.at\/broschueren-downloads\/literatur-links\/\",\"url\":\"https:\/\/rauchfrei.at\/broschueren-downloads\/literatur-links\/\",\"name\":\"Literatur, Links, Leitfaden & Leitlinie - Rauchfrei Telefon\",\"isPartOf\":{\"@id\":\"https:\/\/rauchfrei.at\/#website\"},\"primaryImageOfPage\":{\"@id\":\"https:\/\/rauchfrei.at\/broschueren-downloads\/literatur-links\/#primaryimage\"},\"image\":{\"@id\":\"https:\/\/rauchfrei.at\/broschueren-downloads\/literatur-links\/#primaryimage\"},\"thumbnailUrl\":\"https:\/\/rauchfrei.at\/wp-content\/uploads\/eins-2.jpg\",\"datePublished\":\"2012-03-12T05:11:34+00:00\",\"dateModified\":\"2024-10-16T12:13:55+00:00\",\"breadcrumb\":{\"@id\":\"https:\/\/rauchfrei.at\/broschueren-downloads\/literatur-links\/#breadcrumb\"},\"inLanguage\":\"en-US\",\"potentialAction\":[{\"@type\":\"ReadAction\",\"target\":[\"https:\/\/rauchfrei.at\/broschueren-downloads\/literatur-links\/\"]}]},{\"@type\":\"ImageObject\",\"inLanguage\":\"en-US\",\"@id\":\"https:\/\/rauchfrei.at\/broschueren-downloads\/literatur-links\/#primaryimage\",\"url\":\"https:\/\/rauchfrei.at\/wp-content\/uploads\/eins-2.jpg\",\"contentUrl\":\"https:\/\/rauchfrei.at\/wp-content\/uploads\/eins-2.jpg\"},{\"@type\":\"BreadcrumbList\",\"@id\":\"https:\/\/rauchfrei.at\/broschueren-downloads\/literatur-links\/#breadcrumb\",\"itemListElement\":[{\"@type\":\"ListItem\",\"position\":1,\"name\":\"Brosch\u00fcren &#038; Downloads\",\"item\":\"https:\/\/rauchfrei.at\/broschueren-downloads\/\"},{\"@type\":\"ListItem\",\"position\":2,\"name\":\"Literatur, Links, Leitfaden &#038; Leitlinie\"}]},{\"@type\":\"WebSite\",\"@id\":\"https:\/\/rauchfrei.at\/#website\",\"url\":\"https:\/\/rauchfrei.at\/\",\"name\":\"Rauchfrei Telefon\",\"description\":\"Eine \u00f6sterreichweite Initiative der Sozialversicherungen.\",\"potentialAction\":[{\"@type\":\"SearchAction\",\"target\":{\"@type\":\"EntryPoint\",\"urlTemplate\":\"https:\/\/rauchfrei.at\/?s={search_term_string}\"},\"query-input\":{\"@type\":\"PropertyValueSpecification\",\"valueRequired\":true,\"valueName\":\"search_term_string\"}}],\"inLanguage\":\"en-US\"}]}<\/script>\n<!-- \/ Yoast SEO plugin. -->","yoast_head_json":{"title":"Literatur, Links, Leitfaden & Leitlinie - Rauchfrei Telefon","robots":{"index":"index","follow":"follow","max-snippet":"max-snippet:-1","max-image-preview":"max-image-preview:large","max-video-preview":"max-video-preview:-1"},"canonical":"https:\/\/rauchfrei.at\/broschueren-downloads\/literatur-links\/","og_locale":"en_US","og_type":"article","og_title":"Literatur, Links, Leitfaden & Leitlinie - Rauchfrei Telefon","og_description":"Literatur und Links Adams, M. (Hg.), (2007)Das Gesch\u00e4ft mit dem Tod.Frankfurt am Main: Zweitausendeins Verlag Batra, A. &amp; G. Buchkremer (2. Auflage, 2019)Tabakentw\u00f6hnung. Ein Leitfaden f\u00fcr Therapeuten.Stuttgart: Kohlhammer Verlag Batra, A. &amp; G. Buchkremer, (6. Auflage, 2017)Nichtrauchen! Erfolgreich aussteigen in sechs Schritten.Stuttgart: Kohlhammer Verlag Burger, R. &amp; K. Davani (2.Auflage, 2017)Schwarzbuch Zigarette. Rauchen gef\u00e4hrdet Ihr [&hellip;]","og_url":"https:\/\/rauchfrei.at\/broschueren-downloads\/literatur-links\/","og_site_name":"Rauchfrei Telefon","article_modified_time":"2024-10-16T12:13:55+00:00","og_image":[{"url":"https:\/\/rauchfrei.at\/wp-content\/uploads\/eins-2.jpg","type":"","width":"","height":""}],"twitter_card":"summary_large_image","twitter_misc":{"Est. reading time":"4 minutes"},"schema":{"@context":"https:\/\/schema.org","@graph":[{"@type":"WebPage","@id":"https:\/\/rauchfrei.at\/broschueren-downloads\/literatur-links\/","url":"https:\/\/rauchfrei.at\/broschueren-downloads\/literatur-links\/","name":"Literatur, Links, Leitfaden & Leitlinie - Rauchfrei Telefon","isPartOf":{"@id":"https:\/\/rauchfrei.at\/#website"},"primaryImageOfPage":{"@id":"https:\/\/rauchfrei.at\/broschueren-downloads\/literatur-links\/#primaryimage"},"image":{"@id":"https:\/\/rauchfrei.at\/broschueren-downloads\/literatur-links\/#primaryimage"},"thumbnailUrl":"https:\/\/rauchfrei.at\/wp-content\/uploads\/eins-2.jpg","datePublished":"2012-03-12T05:11:34+00:00","dateModified":"2024-10-16T12:13:55+00:00","breadcrumb":{"@id":"https:\/\/rauchfrei.at\/broschueren-downloads\/literatur-links\/#breadcrumb"},"inLanguage":"en-US","potentialAction":[{"@type":"ReadAction","target":["https:\/\/rauchfrei.at\/broschueren-downloads\/literatur-links\/"]}]},{"@type":"ImageObject","inLanguage":"en-US","@id":"https:\/\/rauchfrei.at\/broschueren-downloads\/literatur-links\/#primaryimage","url":"https:\/\/rauchfrei.at\/wp-content\/uploads\/eins-2.jpg","contentUrl":"https:\/\/rauchfrei.at\/wp-content\/uploads\/eins-2.jpg"},{"@type":"BreadcrumbList","@id":"https:\/\/rauchfrei.at\/broschueren-downloads\/literatur-links\/#breadcrumb","itemListElement":[{"@type":"ListItem","position":1,"name":"Brosch\u00fcren &#038; Downloads","item":"https:\/\/rauchfrei.at\/broschueren-downloads\/"},{"@type":"ListItem","position":2,"name":"Literatur, Links, Leitfaden &#038; Leitlinie"}]},{"@type":"WebSite","@id":"https:\/\/rauchfrei.at\/#website","url":"https:\/\/rauchfrei.at\/","name":"Rauchfrei Telefon","description":"Eine \u00f6sterreichweite Initiative der Sozialversicherungen.","potentialAction":[{"@type":"SearchAction","target":{"@type":"EntryPoint","urlTemplate":"https:\/\/rauchfrei.at\/?s={search_term_string}"},"query-input":{"@type":"PropertyValueSpecification","valueRequired":true,"valueName":"search_term_string"}}],"inLanguage":"en-US"}]}},"_links":{"self":[{"href":"https:\/\/rauchfrei.at\/en\/wp-json\/wp\/v2\/pages\/375","targetHints":{"allow":["GET"]}}],"collection":[{"href":"https:\/\/rauchfrei.at\/en\/wp-json\/wp\/v2\/pages"}],"about":[{"href":"https:\/\/rauchfrei.at\/en\/wp-json\/wp\/v2\/types\/page"}],"author":[{"embeddable":true,"href":"https:\/\/rauchfrei.at\/en\/wp-json\/wp\/v2\/users\/8"}],"replies":[{"embeddable":true,"href":"https:\/\/rauchfrei.at\/en\/wp-json\/wp\/v2\/comments?post=375"}],"version-history":[{"count":13,"href":"https:\/\/rauchfrei.at\/en\/wp-json\/wp\/v2\/pages\/375\/revisions"}],"predecessor-version":[{"id":29965,"href":"https:\/\/rauchfrei.at\/en\/wp-json\/wp\/v2\/pages\/375\/revisions\/29965"}],"up":[{"embeddable":true,"href":"https:\/\/rauchfrei.at\/en\/wp-json\/wp\/v2\/pages\/347"}],"wp:attachment":[{"href":"https:\/\/rauchfrei.at\/en\/wp-json\/wp\/v2\/media?parent=375"}],"curies":[{"name":"wp","href":"https:\/\/api.w.org\/{rel}","templated":true}]}}