
{"id":379,"date":"2012-03-12T05:12:41","date_gmt":"2012-03-12T05:12:41","guid":{"rendered":"http:\/\/web362.itscserver.org\/wordpress\/?page_id=379"},"modified":"2018-07-31T15:35:24","modified_gmt":"2018-07-31T13:35:24","slug":"pressetexte","status":"publish","type":"page","link":"https:\/\/rauchfrei.at\/en\/presse\/pressetexte\/","title":{"rendered":"Kurzbeschreibung"},"content":{"rendered":"<p>[et_pb_section bb_built=&#8221;1&#8243;][et_pb_row][et_pb_column type=&#8221;2_3&#8243;][et_pb_dp_dmb_module_10369 _builder_version=&#8221;3.0.99&#8243; background_layout=&#8221;light&#8221; \/][et_pb_text _builder_version=&#8221;3.0.99&#8243; background_layout=&#8221;light&#8221;]<\/p>\n<h2><strong>Das Rauchfrei Telefon 0800 810 013<\/strong><\/h2>\n<div>Das Rauchfrei Telefon ist eine Initiative der Sozialversicherungstr\u00e4ger, der L\u00e4nder und des<\/div>\n<div>Bundesministeriums f\u00fcr Soziales, Arbeit, Gesundheit und Konsumentenschutz. Der telefonische<\/div>\n<div>Dienst zur Tabakentw\u00f6hnung steht \u00f6sterreichweit zur Verf\u00fcgung und wird von der Nieder\u00f6sterreichischen Gebietskrankenkasse betrieben. Die beratenden Klinischen- und Gesundheitspsychologinnen sind telefonisch unter<\/div>\n<div>0800 810 013 von Montag bis Freitag zwischen 10:00 und 18:00 Uhr erreichbar. Auf www.rauchfrei.at stehen umfassende Informationen, Tipps und Tricks sowie der aktuelle Blog zur Verf\u00fcgung.<\/div>\n<div><\/div>\n<div>Das kostenfreie Angebot umfasst:<\/div>\n<div>\u2022 telefonische Beratung und Begleitung beim Rauchstopp<\/div>\n<div>\u2022 individuelle Nachbetreuung in der ersten rauchfreien Zeit<\/div>\n<div>\u2022 R\u00fcckfallprophylaxe<\/div>\n<div>\u2022 Zusendung von Informationsmaterial<\/div>\n<div>\u2022 Informationen rund ums Thema Tabakentw\u00f6hnung<\/div>\n<div>\u2022 Weitervermittlung zu \u00f6ffentlichen Angebote in ganz \u00d6sterreich<\/div>\n<div>\u2022 aktuelle Beitr\u00e4ge im Blog und auf Facebook<\/div>\n<p>&nbsp;<\/p>\n<p>&nbsp;<\/p>\n<p>&nbsp;<\/p>\n<p>&nbsp;<\/p>\n<p>[\/et_pb_text][\/et_pb_column][et_pb_column type=&#8221;1_3&#8243;][et_pb_sidebar _builder_version=&#8221;3.0.99&#8243; area=&#8221;sidebar-1&#8243; orientation=&#8221;left&#8221; show_border=&#8221;on&#8221; background_layout=&#8221;light&#8221; \/][\/et_pb_column][\/et_pb_row][\/et_pb_section]<\/p>\n","protected":false},"excerpt":{"rendered":"<p><div class=\"et_pb_row et_pb_row_0 et_pb_row_empty\">\n\t\t\t\t\n\t\t\t\t\n\t\t\t\t\n\t\t\t\t\n\t\t\t\t\n\t\t\t<\/div> Das Rauchfrei Telefon 0800 810 013 Das Rauchfrei Telefon ist eine Initiative der Sozialversicherungstr\u00e4ger, der L\u00e4nder und des Bundesministeriums f\u00fcr Soziales, Arbeit, Gesundheit und Konsumentenschutz. Der telefonische Dienst zur Tabakentw\u00f6hnung steht \u00f6sterreichweit zur Verf\u00fcgung und wird von der Nieder\u00f6sterreichischen Gebietskrankenkasse betrieben. Die beratenden Klinischen- und Gesundheitspsychologinnen sind telefonisch unter 0800 810 013 von Montag [&hellip;]<\/p>\n","protected":false},"author":8,"featured_media":0,"parent":338,"menu_order":0,"comment_status":"closed","ping_status":"open","template":"","meta":{"_et_pb_use_builder":"on","_et_pb_old_content":"<p>Hier stellen wir Ihnen zusammengefasst Informationen \u00fcber das Angebot des Rauchfrei Telefons\u00a0zur Verf\u00fcgung.<\/p><p>Kurzbeschreibung des Angebots:<br \/><a href=\"https:\/\/rauchfrei.at\/wp-content\/uploads\/2014_Das-Rauchfrei-Telefon1.pdf\" target=\"_blank\" rel=\"noopener\">Das Rauchfrei Telefon (Beschreibung)<\/a><\/p><p>\u00a0<\/p><p>\u00a0<\/p><p>\u00a0<\/p>","_et_gb_content_width":"","footnotes":""},"class_list":["post-379","page","type-page","status-publish","hentry"],"yoast_head":"<!-- This site is optimized with the Yoast SEO plugin v26.2 - https:\/\/yoast.com\/wordpress\/plugins\/seo\/ -->\n<title>Kurzbeschreibung - Rauchfrei Telefon<\/title>\n<meta name=\"robots\" content=\"index, follow, max-snippet:-1, max-image-preview:large, max-video-preview:-1\" \/>\n<link rel=\"canonical\" href=\"https:\/\/rauchfrei.at\/presse\/pressetexte\/\" \/>\n<meta property=\"og:locale\" content=\"en_US\" \/>\n<meta property=\"og:type\" content=\"article\" \/>\n<meta property=\"og:title\" content=\"Kurzbeschreibung - Rauchfrei Telefon\" \/>\n<meta property=\"og:description\" content=\"Das Rauchfrei Telefon 0800 810 013 Das Rauchfrei Telefon ist eine Initiative der Sozialversicherungstr\u00e4ger, der L\u00e4nder und des Bundesministeriums f\u00fcr Soziales, Arbeit, Gesundheit und Konsumentenschutz. Der telefonische Dienst zur Tabakentw\u00f6hnung steht \u00f6sterreichweit zur Verf\u00fcgung und wird von der Nieder\u00f6sterreichischen Gebietskrankenkasse betrieben. Die beratenden Klinischen- und Gesundheitspsychologinnen sind telefonisch unter 0800 810 013 von Montag [&hellip;]\" \/>\n<meta property=\"og:url\" content=\"https:\/\/rauchfrei.at\/presse\/pressetexte\/\" \/>\n<meta property=\"og:site_name\" content=\"Rauchfrei Telefon\" \/>\n<meta property=\"article:modified_time\" content=\"2018-07-31T13:35:24+00:00\" \/>\n<meta name=\"twitter:card\" content=\"summary_large_image\" \/>\n<meta name=\"twitter:label1\" content=\"Est. reading time\" \/>\n\t<meta name=\"twitter:data1\" content=\"1 minute\" \/>\n<script type=\"application\/ld+json\" class=\"yoast-schema-graph\">{\"@context\":\"https:\/\/schema.org\",\"@graph\":[{\"@type\":\"WebPage\",\"@id\":\"https:\/\/rauchfrei.at\/presse\/pressetexte\/\",\"url\":\"https:\/\/rauchfrei.at\/presse\/pressetexte\/\",\"name\":\"Kurzbeschreibung - Rauchfrei Telefon\",\"isPartOf\":{\"@id\":\"https:\/\/rauchfrei.at\/#website\"},\"datePublished\":\"2012-03-12T05:12:41+00:00\",\"dateModified\":\"2018-07-31T13:35:24+00:00\",\"breadcrumb\":{\"@id\":\"https:\/\/rauchfrei.at\/presse\/pressetexte\/#breadcrumb\"},\"inLanguage\":\"en-US\",\"potentialAction\":[{\"@type\":\"ReadAction\",\"target\":[\"https:\/\/rauchfrei.at\/presse\/pressetexte\/\"]}]},{\"@type\":\"BreadcrumbList\",\"@id\":\"https:\/\/rauchfrei.at\/presse\/pressetexte\/#breadcrumb\",\"itemListElement\":[{\"@type\":\"ListItem\",\"position\":1,\"name\":\"Presse\",\"item\":\"https:\/\/rauchfrei.at\/presse\/\"},{\"@type\":\"ListItem\",\"position\":2,\"name\":\"Kurzbeschreibung\"}]},{\"@type\":\"WebSite\",\"@id\":\"https:\/\/rauchfrei.at\/#website\",\"url\":\"https:\/\/rauchfrei.at\/\",\"name\":\"Rauchfrei Telefon\",\"description\":\"Eine \u00f6sterreichweite Initiative der Sozialversicherungen.\",\"potentialAction\":[{\"@type\":\"SearchAction\",\"target\":{\"@type\":\"EntryPoint\",\"urlTemplate\":\"https:\/\/rauchfrei.at\/?s={search_term_string}\"},\"query-input\":{\"@type\":\"PropertyValueSpecification\",\"valueRequired\":true,\"valueName\":\"search_term_string\"}}],\"inLanguage\":\"en-US\"}]}<\/script>\n<!-- \/ Yoast SEO plugin. -->","yoast_head_json":{"title":"Kurzbeschreibung - Rauchfrei Telefon","robots":{"index":"index","follow":"follow","max-snippet":"max-snippet:-1","max-image-preview":"max-image-preview:large","max-video-preview":"max-video-preview:-1"},"canonical":"https:\/\/rauchfrei.at\/presse\/pressetexte\/","og_locale":"en_US","og_type":"article","og_title":"Kurzbeschreibung - Rauchfrei Telefon","og_description":"Das Rauchfrei Telefon 0800 810 013 Das Rauchfrei Telefon ist eine Initiative der Sozialversicherungstr\u00e4ger, der L\u00e4nder und des Bundesministeriums f\u00fcr Soziales, Arbeit, Gesundheit und Konsumentenschutz. Der telefonische Dienst zur Tabakentw\u00f6hnung steht \u00f6sterreichweit zur Verf\u00fcgung und wird von der Nieder\u00f6sterreichischen Gebietskrankenkasse betrieben. Die beratenden Klinischen- und Gesundheitspsychologinnen sind telefonisch unter 0800 810 013 von Montag [&hellip;]","og_url":"https:\/\/rauchfrei.at\/presse\/pressetexte\/","og_site_name":"Rauchfrei Telefon","article_modified_time":"2018-07-31T13:35:24+00:00","twitter_card":"summary_large_image","twitter_misc":{"Est. reading time":"1 minute"},"schema":{"@context":"https:\/\/schema.org","@graph":[{"@type":"WebPage","@id":"https:\/\/rauchfrei.at\/presse\/pressetexte\/","url":"https:\/\/rauchfrei.at\/presse\/pressetexte\/","name":"Kurzbeschreibung - Rauchfrei Telefon","isPartOf":{"@id":"https:\/\/rauchfrei.at\/#website"},"datePublished":"2012-03-12T05:12:41+00:00","dateModified":"2018-07-31T13:35:24+00:00","breadcrumb":{"@id":"https:\/\/rauchfrei.at\/presse\/pressetexte\/#breadcrumb"},"inLanguage":"en-US","potentialAction":[{"@type":"ReadAction","target":["https:\/\/rauchfrei.at\/presse\/pressetexte\/"]}]},{"@type":"BreadcrumbList","@id":"https:\/\/rauchfrei.at\/presse\/pressetexte\/#breadcrumb","itemListElement":[{"@type":"ListItem","position":1,"name":"Presse","item":"https:\/\/rauchfrei.at\/presse\/"},{"@type":"ListItem","position":2,"name":"Kurzbeschreibung"}]},{"@type":"WebSite","@id":"https:\/\/rauchfrei.at\/#website","url":"https:\/\/rauchfrei.at\/","name":"Rauchfrei Telefon","description":"Eine \u00f6sterreichweite Initiative der Sozialversicherungen.","potentialAction":[{"@type":"SearchAction","target":{"@type":"EntryPoint","urlTemplate":"https:\/\/rauchfrei.at\/?s={search_term_string}"},"query-input":{"@type":"PropertyValueSpecification","valueRequired":true,"valueName":"search_term_string"}}],"inLanguage":"en-US"}]}},"_links":{"self":[{"href":"https:\/\/rauchfrei.at\/en\/wp-json\/wp\/v2\/pages\/379","targetHints":{"allow":["GET"]}}],"collection":[{"href":"https:\/\/rauchfrei.at\/en\/wp-json\/wp\/v2\/pages"}],"about":[{"href":"https:\/\/rauchfrei.at\/en\/wp-json\/wp\/v2\/types\/page"}],"author":[{"embeddable":true,"href":"https:\/\/rauchfrei.at\/en\/wp-json\/wp\/v2\/users\/8"}],"replies":[{"embeddable":true,"href":"https:\/\/rauchfrei.at\/en\/wp-json\/wp\/v2\/comments?post=379"}],"version-history":[{"count":5,"href":"https:\/\/rauchfrei.at\/en\/wp-json\/wp\/v2\/pages\/379\/revisions"}],"predecessor-version":[{"id":10534,"href":"https:\/\/rauchfrei.at\/en\/wp-json\/wp\/v2\/pages\/379\/revisions\/10534"}],"up":[{"embeddable":true,"href":"https:\/\/rauchfrei.at\/en\/wp-json\/wp\/v2\/pages\/338"}],"wp:attachment":[{"href":"https:\/\/rauchfrei.at\/en\/wp-json\/wp\/v2\/media?parent=379"}],"curies":[{"name":"wp","href":"https:\/\/api.w.org\/{rel}","templated":true}]}}