
{"id":383,"date":"2012-03-12T05:13:43","date_gmt":"2012-03-12T05:13:43","guid":{"rendered":"http:\/\/web362.itscserver.org\/wordpress\/?page_id=383"},"modified":"2025-11-05T13:36:12","modified_gmt":"2025-11-05T11:36:12","slug":"ansprechpartner","status":"publish","type":"page","link":"https:\/\/rauchfrei.at\/en\/presse\/ansprechpartner\/","title":{"rendered":"Ansprechpartnerinnen"},"content":{"rendered":"<p>[et_pb_section fb_built=&#8221;1&#8243; custom_padding_last_edited=&#8221;off|&#8221; module_class=&#8221;header&#8221; _builder_version=&#8221;4.16&#8243; background_color=&#8221;#67BAD3&#8243; custom_margin=&#8221;||0px|&#8221; custom_padding=&#8221;100px||10px|&#8221; global_colors_info=&#8221;{}&#8221;][et_pb_row _builder_version=&#8221;4.16&#8243; custom_margin=&#8221;||0px|&#8221; custom_padding=&#8221;||0px|&#8221; global_colors_info=&#8221;{}&#8221;][et_pb_column type=&#8221;4_4&#8243; _builder_version=&#8221;4.16&#8243; custom_padding=&#8221;||0px|&#8221; global_colors_info=&#8221;{}&#8221; custom_padding__hover=&#8221;|||&#8221;][et_pb_text admin_label=&#8221;Blue Background Header&#8221; _builder_version=&#8221;4.16&#8243; custom_margin=&#8221;||0px|&#8221; custom_padding=&#8221;||0px|&#8221; global_colors_info=&#8221;{}&#8221;]<\/p>\n<h1>Ansprechpartnerinnen<\/h1>\n<p>[\/et_pb_text][\/et_pb_column][\/et_pb_row][\/et_pb_section][et_pb_section fb_built=&#8221;1&#8243; _builder_version=&#8221;4.16&#8243; global_colors_info=&#8221;{}&#8221;][et_pb_row column_structure=&#8221;2_3,1_3&#8243; _builder_version=&#8221;4.16&#8243; background_size=&#8221;initial&#8221; background_position=&#8221;top_left&#8221; background_repeat=&#8221;repeat&#8221; global_colors_info=&#8221;{}&#8221;][et_pb_column type=&#8221;2_3&#8243; _builder_version=&#8221;4.16&#8243; custom_padding=&#8221;|||&#8221; global_colors_info=&#8221;{}&#8221; custom_padding__hover=&#8221;|||&#8221;][et_pb_text _builder_version=&#8221;4.23.1&#8243; global_colors_info=&#8221;{}&#8221;]<\/p>\n<p>F\u00fcr Presse- und Interviewanfragen bzw. Terminvereinbarungen kontaktieren Sie bitte:<\/p>\n<p>[\/et_pb_text][et_pb_team_member name=&#8221;Mag. Alexandra Beroggio&#8221; position=&#8221;Fachliche Leitung des Rauchfrei Telefons&#8221; _builder_version=&#8221;4.23.1&#8243; z_index_tablet=&#8221;500&#8243; global_colors_info=&#8221;{}&#8221;]<\/p>\n<p>\u00d6sterreichische Gesundheitskasse<br \/>Kremser Landstra\u00dfe 3<br \/>3100\u00a0St. P\u00f6lten<br \/>Tel.: 05 07 66 126220<br \/>Mail: <a href=\"mailto:alexandra.beroggio@oegk.at\" target=\"_blank\" rel=\"noopener\">alexandra.beroggio@oegk.at<\/a><\/p>\n<p>[\/et_pb_team_member][et_pb_team_member name=&#8221;Mag. Sabine Mlcoch&#8221; position=&#8221;Pressesprecherin&#8221; _builder_version=&#8221;4.27.4&#8243; z_index_tablet=&#8221;500&#8243; global_colors_info=&#8221;{}&#8221;]<\/p>\n<p>\u00d6sterreichische Gesundheitskasse<br \/>Mail: <a href=\"mailto:presse-noe@oegk.at\" target=\"_blank\" rel=\"noopener noreferrer\"><\/a><em><a href=\"mailto:presse@oegk.at\">presse@oegk.at<\/a><\/em><\/p>\n<p><a href=\"mailto:presse-noe@oegk.at\" target=\"_blank\" rel=\"noopener noreferrer\"><\/a><\/p>\n<p>[\/et_pb_team_member][\/et_pb_column][et_pb_column type=&#8221;1_3&#8243; _builder_version=&#8221;4.16&#8243; custom_padding=&#8221;|||&#8221; global_colors_info=&#8221;{}&#8221; custom_padding__hover=&#8221;|||&#8221;][et_pb_dp_dmb_module_10093 farbe=&#8221;blitzgelb&#8221; headline=&#8221;Buchen Sie einen Anruf!&#8221; image=&#8221;https:\/\/rauchfrei.at\/wp-content\/uploads\/rauchfrei-rueckruf-gelb.png&#8221; image_position=&#8221;center&#8221; link_text=&#8221;Anruf buchen!&#8221; link_url=&#8221;https:\/\/rauchfrei.at\/beratung\/anruf-gewuenscht\/&#8221; image_size=&#8221;80&#8243; admin_label=&#8221;Anruf buchen&#8221; _builder_version=&#8221;3.21.1&#8243; max_width=&#8221;100%&#8221; global_module=&#8221;13148&#8243; saved_tabs=&#8221;all&#8221; global_colors_info=&#8221;{}&#8221;]<\/p>\n<p>Wir rufen Sie gerne an.<\/p>\n<p>[\/et_pb_dp_dmb_module_10093][\/et_pb_column][\/et_pb_row][\/et_pb_section]<\/p>\n","protected":false},"excerpt":{"rendered":"<p>AnsprechpartnerinnenF\u00fcr Presse- und Interviewanfragen bzw. Terminvereinbarungen kontaktieren Sie bitte:\u00d6sterreichische GesundheitskasseKremser Landstra\u00dfe 33100\u00a0St. P\u00f6ltenTel.: 05 07 66 126220Mail: alexandra.beroggio@oegk.at\u00d6sterreichische GesundheitskasseMail: presse@oegk.at Wir rufen Sie gerne an.<\/p>\n","protected":false},"author":2,"featured_media":0,"parent":338,"menu_order":0,"comment_status":"closed","ping_status":"open","template":"","meta":{"_et_pb_use_builder":"on","_et_pb_old_content":"<p>F\u00fcr Presse- und Interviewanfragen bzw. Terminvereinbarungen kontaktieren Sie bitte<\/p><p>\u00a0<\/p><p><strong><strong>MMag. Sophie Meingassner<\/strong><\/strong><br \/>Fachliche Leitung des Rauchfrei Telefons<br \/>Kremser Landstra\u00dfe 3<br \/>3100\u00a0St. P\u00f6lten<br \/>Tel.:\u00a005 08 99 6219<br \/>Email: <a href=\"mailto:sophie.meingassner@noegkk.at\" target=\"_blank\" rel=\"noopener\">sophie.meingassner@noegkk.at<\/a><\/p><p>oder<\/p><p><strong>Dr. Lisi Heinz<\/strong><br \/>\u00d6ffentlichkeitsarbeit<br \/>Nieder\u00f6sterreichische Gebietskrankenkasse<br \/>Kremser Landstra\u00dfe 3<br \/>3100\u00a0St. P\u00f6lten<br \/>Tel.:\u00a005 08 99 5122<br \/>Email:\u00a0<a href=\"mailto:oea@noegkk.at\">oea@noegkk.at <\/a><\/p><p>\u00a0<\/p><p>\u00a0<\/p><p>\u00a0<\/p>","_et_gb_content_width":"","footnotes":""},"class_list":["post-383","page","type-page","status-publish","hentry"],"yoast_head":"<!-- This site is optimized with the Yoast SEO plugin v26.2 - https:\/\/yoast.com\/wordpress\/plugins\/seo\/ -->\n<title>Ansprechpartnerinnen - Rauchfrei Telefon<\/title>\n<meta name=\"robots\" content=\"index, follow, max-snippet:-1, max-image-preview:large, max-video-preview:-1\" \/>\n<link rel=\"canonical\" href=\"https:\/\/rauchfrei.at\/presse\/ansprechpartner\/\" \/>\n<meta property=\"og:locale\" content=\"en_US\" \/>\n<meta property=\"og:type\" content=\"article\" \/>\n<meta property=\"og:title\" content=\"Ansprechpartnerinnen - Rauchfrei Telefon\" \/>\n<meta property=\"og:description\" content=\"AnsprechpartnerinnenF\u00fcr Presse- und Interviewanfragen bzw. Terminvereinbarungen kontaktieren Sie bitte:\u00d6sterreichische GesundheitskasseKremser Landstra\u00dfe 33100\u00a0St. P\u00f6ltenTel.: 05 07 66 126220Mail: alexandra.beroggio@oegk.at\u00d6sterreichische GesundheitskasseMail: presse@oegk.at Wir rufen Sie gerne an.\" \/>\n<meta property=\"og:url\" content=\"https:\/\/rauchfrei.at\/presse\/ansprechpartner\/\" \/>\n<meta property=\"og:site_name\" content=\"Rauchfrei Telefon\" \/>\n<meta property=\"article:modified_time\" content=\"2025-11-05T11:36:12+00:00\" \/>\n<meta name=\"twitter:card\" content=\"summary_large_image\" \/>\n<meta name=\"twitter:label1\" content=\"Est. reading time\" \/>\n\t<meta name=\"twitter:data1\" content=\"2 minutes\" \/>\n<script type=\"application\/ld+json\" class=\"yoast-schema-graph\">{\"@context\":\"https:\/\/schema.org\",\"@graph\":[{\"@type\":\"WebPage\",\"@id\":\"https:\/\/rauchfrei.at\/presse\/ansprechpartner\/\",\"url\":\"https:\/\/rauchfrei.at\/presse\/ansprechpartner\/\",\"name\":\"Ansprechpartnerinnen - Rauchfrei Telefon\",\"isPartOf\":{\"@id\":\"https:\/\/rauchfrei.at\/#website\"},\"datePublished\":\"2012-03-12T05:13:43+00:00\",\"dateModified\":\"2025-11-05T11:36:12+00:00\",\"breadcrumb\":{\"@id\":\"https:\/\/rauchfrei.at\/presse\/ansprechpartner\/#breadcrumb\"},\"inLanguage\":\"en-US\",\"potentialAction\":[{\"@type\":\"ReadAction\",\"target\":[\"https:\/\/rauchfrei.at\/presse\/ansprechpartner\/\"]}]},{\"@type\":\"BreadcrumbList\",\"@id\":\"https:\/\/rauchfrei.at\/presse\/ansprechpartner\/#breadcrumb\",\"itemListElement\":[{\"@type\":\"ListItem\",\"position\":1,\"name\":\"Presse\",\"item\":\"https:\/\/rauchfrei.at\/presse\/\"},{\"@type\":\"ListItem\",\"position\":2,\"name\":\"Ansprechpartnerinnen\"}]},{\"@type\":\"WebSite\",\"@id\":\"https:\/\/rauchfrei.at\/#website\",\"url\":\"https:\/\/rauchfrei.at\/\",\"name\":\"Rauchfrei Telefon\",\"description\":\"Eine \u00f6sterreichweite Initiative der Sozialversicherungen.\",\"potentialAction\":[{\"@type\":\"SearchAction\",\"target\":{\"@type\":\"EntryPoint\",\"urlTemplate\":\"https:\/\/rauchfrei.at\/?s={search_term_string}\"},\"query-input\":{\"@type\":\"PropertyValueSpecification\",\"valueRequired\":true,\"valueName\":\"search_term_string\"}}],\"inLanguage\":\"en-US\"}]}<\/script>\n<!-- \/ Yoast SEO plugin. -->","yoast_head_json":{"title":"Ansprechpartnerinnen - Rauchfrei Telefon","robots":{"index":"index","follow":"follow","max-snippet":"max-snippet:-1","max-image-preview":"max-image-preview:large","max-video-preview":"max-video-preview:-1"},"canonical":"https:\/\/rauchfrei.at\/presse\/ansprechpartner\/","og_locale":"en_US","og_type":"article","og_title":"Ansprechpartnerinnen - Rauchfrei Telefon","og_description":"AnsprechpartnerinnenF\u00fcr Presse- und Interviewanfragen bzw. Terminvereinbarungen kontaktieren Sie bitte:\u00d6sterreichische GesundheitskasseKremser Landstra\u00dfe 33100\u00a0St. P\u00f6ltenTel.: 05 07 66 126220Mail: alexandra.beroggio@oegk.at\u00d6sterreichische GesundheitskasseMail: presse@oegk.at Wir rufen Sie gerne an.","og_url":"https:\/\/rauchfrei.at\/presse\/ansprechpartner\/","og_site_name":"Rauchfrei Telefon","article_modified_time":"2025-11-05T11:36:12+00:00","twitter_card":"summary_large_image","twitter_misc":{"Est. reading time":"2 minutes"},"schema":{"@context":"https:\/\/schema.org","@graph":[{"@type":"WebPage","@id":"https:\/\/rauchfrei.at\/presse\/ansprechpartner\/","url":"https:\/\/rauchfrei.at\/presse\/ansprechpartner\/","name":"Ansprechpartnerinnen - Rauchfrei Telefon","isPartOf":{"@id":"https:\/\/rauchfrei.at\/#website"},"datePublished":"2012-03-12T05:13:43+00:00","dateModified":"2025-11-05T11:36:12+00:00","breadcrumb":{"@id":"https:\/\/rauchfrei.at\/presse\/ansprechpartner\/#breadcrumb"},"inLanguage":"en-US","potentialAction":[{"@type":"ReadAction","target":["https:\/\/rauchfrei.at\/presse\/ansprechpartner\/"]}]},{"@type":"BreadcrumbList","@id":"https:\/\/rauchfrei.at\/presse\/ansprechpartner\/#breadcrumb","itemListElement":[{"@type":"ListItem","position":1,"name":"Presse","item":"https:\/\/rauchfrei.at\/presse\/"},{"@type":"ListItem","position":2,"name":"Ansprechpartnerinnen"}]},{"@type":"WebSite","@id":"https:\/\/rauchfrei.at\/#website","url":"https:\/\/rauchfrei.at\/","name":"Rauchfrei Telefon","description":"Eine \u00f6sterreichweite Initiative der Sozialversicherungen.","potentialAction":[{"@type":"SearchAction","target":{"@type":"EntryPoint","urlTemplate":"https:\/\/rauchfrei.at\/?s={search_term_string}"},"query-input":{"@type":"PropertyValueSpecification","valueRequired":true,"valueName":"search_term_string"}}],"inLanguage":"en-US"}]}},"_links":{"self":[{"href":"https:\/\/rauchfrei.at\/en\/wp-json\/wp\/v2\/pages\/383","targetHints":{"allow":["GET"]}}],"collection":[{"href":"https:\/\/rauchfrei.at\/en\/wp-json\/wp\/v2\/pages"}],"about":[{"href":"https:\/\/rauchfrei.at\/en\/wp-json\/wp\/v2\/types\/page"}],"author":[{"embeddable":true,"href":"https:\/\/rauchfrei.at\/en\/wp-json\/wp\/v2\/users\/2"}],"replies":[{"embeddable":true,"href":"https:\/\/rauchfrei.at\/en\/wp-json\/wp\/v2\/comments?post=383"}],"version-history":[{"count":9,"href":"https:\/\/rauchfrei.at\/en\/wp-json\/wp\/v2\/pages\/383\/revisions"}],"predecessor-version":[{"id":31364,"href":"https:\/\/rauchfrei.at\/en\/wp-json\/wp\/v2\/pages\/383\/revisions\/31364"}],"up":[{"embeddable":true,"href":"https:\/\/rauchfrei.at\/en\/wp-json\/wp\/v2\/pages\/338"}],"wp:attachment":[{"href":"https:\/\/rauchfrei.at\/en\/wp-json\/wp\/v2\/media?parent=383"}],"curies":[{"name":"wp","href":"https:\/\/api.w.org\/{rel}","templated":true}]}}