
{"id":5183,"date":"2014-03-12T16:42:46","date_gmt":"2014-03-12T14:42:46","guid":{"rendered":"http:\/\/rauchfrei.ipax.hosting\/?page_id=5183"},"modified":"2019-03-21T09:11:08","modified_gmt":"2019-03-21T07:11:08","slug":"trauen-sie-sich-den-rauchstopp-zu","status":"publish","type":"page","link":"https:\/\/rauchfrei.at\/en\/aufhoeren\/schritte-zum-rauchstopp\/trauen-sie-sich-den-rauchstopp-zu\/","title":{"rendered":"Trauen Sie sich den Rauchstopp zu!"},"content":{"rendered":"<p>[et_pb_section fb_built=&#8221;1&#8243; custom_padding_last_edited=&#8221;off|&#8221; module_class=&#8221;header&#8221; _builder_version=&#8221;3.19.15&#8243; background_color=&#8221;#67bad3&#8243; custom_margin=&#8221;||0px|&#8221; custom_padding=&#8221;100px||10px|&#8221;][et_pb_row custom_padding=&#8221;||0px|&#8221; custom_margin=&#8221;||0px|&#8221; padding_bottom_1=&#8221;0px&#8221; _builder_version=&#8221;3.0.99&#8243;][et_pb_column type=&#8221;4_4&#8243; _builder_version=&#8221;3.0.47&#8243;][et_pb_text admin_label=&#8221;Blue Background Header&#8221; _builder_version=&#8221;3.21&#8243; custom_margin=&#8221;||0px|&#8221; custom_padding=&#8221;||0px|&#8221;]<\/p>\n<h1>Trauen Sie sich den Rauchstopp zu!<\/h1>\n<h2>Sie k\u00f6nnen nur gewinnen.<\/h2>\n<p>[\/et_pb_text][\/et_pb_column][\/et_pb_row][\/et_pb_section][et_pb_section fb_built=&#8221;1&#8243; _builder_version=&#8221;3.0.47&#8243;][et_pb_row _builder_version=&#8221;3.0.47&#8243; background_size=&#8221;initial&#8221; background_position=&#8221;top_left&#8221; background_repeat=&#8221;repeat&#8221;][et_pb_column type=&#8221;2_3&#8243; _builder_version=&#8221;3.0.47&#8243;][et_pb_text admin_label=&#8221;Trauen Sie sich den Rauchstopp zu&#8221; _builder_version=&#8221;3.21&#8243;]<\/p>\n<div>\n<div>\n<div>\n<div id=\"wrapper\">\n<div id=\"main\">\n<div id=\"threecolumns\">\n<div>\n<div id=\"twocolumns\">\n<div id=\"content\">\n<div>\n<p>Viele Raucher\/innen schieben den Rauchstopp lange vor sich her. Das kann viele verschiedene Gr\u00fcnde haben. Ein Hindernis kann sein, dass man sich den Rauchstopp gar nicht zutraut. Viele Raucher\/innen haben schon ein oder mehrere Male den Rauchstopp in Angriff genommen und es nur f\u00fcr kurze Zeit (ein paar Stunden, einige Tage oder ein paar Wochen) geschafft, rauchfrei zu sein, bevor sich die Zigarette wieder ihren Platz im Alltag gesucht hat. Das geh\u00f6rt zu den Kennzeichen der Nikotinabh\u00e4ngigkeit.<\/p>\n<blockquote>\n<p>Lassen Sie sich nicht entmutigen. <strong>Raucher\/in zu sein oder zu bleiben ist kein Schicksal<\/strong> oder keine Sache der Pers\u00f6nlichkeit.<\/p>\n<\/blockquote>\n<h3>Trauen Sie sich den Rauchstopp zu!<\/h3>\n<p>Mit guter Vorbereitung, klaren Gr\u00fcnden, Unterst\u00fctzung und eventuell auch professioneller Hilfe haben Sie gute Chancen, rauchfrei zu werden \u2013 egal ob Sie 20 oder 70 Jahre alt sind, einen oder zehn Rauchstopps hinter sich haben, 20 oder 60 Zigaretten am Tag rauchen!<\/p>\n<h3>Keine Angst vor R\u00fcckf\u00e4llen!<\/h3>\n<p>R\u00fcckf\u00e4lle geh\u00f6ren in der Regel zum Ver\u00e4nderungsprozess. Nutzen Sie all Ihre Erfahrungen, die Sie bei bisherigen Rauchstopps gesammelt haben, um beim n\u00e4chsten Mal bestimmte Fallen und Risikosituationen zu meiden.<\/p>\n<h3>Keine Angst vor Entzugssymptomen!<\/h3>\n<p>Ungef\u00e4hr die H\u00e4lfte der Raucher\/innen berichtet von Entzugssymptomen beim Rauchstopp. Jeder Rauchstopp verl\u00e4uft anders. Auch wenn Sie fr\u00fcher einmal unter Entzugserscheinungen gelitten haben, so muss sich das beim n\u00e4chsten Mal nicht wiederholen. Au\u00dferdem gibt es Unterst\u00fctzung und das Wissen, dass die Entzugssymptome in der Regel nicht lange dauern.<\/p>\n<h3>Haben Sie Vertrauen in sich!<\/h3>\n<p>Sie haben sicher schon einiges in Ihrem Leben geschafft, manches vielleicht auf Anhieb, anderes hat vielleicht ein paar Anl\u00e4ufe gebraucht:\u00a0 Schule und Ausbildung abgeschlossen, den F\u00fchrerschein gemacht, ein Projekt trotz auftretender Schwierigkeiten und Probleme gut abgeschlossen, einen Konflikt zum Guten gel\u00f6st, hartn\u00e4ckig ein Ziel verfolgt, sich und der eigenen Familie eine Lebensgrundlage geschaffen, vielleicht sogar ein Haus gebaut? Warum sollten Sie es dann nicht schaffen, sich von diesem kleinen t\u00f6dlichen St\u00e4bchen, das Ihnen die Tabakindustrie eingebrockt hat, zu verabschieden?<\/p>\n<h3>Ausreden gelten nicht!<\/h3>\n<p>Nicht der richtige Zeitpunkt? Noch nicht wirklich notwendig, weil Sie gesund sind? Sie k\u00f6nnen sich ein Leben ohne Zigarette nicht vorstellen? Sie glauben, Ihnen schadet das Rauchen nicht? Sie brauchen die Zigarette, weil Sie sonst zunehmen w\u00fcrden? Rauchen geh\u00f6rt einfach zu Ihrem Leben?<\/p>\n<h3>Nehmen Sie den Rauchstopp in Angriff!<\/h3>\n<p>Wenn Sie nicht v\u00f6llig \u00fcberzeugt davon sind, dass Rauchen f\u00fcr Sie das Beste und Sinnvollste ist \u2013 h\u00f6ren Sie auf damit und suchen Sie nicht l\u00e4nger Ausreden f\u00fcrs Weiterrauchen!<\/p>\n<\/div>\n<h2>\u00a0<\/h2>\n<\/div>\n<\/div>\n<\/div>\n<\/div>\n<\/div>\n<\/div>\n<\/div>\n<\/div>\n<\/div>\n<p>[\/et_pb_text][\/et_pb_column][et_pb_column type=&#8221;1_3&#8243; _builder_version=&#8221;3.0.47&#8243;][et_pb_dp_dmb_module_10093 farbe=&#8221;blitzgelb&#8221; headline=&#8221;Rufen Sie uns an! &#8221; image=&#8221;https:\/\/rauchfrei.at\/wp-content\/uploads\/rauchfrei-psychologin-gelb.png&#8221; image_position=&#8221;center&#8221; link_text=&#8221;mehr&#8221; link_url=&#8221;https:\/\/rauchfrei.at\/beratung-vom-rauchfrei-telefon\/&#8221; image_size=&#8221;80&#8243; admin_label=&#8221;Rufen Sie uns an!&#8221; _builder_version=&#8221;3.19.15&#8243; global_module=&#8221;13167&#8243; saved_tabs=&#8221;all&#8221;]<\/p>\n<p>Wir beraten und informieren Sie gerne!<\/p>\n<p>[\/et_pb_dp_dmb_module_10093][et_pb_dp_dmb_module_10093 farbe=&#8221;blitzblau&#8221; headline=&#8221;Passivrauch&#8221; image=&#8221;https:\/\/rauchfrei.at\/wp-content\/uploads\/passivrauch-rauchfrei-fuer-alle.png&#8221; image_position=&#8221;center&#8221; link_text=&#8221;mehr&#8221; link_url=&#8221;https:\/\/rauchfrei.at\/fakten\/passivrauch\/&#8221; image_size=&#8221;70&#8243; admin_label=&#8221;Passivrauch&#8221; _builder_version=&#8221;3.19.15&#8243; global_module=&#8221;13172&#8243; saved_tabs=&#8221;all&#8221;]<\/p>\n<p>Rauch ist giftig, niemand sollte ihn einatmen!<\/p>\n<p>[\/et_pb_dp_dmb_module_10093][et_pb_dp_dmb_module_10080 link_text=&#8221;Hier&#8221; admin_label=&#8221;Testen Sie Ihre Abh\u00e4ngigkeit&#8221; _builder_version=&#8221;3.19.15&#8243; global_module=&#8221;13157&#8243; saved_tabs=&#8221;all&#8221;]<\/p>\n<p><strong>Testen <\/strong>Sie Ihre <strong>Abh\u00e4ngigkeit!<\/strong><\/p>\n<p>[\/et_pb_dp_dmb_module_10080][\/et_pb_column][\/et_pb_row][\/et_pb_section]<\/p>\n","protected":false},"excerpt":{"rendered":"<p>Viele Menschen haben den Wunsch, ihr Rauchverhalten zu \u00e4ndern. Sie auch?<br \/>\nM\u00f6chten Sie rauchfrei werden und trauen sich noch nicht richtig \u201edr\u00fcber\u201c?<br \/>\nHier m\u00f6chten wir Sie dazu motivieren, den Rauchstopp in Angriff zu nehmen \u2013 am 1.J\u00e4nner oder an jedem anderen Tag! <\/p>\n","protected":false},"author":7,"featured_media":0,"parent":218,"menu_order":0,"comment_status":"open","ping_status":"open","template":"","meta":{"_et_pb_use_builder":"on","_et_pb_old_content":"<div class=\"wrapper-area\"><div class=\"wrapper-holder\"><div class=\"wrapper-frame\"><div id=\"wrapper\"><div id=\"main\"><div id=\"threecolumns\"><div class=\"content-column\"><div id=\"twocolumns\"><div id=\"content\"><div class=\"single-post\"><h1>Ihre F\u00e4higkeiten f\u00fcr den Rauchstopp<\/h1><p>Gleich zu Beginn eine gute Nachricht: <strong>Alle F\u00e4higkeiten, die Sie f\u00fcr den Rauchstopp ben\u00f6tigen, besitzen Sie bereits.<\/strong> Es geht jetzt nur darum, sich dieser F\u00e4higkeiten bewusst zu werden und sie zu aktivieren.<\/p><p>Sicherlich haben Sie schon viele Situationen in Ihrem Leben gemeistert, <strong>die eine gro\u00dfe Herausforderung darstellten<\/strong> und wo Sie vielleicht zun\u00e4chst Sorgen oder Zweifel hatten, wie sie diese bew\u00e4ltigen w\u00fcrden.<br \/><strong>\u00dcberlegen Sie:<\/strong> Wo haben Sie Erfolg gehabt? Was ist Ihnen alles schon gelungen in Ihrem Leben? Denken Sie zum Beispiel an Situationen wie Radfahren lernen, Schwimmen lernen oder Ihren Schulabschluss. Auch eine neue Ausbildung, ein Jobwechsel, ein Umzug oder all die Umstellungen im Zuge einer Elternschaft konnten Sie bereits toll meistern. Vielleicht gab es ein bestimmtes Ziel, wie etwa das Erklimmen eines Berggipfels, das Sie erreichen wollten und f\u00fcr das Sie bereit waren, gewisse M\u00fchen auf sich zu nehmen.<\/p><p><strong>Denken Sie daran, was f\u00fcr ein sch\u00f6nes Gef\u00fchl es ist, ein Ziel zu erreichen und wie sch\u00f6n das Erfolgserlebnis ist!<\/strong><\/p><p>Genau diese F\u00e4higkeiten, die Sie schon in vielen Situationen Ihres Lebens angewendet haben, brauchen Sie f\u00fcr den Rauchstopp. Sie haben es schon oft geschafft, sich zu motivieren und schwierige Momente auf dem Weg zu Ihrem Ziel zu \u00fcberwinden. Sie schafften es, sich zu ermutigen, nach vorne zu schauen und sich \u00fcber die einzelnen Erfolgsschritte in Richtung Ihres Ziels zu freuen. Sie haben sich manches Mal Etappenziele gesetzt und sich zwischendurch selbst belohnt. All diese Erfahrungen werden Ihnen beim Rauchstopp eine gro\u00dfe Hilfe und Unterst\u00fctzung sein.<\/p><h2>Lernen Sie aus Ihren Erfahrungen<\/h2><p>Lernen Sie auch aus den Erfahrungen, die Sie bereits bei vorangegangenen Rauchstopps oder Reduktionsversuchen gemacht haben. Was hat Ihnen geholfen, auch ohne Zigarette entspannen zu k\u00f6nnen oder eine Pause zu machen? Wie haben Sie Stresssituationen rauchfrei bew\u00e4ltigt? Wie sind Sie mit Emotionen wie \u00c4rger umgegangen?<\/p><p>Als besonders wesentliche F\u00e4higkeiten im Zusammenhang mit dem Rauchstopp m\u00f6chten wir hier noch folgende drei Punkte hervorheben:<\/p><ul><li>Die F\u00e4higkeit, zu entspannen<\/li><li>Die F\u00e4higkeit, zu genie\u00dfen<\/li><li>Die F\u00e4higkeit, sich Gutes zu tun<\/li><\/ul><p>Je mehr Strategien und M\u00f6glichkeiten Sie f\u00fcr sich finden, um mit den verschiedenen Situationen, in denen Sie sonst geraucht haben umzugehen, umso leichter wird Ihnen die Umstellung auf Ihr rauchfreies Leben fallen.<\/p><\/div><\/div><\/div><\/div><\/div><\/div><\/div><\/div><\/div><\/div><p>\u00a0<\/p><p>\u00a0<\/p><h1>\u00a0<\/h1><h1><strong>Alte Seite: Trauen Sie sich den RST zu:<\/strong><\/h1><p>Viele Raucherinnen und Raucher <strong>spielen schon lange mit dem Gedanken<\/strong>, <strong>rauchfrei zu werden<\/strong>, noch bevor sie diesen Wunsch in die Tat umsetzen. Sie auch?<\/p><p><strong>Was hindert Sie an der Umsetzung Ihres Rauchstopps?<\/strong> K\u00f6nnen Sie sich ein Leben ohne Zigarette noch nicht vorstellen? Haben Sie noch nicht ausreichend Gr\u00fcnde f\u00fcr sich gefunden, die f\u00fcr ein rauchfreies Leben sprechen? Ist es die Angst vor m\u00f6glichen Entzugserscheinungen?\u00a0\u00a0Oder haben Sie bereits mehrere Rauchstopps hinter sich und\u00a0Sie\u00a0haben den\u00a0Mut verloren, es noch einmal \"anzugehen\"?<\/p><p><strong>Lassen Sie sich nicht entmutigen!<\/strong> Im folgenden m\u00f6chten wir Sie motivieren, sich <strong>aktiv<\/strong> mit Ihrem Rauchstopp <strong>auseinanderzusetzen.<\/strong><\/p><h3>\u00a0<\/h3><p>[toggle Title=\"Nicht der richtige Zeitpunkt?\"]<\/p><h3>\u00a0<\/h3><p>Vor sich her schieben, Ausreden\u00a0finden ---<br \/><strong>ich k\u00f6nnte ja aber<\/strong>\u2026 kommen Ihnen bekannt vor?<\/p><p>\u00a0<\/p><p><strong>Damit sind Sie nicht alleine.<\/strong> Vielen anderen Raucherinnen und Rauchern geht es genauso - trotz Unzufriedenheit, Kurzatmigkeit und mangelnder Fitness\u00a0z\u00fcnden sie sich t\u00e4glich wieder die erste Zigarette in der Fr\u00fch und s\u00e4mtliche\u00a0weitere an.<\/p><p>\u00a0<\/p><p>Warum ist das so? <strong>Warum ist es nicht so einfach, etwas zu lassen, von dem man sp\u00fcrt, dass es nicht gut tut?<\/strong> Eine Erkl\u00e4rung ist sicherlich, dass Rauchen k\u00f6rperlich und psychisch (stark) abh\u00e4ngig machen kann. Viele Raucherinnen und Raucher haben bereits mehr als einmal versucht, rauchfrei zu werden. Der Wunsch, rauchfrei zu werden und zu bleiben, ist\u00a0eine Grundvoraussetzung f\u00fcr den Rauchstopp, reicht aber alleine oftmals nicht aus.<\/p><p>\u00a0<\/p><p><strong>Waren Sie vielleicht\u00a0auch schon einmal<\/strong>\u00a0ein paar\u00a0Stunden, Tage oder Monate\u00a0<strong>rauchfrei <\/strong>und konnten nicht langfristig dabei bleiben? Ein R\u00fcckfall\u00a0l\u00f6st\u00a0oftmals das Gef\u00fchl\u00a0\"Ich kann es ja ohnehin nicht schaffen\"\u00a0aus. Raucherinnen\u00a0 und Raucher sind <strong>hin- und her gerissen<\/strong> zwischen dem Wunsch, rauchfrei zu werden und der Angst vor dem Schritt in ein Leben frei von Zigaretten.<\/p><p>\u00a0<\/p><p><strong>Doch was k\u00f6nnen Sie verlieren<\/strong>, wenn Sie den Rauchstopp in Angriff nehmen? Es kann Ihnen nichts passieren \u2013 denn <strong>Sie k\u00f6nnen nur gewinnen.<\/strong><\/p><p>[\/toggle]<\/p><p>[toggle Title=\"In Angriff nehmen!\"]<\/p><h3>\u00a0<\/h3><p><strong>Der Wunsch<\/strong>, rauchfrei zu werden, ist der<strong> erste gro\u00dfe Schritt in Richtung Ver\u00e4nderung<\/strong>. Manchmal ist es zuerst\u00a0auch nur\u00a0die Unzufriedenheit mit dem Rauchen.<\/p><p>\u00a0<\/p><p><strong>Warum aufh\u00f6ren?<\/strong><\/p><blockquote><p>\"Ich m\u00f6chte wieder\u00a0frei atmen k\u00f6nnen.\" (Isabella, 37)<br \/>\"Mir ist es am Wichtigsten, fit zu sein f\u00fcr mein Enkelkind.\" (Horst, 55)<br \/>\"Ich m\u00f6chte mich frei und unabh\u00e4ngig f\u00fchlen.\" (Stefanie, 23)<\/p><p>\u00a0<\/p><\/blockquote><p>Die Motivation \u2013 genauer gesagt: Ihre h\u00f6chstpers\u00f6nlichen Motive f\u00fcr den Rauchstopp - ist eine Grundvoraussetzung f\u00fcr das Gelingen Ihres Vorhabens. Was h\u00e4lt Sie nach wie vor an der Zigarette? Was motiviert Sie, rauchfrei zu werden?<\/p><p>\u00a0<\/p><p><strong>Notieren Sie Ihre Motive<\/strong> nach folgendem Schema und wiegen Sie f\u00fcr sich ab:<\/p><p>\u00a0<\/p><table border=\"0\"><tbody><tr><td>Gr\u00fcnde f\u00fcr das Rauchen<\/td><td>Gr\u00fcnde gegen das Rauchen<\/td><\/tr><tr><td>Gr\u00fcnde gegen das Aufh\u00f6ren<\/td><td>Gr\u00fcnde f\u00fcr das Aufh\u00f6ren<\/td><\/tr><\/tbody><\/table><p>\u00a0<\/p><p><strong>Unser Tipp:<\/strong> Schreiben Sie Ihre Motive und Bedenken wirklich auf. Es macht einen Unterschied, sie \u201enur\u201c durchzudenken, oder wirklich \u201eschwarz auf wei\u00df\u201c vor sich zu sehen. So k\u00f6nnen Sie auch immer wieder Neues hinzuf\u00fcgen, wenn Ihnen weitere Aspekte Ihrer Motivation auffallen.<\/p><p>\u00a0<\/p><p><strong>Welches ist Ihr wichtigstes Motiv?<\/strong><\/p><p>Legen Sie sich\u00a0mit Hilfe\u00a0Ihres wichtigsten Motivs Ihren pers\u00f6nlichen <strong>Motivationssatz<\/strong> zurecht!<\/p><p>\u00a0<\/p><p>Achten Sie bitte darauf, diesen Satz positiv zu formulieren, d.h. ohne Verneinungen! Wenn Ihr wichtigstes Motiv beispielsweise ist, nicht mehr zu husten, dann k\u00f6nnten Sie f\u00fcr sich formulieren \u201eIch m\u00f6chte frei von Husten sein.\u201c Oder \u201eIch m\u00f6chte meiner Lunge etwas Gutes tun und frei atmen k\u00f6nnen.\u201c<\/p><p>\u00a0<\/p><p>Mehr dazu:<br \/><a href=\"https:\/\/rauchfrei.at\/aufhoeren\/schritte-zum-rauchstopp\/motive-fuer-den-rauchstopp\/\">Motive f\u00fcr den Rauchstopp<\/a><br \/><a href=\"https:\/\/rauchfrei.at\/jung-und-rauchfrei\/deine-gewinne\/\">Deine Gewinne<\/a><br \/><a href=\"https:\/\/rauchfrei.at\/wp-content\/uploads\/motive-fuer-den-rauchstopp.pdf\">Motive f\u00fcr ein rauchfreies Leben<\/a><\/p><p>[\/toggle]<\/p><p>[toggle Title=\"Entscheiden Sie sich!\"]<\/p><h3>\u00a0<\/h3><p>Welche Seite wiegt mehr? Finden Sie mehr Gr\u00fcnde, weiter zu rauchen, oder \u00fcberwiegen Ihre Motive, rauchfrei zu werden?<\/p><p>\u00a0<\/p><p>Wichtig ist in jedem Fall, dass Sie eine <strong>klare Entscheidung<\/strong> f\u00fcr sich treffen. In Ihrer Entscheidung sind Sie frei: Sie selbst wissen f\u00fcr sich am Besten, was Sie m\u00f6chten.<\/p><p>\u00a0<\/p><p>Falls Sie noch nicht ausreichend gewichtige Gr\u00fcnde f\u00fcr sich gefunden haben, die f\u00fcr den Rauchstopp sprechen, rufen Sie uns doch an! Gerne beraten wir Sie und gehen gemeinsam mit Ihnen Pros und Kontras f\u00fcr Ihren Rauchstopp durch.<\/p><p>\u00a0<\/p><p>Wenn Ihre Motivation klar ist und Sie sich f\u00fcr Ihren Rauchstopp entschieden haben, dann steht Ihrem\u00a0Vorhaben nichts mehr im Wege: w\u00e4hlen Sie einen Tag aus, den Sie als Rauchstopptag festlegen und n\u00fctzen Sie die Zeit bis dorthin, um sich vorzubereiten. Dieser Tag k\u00f6nnte auch schon \u00fcbermorgen sein\u2026<\/p><p>\u00a0<\/p><p>Mehr dazu:<br \/><a href=\"https:\/\/rauchfrei.at\/aufhoeren\/\">Vorbereitung auf den Rauchstopp<\/a><br \/><a href=\"https:\/\/rauchfrei.at\/beratung\/beratungsunterlagen\/\">Unterst\u00fctzende Materialien zur Vorbereitung<\/a><\/p><p>[\/toggle]<\/p><p>[toggle Title=\"Planen Sie!\"]<\/p><h3>\u00a0<\/h3><p>Es ist sehr hilfreich, wenn Sie sich einige Tage lang mit Ihrem Rauchverhalten auseinander setzen, in dem Sie ein <a href=\"https:\/\/rauchfrei.at\/wp-content\/uploads\/rauchProtokoll.pdf\">Rauchprotokoll<\/a> f\u00fchren. So k\u00f6nnen Sie gezielt f\u00fcr sich herausfinden, auf welche Situationen Sie sich anfangs besonders gut vorbereiten sollten.<\/p><p>\u00a0<\/p><p>Hier noch einmal die <strong>wichtigsten drei Schritte<\/strong> zusammengefasst:<\/p><p>- Kl\u00e4ren Sie Ihre Motivationslage<br \/>- Legen Sie einen Rauchstopptagfest<br \/>- Bereiten Sie sich vor<\/p><p>\u00a0<\/p><p>.... und dann geht es nur mehr darum, <strong>\"dran\" zu bleiben<\/strong>, sich immer wieder neu zu motivieren und an all die positiven Ver\u00e4nderungen zu denken, die der Rauchstopp f\u00fcr Sie bringt.<\/p><p>\u00a0<\/p><p>Und nat\u00fcrlich steht Ihnen das Rauchfrei Telefon mit Rat und Tat zur Seite! Rufen Sie uns einfach an oder schreiben Sie uns ein Email!<\/p><p>[\/toggle]<\/p><p>[toggle Title=\"Die Rauchfrei App hilft Ihnen bei der Umsetzung\"]<\/p><p>Starten Sie mit der Rauchfrei App in die Vorbereitungen, so gelingt Ihnen der Rauchstopp leichter.<\/p><p>\u00a0<\/p><p>Hier geht es zur Rauchfrei App:<\/p><p><a href=\"http:\/\/www.rauchfreiapp.at\" target=\"_blank\" rel=\"noopener\">Die Rauchfrei App<\/a><\/p><p>[\/toggle]<\/p><p>\u00a0<\/p><p>\u00a0<\/p>","_et_gb_content_width":"","footnotes":""},"class_list":["post-5183","page","type-page","status-publish","hentry"],"yoast_head":"<!-- This site is optimized with the Yoast SEO plugin v26.2 - https:\/\/yoast.com\/wordpress\/plugins\/seo\/ -->\n<title>Trauen Sie sich den Rauchstopp zu! - Rauchfrei Telefon<\/title>\n<meta name=\"robots\" content=\"index, follow, max-snippet:-1, max-image-preview:large, max-video-preview:-1\" \/>\n<link rel=\"canonical\" href=\"https:\/\/rauchfrei.at\/aufhoeren\/schritte-zum-rauchstopp\/trauen-sie-sich-den-rauchstopp-zu\/\" \/>\n<meta property=\"og:locale\" content=\"en_US\" \/>\n<meta property=\"og:type\" content=\"article\" \/>\n<meta property=\"og:title\" content=\"Trauen Sie sich den Rauchstopp zu! - Rauchfrei Telefon\" \/>\n<meta property=\"og:description\" content=\"Viele Menschen haben den Wunsch, ihr Rauchverhalten zu \u00e4ndern. Sie auch? M\u00f6chten Sie rauchfrei werden und trauen sich noch nicht richtig \u201edr\u00fcber\u201c? Hier m\u00f6chten wir Sie dazu motivieren, den Rauchstopp in Angriff zu nehmen \u2013 am 1.J\u00e4nner oder an jedem anderen Tag!\" \/>\n<meta property=\"og:url\" content=\"https:\/\/rauchfrei.at\/aufhoeren\/schritte-zum-rauchstopp\/trauen-sie-sich-den-rauchstopp-zu\/\" \/>\n<meta property=\"og:site_name\" content=\"Rauchfrei Telefon\" \/>\n<meta property=\"article:modified_time\" content=\"2019-03-21T07:11:08+00:00\" \/>\n<meta name=\"twitter:card\" content=\"summary_large_image\" \/>\n<meta name=\"twitter:label1\" content=\"Est. reading time\" \/>\n\t<meta name=\"twitter:data1\" content=\"4 minutes\" \/>\n<script type=\"application\/ld+json\" class=\"yoast-schema-graph\">{\"@context\":\"https:\/\/schema.org\",\"@graph\":[{\"@type\":\"WebPage\",\"@id\":\"https:\/\/rauchfrei.at\/aufhoeren\/schritte-zum-rauchstopp\/trauen-sie-sich-den-rauchstopp-zu\/\",\"url\":\"https:\/\/rauchfrei.at\/aufhoeren\/schritte-zum-rauchstopp\/trauen-sie-sich-den-rauchstopp-zu\/\",\"name\":\"Trauen Sie sich den Rauchstopp zu! - Rauchfrei Telefon\",\"isPartOf\":{\"@id\":\"https:\/\/rauchfrei.at\/#website\"},\"datePublished\":\"2014-03-12T14:42:46+00:00\",\"dateModified\":\"2019-03-21T07:11:08+00:00\",\"breadcrumb\":{\"@id\":\"https:\/\/rauchfrei.at\/aufhoeren\/schritte-zum-rauchstopp\/trauen-sie-sich-den-rauchstopp-zu\/#breadcrumb\"},\"inLanguage\":\"en-US\",\"potentialAction\":[{\"@type\":\"ReadAction\",\"target\":[\"https:\/\/rauchfrei.at\/aufhoeren\/schritte-zum-rauchstopp\/trauen-sie-sich-den-rauchstopp-zu\/\"]}]},{\"@type\":\"BreadcrumbList\",\"@id\":\"https:\/\/rauchfrei.at\/aufhoeren\/schritte-zum-rauchstopp\/trauen-sie-sich-den-rauchstopp-zu\/#breadcrumb\",\"itemListElement\":[{\"@type\":\"ListItem\",\"position\":1,\"name\":\"Aufh\u00f6ren\",\"item\":\"https:\/\/rauchfrei.at\/aufhoeren\/\"},{\"@type\":\"ListItem\",\"position\":2,\"name\":\"Schritte zum Rauchstopp\",\"item\":\"https:\/\/rauchfrei.at\/aufhoeren\/schritte-zum-rauchstopp\/\"},{\"@type\":\"ListItem\",\"position\":3,\"name\":\"Trauen Sie sich den Rauchstopp zu!\"}]},{\"@type\":\"WebSite\",\"@id\":\"https:\/\/rauchfrei.at\/#website\",\"url\":\"https:\/\/rauchfrei.at\/\",\"name\":\"Rauchfrei Telefon\",\"description\":\"Eine \u00f6sterreichweite Initiative der Sozialversicherungen.\",\"potentialAction\":[{\"@type\":\"SearchAction\",\"target\":{\"@type\":\"EntryPoint\",\"urlTemplate\":\"https:\/\/rauchfrei.at\/?s={search_term_string}\"},\"query-input\":{\"@type\":\"PropertyValueSpecification\",\"valueRequired\":true,\"valueName\":\"search_term_string\"}}],\"inLanguage\":\"en-US\"}]}<\/script>\n<!-- \/ Yoast SEO plugin. -->","yoast_head_json":{"title":"Trauen Sie sich den Rauchstopp zu! - Rauchfrei Telefon","robots":{"index":"index","follow":"follow","max-snippet":"max-snippet:-1","max-image-preview":"max-image-preview:large","max-video-preview":"max-video-preview:-1"},"canonical":"https:\/\/rauchfrei.at\/aufhoeren\/schritte-zum-rauchstopp\/trauen-sie-sich-den-rauchstopp-zu\/","og_locale":"en_US","og_type":"article","og_title":"Trauen Sie sich den Rauchstopp zu! - Rauchfrei Telefon","og_description":"Viele Menschen haben den Wunsch, ihr Rauchverhalten zu \u00e4ndern. Sie auch? M\u00f6chten Sie rauchfrei werden und trauen sich noch nicht richtig \u201edr\u00fcber\u201c? Hier m\u00f6chten wir Sie dazu motivieren, den Rauchstopp in Angriff zu nehmen \u2013 am 1.J\u00e4nner oder an jedem anderen Tag!","og_url":"https:\/\/rauchfrei.at\/aufhoeren\/schritte-zum-rauchstopp\/trauen-sie-sich-den-rauchstopp-zu\/","og_site_name":"Rauchfrei Telefon","article_modified_time":"2019-03-21T07:11:08+00:00","twitter_card":"summary_large_image","twitter_misc":{"Est. reading time":"4 minutes"},"schema":{"@context":"https:\/\/schema.org","@graph":[{"@type":"WebPage","@id":"https:\/\/rauchfrei.at\/aufhoeren\/schritte-zum-rauchstopp\/trauen-sie-sich-den-rauchstopp-zu\/","url":"https:\/\/rauchfrei.at\/aufhoeren\/schritte-zum-rauchstopp\/trauen-sie-sich-den-rauchstopp-zu\/","name":"Trauen Sie sich den Rauchstopp zu! - Rauchfrei Telefon","isPartOf":{"@id":"https:\/\/rauchfrei.at\/#website"},"datePublished":"2014-03-12T14:42:46+00:00","dateModified":"2019-03-21T07:11:08+00:00","breadcrumb":{"@id":"https:\/\/rauchfrei.at\/aufhoeren\/schritte-zum-rauchstopp\/trauen-sie-sich-den-rauchstopp-zu\/#breadcrumb"},"inLanguage":"en-US","potentialAction":[{"@type":"ReadAction","target":["https:\/\/rauchfrei.at\/aufhoeren\/schritte-zum-rauchstopp\/trauen-sie-sich-den-rauchstopp-zu\/"]}]},{"@type":"BreadcrumbList","@id":"https:\/\/rauchfrei.at\/aufhoeren\/schritte-zum-rauchstopp\/trauen-sie-sich-den-rauchstopp-zu\/#breadcrumb","itemListElement":[{"@type":"ListItem","position":1,"name":"Aufh\u00f6ren","item":"https:\/\/rauchfrei.at\/aufhoeren\/"},{"@type":"ListItem","position":2,"name":"Schritte zum Rauchstopp","item":"https:\/\/rauchfrei.at\/aufhoeren\/schritte-zum-rauchstopp\/"},{"@type":"ListItem","position":3,"name":"Trauen Sie sich den Rauchstopp zu!"}]},{"@type":"WebSite","@id":"https:\/\/rauchfrei.at\/#website","url":"https:\/\/rauchfrei.at\/","name":"Rauchfrei Telefon","description":"Eine \u00f6sterreichweite Initiative der Sozialversicherungen.","potentialAction":[{"@type":"SearchAction","target":{"@type":"EntryPoint","urlTemplate":"https:\/\/rauchfrei.at\/?s={search_term_string}"},"query-input":{"@type":"PropertyValueSpecification","valueRequired":true,"valueName":"search_term_string"}}],"inLanguage":"en-US"}]}},"_links":{"self":[{"href":"https:\/\/rauchfrei.at\/en\/wp-json\/wp\/v2\/pages\/5183","targetHints":{"allow":["GET"]}}],"collection":[{"href":"https:\/\/rauchfrei.at\/en\/wp-json\/wp\/v2\/pages"}],"about":[{"href":"https:\/\/rauchfrei.at\/en\/wp-json\/wp\/v2\/types\/page"}],"author":[{"embeddable":true,"href":"https:\/\/rauchfrei.at\/en\/wp-json\/wp\/v2\/users\/7"}],"replies":[{"embeddable":true,"href":"https:\/\/rauchfrei.at\/en\/wp-json\/wp\/v2\/comments?post=5183"}],"version-history":[{"count":6,"href":"https:\/\/rauchfrei.at\/en\/wp-json\/wp\/v2\/pages\/5183\/revisions"}],"predecessor-version":[{"id":20568,"href":"https:\/\/rauchfrei.at\/en\/wp-json\/wp\/v2\/pages\/5183\/revisions\/20568"}],"up":[{"embeddable":true,"href":"https:\/\/rauchfrei.at\/en\/wp-json\/wp\/v2\/pages\/218"}],"wp:attachment":[{"href":"https:\/\/rauchfrei.at\/en\/wp-json\/wp\/v2\/media?parent=5183"}],"curies":[{"name":"wp","href":"https:\/\/api.w.org\/{rel}","templated":true}]}}