
{"id":5763,"date":"2014-05-27T12:55:31","date_gmt":"2014-05-27T10:55:31","guid":{"rendered":"http:\/\/rauchfrei.ipax.hosting\/?page_id=5763"},"modified":"2025-11-26T13:04:05","modified_gmt":"2025-11-26T11:04:05","slug":"die-rauchfrei-app","status":"publish","type":"page","link":"https:\/\/rauchfrei.at\/en\/die-rauchfrei-app\/","title":{"rendered":"Die Rauchfrei App"},"content":{"rendered":"<p>[et_pb_section fb_built=&#8221;1&#8243; custom_padding_last_edited=&#8221;off|&#8221; module_class=&#8221;header&#8221; _builder_version=&#8221;4.16&#8243; background_color=&#8221;#67BAD3&#8243; custom_margin=&#8221;||0px|&#8221; custom_padding=&#8221;100px||10px|&#8221; global_colors_info=&#8221;{}&#8221;][et_pb_row _builder_version=&#8221;4.16&#8243; custom_margin=&#8221;||0px|&#8221; custom_padding=&#8221;||0px|&#8221; global_colors_info=&#8221;{}&#8221;][et_pb_column type=&#8221;4_4&#8243; _builder_version=&#8221;4.16&#8243; custom_padding=&#8221;||0px|&#8221; global_colors_info=&#8221;{}&#8221; custom_padding__hover=&#8221;|||&#8221;][et_pb_text admin_label=&#8221;Blue Background Header&#8221; _builder_version=&#8221;4.16&#8243; custom_margin=&#8221;||0px|&#8221; custom_padding=&#8221;||0px|&#8221; global_colors_info=&#8221;{}&#8221;]<\/p>\n<h1>Die Rauchfrei App<\/h1>\n<h2>Unterst\u00fctzung immer dabei!<\/h2>\n<p>[\/et_pb_text][\/et_pb_column][\/et_pb_row][\/et_pb_section][et_pb_section fb_built=&#8221;1&#8243; specialty=&#8221;on&#8221; _builder_version=&#8221;4.16&#8243; global_colors_info=&#8221;{}&#8221;][et_pb_column type=&#8221;2_3&#8243; specialty_columns=&#8221;2&#8243; _builder_version=&#8221;4.16&#8243; custom_padding=&#8221;|||&#8221; global_colors_info=&#8221;{}&#8221; custom_padding__hover=&#8221;|||&#8221;][et_pb_row_inner _builder_version=&#8221;4.16&#8243; global_colors_info=&#8221;{}&#8221;][et_pb_column_inner saved_specialty_column_type=&#8221;2_3&#8243; _builder_version=&#8221;4.16&#8243; custom_padding=&#8221;|||&#8221; global_colors_info=&#8221;{}&#8221; custom_padding__hover=&#8221;|||&#8221;][et_pb_text _builder_version=&#8221;4.16&#8243; z_index_tablet=&#8221;500&#8243; global_colors_info=&#8221;{}&#8221;]<\/p>\n<h2>Mit Hilfe gelingt&#8217;s leichter!<\/h2>\n<p>Die Rauchfrei App begleitet Sie beim Rauchstopp! Sie ist griffbereit, wann immer Sie Unterst\u00fctzung brauchen! Wir haben die App entwickelt, um Ihnen jederzeit Hilfestellung zu bieten. Die App kann begleitend zu\u00a0 Entw\u00f6hnprogrammen und auch allein genutzt werden. Es ist\u00a0 m\u00f6glich, nur einzelne Elemente, wie das Rauchprotokoll oder den Gewinnz\u00e4hler zu nutzen oder alle Tools der App zu verwenden, um vielf\u00e4ltige Unterst\u00fctzung bei der Vorbereitung, der Umsetzung und der Aufrechterhaltung der Rauchfreiheit zu bekommen. Motivierende Textnachrichten begleiten Sie \u00fcber einige Monate hindurch, wenn Sie das m\u00f6chten!<\/p>\n<blockquote>\n<p>Die App ist im Google Play Store sowie im Apple App Store kostenfrei erh\u00e4ltlich! Downloaden Sie die App <strong>kostenfrei<\/strong>!<\/p>\n<\/blockquote>\n<p>\u00dcber R\u00fcckmeldungen zur App, Erfahrungen und Verbesserungsvorschl\u00e4ge freuen wir uns!<br \/>Mehr Informationen im <a href=\"https:\/\/rauchfrei.at\/wp-content\/uploads\/Rauchfrei_App_Folder_online.pdf\" target=\"_blank\" rel=\"noopener noreferrer\">App-Folder<\/a>.<br \/>So funktioniert die App:<\/p>\n<p><a href=\"https:\/\/rauchfrei.at\/wp-content\/uploads\/2019_Infoblatt-zur-Rauchfrei-App.pdf\" target=\"_blank\" rel=\"noopener noreferrer\"><img loading=\"lazy\" decoding=\"async\" class=\"alignnone wp-image-17376\" src=\"https:\/\/rauchfrei.at\/wp-content\/uploads\/Infoblatt-Rauchfrei-App-480x679.jpg\" alt=\"\" width=\"286\" height=\"404\" srcset=\"https:\/\/rauchfrei.at\/wp-content\/uploads\/Infoblatt-Rauchfrei-App-480x679.jpg 480w, https:\/\/rauchfrei.at\/wp-content\/uploads\/Infoblatt-Rauchfrei-App-225x319.jpg 225w, https:\/\/rauchfrei.at\/wp-content\/uploads\/Infoblatt-Rauchfrei-App.jpg 681w\" sizes=\"(max-width: 286px) 100vw, 286px\" \/><\/a><br \/><a href=\"https:\/\/rauchfrei.at\/wp-content\/uploads\/2019_Infoblatt-zur-Rauchfrei-App.pdf\" target=\"_blank\" rel=\"noopener noreferrer\">\u00a0Infoblatt zum Download<\/a><\/p>\n<p>[\/et_pb_text][et_pb_button button_url=&#8221;http:\/\/www.rauchfreiapp.at\/&#8221; url_new_window=&#8221;on&#8221; button_text=&#8221;Zur Rauchfrei App&#8221; _builder_version=&#8221;4.16&#8243; global_colors_info=&#8221;{}&#8221; button_text_size__hover_enabled=&#8221;off&#8221; button_one_text_size__hover_enabled=&#8221;off&#8221; button_two_text_size__hover_enabled=&#8221;off&#8221; button_text_color__hover_enabled=&#8221;off&#8221; button_one_text_color__hover_enabled=&#8221;off&#8221; button_two_text_color__hover_enabled=&#8221;off&#8221; button_border_width__hover_enabled=&#8221;off&#8221; button_one_border_width__hover_enabled=&#8221;off&#8221; button_two_border_width__hover_enabled=&#8221;off&#8221; button_border_color__hover_enabled=&#8221;off&#8221; button_one_border_color__hover_enabled=&#8221;off&#8221; button_two_border_color__hover_enabled=&#8221;off&#8221; button_border_radius__hover_enabled=&#8221;off&#8221; button_one_border_radius__hover_enabled=&#8221;off&#8221; button_two_border_radius__hover_enabled=&#8221;off&#8221; button_letter_spacing__hover_enabled=&#8221;off&#8221; button_one_letter_spacing__hover_enabled=&#8221;off&#8221; button_two_letter_spacing__hover_enabled=&#8221;off&#8221; button_bg_color__hover_enabled=&#8221;off&#8221; button_one_bg_color__hover_enabled=&#8221;off&#8221; button_two_bg_color__hover_enabled=&#8221;off&#8221;]<br \/>\n[\/et_pb_button][\/et_pb_column_inner][\/et_pb_row_inner][et_pb_row_inner _builder_version=&#8221;4.16&#8243; global_colors_info=&#8221;{}&#8221;][et_pb_column_inner saved_specialty_column_type=&#8221;2_3&#8243; _builder_version=&#8221;4.16&#8243; custom_padding=&#8221;|||&#8221; global_colors_info=&#8221;{}&#8221; custom_padding__hover=&#8221;|||&#8221;][et_pb_image src=&#8221;https:\/\/rauchfrei.at\/wp-content\/uploads\/button-app-android_de-1.png&#8221; url=&#8221;https:\/\/play.google.com\/store\/apps\/details?id=at.pixler.rauchfrei&#038;hl=de&#8221; url_new_window=&#8221;on&#8221; align_tablet=&#8221;center&#8221; align_last_edited=&#8221;on|desktop&#8221; _builder_version=&#8221;4.16&#8243; max_width=&#8221;35%&#8221; module_alignment=&#8221;left&#8221; global_colors_info=&#8221;{}&#8221; align_phone=&#8221;center&#8221;]<br \/>\n[\/et_pb_image][et_pb_image src=&#8221;https:\/\/rauchfrei.at\/wp-content\/uploads\/button-app-ios_de-1.png&#8221; url=&#8221;https:\/\/itunes.apple.com\/us\/app\/rauchfrei-app\/id879824399?l=de&#038;ls=1&#038;mt=8&#8243; url_new_window=&#8221;on&#8221; align_tablet=&#8221;center&#8221; align_last_edited=&#8221;on|desktop&#8221; _builder_version=&#8221;4.16&#8243; max_width=&#8221;35%&#8221; module_alignment=&#8221;left&#8221; global_colors_info=&#8221;{}&#8221; align_phone=&#8221;center&#8221;]<br \/>\n[\/et_pb_image][\/et_pb_column_inner][\/et_pb_row_inner][\/et_pb_column][et_pb_column type=&#8221;1_3&#8243; _builder_version=&#8221;4.16&#8243; custom_padding=&#8221;|||&#8221; global_colors_info=&#8221;{}&#8221; custom_padding__hover=&#8221;|||&#8221;][\/et_pb_column][\/et_pb_section][et_pb_section fb_built=&#8221;1&#8243; _builder_version=&#8221;4.16&#8243; global_colors_info=&#8221;{}&#8221;][\/et_pb_section]<\/p>\n","protected":false},"excerpt":{"rendered":"<p>Die Rauchfrei App Unterst\u00fctzung immer dabei! Mit Hilfe gelingt&#8217;s leichter!Die Rauchfrei App begleitet Sie beim Rauchstopp! Sie ist griffbereit, wann immer Sie Unterst\u00fctzung brauchen! Wir haben die App entwickelt, um Ihnen jederzeit Hilfestellung zu bieten. Die App kann begleitend zu\u00a0 Entw\u00f6hnprogrammen und auch allein genutzt werden. Es ist\u00a0 m\u00f6glich, nur einzelne Elemente, wie das Rauchprotokoll [&hellip;]<\/p>\n","protected":false},"author":7,"featured_media":0,"parent":0,"menu_order":0,"comment_status":"open","ping_status":"open","template":"","meta":{"_et_pb_use_builder":"on","_et_pb_old_content":"<h2>Mit Hilfe gelingt's leichter!<\/h2><p>\u00a0<\/p><p>Die <strong>kostenfreie App des Rauchfrei Telefons<\/strong> bietet Raucher\/innen und Exraucher\/innen\u00a0 interaktive Unterst\u00fctzung bei ihrem Weg in die Rauchfreiheit bzw. beim rauchfrei bleiben.<\/p><p><strong>Ab sofort kostenlos im Google Play Store sowie im Apple App Store erh\u00e4ltlich!<\/strong><\/p><p><a title=\"Rauchfrei App Android\" href=\"https:\/\/play.google.com\/store\/apps\/details?id=at.pixler.rauchfrei&hl=de\" target=\"_blank\" rel=\"noopener\"><strong>Download Rauchfrei App (ab Android-Version\u00a04.1)<\/strong><\/a><\/p><p><a title=\"Rauchfrei App f\u00fcr Iphone\" href=\"https:\/\/itunes.apple.com\/us\/app\/rauchfrei-app\/id879824399?l=de&ls=1&mt=8\" target=\"_blank\" rel=\"noopener\"><strong>Download Rauchfrei App (ab iOS-Version 7.0)<\/strong><\/a><\/p><p>Der besondere, neue Fokus dieser App liegt auf der <strong>individuellen Begleitung<\/strong> bei der Vorbereitung, Umsetzung und\/oder Aufrechterhaltung der Rauchfreiheit. Das bisherige Rauchverhalten, pers\u00f6nliche Motive f\u00fcr den Rauchstopp sowie individuell hilfreiche Strategien bei Verlangensattacken finden in der App ebenso Ber\u00fccksichtigung wie m\u00f6gliche Stolpersteine auf dem Weg in die dauerhafte Abstinenz.<\/p><p>Durch<strong> individualisierte Push-Notifikationen<\/strong> werden die User in allen Phasen des Verhaltens\u00e4nderungsprozesses begleitet und motiviert.<\/p><p>Ein zus\u00e4tzlicher neuer Aspekt ist die enge<strong> Verkn\u00fcpfung der App mit dem kostenfreien Beratungsangebot des Rauchfrei Telefons<\/strong>. Das erm\u00f6glicht weiterf\u00fchrende pers\u00f6nliche Begleitung durch erfahrene Tabakentw\u00f6hnexpertinnen und -experten.<\/p><p>Inhaltlich basiert die App auf bew\u00e4hrten psychologischen Modellen der Verhaltens\u00e4nderung sowie auf Praxisleitlinien und jahrelangen praktischen Erfahrungen des Rauchfrei Telefon-Teams.<\/p><p><a href=\"https:\/\/rauchfrei.at\/wp-content\/uploads\/Rauchfrei_Ladescreen_Pressebild.png\"><img class=\"alignnone size-large wp-image-5747\" src=\"https:\/\/rauchfrei.at\/wp-content\/uploads\/Rauchfrei_Ladescreen_Pressebild-480x640.png\" alt=\"Rauchfrei App\" width=\"480\" height=\"640\" \/><\/a><\/p><p>Profitieren Sie von den konkreten Hilfestellungen und der interaktiven Unterst\u00fctzung durch die Rauchfrei App: <a href=\"http:\/\/www.rauchfreiapp.at\/\" target=\"_blank\" rel=\"noopener\"><strong>Laden Sie sich die Rauchfrei App auf Ihr Handy und legen Sie los!<\/strong><\/a><\/p><p><strong>\u00a0<\/strong><\/p><p>\u00a0<\/p>","_et_gb_content_width":"","footnotes":""},"class_list":["post-5763","page","type-page","status-publish","hentry"],"yoast_head":"<!-- This site is optimized with the Yoast SEO plugin v26.2 - https:\/\/yoast.com\/wordpress\/plugins\/seo\/ -->\n<title>Die Rauchfrei App - Rauchfrei Telefon<\/title>\n<meta name=\"robots\" content=\"index, follow, max-snippet:-1, max-image-preview:large, max-video-preview:-1\" \/>\n<link rel=\"canonical\" href=\"https:\/\/rauchfrei.at\/die-rauchfrei-app\/\" \/>\n<meta property=\"og:locale\" content=\"en_US\" \/>\n<meta property=\"og:type\" content=\"article\" \/>\n<meta property=\"og:title\" content=\"Die Rauchfrei App - Rauchfrei Telefon\" \/>\n<meta property=\"og:description\" content=\"Die Rauchfrei App Unterst\u00fctzung immer dabei! Mit Hilfe gelingt&#039;s leichter!Die Rauchfrei App begleitet Sie beim Rauchstopp! Sie ist griffbereit, wann immer Sie Unterst\u00fctzung brauchen! Wir haben die App entwickelt, um Ihnen jederzeit Hilfestellung zu bieten. Die App kann begleitend zu\u00a0 Entw\u00f6hnprogrammen und auch allein genutzt werden. Es ist\u00a0 m\u00f6glich, nur einzelne Elemente, wie das Rauchprotokoll [&hellip;]\" \/>\n<meta property=\"og:url\" content=\"https:\/\/rauchfrei.at\/die-rauchfrei-app\/\" \/>\n<meta property=\"og:site_name\" content=\"Rauchfrei Telefon\" \/>\n<meta property=\"article:modified_time\" content=\"2025-11-26T11:04:05+00:00\" \/>\n<meta property=\"og:image\" content=\"https:\/\/rauchfrei.at\/wp-content\/uploads\/Infoblatt-Rauchfrei-App.jpg\" \/>\n\t<meta property=\"og:image:width\" content=\"681\" \/>\n\t<meta property=\"og:image:height\" content=\"964\" \/>\n\t<meta property=\"og:image:type\" content=\"image\/jpeg\" \/>\n<meta name=\"twitter:card\" content=\"summary_large_image\" \/>\n<meta name=\"twitter:label1\" content=\"Est. reading time\" \/>\n\t<meta name=\"twitter:data1\" content=\"2 minutes\" \/>\n<script type=\"application\/ld+json\" class=\"yoast-schema-graph\">{\"@context\":\"https:\/\/schema.org\",\"@graph\":[{\"@type\":\"WebPage\",\"@id\":\"https:\/\/rauchfrei.at\/die-rauchfrei-app\/\",\"url\":\"https:\/\/rauchfrei.at\/die-rauchfrei-app\/\",\"name\":\"Die Rauchfrei App - Rauchfrei Telefon\",\"isPartOf\":{\"@id\":\"https:\/\/rauchfrei.at\/#website\"},\"primaryImageOfPage\":{\"@id\":\"https:\/\/rauchfrei.at\/die-rauchfrei-app\/#primaryimage\"},\"image\":{\"@id\":\"https:\/\/rauchfrei.at\/die-rauchfrei-app\/#primaryimage\"},\"thumbnailUrl\":\"https:\/\/rauchfrei.at\/wp-content\/uploads\/Infoblatt-Rauchfrei-App-480x679.jpg\",\"datePublished\":\"2014-05-27T10:55:31+00:00\",\"dateModified\":\"2025-11-26T11:04:05+00:00\",\"inLanguage\":\"en-US\",\"potentialAction\":[{\"@type\":\"ReadAction\",\"target\":[\"https:\/\/rauchfrei.at\/die-rauchfrei-app\/\"]}]},{\"@type\":\"ImageObject\",\"inLanguage\":\"en-US\",\"@id\":\"https:\/\/rauchfrei.at\/die-rauchfrei-app\/#primaryimage\",\"url\":\"https:\/\/rauchfrei.at\/wp-content\/uploads\/Infoblatt-Rauchfrei-App-480x679.jpg\",\"contentUrl\":\"https:\/\/rauchfrei.at\/wp-content\/uploads\/Infoblatt-Rauchfrei-App-480x679.jpg\"},{\"@type\":\"WebSite\",\"@id\":\"https:\/\/rauchfrei.at\/#website\",\"url\":\"https:\/\/rauchfrei.at\/\",\"name\":\"Rauchfrei Telefon\",\"description\":\"Eine \u00f6sterreichweite Initiative der Sozialversicherungen.\",\"potentialAction\":[{\"@type\":\"SearchAction\",\"target\":{\"@type\":\"EntryPoint\",\"urlTemplate\":\"https:\/\/rauchfrei.at\/?s={search_term_string}\"},\"query-input\":{\"@type\":\"PropertyValueSpecification\",\"valueRequired\":true,\"valueName\":\"search_term_string\"}}],\"inLanguage\":\"en-US\"}]}<\/script>\n<!-- \/ Yoast SEO plugin. -->","yoast_head_json":{"title":"Die Rauchfrei App - Rauchfrei Telefon","robots":{"index":"index","follow":"follow","max-snippet":"max-snippet:-1","max-image-preview":"max-image-preview:large","max-video-preview":"max-video-preview:-1"},"canonical":"https:\/\/rauchfrei.at\/die-rauchfrei-app\/","og_locale":"en_US","og_type":"article","og_title":"Die Rauchfrei App - Rauchfrei Telefon","og_description":"Die Rauchfrei App Unterst\u00fctzung immer dabei! Mit Hilfe gelingt's leichter!Die Rauchfrei App begleitet Sie beim Rauchstopp! Sie ist griffbereit, wann immer Sie Unterst\u00fctzung brauchen! Wir haben die App entwickelt, um Ihnen jederzeit Hilfestellung zu bieten. Die App kann begleitend zu\u00a0 Entw\u00f6hnprogrammen und auch allein genutzt werden. Es ist\u00a0 m\u00f6glich, nur einzelne Elemente, wie das Rauchprotokoll [&hellip;]","og_url":"https:\/\/rauchfrei.at\/die-rauchfrei-app\/","og_site_name":"Rauchfrei Telefon","article_modified_time":"2025-11-26T11:04:05+00:00","og_image":[{"width":681,"height":964,"url":"https:\/\/rauchfrei.at\/wp-content\/uploads\/Infoblatt-Rauchfrei-App.jpg","type":"image\/jpeg"}],"twitter_card":"summary_large_image","twitter_misc":{"Est. reading time":"2 minutes"},"schema":{"@context":"https:\/\/schema.org","@graph":[{"@type":"WebPage","@id":"https:\/\/rauchfrei.at\/die-rauchfrei-app\/","url":"https:\/\/rauchfrei.at\/die-rauchfrei-app\/","name":"Die Rauchfrei App - Rauchfrei Telefon","isPartOf":{"@id":"https:\/\/rauchfrei.at\/#website"},"primaryImageOfPage":{"@id":"https:\/\/rauchfrei.at\/die-rauchfrei-app\/#primaryimage"},"image":{"@id":"https:\/\/rauchfrei.at\/die-rauchfrei-app\/#primaryimage"},"thumbnailUrl":"https:\/\/rauchfrei.at\/wp-content\/uploads\/Infoblatt-Rauchfrei-App-480x679.jpg","datePublished":"2014-05-27T10:55:31+00:00","dateModified":"2025-11-26T11:04:05+00:00","inLanguage":"en-US","potentialAction":[{"@type":"ReadAction","target":["https:\/\/rauchfrei.at\/die-rauchfrei-app\/"]}]},{"@type":"ImageObject","inLanguage":"en-US","@id":"https:\/\/rauchfrei.at\/die-rauchfrei-app\/#primaryimage","url":"https:\/\/rauchfrei.at\/wp-content\/uploads\/Infoblatt-Rauchfrei-App-480x679.jpg","contentUrl":"https:\/\/rauchfrei.at\/wp-content\/uploads\/Infoblatt-Rauchfrei-App-480x679.jpg"},{"@type":"WebSite","@id":"https:\/\/rauchfrei.at\/#website","url":"https:\/\/rauchfrei.at\/","name":"Rauchfrei Telefon","description":"Eine \u00f6sterreichweite Initiative der Sozialversicherungen.","potentialAction":[{"@type":"SearchAction","target":{"@type":"EntryPoint","urlTemplate":"https:\/\/rauchfrei.at\/?s={search_term_string}"},"query-input":{"@type":"PropertyValueSpecification","valueRequired":true,"valueName":"search_term_string"}}],"inLanguage":"en-US"}]}},"_links":{"self":[{"href":"https:\/\/rauchfrei.at\/en\/wp-json\/wp\/v2\/pages\/5763","targetHints":{"allow":["GET"]}}],"collection":[{"href":"https:\/\/rauchfrei.at\/en\/wp-json\/wp\/v2\/pages"}],"about":[{"href":"https:\/\/rauchfrei.at\/en\/wp-json\/wp\/v2\/types\/page"}],"author":[{"embeddable":true,"href":"https:\/\/rauchfrei.at\/en\/wp-json\/wp\/v2\/users\/7"}],"replies":[{"embeddable":true,"href":"https:\/\/rauchfrei.at\/en\/wp-json\/wp\/v2\/comments?post=5763"}],"version-history":[{"count":5,"href":"https:\/\/rauchfrei.at\/en\/wp-json\/wp\/v2\/pages\/5763\/revisions"}],"predecessor-version":[{"id":32489,"href":"https:\/\/rauchfrei.at\/en\/wp-json\/wp\/v2\/pages\/5763\/revisions\/32489"}],"wp:attachment":[{"href":"https:\/\/rauchfrei.at\/en\/wp-json\/wp\/v2\/media?parent=5763"}],"curies":[{"name":"wp","href":"https:\/\/api.w.org\/{rel}","templated":true}]}}