
{"id":6767,"date":"2015-02-25T12:39:41","date_gmt":"2015-02-25T10:39:41","guid":{"rendered":"http:\/\/rauchfrei.ipax.hosting\/?page_id=6767"},"modified":"2019-04-24T15:34:20","modified_gmt":"2019-04-24T13:34:20","slug":"fortbildung","status":"publish","type":"page","link":"https:\/\/rauchfrei.at\/en\/fortbildung\/","title":{"rendered":"Weiterbildung"},"content":{"rendered":"<p>[et_pb_section bb_built=&#8221;1&#8243; custom_padding_last_edited=&#8221;off|&#8221; next_background_color=&#8221;#ffffff&#8221; module_class=&#8221;header&#8221; _builder_version=&#8221;3.0.99&#8243; background_color=&#8221;#67BAD3&#8243; custom_margin=&#8221;||0px|&#8221; custom_padding=&#8221;100px||10px|&#8221;][et_pb_row custom_padding=&#8221;||0px|&#8221; custom_margin=&#8221;||0px|&#8221; padding_bottom_1=&#8221;0px&#8221; _builder_version=&#8221;3.0.99&#8243;][et_pb_column type=&#8221;4_4&#8243;][et_pb_text admin_label=&#8221;Blue Background Header&#8221; _builder_version=&#8221;3.21.1&#8243; custom_margin=&#8221;||0px|&#8221; custom_padding=&#8221;||0px|&#8221; z_index_tablet=&#8221;500&#8243;]<\/p>\n<h1>Weiterbildung<\/h1>\n<p>[\/et_pb_text][\/et_pb_column][\/et_pb_row][\/et_pb_section][et_pb_section bb_built=&#8221;1&#8243; prev_background_color=&#8221;#67BAD3&#8243; _builder_version=&#8221;3.0.47&#8243;][et_pb_row _builder_version=&#8221;3.0.48&#8243; background_size=&#8221;initial&#8221; background_position=&#8221;top_left&#8221; background_repeat=&#8221;repeat&#8221;][et_pb_column type=&#8221;2_3&#8243;][et_pb_text _builder_version=&#8221;3.19.15&#8243;]<\/p>\n<p>Tabakentw\u00f6hnung ist ein spannendes Themenfeld. Die Wege zum Rauchstopp sind individuell sehr unterschiedlich, die Bandbreite der passenden therapeutischen M\u00f6glichkeiten ist gro\u00df.<\/p>\n<p>Eine gute Ausbildung und fortlaufende Weiterbildung helfen dabei, Raucher\/innen bestm\u00f6glich zu unterst\u00fctzen. Wirksame Interventionen reichen von der Kurzansprache des Rauchverhaltens bis hin zu umfassenden Entw\u00f6hnprogrammen \u00fcber mehrere Wochen hinweg. Hier informieren wir \u00fcber Veranstaltungen rund ums Thema Tabakentw\u00f6hnung und stellen Informationen zu M\u00f6glichkeiten der Weiterbildung in \u00d6sterreich vor. Weiters haben wir hilfreiche Literaturtipps und Links f\u00fcr Sie zusammengestellt.<\/p>\n<p>&nbsp;<\/p>\n<p>&nbsp;<\/p>\n<p>&nbsp;<\/p>\n<p>[\/et_pb_text][\/et_pb_column][et_pb_column type=&#8221;1_3&#8243;][et_pb_dp_dmb_module_10080 admin_label=&#8221;Materialdownloads&#8221; link_text=&#8221;hier downloaden&#8221; link_url=&#8221;https:\/\/rauchfrei.at\/broschueren-downloads\/download-broschueren\/&#8221; _builder_version=&#8221;3.19.15&#8243; global_module=&#8221;13235&#8243; saved_tabs=&#8221;all&#8221;]<\/p>\n<p><span lang=\"DE-AT\"><strong>Brosch\u00fcren, Folder<\/strong> und <strong>Poster<\/strong><\/span><\/p>\n<p>[\/et_pb_dp_dmb_module_10080][\/et_pb_column][\/et_pb_row][\/et_pb_section]<\/p>\n","protected":false},"excerpt":{"rendered":"<p>Weiterbildung Tabakentw\u00f6hnung ist ein spannendes Themenfeld. Die Wege zum Rauchstopp sind individuell sehr unterschiedlich, die Bandbreite der passenden therapeutischen M\u00f6glichkeiten ist gro\u00df. Eine gute Ausbildung und fortlaufende Weiterbildung helfen dabei, Raucher\/innen bestm\u00f6glich zu unterst\u00fctzen. Wirksame Interventionen reichen von der Kurzansprache des Rauchverhaltens bis hin zu umfassenden Entw\u00f6hnprogrammen \u00fcber mehrere Wochen hinweg. Hier informieren wir \u00fcber [&hellip;]<\/p>\n","protected":false},"author":7,"featured_media":0,"parent":0,"menu_order":0,"comment_status":"open","ping_status":"open","template":"","meta":{"_et_pb_use_builder":"on","_et_pb_old_content":"<p>Sie sind Expertin\/Experte aus dem Gesundheitswesen und m\u00f6chten sich in der Raucherentw\u00f6hnung bzw. -beratung fortbilden? Im Herbst 2017 startet eine entsprechende Fortbildungsreihe nach den Qualit\u00e4tsstandards der \u00f6sterreichischen Sozialversicherung:<\/p><p>Die nach internationalen Standards, Leitlinien und Best-Practice-Modellen entwickelte Fortbildung zur Raucherentw\u00f6hnung und Raucherberatung richtet sich an <strong>\u00c4rztinnen und \u00c4rzte, Psychologinnen und Psychologen sowie Fachkr\u00e4fte aus dem Gesundheits- und Sozialwesen<\/strong>, die sich im Bereich Tabakentw\u00f6hnung spezialisieren m\u00f6chten.<\/p><p>In Abh\u00e4ngigkeit von den Vorkenntnissen der Teilnehmer\/innen, kann aus 6 Modulen ausgew\u00e4hlt werden. Weitere Informationen zu Ablauf, Ort und Kursinhalten finden Sie <a href=\"https:\/\/rauchfrei.at\/wp-content\/uploads\/Seminarinfo.pdf\" target=\"_blank\" rel=\"noopener\">hier<\/a>.<\/p><p><a title=\"Link zum IFGP\" href=\"http:\/\/www.ifgp.at\/portal27\/ifgpportal\/content?contentid=10007.780082&viewmode=content&portal:componentId=gtn791f0838-de41-4d1e-9903-6e93ec9d5f88\" target=\"_blank\" rel=\"noopener\">Termine und Anmeldung<\/a><\/p>","_et_gb_content_width":"","footnotes":""},"class_list":["post-6767","page","type-page","status-publish","hentry"],"yoast_head":"<!-- This site is optimized with the Yoast SEO plugin v26.2 - https:\/\/yoast.com\/wordpress\/plugins\/seo\/ -->\n<title>Weiterbildung - Rauchfrei Telefon<\/title>\n<meta name=\"robots\" content=\"index, follow, max-snippet:-1, max-image-preview:large, max-video-preview:-1\" \/>\n<link rel=\"canonical\" href=\"https:\/\/rauchfrei.at\/fortbildung\/\" \/>\n<meta property=\"og:locale\" content=\"en_US\" \/>\n<meta property=\"og:type\" content=\"article\" \/>\n<meta property=\"og:title\" content=\"Weiterbildung - Rauchfrei Telefon\" \/>\n<meta property=\"og:description\" content=\"Weiterbildung Tabakentw\u00f6hnung ist ein spannendes Themenfeld. Die Wege zum Rauchstopp sind individuell sehr unterschiedlich, die Bandbreite der passenden therapeutischen M\u00f6glichkeiten ist gro\u00df. Eine gute Ausbildung und fortlaufende Weiterbildung helfen dabei, Raucher\/innen bestm\u00f6glich zu unterst\u00fctzen. Wirksame Interventionen reichen von der Kurzansprache des Rauchverhaltens bis hin zu umfassenden Entw\u00f6hnprogrammen \u00fcber mehrere Wochen hinweg. Hier informieren wir \u00fcber [&hellip;]\" \/>\n<meta property=\"og:url\" content=\"https:\/\/rauchfrei.at\/fortbildung\/\" \/>\n<meta property=\"og:site_name\" content=\"Rauchfrei Telefon\" \/>\n<meta property=\"article:modified_time\" content=\"2019-04-24T13:34:20+00:00\" \/>\n<meta name=\"twitter:card\" content=\"summary_large_image\" \/>\n<meta name=\"twitter:label1\" content=\"Est. reading time\" \/>\n\t<meta name=\"twitter:data1\" content=\"1 minute\" \/>\n<script type=\"application\/ld+json\" class=\"yoast-schema-graph\">{\"@context\":\"https:\/\/schema.org\",\"@graph\":[{\"@type\":\"WebPage\",\"@id\":\"https:\/\/rauchfrei.at\/fortbildung\/\",\"url\":\"https:\/\/rauchfrei.at\/fortbildung\/\",\"name\":\"Weiterbildung - Rauchfrei Telefon\",\"isPartOf\":{\"@id\":\"https:\/\/rauchfrei.at\/#website\"},\"datePublished\":\"2015-02-25T10:39:41+00:00\",\"dateModified\":\"2019-04-24T13:34:20+00:00\",\"inLanguage\":\"en-US\",\"potentialAction\":[{\"@type\":\"ReadAction\",\"target\":[\"https:\/\/rauchfrei.at\/fortbildung\/\"]}]},{\"@type\":\"WebSite\",\"@id\":\"https:\/\/rauchfrei.at\/#website\",\"url\":\"https:\/\/rauchfrei.at\/\",\"name\":\"Rauchfrei Telefon\",\"description\":\"Eine \u00f6sterreichweite Initiative der Sozialversicherungen.\",\"potentialAction\":[{\"@type\":\"SearchAction\",\"target\":{\"@type\":\"EntryPoint\",\"urlTemplate\":\"https:\/\/rauchfrei.at\/?s={search_term_string}\"},\"query-input\":{\"@type\":\"PropertyValueSpecification\",\"valueRequired\":true,\"valueName\":\"search_term_string\"}}],\"inLanguage\":\"en-US\"}]}<\/script>\n<!-- \/ Yoast SEO plugin. -->","yoast_head_json":{"title":"Weiterbildung - Rauchfrei Telefon","robots":{"index":"index","follow":"follow","max-snippet":"max-snippet:-1","max-image-preview":"max-image-preview:large","max-video-preview":"max-video-preview:-1"},"canonical":"https:\/\/rauchfrei.at\/fortbildung\/","og_locale":"en_US","og_type":"article","og_title":"Weiterbildung - Rauchfrei Telefon","og_description":"Weiterbildung Tabakentw\u00f6hnung ist ein spannendes Themenfeld. Die Wege zum Rauchstopp sind individuell sehr unterschiedlich, die Bandbreite der passenden therapeutischen M\u00f6glichkeiten ist gro\u00df. Eine gute Ausbildung und fortlaufende Weiterbildung helfen dabei, Raucher\/innen bestm\u00f6glich zu unterst\u00fctzen. Wirksame Interventionen reichen von der Kurzansprache des Rauchverhaltens bis hin zu umfassenden Entw\u00f6hnprogrammen \u00fcber mehrere Wochen hinweg. Hier informieren wir \u00fcber [&hellip;]","og_url":"https:\/\/rauchfrei.at\/fortbildung\/","og_site_name":"Rauchfrei Telefon","article_modified_time":"2019-04-24T13:34:20+00:00","twitter_card":"summary_large_image","twitter_misc":{"Est. reading time":"1 minute"},"schema":{"@context":"https:\/\/schema.org","@graph":[{"@type":"WebPage","@id":"https:\/\/rauchfrei.at\/fortbildung\/","url":"https:\/\/rauchfrei.at\/fortbildung\/","name":"Weiterbildung - Rauchfrei Telefon","isPartOf":{"@id":"https:\/\/rauchfrei.at\/#website"},"datePublished":"2015-02-25T10:39:41+00:00","dateModified":"2019-04-24T13:34:20+00:00","inLanguage":"en-US","potentialAction":[{"@type":"ReadAction","target":["https:\/\/rauchfrei.at\/fortbildung\/"]}]},{"@type":"WebSite","@id":"https:\/\/rauchfrei.at\/#website","url":"https:\/\/rauchfrei.at\/","name":"Rauchfrei Telefon","description":"Eine \u00f6sterreichweite Initiative der Sozialversicherungen.","potentialAction":[{"@type":"SearchAction","target":{"@type":"EntryPoint","urlTemplate":"https:\/\/rauchfrei.at\/?s={search_term_string}"},"query-input":{"@type":"PropertyValueSpecification","valueRequired":true,"valueName":"search_term_string"}}],"inLanguage":"en-US"}]}},"_links":{"self":[{"href":"https:\/\/rauchfrei.at\/en\/wp-json\/wp\/v2\/pages\/6767","targetHints":{"allow":["GET"]}}],"collection":[{"href":"https:\/\/rauchfrei.at\/en\/wp-json\/wp\/v2\/pages"}],"about":[{"href":"https:\/\/rauchfrei.at\/en\/wp-json\/wp\/v2\/types\/page"}],"author":[{"embeddable":true,"href":"https:\/\/rauchfrei.at\/en\/wp-json\/wp\/v2\/users\/7"}],"replies":[{"embeddable":true,"href":"https:\/\/rauchfrei.at\/en\/wp-json\/wp\/v2\/comments?post=6767"}],"version-history":[{"count":5,"href":"https:\/\/rauchfrei.at\/en\/wp-json\/wp\/v2\/pages\/6767\/revisions"}],"predecessor-version":[{"id":16033,"href":"https:\/\/rauchfrei.at\/en\/wp-json\/wp\/v2\/pages\/6767\/revisions\/16033"}],"wp:attachment":[{"href":"https:\/\/rauchfrei.at\/en\/wp-json\/wp\/v2\/media?parent=6767"}],"curies":[{"name":"wp","href":"https:\/\/api.w.org\/{rel}","templated":true}]}}