
{"id":76,"date":"2012-02-28T11:35:16","date_gmt":"2012-02-28T11:35:16","guid":{"rendered":"http:\/\/web362.itscserver.org\/wordpress\/?page_id=76"},"modified":"2025-11-26T13:04:58","modified_gmt":"2025-11-26T11:04:58","slug":"erfahrungsberichte","status":"publish","type":"page","link":"https:\/\/rauchfrei.at\/en\/beratung\/erfahrungsberichte\/","title":{"rendered":"Erfahrungsberichte"},"content":{"rendered":"<p>[et_pb_section fb_built=&#8221;1&#8243; custom_padding_last_edited=&#8221;off|&#8221; module_class=&#8221;header&#8221; _builder_version=&#8221;4.16&#8243; background_color=&#8221;#67BAD3&#8243; custom_margin=&#8221;||0px|&#8221; custom_padding=&#8221;100px||10px|&#8221; global_colors_info=&#8221;{}&#8221;][et_pb_row _builder_version=&#8221;4.16&#8243; custom_margin=&#8221;||0px|&#8221; custom_padding=&#8221;||0px|&#8221; global_colors_info=&#8221;{}&#8221;][et_pb_column type=&#8221;4_4&#8243; _builder_version=&#8221;4.16&#8243; custom_padding=&#8221;||0px|&#8221; global_colors_info=&#8221;{}&#8221; custom_padding__hover=&#8221;|||&#8221;][et_pb_text admin_label=&#8221;Blue Background Header&#8221; _builder_version=&#8221;4.16&#8243; custom_margin=&#8221;||0px|&#8221; custom_padding=&#8221;||0px|&#8221; global_colors_info=&#8221;{}&#8221;]<\/p>\n<h1>Erfahrungsberichte von Exraucher\/innen<\/h1>\n<h2><\/h2>\n<p>[\/et_pb_text][\/et_pb_column][\/et_pb_row][\/et_pb_section][et_pb_section fb_built=&#8221;1&#8243; _builder_version=&#8221;4.16&#8243; global_colors_info=&#8221;{}&#8221;][et_pb_row _builder_version=&#8221;4.16&#8243; background_size=&#8221;initial&#8221; background_position=&#8221;top_left&#8221; background_repeat=&#8221;repeat&#8221; global_colors_info=&#8221;{}&#8221; column_structure=&#8221;1_3,1_3,1_3&#8243;][et_pb_column type=&#8221;1_3&#8243; _builder_version=&#8221;4.16&#8243; custom_padding=&#8221;|||&#8221; global_colors_info=&#8221;{}&#8221; custom_padding__hover=&#8221;|||&#8221;][et_pb_dp_dmb_module_10093 _builder_version=&#8221;4.16&#8243; global_colors_info=&#8221;{}&#8221;]Hier berichten Exraucher und Exraucherinnen \u00fcber ihre pers\u00f6nlichen Erfahrungen beim Rauchstopp und ihr rauchfreies Leben danach.<\/p>\n<p>Schreiben auch Sie uns an <a href=\"mailto:info@rauchfrei.at\">info@rauchfrei.at<\/a>, wie und warum Sie es geschafft haben! Berichten Sie uns Ihre Erfahrungen und verraten Sie uns Ihre pers\u00f6nlichen Tipps f\u00fcr den Rauchstopp!<br \/>\n[\/et_pb_dp_dmb_module_10093][et_pb_testimonial author=&#8221;Christian, 43 Jahre&#8221; portrait_url=&#8221;https:\/\/rauchfrei.at\/wp-content\/uploads\/Rauchfreitelefon_MauriceAndrosch.jpg&#8221; _builder_version=&#8221;4.16&#8243; global_colors_info=&#8221;{}&#8221;]&#8221;Ich war<strong> 28 Jahre lang starker Raucher<\/strong>. Warum ich nach dieser Zeit nun doch aufgeh\u00f6rt habe hat einige Gr\u00fcnde: Gesundheit und Freiheit (Unabh\u00e4ngigkeit von Ritualen) einerseits, andererseits die baldige Vaterschaft und die damit verbundene Vorbildwirkung f\u00fcr das Kind. Die schwierigste und gleichzeitig <strong>wichtigste Phase beim Rauchstopp war<\/strong> f\u00fcr mich die Zeit vor dem Aufh\u00f6ren bis zum Tag X, also <strong>die Vorbereitung<\/strong>. Die Inhalte und Materialien auf der Homepage des Rauchfrei Telefons und auch das Team des Rauchfrei Telefons selbst haben mir in dieser Phase sehr geholfen und mir die Angst vor den ersten Folgen des Rauchstopps (Entzugserscheinungen usw.) genommen. Drei Jahre zuvor bin ich bei einem Rauchstoppversuch bereits nach zwei Wochen kl\u00e4glich gescheitert. Umso leichter fiel es mir diesmal, auf die Zigaretten zu verzichten und sogar die erwarteten \u201eschlimmen\u201c Symptome blieben aus, sodass ich meine Notfallpl\u00e4ne fast nicht ben\u00f6tigte. Neben all den gesundheitlichen Vorteilen genie\u00dfe ich nun vor allem die Freiheit, nicht mehr ans Rauchen denken zu m\u00fcssen und auch finanziell erspare ich mir nun einiges.<strong> Ich kann den Rauchstopp nur jedem empfehlen<\/strong>!&#8221;<br \/>\n[\/et_pb_testimonial][et_pb_text _builder_version=&#8221;4.16&#8243; global_colors_info=&#8221;{}&#8221;]<strong>Sie m\u00f6chten noch mehr Erfahrungsberichte und Tipps von Exraucherinnen und Exrauchern lesen?<\/strong><\/p>\n<p>Mehr dazu:<\/p>\n<p><a href='\/aufhoeren\/tipps-von-exraucherinnen-exrauchern\/' class='small-button smalllightblue' target=\"_blank\">Tipps von Exraucher\/innen<\/a><a href='\/aufhoeren\/tipps-von-exraucherinnen-exrauchern\/' class='small-button smalllightblue' target=\"_blank\">Unser Blog<\/a><\/p>\n<p>&nbsp;<\/p>\n<p>&nbsp;<br \/>\n[\/et_pb_text][\/et_pb_column][et_pb_column type=&#8221;1_3&#8243; _builder_version=&#8221;4.16&#8243; custom_padding=&#8221;|||&#8221; global_colors_info=&#8221;{}&#8221; custom_padding__hover=&#8221;|||&#8221;][et_pb_testimonial author=&#8221;Aderemi, 40 Jahre&#8221; _builder_version=&#8221;4.16&#8243; global_colors_info=&#8221;{}&#8221;]&#8221;<strong>Ich begann mit 17 Jahren zu rauchen<\/strong> und rauchte, unterbrochen von zwei fast zweij\u00e4hrigen Pausen, durchgehend etwa 20 Zigaretten am Tag, phasenweise sogar drei Packungen t\u00e4glich. Aufgrund gesundheitlicher Probleme h\u00f6rte ich im Jahr 2008 bei einem Lungenkuraufenthalt das zweite Mal zu rauchen auf. Leider wurde ich nach fast 1 \u00bd Jahren r\u00fcckf\u00e4llig, ich bin der Rauchertyp, der nicht einmal eine Zigarette rauchen sollte.<strong> Ich glaubte<\/strong> nun, als ich mich im November 2012 nach zahlreichen erfolglosen Versuchen ans Rauchertelefon wandte<strong> nicht so richtig an einen neuerlichen Erfolg<\/strong>. <strong>Aber die Methode gefiel mir von Anfang an<\/strong>, denn sie basiert nicht auf Zwang und (Zeit-)Druck, sondern <strong>Verstehen der eigenen Rauchmotive<\/strong> und einer guten, individuell angepa\u00dften<strong> Vorbereitungsphase<\/strong>. Mit Hilfe der kompetenten Beratung durch das Rauchfrei Telefon in den letzten Monaten bin ich <strong>nun seit drei Monaten wieder rauchfrei<\/strong>. <strong>Ich genie\u00dfe nun die vielen Vorteile des Nichtrauchens<\/strong>, die frische Raumluft, die entlastete Geldb\u00f6rse, mehr Freude an sportlicher Aktivit\u00e4t, die Freiheit vom Rauchzwang und last but not least die Tatsache, dass ich seither mein Asthmamedikament kaum noch brauche. Auch gegen einen (unwahrscheinlichen) R\u00fcckfall f\u00fchle ich mich diesmal besser gewappnet als fr\u00fcher. Ich bin sehr optimistisch, dass dieser Rauchstopp nun ein dauerhafter sein wird. Ein ganz, ganz gro\u00dfes Dankesch\u00f6n an Sie!&#8221;<br \/>\n[\/et_pb_testimonial][et_pb_testimonial author=&#8221;Johannes, 43 Jahre&#8221; _builder_version=&#8221;4.16&#8243; global_colors_info=&#8221;{}&#8221;]&#8221;<strong>Seit ich 18 Jahre alt war habe ich geraucht<\/strong>. Bis mir klar wurde, dass ich eigentlich sehr gerne lebe und mein Leben gerne gesund verbringen m\u00f6chte. Das Rauchen stand diesem Wunsch im Weg. <strong>Beim<\/strong> insgesamt <strong>3. Rauchstoppversuch hat es dann auch geklappt<\/strong>. Das Rauchfrei Telefon hat mich, vor allem bei der Vorbereitung und in den ersten Wochen des Rauchstopps, intensiv und \u2013 entgegen meinen Erwartungen \u2013 erfolgreich unterst\u00fctzt. Um die schwere Anfangszeit ohne Entzugssymptome zu \u00fcberstehen verwendete ich Nikotinersatzpr\u00e4parate. Ein Nichtraucher-Blog gibt mir auch heute noch die M\u00f6glichkeit, mich <strong>mit anderen Ex-Rauchern<\/strong> anonym <strong>auszutauschen<\/strong>. Am allerschwierigsten beim Rauchstopp waren f\u00fcr mich eigentlich die ersten zwei Tage. Der Rest fiel mir, dank guter Vorbereitung, schon wesentlich leichter als erwartet. Der Rauchstopp vor zweieinhalb Jahren war wohl eine der wichtigsten und besten Entscheidungen in meinem Leben. Mit den vielen Vorteilen, die das Nichtrauchen mit sich bringt, k\u00f6nnte man ein dickes Buch f\u00fcllen. Eine <strong>gute Vorbereitung<\/strong> auf den Rauchstopp erleichtert die Sache ungemein und es ist <strong>keine Schande, Unterst\u00fctzung anzunehmen<\/strong>.&#8221;<br \/>\n[\/et_pb_testimonial][\/et_pb_column][et_pb_column type=&#8221;1_3&#8243; _builder_version=&#8221;4.16&#8243; custom_padding=&#8221;|||&#8221; global_colors_info=&#8221;{}&#8221; custom_padding__hover=&#8221;|||&#8221;][et_pb_sidebar area=&#8221;sidebar-1&#8243; _builder_version=&#8221;4.27.4&#8243; hover_enabled=&#8221;0&#8243; global_colors_info=&#8221;{}&#8221; sticky_enabled=&#8221;0&#8243;][\/et_pb_sidebar][\/et_pb_column][\/et_pb_row][\/et_pb_section]<\/p>\n","protected":false},"excerpt":{"rendered":"<p>Hier berichten Exraucher und Exraucherinnen \u00fcber ihre pers\u00f6nlichen Erfahrungen beim Rauchstopp und ihr rauchfreies Leben danach.<br \/>\nSchreiben auch Sie uns, wie und warum Sie es geschafft haben! Berichten Sie uns Ihre Erfahrungen und verraten Sie uns Ihre pers\u00f6nlichen Tipps f\u00fcr den Rauchstopp!<\/p>\n","protected":false},"author":2,"featured_media":0,"parent":8,"menu_order":0,"comment_status":"closed","ping_status":"open","template":"","meta":{"_et_pb_use_builder":"on","_et_pb_old_content":"<p>Hier berichten Exraucher und Exraucherinnen \u00fcber ihre pers\u00f6nlichen Erfahrungen beim Rauchstopp und ihr rauchfreies Leben danach.<\/p><p>Schreiben auch Sie uns an <a href=\"mailto:info@rauchfrei.at\">info@rauchfrei.at<\/a>, wie und warum Sie es geschafft haben! Berichten Sie uns Ihre Erfahrungen und verraten Sie uns Ihre pers\u00f6nlichen Tipps f\u00fcr den Rauchstopp!<\/p><h2>Christian, 43 Jahre<\/h2><blockquote><p>\"Ich war<strong> 28 Jahre lang starker Raucher<\/strong>. Warum ich nach dieser Zeit nun doch aufgeh\u00f6rt habe hat einige Gr\u00fcnde: Gesundheit und Freiheit (Unabh\u00e4ngigkeit von Ritualen) einerseits, andererseits die baldige Vaterschaft und die damit verbundene Vorbildwirkung f\u00fcr das Kind. Die schwierigste und gleichzeitig <strong>wichtigste Phase beim Rauchstopp war<\/strong> f\u00fcr mich die Zeit vor dem Aufh\u00f6ren bis zum Tag X, also <strong>die Vorbereitung<\/strong>. Die Inhalte und Materialien auf der Homepage des Rauchfrei Telefons und auch das Team des Rauchfrei Telefons selbst haben mir in dieser Phase sehr geholfen und mir die Angst vor den ersten Folgen des Rauchstopps (Entzugserscheinungen usw.) genommen. Drei Jahre zuvor bin ich bei einem Rauchstoppversuch bereits nach zwei Wochen kl\u00e4glich gescheitert. Umso leichter fiel es mir diesmal, auf die Zigaretten zu verzichten und sogar die erwarteten \u201eschlimmen\u201c Symptome blieben aus, sodass ich meine Notfallpl\u00e4ne fast nicht ben\u00f6tigte. Neben all den gesundheitlichen Vorteilen genie\u00dfe ich nun vor allem die Freiheit, nicht mehr ans Rauchen denken zu m\u00fcssen und auch finanziell erspare ich mir nun einiges.<strong> Ich kann den Rauchstopp nur jedem empfehlen<\/strong>!\"<\/p><\/blockquote><h2>Aderemi, 40 Jahre<\/h2><blockquote><p>\"<strong>Ich begann mit 17 Jahren zu rauchen<\/strong> und rauchte, unterbrochen von zwei fast zweij\u00e4hrigen Pausen, durchgehend etwa 20 Zigaretten am Tag, phasenweise sogar drei Packungen t\u00e4glich. Aufgrund gesundheitlicher Probleme h\u00f6rte ich im Jahr 2008 bei einem Lungenkuraufenthalt das zweite Mal zu rauchen auf. Leider wurde ich nach fast 1 \u00bd Jahren r\u00fcckf\u00e4llig, ich bin der Rauchertyp, der nicht einmal eine Zigarette rauchen sollte.<strong> Ich glaubte<\/strong> nun, als ich mich im November 2012 nach zahlreichen erfolglosen Versuchen ans Rauchertelefon wandte<strong> nicht so richtig an einen neuerlichen Erfolg<\/strong>. <strong>Aber die Methode gefiel mir von Anfang an<\/strong>, denn sie basiert nicht auf Zwang und (Zeit-)Druck, sondern <strong>Verstehen der eigenen Rauchmotive<\/strong> und einer guten, individuell angepa\u00dften<strong> Vorbereitungsphase<\/strong>. Mit Hilfe der kompetenten Beratung durch das Rauchfrei Telefon in den letzten Monaten bin ich <strong>nun seit drei Monaten wieder rauchfrei<\/strong>. <strong>Ich genie\u00dfe nun die vielen Vorteile des Nichtrauchens<\/strong>, die frische Raumluft, die entlastete Geldb\u00f6rse, mehr Freude an sportlicher Aktivit\u00e4t, die Freiheit vom Rauchzwang und last but not least die Tatsache, dass ich seither mein Asthmamedikament kaum noch brauche. Auch gegen einen (unwahrscheinlichen) R\u00fcckfall f\u00fchle ich mich diesmal besser gewappnet als fr\u00fcher. Ich bin sehr optimistisch, dass dieser Rauchstopp nun ein dauerhafter sein wird. Ein ganz, ganz gro\u00dfes Dankesch\u00f6n an Sie!\"<\/p><\/blockquote><h2>Johannes, 43 Jahre<\/h2><blockquote><p>\"<strong>Seit ich 18 Jahre alt war habe ich geraucht<\/strong>. Bis mir klar wurde, dass ich eigentlich sehr gerne lebe und mein Leben gerne gesund verbringen m\u00f6chte. Das Rauchen stand diesem Wunsch im Weg. <strong>Beim<\/strong> insgesamt <strong>3. Rauchstoppversuch hat es dann auch geklappt<\/strong>. Das Rauchfrei Telefon hat mich, vor allem bei der Vorbereitung und in den ersten Wochen des Rauchstopps, intensiv und \u2013 entgegen meinen Erwartungen \u2013 erfolgreich unterst\u00fctzt. Um die schwere Anfangszeit ohne Entzugssymptome zu \u00fcberstehen verwendete ich Nikotinersatzpr\u00e4parate. Ein Nichtraucher-Blog gibt mir auch heute noch die M\u00f6glichkeit, mich <strong>mit anderen Ex-Rauchern<\/strong> anonym <strong>auszutauschen<\/strong>. Am allerschwierigsten beim Rauchstopp waren f\u00fcr mich eigentlich die ersten zwei Tage. Der Rest fiel mir, dank guter Vorbereitung, schon wesentlich leichter als erwartet. Der Rauchstopp vor zweieinhalb Jahren war wohl eine der wichtigsten und besten Entscheidungen in meinem Leben. Mit den vielen Vorteilen, die das Nichtrauchen mit sich bringt, k\u00f6nnte man ein dickes Buch f\u00fcllen. Eine <strong>gute Vorbereitung<\/strong> auf den Rauchstopp erleichtert die Sache ungemein und es ist <strong>keine Schande, Unterst\u00fctzung anzunehmen<\/strong>.\"<\/p><\/blockquote><p>\u00a0<\/p><p><strong><span style=\"color: #000000;\">Sie m\u00f6chten noch mehr Erfahrungsberichte und Tipps von Exraucherinnen und Exrauchern lesen?<\/span><\/strong><\/p><p><span style=\"color: #ff0000;\"><span style=\"color: #000000;\">Mehr dazu:<br \/><\/span><a title=\"Tipps von Exraucherinnen & Exrauchern\" href=\"\/aufhoeren\/tipps-von-exraucherinnen-exrauchern\/\">Tipps von Exraucherinnen & Exrauchern<br \/><\/a><\/span><a title=\"Blog\" href=\"\/blog\/\">Blog & Community<\/a><\/p><p><span style=\"color: #ff0000;\">\u00a0<\/span><\/p>","_et_gb_content_width":"","footnotes":""},"class_list":["post-76","page","type-page","status-publish","hentry"],"yoast_head":"<!-- This site is optimized with the Yoast SEO plugin v26.2 - https:\/\/yoast.com\/wordpress\/plugins\/seo\/ -->\n<title>Erfahrungsberichte - Rauchfrei Telefon<\/title>\n<meta name=\"robots\" content=\"index, follow, max-snippet:-1, max-image-preview:large, max-video-preview:-1\" \/>\n<link rel=\"canonical\" href=\"https:\/\/rauchfrei.at\/beratung\/erfahrungsberichte\/\" \/>\n<meta property=\"og:locale\" content=\"en_US\" \/>\n<meta property=\"og:type\" content=\"article\" \/>\n<meta property=\"og:title\" content=\"Erfahrungsberichte - Rauchfrei Telefon\" \/>\n<meta property=\"og:description\" content=\"Hier berichten Exraucher und Exraucherinnen \u00fcber ihre pers\u00f6nlichen Erfahrungen beim Rauchstopp und ihr rauchfreies Leben danach. Schreiben auch Sie uns, wie und warum Sie es geschafft haben! Berichten Sie uns Ihre Erfahrungen und verraten Sie uns Ihre pers\u00f6nlichen Tipps f\u00fcr den Rauchstopp!\" \/>\n<meta property=\"og:url\" content=\"https:\/\/rauchfrei.at\/beratung\/erfahrungsberichte\/\" \/>\n<meta property=\"og:site_name\" content=\"Rauchfrei Telefon\" \/>\n<meta property=\"article:modified_time\" content=\"2025-11-26T11:04:58+00:00\" \/>\n<meta name=\"twitter:card\" content=\"summary_large_image\" \/>\n<meta name=\"twitter:label1\" content=\"Est. reading time\" \/>\n\t<meta name=\"twitter:data1\" content=\"5 minutes\" \/>\n<script type=\"application\/ld+json\" class=\"yoast-schema-graph\">{\"@context\":\"https:\/\/schema.org\",\"@graph\":[{\"@type\":\"WebPage\",\"@id\":\"https:\/\/rauchfrei.at\/beratung\/erfahrungsberichte\/\",\"url\":\"https:\/\/rauchfrei.at\/beratung\/erfahrungsberichte\/\",\"name\":\"Erfahrungsberichte - Rauchfrei Telefon\",\"isPartOf\":{\"@id\":\"https:\/\/rauchfrei.at\/#website\"},\"datePublished\":\"2012-02-28T11:35:16+00:00\",\"dateModified\":\"2025-11-26T11:04:58+00:00\",\"breadcrumb\":{\"@id\":\"https:\/\/rauchfrei.at\/beratung\/erfahrungsberichte\/#breadcrumb\"},\"inLanguage\":\"en-US\",\"potentialAction\":[{\"@type\":\"ReadAction\",\"target\":[\"https:\/\/rauchfrei.at\/beratung\/erfahrungsberichte\/\"]}]},{\"@type\":\"BreadcrumbList\",\"@id\":\"https:\/\/rauchfrei.at\/beratung\/erfahrungsberichte\/#breadcrumb\",\"itemListElement\":[{\"@type\":\"ListItem\",\"position\":1,\"name\":\"Beratung\",\"item\":\"https:\/\/rauchfrei.at\/beratung\/\"},{\"@type\":\"ListItem\",\"position\":2,\"name\":\"Erfahrungsberichte\"}]},{\"@type\":\"WebSite\",\"@id\":\"https:\/\/rauchfrei.at\/#website\",\"url\":\"https:\/\/rauchfrei.at\/\",\"name\":\"Rauchfrei Telefon\",\"description\":\"Eine \u00f6sterreichweite Initiative der Sozialversicherungen.\",\"potentialAction\":[{\"@type\":\"SearchAction\",\"target\":{\"@type\":\"EntryPoint\",\"urlTemplate\":\"https:\/\/rauchfrei.at\/?s={search_term_string}\"},\"query-input\":{\"@type\":\"PropertyValueSpecification\",\"valueRequired\":true,\"valueName\":\"search_term_string\"}}],\"inLanguage\":\"en-US\"}]}<\/script>\n<!-- \/ Yoast SEO plugin. -->","yoast_head_json":{"title":"Erfahrungsberichte - Rauchfrei Telefon","robots":{"index":"index","follow":"follow","max-snippet":"max-snippet:-1","max-image-preview":"max-image-preview:large","max-video-preview":"max-video-preview:-1"},"canonical":"https:\/\/rauchfrei.at\/beratung\/erfahrungsberichte\/","og_locale":"en_US","og_type":"article","og_title":"Erfahrungsberichte - Rauchfrei Telefon","og_description":"Hier berichten Exraucher und Exraucherinnen \u00fcber ihre pers\u00f6nlichen Erfahrungen beim Rauchstopp und ihr rauchfreies Leben danach. Schreiben auch Sie uns, wie und warum Sie es geschafft haben! Berichten Sie uns Ihre Erfahrungen und verraten Sie uns Ihre pers\u00f6nlichen Tipps f\u00fcr den Rauchstopp!","og_url":"https:\/\/rauchfrei.at\/beratung\/erfahrungsberichte\/","og_site_name":"Rauchfrei Telefon","article_modified_time":"2025-11-26T11:04:58+00:00","twitter_card":"summary_large_image","twitter_misc":{"Est. reading time":"5 minutes"},"schema":{"@context":"https:\/\/schema.org","@graph":[{"@type":"WebPage","@id":"https:\/\/rauchfrei.at\/beratung\/erfahrungsberichte\/","url":"https:\/\/rauchfrei.at\/beratung\/erfahrungsberichte\/","name":"Erfahrungsberichte - Rauchfrei Telefon","isPartOf":{"@id":"https:\/\/rauchfrei.at\/#website"},"datePublished":"2012-02-28T11:35:16+00:00","dateModified":"2025-11-26T11:04:58+00:00","breadcrumb":{"@id":"https:\/\/rauchfrei.at\/beratung\/erfahrungsberichte\/#breadcrumb"},"inLanguage":"en-US","potentialAction":[{"@type":"ReadAction","target":["https:\/\/rauchfrei.at\/beratung\/erfahrungsberichte\/"]}]},{"@type":"BreadcrumbList","@id":"https:\/\/rauchfrei.at\/beratung\/erfahrungsberichte\/#breadcrumb","itemListElement":[{"@type":"ListItem","position":1,"name":"Beratung","item":"https:\/\/rauchfrei.at\/beratung\/"},{"@type":"ListItem","position":2,"name":"Erfahrungsberichte"}]},{"@type":"WebSite","@id":"https:\/\/rauchfrei.at\/#website","url":"https:\/\/rauchfrei.at\/","name":"Rauchfrei Telefon","description":"Eine \u00f6sterreichweite Initiative der Sozialversicherungen.","potentialAction":[{"@type":"SearchAction","target":{"@type":"EntryPoint","urlTemplate":"https:\/\/rauchfrei.at\/?s={search_term_string}"},"query-input":{"@type":"PropertyValueSpecification","valueRequired":true,"valueName":"search_term_string"}}],"inLanguage":"en-US"}]}},"_links":{"self":[{"href":"https:\/\/rauchfrei.at\/en\/wp-json\/wp\/v2\/pages\/76","targetHints":{"allow":["GET"]}}],"collection":[{"href":"https:\/\/rauchfrei.at\/en\/wp-json\/wp\/v2\/pages"}],"about":[{"href":"https:\/\/rauchfrei.at\/en\/wp-json\/wp\/v2\/types\/page"}],"author":[{"embeddable":true,"href":"https:\/\/rauchfrei.at\/en\/wp-json\/wp\/v2\/users\/2"}],"replies":[{"embeddable":true,"href":"https:\/\/rauchfrei.at\/en\/wp-json\/wp\/v2\/comments?post=76"}],"version-history":[{"count":5,"href":"https:\/\/rauchfrei.at\/en\/wp-json\/wp\/v2\/pages\/76\/revisions"}],"predecessor-version":[{"id":32490,"href":"https:\/\/rauchfrei.at\/en\/wp-json\/wp\/v2\/pages\/76\/revisions\/32490"}],"up":[{"embeddable":true,"href":"https:\/\/rauchfrei.at\/en\/wp-json\/wp\/v2\/pages\/8"}],"wp:attachment":[{"href":"https:\/\/rauchfrei.at\/en\/wp-json\/wp\/v2\/media?parent=76"}],"curies":[{"name":"wp","href":"https:\/\/api.w.org\/{rel}","templated":true}]}}