
{"id":78,"date":"2012-02-28T11:35:35","date_gmt":"2012-02-28T11:35:35","guid":{"rendered":"http:\/\/web362.itscserver.org\/wordpress\/?page_id=78"},"modified":"2015-04-20T12:02:23","modified_gmt":"2015-04-20T10:02:23","slug":"beratungsunterlagen","status":"publish","type":"page","link":"https:\/\/rauchfrei.at\/en\/beratung\/beratungsunterlagen\/","title":{"rendered":"Beratungsunterlagen"},"content":{"rendered":"<p>Hier haben Sie die M\u00f6glichkeit, die Beratungsunterlagen des Rauchfrei Telefons herunterzuladen.<\/p>\n<p><a href=\"\/wp-content\/uploads\/rauchProtokoll.pdf\" target=\"_blank\">Rauchprotokoll<br \/>\n<\/a>Mit Hilfe des Rauchprotokolls k\u00f6nnen Sie Ihr Rauchverhalten genauer unter die Lupe nehmen.<\/p>\n<p><a href=\"\/wp-content\/uploads\/motive-fuer-den-rauchstopp.pdf\" target=\"_blank\">Motive f\u00fcr den Rauchstopp<br \/>\n<\/a>Machen Sie sich Ihre Motive f\u00fcr den Rauchstopp bewusst.<\/p>\n<p><a href=\"https:\/\/rauchfrei.at\/wp-content\/uploads\/funktion1.pdf\" target=\"_blank\">Die Funktion der Zigarette<\/a><br \/>\nWelche Funktionen erf\u00fcllt die Zigarette in Ihrem Leben? Finden Sie es heraus!<\/p>\n<p><a href=\"https:\/\/rauchfrei.at\/wp-content\/uploads\/3a1.pdf\" target=\"_blank\">Die 3 A-Technik<\/a><br \/>\nAblenken, Abwarten, Abhauen: wichtige Strategien f\u00fcr Verlangensattacken.<\/p>\n<p><a href=\"\/wp-content\/uploads\/meine-persoenlichen-alternativen-zur-zigarette.pdf\" target=\"_blank\">Meine pers\u00f6nlichen Alternativen zur Zigarette<br \/>\n<\/a>\u00dcberlegen und notieren Sie sich Ihre pers\u00f6nlichen Alternativen zur Zigarette.<\/p>\n<p><a href=\"\/wp-content\/uploads\/checkliste-fuer-den-rauchstopp.pdf\" target=\"_blank\">Checkliste f\u00fcr den Rauchstopp<br \/>\n<\/a>Haben Sie alles bedacht bei der Vorbereitung Ihres Rauchstopps? Diese Checkliste hilft Ihnen dabei.<\/p>\n<p><a href=\"\/wp-content\/uploads\/die-erste-rauchfreie-zeit.pdf\" target=\"_blank\">Die erste rauchfreie Zeit<\/a><br \/>\nBemerken Sie bereits die ersten positiven Ver\u00e4nderungen durch den Rauchstopp? Machen Sie sich diese mit Hilfe dieses Downloads bewusst.<\/p>\n<p><a href=\"https:\/\/rauchfrei.at\/wp-content\/uploads\/belohnungUndGenuss1.pdf\" target=\"_blank\">Belohnung und Genuss<\/a><br \/>\nBelohnen Sie sich f\u00fcr Ihre gro\u00dfartige Leistung, rauchfrei zu bleiben.<\/p>\n<p><a href=\"https:\/\/rauchfrei.at\/wp-content\/uploads\/atemtechniken2.pdf\" target=\"_blank\">Atemtechniken<br \/>\n<\/a>Die Anwendung von Atemtechniken hat sich als sehr hilfreich beim Rauchstopp erwiesen. Hier finden Sie einige Anregungen dazu.<\/p>\n<p><a href=\"\/wp-content\/uploads\/rauchfrei-fit-und-schlank.pdf\" target=\"_blank\">Rauchfrei, fit und schlank<br \/>\n<\/a>Wie k\u00f6nnen Sie beim Rauchstopp Ihr Gewicht halten? Tipps dazu finden Sie hier.<\/p>\n<p><a href=\"https:\/\/rauchfrei.at\/wp-content\/uploads\/gutGer%C3%BCstet1.pdf\" target=\"_blank\">Vorsicht Stolperfallen! Gut ger\u00fcstet f\u00fcr alle F\u00e4lle<\/a><br \/>\nDauerhaft rauchfrei bleiben. So bereiten Sie sich gut auf Risikosituationen vor.<\/p>\n","protected":false},"excerpt":{"rendered":"<p>Die Beratungsunterlagen helfen Ihnen dabei, sich gut auf den Rauchstopp vorzubereiten. <\/p>\n","protected":false},"author":2,"featured_media":0,"parent":8,"menu_order":0,"comment_status":"closed","ping_status":"open","template":"","meta":{"_et_pb_use_builder":"","_et_pb_old_content":"","_et_gb_content_width":"","footnotes":""},"class_list":["post-78","page","type-page","status-publish","hentry"],"yoast_head":"<!-- This site is optimized with the Yoast SEO plugin v26.2 - https:\/\/yoast.com\/wordpress\/plugins\/seo\/ -->\n<title>Beratungsunterlagen - Rauchfrei Telefon<\/title>\n<meta name=\"robots\" content=\"index, follow, max-snippet:-1, max-image-preview:large, max-video-preview:-1\" \/>\n<link rel=\"canonical\" href=\"https:\/\/rauchfrei.at\/beratung\/beratungsunterlagen\/\" \/>\n<meta property=\"og:locale\" content=\"en_US\" \/>\n<meta property=\"og:type\" content=\"article\" \/>\n<meta property=\"og:title\" content=\"Beratungsunterlagen - Rauchfrei Telefon\" \/>\n<meta property=\"og:description\" content=\"Die Beratungsunterlagen helfen Ihnen dabei, sich gut auf den Rauchstopp vorzubereiten.\" \/>\n<meta property=\"og:url\" content=\"https:\/\/rauchfrei.at\/beratung\/beratungsunterlagen\/\" \/>\n<meta property=\"og:site_name\" content=\"Rauchfrei Telefon\" \/>\n<meta property=\"article:modified_time\" content=\"2015-04-20T10:02:23+00:00\" \/>\n<meta name=\"twitter:card\" content=\"summary_large_image\" \/>\n<meta name=\"twitter:label1\" content=\"Est. reading time\" \/>\n\t<meta name=\"twitter:data1\" content=\"1 minute\" \/>\n<script type=\"application\/ld+json\" class=\"yoast-schema-graph\">{\"@context\":\"https:\/\/schema.org\",\"@graph\":[{\"@type\":\"WebPage\",\"@id\":\"https:\/\/rauchfrei.at\/beratung\/beratungsunterlagen\/\",\"url\":\"https:\/\/rauchfrei.at\/beratung\/beratungsunterlagen\/\",\"name\":\"Beratungsunterlagen - Rauchfrei Telefon\",\"isPartOf\":{\"@id\":\"https:\/\/rauchfrei.at\/#website\"},\"datePublished\":\"2012-02-28T11:35:35+00:00\",\"dateModified\":\"2015-04-20T10:02:23+00:00\",\"breadcrumb\":{\"@id\":\"https:\/\/rauchfrei.at\/beratung\/beratungsunterlagen\/#breadcrumb\"},\"inLanguage\":\"en-US\",\"potentialAction\":[{\"@type\":\"ReadAction\",\"target\":[\"https:\/\/rauchfrei.at\/beratung\/beratungsunterlagen\/\"]}]},{\"@type\":\"BreadcrumbList\",\"@id\":\"https:\/\/rauchfrei.at\/beratung\/beratungsunterlagen\/#breadcrumb\",\"itemListElement\":[{\"@type\":\"ListItem\",\"position\":1,\"name\":\"Beratung\",\"item\":\"https:\/\/rauchfrei.at\/beratung\/\"},{\"@type\":\"ListItem\",\"position\":2,\"name\":\"Beratungsunterlagen\"}]},{\"@type\":\"WebSite\",\"@id\":\"https:\/\/rauchfrei.at\/#website\",\"url\":\"https:\/\/rauchfrei.at\/\",\"name\":\"Rauchfrei Telefon\",\"description\":\"Eine \u00f6sterreichweite Initiative der Sozialversicherungen.\",\"potentialAction\":[{\"@type\":\"SearchAction\",\"target\":{\"@type\":\"EntryPoint\",\"urlTemplate\":\"https:\/\/rauchfrei.at\/?s={search_term_string}\"},\"query-input\":{\"@type\":\"PropertyValueSpecification\",\"valueRequired\":true,\"valueName\":\"search_term_string\"}}],\"inLanguage\":\"en-US\"}]}<\/script>\n<!-- \/ Yoast SEO plugin. -->","yoast_head_json":{"title":"Beratungsunterlagen - Rauchfrei Telefon","robots":{"index":"index","follow":"follow","max-snippet":"max-snippet:-1","max-image-preview":"max-image-preview:large","max-video-preview":"max-video-preview:-1"},"canonical":"https:\/\/rauchfrei.at\/beratung\/beratungsunterlagen\/","og_locale":"en_US","og_type":"article","og_title":"Beratungsunterlagen - Rauchfrei Telefon","og_description":"Die Beratungsunterlagen helfen Ihnen dabei, sich gut auf den Rauchstopp vorzubereiten.","og_url":"https:\/\/rauchfrei.at\/beratung\/beratungsunterlagen\/","og_site_name":"Rauchfrei Telefon","article_modified_time":"2015-04-20T10:02:23+00:00","twitter_card":"summary_large_image","twitter_misc":{"Est. reading time":"1 minute"},"schema":{"@context":"https:\/\/schema.org","@graph":[{"@type":"WebPage","@id":"https:\/\/rauchfrei.at\/beratung\/beratungsunterlagen\/","url":"https:\/\/rauchfrei.at\/beratung\/beratungsunterlagen\/","name":"Beratungsunterlagen - Rauchfrei Telefon","isPartOf":{"@id":"https:\/\/rauchfrei.at\/#website"},"datePublished":"2012-02-28T11:35:35+00:00","dateModified":"2015-04-20T10:02:23+00:00","breadcrumb":{"@id":"https:\/\/rauchfrei.at\/beratung\/beratungsunterlagen\/#breadcrumb"},"inLanguage":"en-US","potentialAction":[{"@type":"ReadAction","target":["https:\/\/rauchfrei.at\/beratung\/beratungsunterlagen\/"]}]},{"@type":"BreadcrumbList","@id":"https:\/\/rauchfrei.at\/beratung\/beratungsunterlagen\/#breadcrumb","itemListElement":[{"@type":"ListItem","position":1,"name":"Beratung","item":"https:\/\/rauchfrei.at\/beratung\/"},{"@type":"ListItem","position":2,"name":"Beratungsunterlagen"}]},{"@type":"WebSite","@id":"https:\/\/rauchfrei.at\/#website","url":"https:\/\/rauchfrei.at\/","name":"Rauchfrei Telefon","description":"Eine \u00f6sterreichweite Initiative der Sozialversicherungen.","potentialAction":[{"@type":"SearchAction","target":{"@type":"EntryPoint","urlTemplate":"https:\/\/rauchfrei.at\/?s={search_term_string}"},"query-input":{"@type":"PropertyValueSpecification","valueRequired":true,"valueName":"search_term_string"}}],"inLanguage":"en-US"}]}},"_links":{"self":[{"href":"https:\/\/rauchfrei.at\/en\/wp-json\/wp\/v2\/pages\/78","targetHints":{"allow":["GET"]}}],"collection":[{"href":"https:\/\/rauchfrei.at\/en\/wp-json\/wp\/v2\/pages"}],"about":[{"href":"https:\/\/rauchfrei.at\/en\/wp-json\/wp\/v2\/types\/page"}],"author":[{"embeddable":true,"href":"https:\/\/rauchfrei.at\/en\/wp-json\/wp\/v2\/users\/2"}],"replies":[{"embeddable":true,"href":"https:\/\/rauchfrei.at\/en\/wp-json\/wp\/v2\/comments?post=78"}],"version-history":[{"count":5,"href":"https:\/\/rauchfrei.at\/en\/wp-json\/wp\/v2\/pages\/78\/revisions"}],"predecessor-version":[{"id":6923,"href":"https:\/\/rauchfrei.at\/en\/wp-json\/wp\/v2\/pages\/78\/revisions\/6923"}],"up":[{"embeddable":true,"href":"https:\/\/rauchfrei.at\/en\/wp-json\/wp\/v2\/pages\/8"}],"wp:attachment":[{"href":"https:\/\/rauchfrei.at\/en\/wp-json\/wp\/v2\/media?parent=78"}],"curies":[{"name":"wp","href":"https:\/\/api.w.org\/{rel}","templated":true}]}}