
{"id":7881,"date":"2015-12-22T17:20:16","date_gmt":"2015-12-22T15:20:16","guid":{"rendered":"http:\/\/rauchfrei.ipax.hosting\/?page_id=7881"},"modified":"2025-10-22T10:01:40","modified_gmt":"2025-10-22T08:01:40","slug":"download-poster-sticker","status":"publish","type":"page","link":"https:\/\/rauchfrei.at\/en\/download-poster-sticker\/","title":{"rendered":"Materialien"},"content":{"rendered":"<p>[et_pb_section fb_built=&#8221;1&#8243; custom_padding_last_edited=&#8221;off|&#8221; module_class=&#8221;header&#8221; _builder_version=&#8221;4.16&#8243; background_color=&#8221;#67BAD3&#8243; custom_margin=&#8221;||0px|&#8221; custom_padding=&#8221;100px||10px|&#8221; locked=&#8221;off&#8221; global_colors_info=&#8221;{}&#8221;][et_pb_row _builder_version=&#8221;4.16&#8243; custom_margin=&#8221;||0px|&#8221; custom_padding=&#8221;||0px|&#8221; global_colors_info=&#8221;{}&#8221;][et_pb_column type=&#8221;4_4&#8243; _builder_version=&#8221;4.16&#8243; custom_padding=&#8221;||0px|&#8221; global_colors_info=&#8221;{}&#8221; custom_padding__hover=&#8221;|||&#8221;][et_pb_text admin_label=&#8221;Blue Background Header&#8221; _builder_version=&#8221;4.27.4&#8243; custom_margin=&#8221;||0px|&#8221; custom_padding=&#8221;||0px|&#8221; global_colors_info=&#8221;{}&#8221;]<\/p>\n<h1>Materialien f\u00fcr Jugendliche<\/h1>\n<p>[\/et_pb_text][\/et_pb_column][\/et_pb_row][\/et_pb_section][et_pb_section fb_built=&#8221;1&#8243; specialty=&#8221;on&#8221; _builder_version=&#8221;4.16&#8243; global_colors_info=&#8221;{}&#8221;][et_pb_column type=&#8221;2_3&#8243; specialty_columns=&#8221;2&#8243; _builder_version=&#8221;4.16&#8243; custom_padding=&#8221;|||&#8221; global_colors_info=&#8221;{}&#8221; custom_padding__hover=&#8221;|||&#8221;][et_pb_row_inner _builder_version=&#8221;4.16&#8243; custom_padding=&#8221;||0px&#8221; global_colors_info=&#8221;{}&#8221;][et_pb_column_inner saved_specialty_column_type=&#8221;2_3&#8243; _builder_version=&#8221;4.16&#8243; custom_padding=&#8221;|||&#8221; global_colors_info=&#8221;{}&#8221; custom_padding__hover=&#8221;|||&#8221;][et_pb_text _builder_version=&#8221;4.27.4&#8243; z_index_tablet=&#8221;500&#8243; global_colors_info=&#8221;{}&#8221;]<\/p>\n<p>Jugendliche rauchen anders als Erwachsene. Sie wollen auch aus anderen Gr\u00fcnden mit dem Rauchen aufh\u00f6ren. Andere Themen rund ums Rauchen sind interessant.<\/p>\n<p>&nbsp;<\/p>\n<h2>Materialien des Rauchfrei Telefons, die sich an Jugendliche richten:<\/h2>\n<ul>\n<li>Der <em>Folder<\/em><a href=\"https:\/\/rauchfrei.at\/wp-content\/uploads\/rf25_Jugend_Folder_v15_online-1.pdf\" target=\"_blank\" rel=\"noopener noreferrer\">\u00a0&#8220;Besser Schluss machen&#8221;<\/a> informiert Jugendliche zum Thema Tabak und Nikotin.<\/li>\n<li>Die <em>Poster<\/em> mit dem Slogan &#8220;Mir reicht\u00b4s!&#8221; k\u00f6nnen kostenfrei bestellt werden.<\/li>\n<\/ul>\n<p>[\/et_pb_text][\/et_pb_column_inner][\/et_pb_row_inner][et_pb_row_inner column_structure=&#8221;1_2,1_2&#8243; _builder_version=&#8221;4.16&#8243; custom_padding=&#8221;0px||0px&#8221; global_colors_info=&#8221;{}&#8221;][et_pb_column_inner type=&#8221;1_2&#8243; saved_specialty_column_type=&#8221;2_3&#8243; _builder_version=&#8221;4.16&#8243; custom_padding=&#8221;|||&#8221; global_colors_info=&#8221;{}&#8221; custom_padding__hover=&#8221;|||&#8221;][et_pb_image src=&#8221;https:\/\/rauchfrei.at\/wp-content\/uploads\/Jugend_Mann.png&#8221; title_text=&#8221;Jugend_Mann&#8221; url=&#8221;https:\/\/rauchfrei.at\/wp-content\/uploads\/Poster_Jugend_Mann_web-2.pdf&#8221; url_new_window=&#8221;on&#8221; align_tablet=&#8221;center&#8221; align_phone=&#8221;&#8221; align_last_edited=&#8221;on|desktop&#8221; _builder_version=&#8221;4.27.4&#8243; global_colors_info=&#8221;{}&#8221;]<br \/>\n[\/et_pb_image][\/et_pb_column_inner][et_pb_column_inner type=&#8221;1_2&#8243; saved_specialty_column_type=&#8221;2_3&#8243; _builder_version=&#8221;4.16&#8243; custom_padding=&#8221;|||&#8221; global_colors_info=&#8221;{}&#8221; custom_padding__hover=&#8221;|||&#8221;][et_pb_image src=&#8221;https:\/\/rauchfrei.at\/wp-content\/uploads\/Jugend_Frau.png&#8221; title_text=&#8221;Jugend_Frau&#8221; url=&#8221;https:\/\/rauchfrei.at\/wp-content\/uploads\/Poster_Jugend_Frau_web-1.pdf&#8221; url_new_window=&#8221;on&#8221; align_tablet=&#8221;center&#8221; align_phone=&#8221;&#8221; align_last_edited=&#8221;on|desktop&#8221; _builder_version=&#8221;4.27.4&#8243; global_colors_info=&#8221;{}&#8221;]<br \/>\n[\/et_pb_image][\/et_pb_column_inner][\/et_pb_row_inner][et_pb_row_inner _builder_version=&#8221;4.16&#8243; global_colors_info=&#8221;{}&#8221;][et_pb_column_inner saved_specialty_column_type=&#8221;2_3&#8243; _builder_version=&#8221;4.16&#8243; custom_padding=&#8221;|||&#8221; global_colors_info=&#8221;{}&#8221; custom_padding__hover=&#8221;|||&#8221;][et_pb_text _builder_version=&#8221;4.27.4&#8243; global_colors_info=&#8221;{}&#8221;]<\/p>\n<h2>Diverse Materialien zum Thema:<\/h2>\n<h3>B\u00fccher<\/h3>\n<p><em>Smokereality<\/em> (2007). Keyvan Davani<\/p>\n<p><em>Tabakentw\u00f6hnung f\u00fcr Jugendliche. Empirische Befunde und Grundz\u00fcge eines verhaltensorientierten Interventionskonzeptes<\/em> (2007). Anke Reinisch<\/p>\n<h3>Filme<\/h3>\n<p><em>Thank you for smoking<\/em> (2005). Filmsatire. Jason Reitman<br \/><em>The Insider<\/em> (1999). Thriller. Michael Mann<\/p>\n<p>&nbsp;<\/p>\n<h3>Links:<\/h3>\n<p><a href=\"https:\/\/www.unfairtobacco.org\/\" target=\"_blank\" rel=\"noopener noreferrer\">Unfairtobacco<\/a><br \/><a href=\"https:\/\/www.thetruth.com\/\" target=\"_blank\" rel=\"noopener noreferrer\">The truth<\/a><br \/><a href=\"http:\/\/www.infodealer.at\/\" target=\"_blank\" rel=\"noopener noreferrer\">Infodealer<\/a><\/p>\n<p>[\/et_pb_text][\/et_pb_column_inner][\/et_pb_row_inner][\/et_pb_column][et_pb_column type=&#8221;1_3&#8243; _builder_version=&#8221;4.16&#8243; custom_padding=&#8221;|||&#8221; global_colors_info=&#8221;{}&#8221; custom_padding__hover=&#8221;|||&#8221;][et_pb_dp_dmb_module_10080 link_text=&#8221;hier kostenfrei bestellen&#8221; link_url=&#8221;https:\/\/rauchfrei.at\/broschueren-downloads\/bestellung\/&#8221; admin_label=&#8221;Materialbestellung&#8221; _builder_version=&#8221;3.21&#8243; global_module=&#8221;13132&#8243; saved_tabs=&#8221;all&#8221; global_colors_info=&#8221;{}&#8221;]<\/p>\n<p><strong>Brosch\u00fcren<br \/>bestellen\u00a0<\/strong><\/p>\n<p>[\/et_pb_dp_dmb_module_10080][et_pb_dp_dmb_module_10093 farbe=&#8221;blitzblau&#8221; headline=&#8221;Passivrauch&#8221; image=&#8221;https:\/\/rauchfrei.at\/wp-content\/uploads\/passivrauch-rauchfrei-fuer-alle.png&#8221; image_position=&#8221;center&#8221; link_text=&#8221;mehr&#8221; link_url=&#8221;https:\/\/rauchfrei.at\/fakten\/passivrauch\/&#8221; image_size=&#8221;70&#8243; admin_label=&#8221;Passivrauch&#8221; _builder_version=&#8221;3.19.15&#8243; global_module=&#8221;13172&#8243; saved_tabs=&#8221;all&#8221; global_colors_info=&#8221;{}&#8221;]<\/p>\n<p>Rauch ist giftig, niemand sollte ihn einatmen!<\/p>\n<p>[\/et_pb_dp_dmb_module_10093][et_pb_dp_dmb_module_10080 link_text=&#8221;Schon s\u00fcchtig nach Nikotin?&#8221; link_url=&#8221;https:\/\/rauchfrei.at\/aufhoeren\/tests-tools\/honc\/&#8221; admin_label=&#8221;HONC&#8221; _builder_version=&#8221;4.27.4&#8243; _module_preset=&#8221;default&#8221; global_colors_info=&#8221;{}&#8221; theme_builder_area=&#8221;post_content&#8221;]<\/p>\n<p>Zur HONC (Hooked on Nicotin Checklist)<\/p>\n<p>[\/et_pb_dp_dmb_module_10080][\/et_pb_column][\/et_pb_section]<\/p>\n","protected":false},"excerpt":{"rendered":"<p>Materialien f\u00fcr JugendlicheJugendliche rauchen anders als Erwachsene. Sie wollen auch aus anderen Gr\u00fcnden mit dem Rauchen aufh\u00f6ren. Andere Themen rund ums Rauchen sind interessant. &nbsp; Materialien des Rauchfrei Telefons, die sich an Jugendliche richten: Der Folder\u00a0&#8220;Besser Schluss machen&#8221; informiert Jugendliche zum Thema Tabak und Nikotin. Die Poster mit dem Slogan &#8220;Mir reicht\u00b4s!&#8221; k\u00f6nnen kostenfrei bestellt [&hellip;]<\/p>\n","protected":false},"author":17,"featured_media":0,"parent":0,"menu_order":0,"comment_status":"open","ping_status":"open","template":"","meta":{"_et_pb_use_builder":"on","_et_pb_old_content":"<p>PPP f\u00fcr Schulen<\/p><p>Jugendfolder<\/p><p>Freecards<\/p><p>\u00a0<\/p><p>\u00a0<\/p><p><a href=\"https:\/\/rauchfrei.at\/wp-content\/uploads\/Poster_Glas_Bild.jpg\"><img class=\"size-medium wp-image-7948 alignleft\" src=\"https:\/\/rauchfrei.at\/wp-content\/uploads\/Poster_Glas_Bild-225x318.jpg\" alt=\"Poster Glas mit Zigarettenstrohhalm\" width=\"225\" height=\"318\" \/><br \/><\/a><\/p><p>\u00a0<\/p><p>\u00a0<\/p><p>\u00a0<\/p><p>\u00a0<\/p><p>\u00a0<\/p><p>\u00a0<\/p><p>\u00a0<\/p><p>\u00a0<\/p><p><a href=\"https:\/\/rauchfrei.at\/wp-content\/uploads\/Poster_Glas_A4_online.pdf\" target=\"_blank\" rel=\"noopener\">Poster_Glas<\/a>\u00a0(.pdf)<\/p><p>\u00a0<\/p><p><a href=\"https:\/\/rauchfrei.at\/wp-content\/uploads\/Poster_Schreibtisch_Bild.jpg\"><img class=\"size-medium wp-image-7951 alignleft\" src=\"https:\/\/rauchfrei.at\/wp-content\/uploads\/Poster_Schreibtisch_Bild-225x318.jpg\" alt=\"Poster Schreibtisch mit Zigarettenbleistift\" width=\"225\" height=\"318\" \/><\/a><\/p><p>\u00a0<\/p><p>\u00a0<\/p><p>\u00a0<\/p><p>\u00a0<\/p><p>\u00a0<\/p><p>\u00a0<\/p><p>\u00a0<\/p><p>\u00a0<\/p><p>\u00a0<\/p><p><a href=\"https:\/\/rauchfrei.at\/wp-content\/uploads\/Poster_Schreibtisch_A4_online.pdf\" target=\"_blank\" rel=\"noopener\">Poster_Schreibtisch<\/a>\u00a0(.pdf)<\/p><p>\u00a0<\/p><p><a href=\"https:\/\/rauchfrei.at\/wp-content\/uploads\/Poster_Meer_Bild.jpg\"><img class=\"size-medium wp-image-7950 alignleft\" src=\"https:\/\/rauchfrei.at\/wp-content\/uploads\/Poster_Meer_Bild-225x318.jpg\" alt=\"Poster_Meer_Bild\" width=\"225\" height=\"318\" \/><\/a><\/p><p>\u00a0<\/p><p>\u00a0<\/p><p>\u00a0<\/p><p>\u00a0<\/p><p>\u00a0<\/p><p>\u00a0<\/p><p>\u00a0<\/p><p>\u00a0<\/p><p>\u00a0<\/p><p><a href=\"https:\/\/rauchfrei.at\/wp-content\/uploads\/Poster_Meer_RFT_Homepage.pdf\" target=\"_blank\" rel=\"noopener\">Poster_Meer<\/a>\u00a0(.pdf)<\/p><p>\u00a0<\/p><p><a href=\"https:\/\/rauchfrei.at\/wp-content\/uploads\/Poster_Pinguine_Bild.jpg\"><img class=\"size-medium wp-image-7949 alignleft\" src=\"https:\/\/rauchfrei.at\/wp-content\/uploads\/Poster_Pinguine_Bild-225x318.jpg\" alt=\"Poster_Pinguine_Bild\" width=\"225\" height=\"318\" \/><br \/><\/a><\/p><p>\u00a0<\/p><p>\u00a0<\/p><p>\u00a0<\/p><p>\u00a0<\/p><p>\u00a0<\/p><p>\u00a0<\/p><p>\u00a0<\/p><p>\u00a0<\/p><p><a href=\"https:\/\/rauchfrei.at\/wp-content\/uploads\/Poster_Pinguine_RFT_Homepage.pdf\" target=\"_blank\" rel=\"noopener\">Poster_Pinguine<\/a>\u00a0(.pdf)<\/p><p>\u00a0<\/p><p><img class=\"alignnone wp-image-9458\" src=\"https:\/\/rauchfrei.at\/wp-content\/uploads\/Poster-Schwangerschaft_Bild-480x679.jpg\" alt=\"Poster Schwangerschaft_Bild\" width=\"225\" height=\"319\" data-id=\"9458\" \/><\/p><p><a href=\"https:\/\/rauchfrei.at\/wp-content\/uploads\/Poster-Schwangerschaft-1.pdf\">Poster Schwangere<\/a>\u00a0(.pdf)<\/p><p>\u00a0<\/p><p><a href=\"https:\/\/rauchfrei.at\/wp-content\/uploads\/Sticker_neu.png\"><img class=\" wp-image-7937\" src=\"https:\/\/rauchfrei.at\/wp-content\/uploads\/Sticker_neu-225x155.png\" alt=\"Neue Aufkleber des Rauchfrei Telefons\" width=\"263\" height=\"181\" \/><\/a><\/p><p style=\"text-align: left;\"><a href=\"https:\/\/rauchfrei.at\/wp-content\/uploads\/Sticker.pdf\" target=\"_blank\" rel=\"noopener\">Sticker<\/a>\u00a0(.pdf)<\/p><p>\u00a0<\/p><p>\u00a0<\/p><p>\u00a0<\/p>","_et_gb_content_width":"","footnotes":""},"class_list":["post-7881","page","type-page","status-publish","hentry"],"yoast_head":"<!-- This site is optimized with the Yoast SEO plugin v26.2 - https:\/\/yoast.com\/wordpress\/plugins\/seo\/ -->\n<title>Materialien - Rauchfrei Telefon<\/title>\n<meta name=\"robots\" content=\"index, follow, max-snippet:-1, max-image-preview:large, max-video-preview:-1\" \/>\n<link rel=\"canonical\" href=\"https:\/\/rauchfrei.at\/download-poster-sticker\/\" \/>\n<meta property=\"og:locale\" content=\"en_US\" \/>\n<meta property=\"og:type\" content=\"article\" \/>\n<meta property=\"og:title\" content=\"Materialien - Rauchfrei Telefon\" \/>\n<meta property=\"og:description\" content=\"Materialien f\u00fcr JugendlicheJugendliche rauchen anders als Erwachsene. Sie wollen auch aus anderen Gr\u00fcnden mit dem Rauchen aufh\u00f6ren. Andere Themen rund ums Rauchen sind interessant. &nbsp; Materialien des Rauchfrei Telefons, die sich an Jugendliche richten: Der Folder\u00a0&quot;Besser Schluss machen&quot; informiert Jugendliche zum Thema Tabak und Nikotin. Die Poster mit dem Slogan &quot;Mir reicht\u00b4s!&quot; k\u00f6nnen kostenfrei bestellt [&hellip;]\" \/>\n<meta property=\"og:url\" content=\"https:\/\/rauchfrei.at\/download-poster-sticker\/\" \/>\n<meta property=\"og:site_name\" content=\"Rauchfrei Telefon\" \/>\n<meta property=\"article:modified_time\" content=\"2025-10-22T08:01:40+00:00\" \/>\n<meta name=\"twitter:card\" content=\"summary_large_image\" \/>\n<meta name=\"twitter:label1\" content=\"Est. reading time\" \/>\n\t<meta name=\"twitter:data1\" content=\"3 minutes\" \/>\n<script type=\"application\/ld+json\" class=\"yoast-schema-graph\">{\"@context\":\"https:\/\/schema.org\",\"@graph\":[{\"@type\":\"WebPage\",\"@id\":\"https:\/\/rauchfrei.at\/download-poster-sticker\/\",\"url\":\"https:\/\/rauchfrei.at\/download-poster-sticker\/\",\"name\":\"Materialien - Rauchfrei Telefon\",\"isPartOf\":{\"@id\":\"https:\/\/rauchfrei.at\/#website\"},\"datePublished\":\"2015-12-22T15:20:16+00:00\",\"dateModified\":\"2025-10-22T08:01:40+00:00\",\"inLanguage\":\"en-US\",\"potentialAction\":[{\"@type\":\"ReadAction\",\"target\":[\"https:\/\/rauchfrei.at\/download-poster-sticker\/\"]}]},{\"@type\":\"WebSite\",\"@id\":\"https:\/\/rauchfrei.at\/#website\",\"url\":\"https:\/\/rauchfrei.at\/\",\"name\":\"Rauchfrei Telefon\",\"description\":\"Eine \u00f6sterreichweite Initiative der Sozialversicherungen.\",\"potentialAction\":[{\"@type\":\"SearchAction\",\"target\":{\"@type\":\"EntryPoint\",\"urlTemplate\":\"https:\/\/rauchfrei.at\/?s={search_term_string}\"},\"query-input\":{\"@type\":\"PropertyValueSpecification\",\"valueRequired\":true,\"valueName\":\"search_term_string\"}}],\"inLanguage\":\"en-US\"}]}<\/script>\n<!-- \/ Yoast SEO plugin. -->","yoast_head_json":{"title":"Materialien - Rauchfrei Telefon","robots":{"index":"index","follow":"follow","max-snippet":"max-snippet:-1","max-image-preview":"max-image-preview:large","max-video-preview":"max-video-preview:-1"},"canonical":"https:\/\/rauchfrei.at\/download-poster-sticker\/","og_locale":"en_US","og_type":"article","og_title":"Materialien - Rauchfrei Telefon","og_description":"Materialien f\u00fcr JugendlicheJugendliche rauchen anders als Erwachsene. Sie wollen auch aus anderen Gr\u00fcnden mit dem Rauchen aufh\u00f6ren. Andere Themen rund ums Rauchen sind interessant. &nbsp; Materialien des Rauchfrei Telefons, die sich an Jugendliche richten: Der Folder\u00a0\"Besser Schluss machen\" informiert Jugendliche zum Thema Tabak und Nikotin. Die Poster mit dem Slogan \"Mir reicht\u00b4s!\" k\u00f6nnen kostenfrei bestellt [&hellip;]","og_url":"https:\/\/rauchfrei.at\/download-poster-sticker\/","og_site_name":"Rauchfrei Telefon","article_modified_time":"2025-10-22T08:01:40+00:00","twitter_card":"summary_large_image","twitter_misc":{"Est. reading time":"3 minutes"},"schema":{"@context":"https:\/\/schema.org","@graph":[{"@type":"WebPage","@id":"https:\/\/rauchfrei.at\/download-poster-sticker\/","url":"https:\/\/rauchfrei.at\/download-poster-sticker\/","name":"Materialien - Rauchfrei Telefon","isPartOf":{"@id":"https:\/\/rauchfrei.at\/#website"},"datePublished":"2015-12-22T15:20:16+00:00","dateModified":"2025-10-22T08:01:40+00:00","inLanguage":"en-US","potentialAction":[{"@type":"ReadAction","target":["https:\/\/rauchfrei.at\/download-poster-sticker\/"]}]},{"@type":"WebSite","@id":"https:\/\/rauchfrei.at\/#website","url":"https:\/\/rauchfrei.at\/","name":"Rauchfrei Telefon","description":"Eine \u00f6sterreichweite Initiative der Sozialversicherungen.","potentialAction":[{"@type":"SearchAction","target":{"@type":"EntryPoint","urlTemplate":"https:\/\/rauchfrei.at\/?s={search_term_string}"},"query-input":{"@type":"PropertyValueSpecification","valueRequired":true,"valueName":"search_term_string"}}],"inLanguage":"en-US"}]}},"_links":{"self":[{"href":"https:\/\/rauchfrei.at\/en\/wp-json\/wp\/v2\/pages\/7881","targetHints":{"allow":["GET"]}}],"collection":[{"href":"https:\/\/rauchfrei.at\/en\/wp-json\/wp\/v2\/pages"}],"about":[{"href":"https:\/\/rauchfrei.at\/en\/wp-json\/wp\/v2\/types\/page"}],"author":[{"embeddable":true,"href":"https:\/\/rauchfrei.at\/en\/wp-json\/wp\/v2\/users\/17"}],"replies":[{"embeddable":true,"href":"https:\/\/rauchfrei.at\/en\/wp-json\/wp\/v2\/comments?post=7881"}],"version-history":[{"count":10,"href":"https:\/\/rauchfrei.at\/en\/wp-json\/wp\/v2\/pages\/7881\/revisions"}],"predecessor-version":[{"id":31287,"href":"https:\/\/rauchfrei.at\/en\/wp-json\/wp\/v2\/pages\/7881\/revisions\/31287"}],"wp:attachment":[{"href":"https:\/\/rauchfrei.at\/en\/wp-json\/wp\/v2\/media?parent=7881"}],"curies":[{"name":"wp","href":"https:\/\/api.w.org\/{rel}","templated":true}]}}