
{"id":81,"date":"2012-02-28T11:36:18","date_gmt":"2012-02-28T11:36:18","guid":{"rendered":"http:\/\/web362.itscserver.org\/wordpress\/?page_id=81"},"modified":"2019-04-24T12:03:09","modified_gmt":"2019-04-24T10:03:09","slug":"abhaengigkeit","status":"publish","type":"page","link":"https:\/\/rauchfrei.at\/en\/fakten\/abhaengigkeit\/","title":{"rendered":"Abh\u00e4ngigkeit"},"content":{"rendered":"<p>[et_pb_section bb_built=&#8221;1&#8243; custom_padding_last_edited=&#8221;off|&#8221; module_class=&#8221;header&#8221; _builder_version=&#8221;3.0.99&#8243; background_color=&#8221;#67BAD3&#8243; custom_margin=&#8221;||0px|&#8221; custom_padding=&#8221;100px||10px|&#8221; next_background_color=&#8221;#ffffff&#8221;][et_pb_row custom_padding=&#8221;||0px|&#8221; custom_margin=&#8221;||0px|&#8221; padding_bottom_1=&#8221;0px&#8221; _builder_version=&#8221;3.0.99&#8243;][et_pb_column type=&#8221;4_4&#8243;][et_pb_text admin_label=&#8221;Blue Background Header&#8221; _builder_version=&#8221;3.21.1&#8243; custom_margin=&#8221;||0px|&#8221; custom_padding=&#8221;||0px|&#8221; z_index_tablet=&#8221;500&#8243;]<\/p>\n<h1>Tabakabh\u00e4ngigkeit<\/h1>\n<p>[\/et_pb_text][\/et_pb_column][\/et_pb_row][\/et_pb_section][et_pb_section bb_built=&#8221;1&#8243; _builder_version=&#8221;3.0.47&#8243; prev_background_color=&#8221;#67BAD3&#8243; next_background_color=&#8221;#000000&#8243;][et_pb_row _builder_version=&#8221;3.0.48&#8243; background_size=&#8221;initial&#8221; background_position=&#8221;top_left&#8221; background_repeat=&#8221;repeat&#8221;][et_pb_column type=&#8221;2_3&#8243;][et_pb_text _builder_version=&#8221;3.19.15&#8243;]<\/p>\n<h3>K\u00f6rperliche und psychische Abh\u00e4ngigkeit von Tabak und Nikotin<\/h3>\n<p>Rauchen (inhalatives Zigarettenrauchen) macht sehr schnell abh\u00e4ngig. Bald nach den ersten Rauchversuchen, die meist schon im Jugendalter passieren, entwickelt sich die Abh\u00e4ngigkeit. Der Gro\u00dfteil jener Personen, die rauchen, ist k\u00f6rperlich und\/oder psychisch abh\u00e4ngig. Abh\u00e4ngig zu sein bedeutet, dass sich Entzugssymptome zeigen, wenn der gewohnte Stoff dem K\u00f6rper nicht zugef\u00fcgt wird. Die k\u00f6rperliche Abh\u00e4ngigkeit entwickelt sich durch den Suchtstoff Nikotin. Die psychische Abh\u00e4ngigkeit entwickelt sich durch die zig-fach wiederholte Nutzung der Zigarette. Rauchen wird mit bestimmten Situationen verkn\u00fcpft (Kaffee und Zigarette, Pause, Alkohol und Zigarette, &#8230;). Wenn sich die Abh\u00e4ngigkeit entwickelt hat, ben\u00f6tigt die Person die Zigarette in diesen Situationen. Oft reicht auch schon ein Bild oder der Gedanke an bestimmte Situationen, um Verlangen nach einer Zigarette zu sp\u00fcren. Ist keine Zigarette verf\u00fcgbar, macht sich Unruhe oder Nervosit\u00e4t breit. Das ist ein erster Hinweis auf die Abh\u00e4ngigkeit.<\/p>\n<h3>Woran erkennen Sie eine m\u00f6gliche Abh\u00e4ngigkeit?<\/h3>\n<p>Viele Raucher\/innen sp\u00fcren selbst, ob eine Abh\u00e4ngigkeit besteht, indem sie merken, dass sie Zigaretten in manchen Situationen oder regelm\u00e4\u00dfig einfach &#8220;brauchen&#8221;. Manchmal ist es auch nicht so einfach oder angenehm, sich die eigene Abh\u00e4ngigkeit einzugestehen.<\/p>\n<blockquote>\n<p><strong>Freiheit f\u00fchlt sich einfach besser an<\/strong> als Abh\u00e4ngigkeit.<\/p>\n<\/blockquote>\n<p>Zeichen f\u00fcr eine m\u00f6gliche Abh\u00e4ngigkeit sind zum Beispiel<\/p>\n<ul>\n<li>starkes Verlangen nach einer Zigarette (speziell in der Fr\u00fch)<\/li>\n<li>ein oder mehrere vergebliche Versuche aufzuh\u00f6ren oder eine Zeitlang rauchfrei zu bleiben<\/li>\n<li>regelm\u00e4\u00dfiges, meist t\u00e4gliches Rauchen<\/li>\n<li>Unruhe und Nervosit\u00e4t, wenn keine Zigaretten verf\u00fcgbar sind<\/li>\n<li>wegen dem Rauchen werden andere Aufgaben oder Interessen vernachl\u00e4ssigt<\/li>\n<\/ul>\n<h3>Fagerstr\u00f6mtest zur Nikotinabh\u00e4ngigkeit<\/h3>\n<p>Mit diesem <a href=\"https:\/\/rauchfrei.at\/aufhoeren\/tests-tools\/abhaengigkeits-test\/\">Test<\/a> k\u00f6nnen Sie Ihre k\u00f6rperliche Abh\u00e4ngigkeit herausfinden. Auch wenn Sie nur eine geringe Punktezahl erzielen, kann dennoch eine Abh\u00e4ngigkeit vorliegen, die vor allem psychisch ausgepr\u00e4gt ist. In einer genauen Anamnese durch Expertinnen und Experten kann Ihre individuelle Situation erhoben werden, um die besten Strategien zur Entw\u00f6hnung zu finden.<\/p>\n<h3>Hooked on Nicotine Checklist<\/h3>\n<p>Mit diesen 10 Fragen des <a href=\"https:\/\/rauchfrei.at\/aufhoeren\/tests-tools\/honc\/\">HONC (Hooked on Nicotine Checklist)<\/a> kann eine beginnende Abh\u00e4ngigkeit im Jugendalter herausgefunden werden.<\/p>\n<h3>Diagnose Tabakabh\u00e4ngigkeit<\/h3>\n<p>Tabakabh\u00e4ngigkeit ist eine Suchterkrankung &#8211; auch wenn es in unserer Gesellschaft und in der Gesundheitsversorgung noch noch nicht die n\u00f6tige Beachtung findet, und daher die Diagnose und Behandlung in vielen F\u00e4llen nicht erfolgt.<\/p>\n<p>Tabakabh\u00e4ngigkeit ist wie alle Krankheiten in der International Classification of Diseases (ICD-10) definiert. Auf dieser wissenschaftlichen Grundlage ist der sch\u00e4dliche Gebrauch, die Abh\u00e4ngigkeit und der Entzug von Tabak klar beschrieben und mit Diagnosekriterien hinterlegt.\u00a0<\/p>\n<p>Die Diagnose Tabakabh\u00e4ngigkeit wird gestellt, wenn mindestens drei der folgenden sechs Kriterien in den letzten zw\u00f6lf Monaten vorhanden waren:<\/p>\n<ul>\n<li>Ein starker Wunsch oder Drang zu rauchen<\/li>\n<li>Die eingeschr\u00e4nkte Kontrolle \u00fcber den Beginn, die Beendigung und der Menge des Tabakkonsums<\/li>\n<li>Eine k\u00f6rperliche Entzugserscheinung bei Beendigung oder Reduktion des Konsums wie depressive Verstimmung, Schlaflosigkeit, Konzentrationsst\u00f6rung, \u00c4rger, Unruhe<\/li>\n<li>Toleranzentwicklung: um eine Wirkung zu erzielen, sind zunehmend h\u00f6here Dosen erforderlich<\/li>\n<li>Zunehmende Vernachl\u00e4ssigung anderer Aktivit\u00e4ten und Interessen zugunsten des Konsums<\/li>\n<li>Anhaltender Konsum trotz des Nachweises eindeutiger sch\u00e4dlicher Folgen<\/li>\n<\/ul>\n<p>Rauchen ist also meist keine &#8220;schlechte Gewohnheit&#8221; oder kein &#8220;kleines Laster&#8221;!\u00a0 In den meisten F\u00e4llen besteht eine k\u00f6rperliche und\/oder psychische Abh\u00e4ngigkeit. Mit Hilfe gelingt es leichter, die Abh\u00e4ngigkeit zu beenden!<\/p>\n<p>[\/et_pb_text][\/et_pb_column][et_pb_column type=&#8221;1_3&#8243;][et_pb_dp_dmb_module_10093 admin_label=&#8221;Alternativen zum Rauchen&#8221; farbe=&#8221;blitzblau&#8221; headline=&#8221;Alternativen zum Rauchen&#8221; image=&#8221;https:\/\/rauchfrei.at\/wp-content\/uploads\/Relax-in-hammok.png&#8221; image_position=&#8221;center&#8221; link_text=&#8221;mehr&#8221; link_url=&#8221;https:\/\/rauchfrei.at\/positive-auswirkungen-des-rauchstopps\/&#8221; image_size=&#8221;90&#8243; _builder_version=&#8221;3.19.15&#8243; saved_tabs=&#8221;all&#8221; global_module=&#8221;13174&#8243;]<\/p>\n<p>Es gibt viele M\u00f6glichkeiten, um nicht zur Zigarette zu greifen!<\/p>\n<p>[\/et_pb_dp_dmb_module_10093][et_pb_dp_dmb_module_10093 admin_label=&#8221;Rufen Sie uns an!&#8221; farbe=&#8221;blitzgelb&#8221; headline=&#8221;Rufen Sie uns an! &#8221; image=&#8221;https:\/\/rauchfrei.at\/wp-content\/uploads\/rauchfrei-psychologin-gelb.png&#8221; image_position=&#8221;center&#8221; link_text=&#8221;mehr&#8221; link_url=&#8221;https:\/\/rauchfrei.at\/beratung-vom-rauchfrei-telefon\/&#8221; image_size=&#8221;80&#8243; _builder_version=&#8221;3.19.15&#8243; saved_tabs=&#8221;all&#8221; global_module=&#8221;13167&#8243;]<\/p>\n<p>Wir beraten und informieren Sie gerne!<\/p>\n<p>[\/et_pb_dp_dmb_module_10093][\/et_pb_column][\/et_pb_row][\/et_pb_section][et_pb_section bb_built=&#8221;1&#8243; specialty=&#8221;on&#8221; _builder_version=&#8221;3.0.47&#8243; prev_background_color=&#8221;#000000&#8243;][\/et_pb_section]<\/p>\n","protected":false},"excerpt":{"rendered":"<p>Tabakrauchen erzeugt bei 70 bis 80% der Raucher\/innen eine Abh\u00e4ngigkeit. Der Hauptwirkstoff daf\u00fcr ist das Nikotin. Das Suchtpotential des Tabakrauchens ist vergleichbar mit dem von Heroin.<\/p>\n","protected":false},"author":2,"featured_media":0,"parent":11,"menu_order":0,"comment_status":"closed","ping_status":"open","template":"","meta":{"_et_pb_use_builder":"on","_et_pb_old_content":"<p>Als Abh\u00e4ngigkeit oder auch Sucht wird der st\u00e4ndige und immer wieder auftretende Bedarf nach einer bestimmten Sache bezeichnet.<\/p><h2>Tabakabh\u00e4ngigkeit<\/h2><p>Tabakrauchen erzeugt bei 70 bis 80% der Raucher\/innen\u00a0eine Abh\u00e4ngigkeit. Der Hauptwirkstoff daf\u00fcr ist das Nikotin. Das Suchtpotential des Tabakrauchens ist vergleichbar mit dem von Heroin.<\/p><h3>Woran erkennen Sie eine Abh\u00e4ngigkeit?<\/h3><p>Zeichen f\u00fcr eine Abh\u00e4ngigkeit sind zum Beispiel ein starkes Verlangen nach Zigaretten (speziell am Morgen), vergebliche Versuche aufzuh\u00f6ren, der Konsum von zehn und mehr Zigaretten am Tag und die Vernachl\u00e4ssigung anderer Aktivit\u00e4ten, um rauchen zu k\u00f6nnen. Neben der k\u00f6rperlichen Sucht nach Nikotin kann auch ein Lerneffekt im Gehirn oder Gruppendruck im Freundeskreis die Abh\u00e4ngigkeit verst\u00e4rken.<\/p><p>Mittels des <a title=\"Abh\u00e4ngigkeits-Test\" href=\"\/aufhoeren\/tests-tools\/abhaengigkeits-test\/\">Fagerstr\u00f6m-Tests<\/a> ist es m\u00f6glich, den Schweregrad der Abh\u00e4ngigkeit zu ermitteln.<\/p><p>Im ICD-10 (International Classification of Diseases, dzt. 10. Ausgabe) ist die Tabakabh\u00e4ngigkeit als Krankheit definiert. Damit ist wissenschaftlich erwiesen, dass der Konsum von Tabakprodukten nicht nur eine Sache der freien pers\u00f6nlichen Entscheidung, sondern eine behandlungsw\u00fcrdige Abh\u00e4ngigkeit ist.<\/p><h2><strong>Diagnose<\/strong><\/h2><p>Die\u00a0Diagnose \"Tabakabh\u00e4ngigkeit\" wird gestellt, wenn <strong>mindestens drei<\/strong> der folgenden sechs Kriterien des ICD -10 <strong>in den letzten zw\u00f6lf Monaten<\/strong> vorhanden waren:<\/p><ul><li>Ein starker Wunsch oder Drang zu rauchen<\/li><li>Die eingeschr\u00e4nkte Kontrolle \u00fcber den Beginn, die Beendigung und der Menge des Tabakkonsums<\/li><li>Eine k\u00f6rperliche Entzugserscheinung bei Beendigung oder Reduktion des Konsums wie depressive Verstimmung, Schlaflosigkeit, Konzentrationsst\u00f6rung, \u00c4rger, Unruhe<\/li><li>Toleranzentwicklung: um eine Wirkung zu erzielen, sind zunehmend h\u00f6here Dosen erforderlich<\/li><li>Zunehmende Vernachl\u00e4ssigung anderer Aktivit\u00e4ten und Interessen zugunsten des Konsums<\/li><li>Anhaltender Konsum trotz des Nachweises eindeutiger sch\u00e4dlicher Folgen<\/li><\/ul><h2>Droge Nikotin<\/h2><p>Nikotin ist hochgiftig. Bereits 50 mg des Nervengifts, in reiner Form zugef\u00fchrt, sind f\u00fcr den Menschen t\u00f6dlich. Mit dem inhalierten Rauch einer Zigarette gelangen rund ein bis zwei\u00a0Milligramm Nikotin ins Blut und erreichen binnen sieben Sekunden das Gehirn. Dort tritt sofort die gew\u00fcnschte Wirkung ein: je nach pers\u00f6nlicher Ausgangslage aktivierend und stimulierend oder entspannend oder beruhigend.<br \/>Dieser schnell erreichte Kick bewirkt ein kurzes Gef\u00fchl der Belohnung. Wenn der zugef\u00fchrte Nikotinspiegel wieder absinkt, ruft das Belohnungssystem im Gehirn wieder nach der Droge.<br \/>Das Gehirn verlernt, Lustgef\u00fchle allein zu erzeugen. Es kann kaum noch ein normales Wohlbefinden ohne Droge herstellen.<br \/>Das Rauchen ist zudem mit bestimmten Verhaltensweisen und Alltagst\u00e4tigkeiten (z.B. Rauchen zum Kaffee, Rauchen nach dem Essen, Rauchen in Stresssituationen) verbunden - die oft den Start in ein rauchfreies Leben erschweren. Eine wichtige St\u00fctze dabei ist, gute Alternativen f\u00fcr jene Situationen zu finden, die fr\u00fcher mit dem Rauchen kombiniert waren.<\/p><p><span style=\"color: #ff0000;\"><span style=\"color: #000000;\">Mehr dazu: <a title=\"Inhaltsstoffe\" href=\"\/fakten\/inhaltsstoffe\/\">Inhaltsstoffe<br \/><\/a><\/span>\u00a0\u00a0\u00a0\u00a0\u00a0\u00a0\u00a0\u00a0\u00a0\u00a0\u00a0\u00a0\u00a0\u00a0\u00a0\u00a0\u00a0\u00a0\u00a0\u00a0 <a title=\"Tobacco Body\" href=\"http:\/\/tobaccobody.fi\/n_en.php\" target=\"_blank\" rel=\"noopener\">Graphik \u00fcber die Folgen des Rauchens<\/a><br \/><\/span><\/p><p>Quellen:<br \/>Spektrum der Wissenschaft, Juni 2004<br \/>Lichtenschopf, A. (2011) Standards der Tabakentw\u00f6hnung, Konsensus der \u00d6sterreichischen Gesellschaft f\u00fcr Pneumologie \u2013 Update 2010. Springer-Verlag. Wien. 14-16.<br \/>Deutsches Krebsforschungszentrum (Hrsg.). (2009) Tabakatlas Deutschland 2009. Steinkopf Verlag. Heidelberg.<br \/>Bundeszentrale f\u00fcr gesundheitliche Aufkl\u00e4rung (BZgA)<\/p>","_et_gb_content_width":"","footnotes":""},"class_list":["post-81","page","type-page","status-publish","hentry"],"yoast_head":"<!-- This site is optimized with the Yoast SEO plugin v26.2 - https:\/\/yoast.com\/wordpress\/plugins\/seo\/ -->\n<title>Abh\u00e4ngigkeit - Rauchfrei Telefon<\/title>\n<meta name=\"robots\" content=\"index, follow, max-snippet:-1, max-image-preview:large, max-video-preview:-1\" \/>\n<link rel=\"canonical\" href=\"https:\/\/rauchfrei.at\/fakten\/abhaengigkeit\/\" \/>\n<meta property=\"og:locale\" content=\"en_US\" \/>\n<meta property=\"og:type\" content=\"article\" \/>\n<meta property=\"og:title\" content=\"Abh\u00e4ngigkeit - Rauchfrei Telefon\" \/>\n<meta property=\"og:description\" content=\"Tabakrauchen erzeugt bei 70 bis 80% der Raucher\/innen eine Abh\u00e4ngigkeit. Der Hauptwirkstoff daf\u00fcr ist das Nikotin. Das Suchtpotential des Tabakrauchens ist vergleichbar mit dem von Heroin.\" \/>\n<meta property=\"og:url\" content=\"https:\/\/rauchfrei.at\/fakten\/abhaengigkeit\/\" \/>\n<meta property=\"og:site_name\" content=\"Rauchfrei Telefon\" \/>\n<meta property=\"article:modified_time\" content=\"2019-04-24T10:03:09+00:00\" \/>\n<meta name=\"twitter:card\" content=\"summary_large_image\" \/>\n<meta name=\"twitter:label1\" content=\"Est. reading time\" \/>\n\t<meta name=\"twitter:data1\" content=\"4 minutes\" \/>\n<script type=\"application\/ld+json\" class=\"yoast-schema-graph\">{\"@context\":\"https:\/\/schema.org\",\"@graph\":[{\"@type\":\"WebPage\",\"@id\":\"https:\/\/rauchfrei.at\/fakten\/abhaengigkeit\/\",\"url\":\"https:\/\/rauchfrei.at\/fakten\/abhaengigkeit\/\",\"name\":\"Abh\u00e4ngigkeit - Rauchfrei Telefon\",\"isPartOf\":{\"@id\":\"https:\/\/rauchfrei.at\/#website\"},\"datePublished\":\"2012-02-28T11:36:18+00:00\",\"dateModified\":\"2019-04-24T10:03:09+00:00\",\"breadcrumb\":{\"@id\":\"https:\/\/rauchfrei.at\/fakten\/abhaengigkeit\/#breadcrumb\"},\"inLanguage\":\"en-US\",\"potentialAction\":[{\"@type\":\"ReadAction\",\"target\":[\"https:\/\/rauchfrei.at\/fakten\/abhaengigkeit\/\"]}]},{\"@type\":\"BreadcrumbList\",\"@id\":\"https:\/\/rauchfrei.at\/fakten\/abhaengigkeit\/#breadcrumb\",\"itemListElement\":[{\"@type\":\"ListItem\",\"position\":1,\"name\":\"Fakten\",\"item\":\"https:\/\/rauchfrei.at\/fakten\/\"},{\"@type\":\"ListItem\",\"position\":2,\"name\":\"Abh\u00e4ngigkeit\"}]},{\"@type\":\"WebSite\",\"@id\":\"https:\/\/rauchfrei.at\/#website\",\"url\":\"https:\/\/rauchfrei.at\/\",\"name\":\"Rauchfrei Telefon\",\"description\":\"Eine \u00f6sterreichweite Initiative der Sozialversicherungen.\",\"potentialAction\":[{\"@type\":\"SearchAction\",\"target\":{\"@type\":\"EntryPoint\",\"urlTemplate\":\"https:\/\/rauchfrei.at\/?s={search_term_string}\"},\"query-input\":{\"@type\":\"PropertyValueSpecification\",\"valueRequired\":true,\"valueName\":\"search_term_string\"}}],\"inLanguage\":\"en-US\"}]}<\/script>\n<!-- \/ Yoast SEO plugin. -->","yoast_head_json":{"title":"Abh\u00e4ngigkeit - Rauchfrei Telefon","robots":{"index":"index","follow":"follow","max-snippet":"max-snippet:-1","max-image-preview":"max-image-preview:large","max-video-preview":"max-video-preview:-1"},"canonical":"https:\/\/rauchfrei.at\/fakten\/abhaengigkeit\/","og_locale":"en_US","og_type":"article","og_title":"Abh\u00e4ngigkeit - Rauchfrei Telefon","og_description":"Tabakrauchen erzeugt bei 70 bis 80% der Raucher\/innen eine Abh\u00e4ngigkeit. Der Hauptwirkstoff daf\u00fcr ist das Nikotin. Das Suchtpotential des Tabakrauchens ist vergleichbar mit dem von Heroin.","og_url":"https:\/\/rauchfrei.at\/fakten\/abhaengigkeit\/","og_site_name":"Rauchfrei Telefon","article_modified_time":"2019-04-24T10:03:09+00:00","twitter_card":"summary_large_image","twitter_misc":{"Est. reading time":"4 minutes"},"schema":{"@context":"https:\/\/schema.org","@graph":[{"@type":"WebPage","@id":"https:\/\/rauchfrei.at\/fakten\/abhaengigkeit\/","url":"https:\/\/rauchfrei.at\/fakten\/abhaengigkeit\/","name":"Abh\u00e4ngigkeit - Rauchfrei Telefon","isPartOf":{"@id":"https:\/\/rauchfrei.at\/#website"},"datePublished":"2012-02-28T11:36:18+00:00","dateModified":"2019-04-24T10:03:09+00:00","breadcrumb":{"@id":"https:\/\/rauchfrei.at\/fakten\/abhaengigkeit\/#breadcrumb"},"inLanguage":"en-US","potentialAction":[{"@type":"ReadAction","target":["https:\/\/rauchfrei.at\/fakten\/abhaengigkeit\/"]}]},{"@type":"BreadcrumbList","@id":"https:\/\/rauchfrei.at\/fakten\/abhaengigkeit\/#breadcrumb","itemListElement":[{"@type":"ListItem","position":1,"name":"Fakten","item":"https:\/\/rauchfrei.at\/fakten\/"},{"@type":"ListItem","position":2,"name":"Abh\u00e4ngigkeit"}]},{"@type":"WebSite","@id":"https:\/\/rauchfrei.at\/#website","url":"https:\/\/rauchfrei.at\/","name":"Rauchfrei Telefon","description":"Eine \u00f6sterreichweite Initiative der Sozialversicherungen.","potentialAction":[{"@type":"SearchAction","target":{"@type":"EntryPoint","urlTemplate":"https:\/\/rauchfrei.at\/?s={search_term_string}"},"query-input":{"@type":"PropertyValueSpecification","valueRequired":true,"valueName":"search_term_string"}}],"inLanguage":"en-US"}]}},"_links":{"self":[{"href":"https:\/\/rauchfrei.at\/en\/wp-json\/wp\/v2\/pages\/81","targetHints":{"allow":["GET"]}}],"collection":[{"href":"https:\/\/rauchfrei.at\/en\/wp-json\/wp\/v2\/pages"}],"about":[{"href":"https:\/\/rauchfrei.at\/en\/wp-json\/wp\/v2\/types\/page"}],"author":[{"embeddable":true,"href":"https:\/\/rauchfrei.at\/en\/wp-json\/wp\/v2\/users\/2"}],"replies":[{"embeddable":true,"href":"https:\/\/rauchfrei.at\/en\/wp-json\/wp\/v2\/comments?post=81"}],"version-history":[{"count":5,"href":"https:\/\/rauchfrei.at\/en\/wp-json\/wp\/v2\/pages\/81\/revisions"}],"predecessor-version":[{"id":15975,"href":"https:\/\/rauchfrei.at\/en\/wp-json\/wp\/v2\/pages\/81\/revisions\/15975"}],"up":[{"embeddable":true,"href":"https:\/\/rauchfrei.at\/en\/wp-json\/wp\/v2\/pages\/11"}],"wp:attachment":[{"href":"https:\/\/rauchfrei.at\/en\/wp-json\/wp\/v2\/media?parent=81"}],"curies":[{"name":"wp","href":"https:\/\/api.w.org\/{rel}","templated":true}]}}