
{"id":83,"date":"2012-02-28T11:36:45","date_gmt":"2012-02-28T11:36:45","guid":{"rendered":"http:\/\/web362.itscserver.org\/wordpress\/?page_id=83"},"modified":"2019-09-13T17:13:39","modified_gmt":"2019-09-13T15:13:39","slug":"inhaltsstoffe","status":"publish","type":"page","link":"https:\/\/rauchfrei.at\/en\/fakten\/inhaltsstoffe\/","title":{"rendered":"Nikotin und andere Inhaltsstoffe der Zigarette"},"content":{"rendered":"<p>[et_pb_section bb_built=&#8221;1&#8243; custom_padding_last_edited=&#8221;off|&#8221; module_class=&#8221;header&#8221; _builder_version=&#8221;3.0.99&#8243; background_color=&#8221;#67BAD3&#8243; custom_margin=&#8221;||0px|&#8221; custom_padding=&#8221;100px||10px|&#8221; next_background_color=&#8221;#ffffff&#8221;][et_pb_row custom_padding=&#8221;||0px|&#8221; custom_margin=&#8221;||0px|&#8221; padding_bottom_1=&#8221;0px&#8221; _builder_version=&#8221;3.0.99&#8243;][et_pb_column type=&#8221;4_4&#8243;][et_pb_text admin_label=&#8221;Blue Background Header&#8221; _builder_version=&#8221;3.15&#8243; custom_margin=&#8221;||0px|&#8221; custom_padding=&#8221;||0px|&#8221;]<\/p>\n<h1>Nikotin und andere Inhaltsstoffe der Zigarette<\/h1>\n<p>[\/et_pb_text][\/et_pb_column][\/et_pb_row][\/et_pb_section][et_pb_section bb_built=&#8221;1&#8243; _builder_version=&#8221;3.0.47&#8243; prev_background_color=&#8221;#67BAD3&#8243;][et_pb_row _builder_version=&#8221;3.0.48&#8243; background_size=&#8221;initial&#8221; background_position=&#8221;top_left&#8221; background_repeat=&#8221;repeat&#8221;][et_pb_column type=&#8221;2_3&#8243;][et_pb_text _builder_version=&#8221;3.21.1&#8243; z_index_tablet=&#8221;500&#8243;]<\/p>\n<p>Im Tabakrauch wurden rund 4.800 verschiedene Substanzen gefunden. Die Inhaltstoffe sind zum einen in der Tabakpflanze enthalten, entstehen bei der Verarbeitung oder Verbrennung, oder werden gezielt von der Tabakindustrie hinzugef\u00fcgt, um bestimmte Effekte zu erreichen.<\/p>\n<blockquote>\n<p>Neben Nikotin und Kohlenmonoxid sind das rund <strong>90 krebserregende Stoffe, ca. 24 verschiedene Metalle<\/strong> und freie Radikale.<\/p>\n<\/blockquote>\n<p>Beim Rauchen werden die Schadstoffe \u00fcber die Lunge aufgenommen und \u00fcber den Blutkreislauf im ganzen K\u00f6rper verteilt. Beim Tabakrauchen gibt es keine unbedenkliche Dosis. Jede Zigarette ist sch\u00e4dlich f\u00fcr die Gesundheit.<\/p>\n<h3>Nikotin<\/h3>\n<p>Nikotin ist ein Nervengift. Im Tabak ist es der Wirkstoff, der s\u00fcchtig macht. Nikotin gelangt beim Rauchen innerhalb von sieben Sekunden ins Gehirn. Durch seine chemische Struktur wirkt Nikotin wie ein nat\u00fcrlicher Botenstoff in den Nervenzellen des Gehirns und kann Entspannung, Gl\u00fccksgef\u00fchle sowie Aufgeregtheit erzeugen. Dieser schnell erreichte Kick bewirkt ein kurzes Gef\u00fchl der Belohnung. Wenn der zugef\u00fchrte Nikotinspiegel wieder absinkt, ruft das Belohnungssystem im Gehirn wieder nach der Droge. Von diesen unmittelbar erlebten positiven Effekten geht die hohe Suchtgefahr des Nikotins aus. Das Nikotin im Tabak erzeugt bei rund 80% der Raucher\/innen\u00a0eine Abh\u00e4ngigkeit. Das Suchtpotential ist vergleichbar mit dem von Heroin.<\/p>\n<p>Die k\u00f6rperliche Toleranz gegen\u00fcber Nikotin wird rasch gesteigert und es kommt zur Gew\u00f6hnung. Im Durchschnitt konsumieren Raucher\/innen rund 17 Zigaretten pro Tag.<\/p>\n<p>Nikotin stimuliert auch einen Bereich im Gehirn, der f\u00fcr Lernvorg\u00e4nge verantwortlich ist. Der Gew\u00f6hnungsprozess wird somit durch die Verbindung von Rauchen und bestimmten Verhaltensweisen gesteigert bzw. gefestigt: z.B. Rauchen zum Kaffee, Rauchen nach dem Essen, Rauchen in Stresssituationen. Im weiteren Verlauf entsteht eine vergleichbare psychische Abh\u00e4ngigkeit wie z.B. bei Heroin oder Kokain.<\/p>\n<p>Viele Raucher\/innen sind sich einig, dass Rauchen \u201ewach\u201c macht, v.a. die erste Zigarette am Morgen, und entspannt, besonders in Stresssituationen. Andere wiederum haben das Gef\u00fchl, dass die Zigarette ihre Stimmung verbessert und die Konzentration steigert. Abh\u00e4ngig von der Ausgangslage kann Nikotin stimulierend oder beruhigend wirken.<\/p>\n<h3>Kohlenmonoxid<\/h3>\n<p>Kohlenmonoxid ist ein unsichtbares, geruchloses, sehr giftiges Gas, das unter anderem in Autoabgasen vorkommt. Das Atemgift entsteht auch bei der Verbrennung von Tabak. Eine leichte Vergiftung erkennt man an Kopfschmerzen, Schwindel und grippe\u00e4hnlichen Symptomen.<\/p>\n<p>Durch das Rauchen kommt Kohlenmonoxid \u00fcber die Lunge ins Blut. Kohlenmonoxid bindet 200 mal st\u00e4rker an die roten Blutk\u00f6rperchen und verdr\u00e4ngt dadurch Sauerstoff. Es kommt zu einer Minderversorgung des Gewebes mit Sauerstoff. Manche Raucher\/innen nehmen das wahr, weil sie h\u00e4ufig kalte H\u00e4nde und kalte F\u00fc\u00dfe haben.<\/p>\n<p>In der Folge muss das Herz schneller schlagen, um alle Bereiche des K\u00f6rpers mit Sauerstoff zu versorgen. Dies wiederum kann zu Bluthochdruck f\u00fchren.<\/p>\n<p>Kohlenmonoxid steht in direktem Zusammenhang mit degenerativen Gef\u00e4\u00dferkrankungen. Raucher\/innen erkranken h\u00e4ufiger an Arteriosklerose, Herzinfarkt oder Schlaganfall.<\/p>\n<h3>Krebserregende Substanzen<\/h3>\n<p>Rund 90 Giftstoffe des Tabakrauchs erzeugen nachweislich Krebs oder stehen im Verdacht Krebs zu erzeugen (Kanzerogene). Dazu z\u00e4hlen Nitrosamine, polyzyklische aromatische Kohlenwasserstoffe (PAK; z.B. Bezo[a]pyren), Polonium-210 und Benzol.<\/p>\n<p>Nitrosamine f\u00fchren zu Krebserkrankungen der Speiser\u00f6hre und des Magens.<\/p>\n<p>PAKs kommen in ihrer nat\u00fcrlichen Form in Erd\u00f6l und Kohle vor. Sie entstehen auch bei der Verbrennung von Tabak und gelangen \u00fcber das Rauchen in den K\u00f6rper. Sie f\u00fchren u.a. zu Lungen-, Kehlkopf-, Hautkrebs sowie Magen- und Darmkrebs bzw. Blasenkrebs.<\/p>\n<p>Polonium-210 ist ein radioaktives chemisches Element, das in der Tabakpflanze enthalten ist und nachweislich krebserregend ist. \u00dcber ein Jahr hinweg sind 20-40 Zigaretten pro Tag vergleichbar mit der Belastung ca. 250 Lungenr\u00f6ntgen.<\/p>\n<h3>Cadmium<\/h3>\n<p>Cadmium ist ein Metall, das unter anderem zur Herstellung von Halbleitern oder von Handyakkus verwendet wurde. Es ist sehr giftig, da es bis zu 30 Jahre im K\u00f6rper verbleibt. Cadmium wird beispielsweise \u00fcber die Nahrung aufgenommen.<\/p>\n<p>Die Tabakpflanze ist ein Cadmiumsammler. Durch das Rauchen gelangt das Cadmium in den K\u00f6rper. Dadurch k\u00f6nnen organsch\u00e4dliche Konzentrationen entstehen. M\u00f6gliche Folgen sind eine Sch\u00e4digung der Knochen, der Nieren sowie Krebserkrankungen.<\/p>\n<p>Bei Raucherinnen und Rauchern ist die Cadmium-Belastung doppelt so hoch wie bei Nichtraucherinnen und Nichtrauchern.<\/p>\n<h3>Freie Radikale<\/h3>\n<p>Wie alle Verbrennungsprodukte enth\u00e4lt auch Zigarettenrauch Freie Radikale. Sie sch\u00e4digen die Atemorgane und sind urs\u00e4chlich an der Entwicklung von Arteriosklerose beteiligt. Freie Radikale sind umso gef\u00e4hrlicher f\u00fcr Raucher\/innen, da die nat\u00fcrlicheSchutzfunktion des K\u00f6rpers durchs Rauchen\u00a0 zus\u00e4tzlich vermindert ist.<\/p>\n<p>Link: <a href=\"https:\/\/www.dkfz.de\/de\/rauchertelefon\/download\/FzR_Giftgemisch.pdf\" target=\"_blank\" rel=\"noopener noreferrer\">Tabakrauch &#8211;\u00a0 ein Giftgemisch<\/a><\/p>\n<p>[\/et_pb_text][\/et_pb_column][et_pb_column type=&#8221;1_3&#8243;][et_pb_dp_dmb_module_10093 admin_label=&#8221;Rauchstopp und Gewicht&#8221; farbe=&#8221;blitzblau&#8221; headline=&#8221;Rauchstopp und Gewicht&#8221; image=&#8221;https:\/\/rauchfrei.at\/wp-content\/uploads\/Gain-weight.png&#8221; image_position=&#8221;center&#8221; link_text=&#8221;mehr&#8221; link_url=&#8221;https:\/\/rauchfrei.at\/aufhoeren\/schritte-zum-rauchstopp\/gewicht-verdauung-und-bewegung\/&#8221; image_size=&#8221;70&#8243; _builder_version=&#8221;3.19.15&#8243; global_module=&#8221;13171&#8243; saved_tabs=&#8221;all&#8221;]<\/p>\n<p>Gewichtszunahme nach dem Rauchstopp? Das muss nicht sein!<\/p>\n<p>[\/et_pb_dp_dmb_module_10093][\/et_pb_column][\/et_pb_row][\/et_pb_section]<\/p>\n","protected":false},"excerpt":{"rendered":"<p>Tabakrauch enth\u00e4lt mehrere tausend Substanzen &#8211; neben Nikotin und Kohlenmonoxid auch eine Vielzahl krebserregender Stoffe. Informieren Sie sich hier genauer \u00fcber die Inhaltsstoffe.<\/p>\n","protected":false},"author":2,"featured_media":0,"parent":11,"menu_order":0,"comment_status":"closed","ping_status":"open","template":"","meta":{"_et_pb_use_builder":"on","_et_pb_old_content":"<p>Im Tabakrauch wurden bisher mehrere tausend Substanzen gefunden und davon mehrere hundert chemisch identifiziert. Neben Nikotin und Kohlenmonoxid enth\u00e4lt Zigarettenrauch eine Vielzahl krebserregender Stoffe, etwa 24 verschiedene Metalle (u.a. Cadmium) und Freie Radikale.<\/p><h2>Nikotin<\/h2><p>Nikotin ist der Hauptwirkstoff im Zigarettenrauch und die Substanz, die s\u00fcchtig macht. Das Nikotin gelangt innerhalb von sieben Sekunden in das Gehirn, wo es sich an die so genannten Nikotinrezeptoren bindet. Durch seine chemische Struktur wirkt es wie ein nat\u00fcrlicher Botenstoff in den Nervenzellen und kann im Gehirn Entspannung, Gl\u00fccksgef\u00fchle sowie Aufgeregtheit erzeugen. Von diesen erlebten positiven Effekten geht die hohe Suchtgefahr des Nikotins aus.<\/p><p>Durch weiteren Tabakkonsum wird die k\u00f6rperliche Toleranz gegen\u00fcber Nikotin gesteigert und es kommt zur Gew\u00f6hnung. Gleichzeitig stimuliert Nikotin einen Bereich im Gehirn, der f\u00fcr Lernvorg\u00e4nge verantwortlich ist. Der Gew\u00f6hnungsprozess wird somit durch die Verbindung von Rauchen und bestimmten Verhaltensweisen (z.B. Rauchen zum Kaffee, Rauchen nach dem Essen, Rauchen in Stresssituationen) gesteigert bzw. gefestigt. Im weiteren Verlauf entsteht eine vergleichbare psychische Abh\u00e4ngigkeit wie z.B. bei Heroin oder Kokain.<\/p><p>Viele Raucher\/innen sind sich einig, dass Rauchen \"wach\" macht (v.a. die erste Zigarette am Morgen) und entspannt, besonders in Stresssituationen. Andere wiederum haben das Gef\u00fchl, dass die Zigarette ihre Stimmung verbessert und die Konzentration steigert. Abh\u00e4ngig von der Ausgangslage kann Nikotin stimulierend oder beruhigend wirken.<\/p><h2>Kohlenmonoxid<\/h2><p>Kohlenmonoxid ist ein unsichtbares, geruchloses, sehr giftiges Gas, das bei der Verbrennung des Tabaks entsteht. Durch den Rauch wird es \u00fcber die Lunge ins Blut aufgenommen. Dort blockiert es den roten Blutfarbstoff H\u00e4moglobin. Die Folge ist eine Minderversorgung des Gewebes mit Sauerstoff. Das Kohlenmonoxid wird in direkten Zusammenhang mit der erh\u00f6hten Erkrankungsrate von degenerativen Gef\u00e4\u00dferkrankungen wie z.B. Arteriosklerose, Herzinfarkt oder Schlaganfall bei Raucherinnen und Rauchern gebracht.<\/p><h2>Krebserregende Substanzen<\/h2><p>Tabakrauch ist ein Gemisch aus Tausenden von Substanzen, darunter 90 Stoffe, die nachgewiesenerma\u00dfen Krebs erzeugen (Kanzerogene) oder die im Verdacht stehen, Krebs zu erzeugen. Es ist daher oft schwer zu erkennnen, welche davon f\u00fcr die Krebserkrankungen durch Rauchen verantwortlich sind. Gro\u00dfe Bedeutung kommen jedoch den N - Nitrosaminen, polyzyklischen aromatischen Kohlenwasserstoffen (u.a. Benzo[a]pyren), Polonium-210 und Benzol zu.<\/p><p>Mehr dazu: Deutsches Krebsforschungszentrum (Hrsg.): <a href=\"\/wp-content\/uploads\/2009-FzR_Kanzerogene_im_Tabakrauch.pdf\">Krebserregende Substanzen im Tabakrauch<\/a>, Heidelberg, 2009<\/p><h2>Cadmium<\/h2><p>Das Element Cadmium ist ein besonders gef\u00e4hrlicher Schadstoff, da es vom K\u00f6rper sehr langsam ausgeschieden wird. Die t\u00e4gliche Aufnahmemenge ist zwar gering, jedoch reichert sich mit der Zeit so viel Cadmium im K\u00f6rper an, dass eventuell organsch\u00e4dliche Konzentrationen erreicht werden k\u00f6nnen.<\/p><p>Tabakpflanzen sind Cadmiumsammler und Zigarettenrauchen ist daher eine selbst gew\u00e4hlte (zus\u00e4tzliche) Quelle f\u00fcr das Gift. Daraus resultiert, dass die Cadmium-Belastung einer Raucherin bzw. eines Rauchers doppelt so hoch ist wie die einer Nichtraucherin bzw. eines Nichtrauchers.<\/p><h2>\u00a0Freie Radikale<\/h2><p>Wie alle Verbrennungsprodukte enth\u00e4lt auch Zigarettenrauch Freie Radikale. Sie sch\u00e4digen die Atemorgane und sind urs\u00e4chlich an der Entwicklung von Arteriosklerose beteiligt. Freie Radikale sind umso gef\u00e4hrlicher f\u00fcr Raucher\/innen, da ihr nat\u00fcrlicher Schutz vor ihnen zus\u00e4tzlich vermindert ist.<\/p><p>Mehr dazu: Deutsches Krebsforschungszentrum (Hrsg.): <a href=\"https:\/\/rauchfrei.at\/wp-content\/uploads\/tabakindustriedokumente-i-chemische-veraenderungen-an-zigaretten-und-tabakabhaengigkeit.pdf\">Tabakindustriedokumente I - Chemische Ver\u00e4nderungen an Zigaretten und Tabakabh\u00e4ngigkeit<\/a>, Heidelberg, 2005<\/p>","_et_gb_content_width":"","footnotes":""},"class_list":["post-83","page","type-page","status-publish","hentry"],"yoast_head":"<!-- This site is optimized with the Yoast SEO plugin v26.2 - https:\/\/yoast.com\/wordpress\/plugins\/seo\/ -->\n<title>Nikotin und andere Inhaltsstoffe der Zigarette - Rauchfrei Telefon<\/title>\n<meta name=\"robots\" content=\"index, follow, max-snippet:-1, max-image-preview:large, max-video-preview:-1\" \/>\n<link rel=\"canonical\" href=\"https:\/\/rauchfrei.at\/fakten\/inhaltsstoffe\/\" \/>\n<meta property=\"og:locale\" content=\"en_US\" \/>\n<meta property=\"og:type\" content=\"article\" \/>\n<meta property=\"og:title\" content=\"Nikotin und andere Inhaltsstoffe der Zigarette - Rauchfrei Telefon\" \/>\n<meta property=\"og:description\" content=\"Tabakrauch enth\u00e4lt mehrere tausend Substanzen - neben Nikotin und Kohlenmonoxid auch eine Vielzahl krebserregender Stoffe. Informieren Sie sich hier genauer \u00fcber die Inhaltsstoffe.\" \/>\n<meta property=\"og:url\" content=\"https:\/\/rauchfrei.at\/fakten\/inhaltsstoffe\/\" \/>\n<meta property=\"og:site_name\" content=\"Rauchfrei Telefon\" \/>\n<meta property=\"article:modified_time\" content=\"2019-09-13T15:13:39+00:00\" \/>\n<meta name=\"twitter:card\" content=\"summary_large_image\" \/>\n<meta name=\"twitter:label1\" content=\"Est. reading time\" \/>\n\t<meta name=\"twitter:data1\" content=\"5 minutes\" \/>\n<script type=\"application\/ld+json\" class=\"yoast-schema-graph\">{\"@context\":\"https:\/\/schema.org\",\"@graph\":[{\"@type\":\"WebPage\",\"@id\":\"https:\/\/rauchfrei.at\/fakten\/inhaltsstoffe\/\",\"url\":\"https:\/\/rauchfrei.at\/fakten\/inhaltsstoffe\/\",\"name\":\"Nikotin und andere Inhaltsstoffe der Zigarette - Rauchfrei Telefon\",\"isPartOf\":{\"@id\":\"https:\/\/rauchfrei.at\/#website\"},\"datePublished\":\"2012-02-28T11:36:45+00:00\",\"dateModified\":\"2019-09-13T15:13:39+00:00\",\"breadcrumb\":{\"@id\":\"https:\/\/rauchfrei.at\/fakten\/inhaltsstoffe\/#breadcrumb\"},\"inLanguage\":\"en-US\",\"potentialAction\":[{\"@type\":\"ReadAction\",\"target\":[\"https:\/\/rauchfrei.at\/fakten\/inhaltsstoffe\/\"]}]},{\"@type\":\"BreadcrumbList\",\"@id\":\"https:\/\/rauchfrei.at\/fakten\/inhaltsstoffe\/#breadcrumb\",\"itemListElement\":[{\"@type\":\"ListItem\",\"position\":1,\"name\":\"Fakten\",\"item\":\"https:\/\/rauchfrei.at\/fakten\/\"},{\"@type\":\"ListItem\",\"position\":2,\"name\":\"Nikotin und andere Inhaltsstoffe der Zigarette\"}]},{\"@type\":\"WebSite\",\"@id\":\"https:\/\/rauchfrei.at\/#website\",\"url\":\"https:\/\/rauchfrei.at\/\",\"name\":\"Rauchfrei Telefon\",\"description\":\"Eine \u00f6sterreichweite Initiative der Sozialversicherungen.\",\"potentialAction\":[{\"@type\":\"SearchAction\",\"target\":{\"@type\":\"EntryPoint\",\"urlTemplate\":\"https:\/\/rauchfrei.at\/?s={search_term_string}\"},\"query-input\":{\"@type\":\"PropertyValueSpecification\",\"valueRequired\":true,\"valueName\":\"search_term_string\"}}],\"inLanguage\":\"en-US\"}]}<\/script>\n<!-- \/ Yoast SEO plugin. -->","yoast_head_json":{"title":"Nikotin und andere Inhaltsstoffe der Zigarette - Rauchfrei Telefon","robots":{"index":"index","follow":"follow","max-snippet":"max-snippet:-1","max-image-preview":"max-image-preview:large","max-video-preview":"max-video-preview:-1"},"canonical":"https:\/\/rauchfrei.at\/fakten\/inhaltsstoffe\/","og_locale":"en_US","og_type":"article","og_title":"Nikotin und andere Inhaltsstoffe der Zigarette - Rauchfrei Telefon","og_description":"Tabakrauch enth\u00e4lt mehrere tausend Substanzen - neben Nikotin und Kohlenmonoxid auch eine Vielzahl krebserregender Stoffe. Informieren Sie sich hier genauer \u00fcber die Inhaltsstoffe.","og_url":"https:\/\/rauchfrei.at\/fakten\/inhaltsstoffe\/","og_site_name":"Rauchfrei Telefon","article_modified_time":"2019-09-13T15:13:39+00:00","twitter_card":"summary_large_image","twitter_misc":{"Est. reading time":"5 minutes"},"schema":{"@context":"https:\/\/schema.org","@graph":[{"@type":"WebPage","@id":"https:\/\/rauchfrei.at\/fakten\/inhaltsstoffe\/","url":"https:\/\/rauchfrei.at\/fakten\/inhaltsstoffe\/","name":"Nikotin und andere Inhaltsstoffe der Zigarette - Rauchfrei Telefon","isPartOf":{"@id":"https:\/\/rauchfrei.at\/#website"},"datePublished":"2012-02-28T11:36:45+00:00","dateModified":"2019-09-13T15:13:39+00:00","breadcrumb":{"@id":"https:\/\/rauchfrei.at\/fakten\/inhaltsstoffe\/#breadcrumb"},"inLanguage":"en-US","potentialAction":[{"@type":"ReadAction","target":["https:\/\/rauchfrei.at\/fakten\/inhaltsstoffe\/"]}]},{"@type":"BreadcrumbList","@id":"https:\/\/rauchfrei.at\/fakten\/inhaltsstoffe\/#breadcrumb","itemListElement":[{"@type":"ListItem","position":1,"name":"Fakten","item":"https:\/\/rauchfrei.at\/fakten\/"},{"@type":"ListItem","position":2,"name":"Nikotin und andere Inhaltsstoffe der Zigarette"}]},{"@type":"WebSite","@id":"https:\/\/rauchfrei.at\/#website","url":"https:\/\/rauchfrei.at\/","name":"Rauchfrei Telefon","description":"Eine \u00f6sterreichweite Initiative der Sozialversicherungen.","potentialAction":[{"@type":"SearchAction","target":{"@type":"EntryPoint","urlTemplate":"https:\/\/rauchfrei.at\/?s={search_term_string}"},"query-input":{"@type":"PropertyValueSpecification","valueRequired":true,"valueName":"search_term_string"}}],"inLanguage":"en-US"}]}},"_links":{"self":[{"href":"https:\/\/rauchfrei.at\/en\/wp-json\/wp\/v2\/pages\/83","targetHints":{"allow":["GET"]}}],"collection":[{"href":"https:\/\/rauchfrei.at\/en\/wp-json\/wp\/v2\/pages"}],"about":[{"href":"https:\/\/rauchfrei.at\/en\/wp-json\/wp\/v2\/types\/page"}],"author":[{"embeddable":true,"href":"https:\/\/rauchfrei.at\/en\/wp-json\/wp\/v2\/users\/2"}],"replies":[{"embeddable":true,"href":"https:\/\/rauchfrei.at\/en\/wp-json\/wp\/v2\/comments?post=83"}],"version-history":[{"count":5,"href":"https:\/\/rauchfrei.at\/en\/wp-json\/wp\/v2\/pages\/83\/revisions"}],"predecessor-version":[{"id":17302,"href":"https:\/\/rauchfrei.at\/en\/wp-json\/wp\/v2\/pages\/83\/revisions\/17302"}],"up":[{"embeddable":true,"href":"https:\/\/rauchfrei.at\/en\/wp-json\/wp\/v2\/pages\/11"}],"wp:attachment":[{"href":"https:\/\/rauchfrei.at\/en\/wp-json\/wp\/v2\/media?parent=83"}],"curies":[{"name":"wp","href":"https:\/\/api.w.org\/{rel}","templated":true}]}}