
{"id":85,"date":"2012-02-28T11:37:23","date_gmt":"2012-02-28T11:37:23","guid":{"rendered":"http:\/\/web362.itscserver.org\/wordpress\/?page_id=85"},"modified":"2012-03-20T12:14:51","modified_gmt":"2012-03-20T12:14:51","slug":"herzkreislauf","status":"publish","type":"page","link":"https:\/\/rauchfrei.at\/en\/fakten\/gesundheitliche-auswirkungen-des-rauchens\/herzkreislauf\/","title":{"rendered":"Herzkreislauf"},"content":{"rendered":"<p>Herzkreislauferkrankungen z\u00e4hlen zu den h\u00e4ufigsten Todesursachen in den Industriestaaten. Rauchen ist neben hohem Blutdruck und hohen Cholesterinwerten einer der drei Hauptrisikofaktoren f\u00fcr eine Erkrankung des Herzkreislaufsystems.<\/p>\n<p>Rauchen spielt zudem eine wesentliche Rolle bei der Entstehung von Arteriosklerose, bei der Ablagerungen die Blutgef\u00e4\u00dfe verengen. Dies f\u00fchrt zu Durchblutungsst\u00f6rungen, in deren Folge es zu Herzinfarkt oder Schlaganfall kommen kann. Auch das so genannte &#8220;Raucherbein&#8221; ist darauf zur\u00fcckzuf\u00fchren.<\/p>\n<p>Schon ein Zigarettenkonsum von ein bis vier Zigaretten pro Tag verursacht ein erh\u00f6htes Sterberisiko. Dies gilt f\u00fcr alle tabakbedingten Krankheiten, speziell f\u00fcr Herzinfarkt, koronare Herzkrankheit und Lungenkrebs bei Frauen.<\/p>\n<p>Auch bei jungen Raucherinnen und Rauchern sch\u00e4digen die Giftstoffe aus dem Tabakrauch die Arterien, besonders in Hirn, Beinen, Nieren und Herz. Bei jedem Zug an der Zigarette verengen sich die Blutgef\u00e4\u00dfe, der Blutdruck steigt an, das Herz schl\u00e4gt schneller und der Blutkreislauf wird belastet.<\/p>\n","protected":false},"excerpt":{"rendered":"<p>Herzkreislauferkrankungen z\u00e4hlen zu den h\u00e4ufigsten Todesursachen in den Industriestaaten. Rauchen ist neben hohem Blutdruck und hohen Cholesterinwerten einer der drei Hauptrisikofaktoren f\u00fcr eine Erkrankung des Herzkreislaufsystems. Rauchen spielt zudem eine wesentliche Rolle bei der Entstehung von Arteriosklerose, bei der Ablagerungen die Blutgef\u00e4\u00dfe verengen. Dies f\u00fchrt zu Durchblutungsst\u00f6rungen, in deren Folge es zu Herzinfarkt oder Schlaganfall [&hellip;]<\/p>\n","protected":false},"author":2,"featured_media":0,"parent":25,"menu_order":0,"comment_status":"closed","ping_status":"open","template":"","meta":{"_et_pb_use_builder":"","_et_pb_old_content":"","_et_gb_content_width":"","footnotes":""},"class_list":["post-85","page","type-page","status-publish","hentry"],"yoast_head":"<!-- This site is optimized with the Yoast SEO plugin v26.2 - https:\/\/yoast.com\/wordpress\/plugins\/seo\/ -->\n<title>Herzkreislauf - Rauchfrei Telefon<\/title>\n<meta name=\"robots\" content=\"index, follow, max-snippet:-1, max-image-preview:large, max-video-preview:-1\" \/>\n<link rel=\"canonical\" href=\"https:\/\/rauchfrei.at\/fakten\/gesundheitliche-auswirkungen-des-rauchens\/herzkreislauf\/\" \/>\n<meta property=\"og:locale\" content=\"en_US\" \/>\n<meta property=\"og:type\" content=\"article\" \/>\n<meta property=\"og:title\" content=\"Herzkreislauf - Rauchfrei Telefon\" \/>\n<meta property=\"og:description\" content=\"Herzkreislauferkrankungen z\u00e4hlen zu den h\u00e4ufigsten Todesursachen in den Industriestaaten. Rauchen ist neben hohem Blutdruck und hohen Cholesterinwerten einer der drei Hauptrisikofaktoren f\u00fcr eine Erkrankung des Herzkreislaufsystems. Rauchen spielt zudem eine wesentliche Rolle bei der Entstehung von Arteriosklerose, bei der Ablagerungen die Blutgef\u00e4\u00dfe verengen. Dies f\u00fchrt zu Durchblutungsst\u00f6rungen, in deren Folge es zu Herzinfarkt oder Schlaganfall [&hellip;]\" \/>\n<meta property=\"og:url\" content=\"https:\/\/rauchfrei.at\/fakten\/gesundheitliche-auswirkungen-des-rauchens\/herzkreislauf\/\" \/>\n<meta property=\"og:site_name\" content=\"Rauchfrei Telefon\" \/>\n<meta property=\"article:modified_time\" content=\"2012-03-20T12:14:51+00:00\" \/>\n<meta name=\"twitter:card\" content=\"summary_large_image\" \/>\n<meta name=\"twitter:label1\" content=\"Est. reading time\" \/>\n\t<meta name=\"twitter:data1\" content=\"1 minute\" \/>\n<script type=\"application\/ld+json\" class=\"yoast-schema-graph\">{\"@context\":\"https:\/\/schema.org\",\"@graph\":[{\"@type\":\"WebPage\",\"@id\":\"https:\/\/rauchfrei.at\/fakten\/gesundheitliche-auswirkungen-des-rauchens\/herzkreislauf\/\",\"url\":\"https:\/\/rauchfrei.at\/fakten\/gesundheitliche-auswirkungen-des-rauchens\/herzkreislauf\/\",\"name\":\"Herzkreislauf - Rauchfrei Telefon\",\"isPartOf\":{\"@id\":\"https:\/\/rauchfrei.at\/#website\"},\"datePublished\":\"2012-02-28T11:37:23+00:00\",\"dateModified\":\"2012-03-20T12:14:51+00:00\",\"breadcrumb\":{\"@id\":\"https:\/\/rauchfrei.at\/fakten\/gesundheitliche-auswirkungen-des-rauchens\/herzkreislauf\/#breadcrumb\"},\"inLanguage\":\"en-US\",\"potentialAction\":[{\"@type\":\"ReadAction\",\"target\":[\"https:\/\/rauchfrei.at\/fakten\/gesundheitliche-auswirkungen-des-rauchens\/herzkreislauf\/\"]}]},{\"@type\":\"BreadcrumbList\",\"@id\":\"https:\/\/rauchfrei.at\/fakten\/gesundheitliche-auswirkungen-des-rauchens\/herzkreislauf\/#breadcrumb\",\"itemListElement\":[{\"@type\":\"ListItem\",\"position\":1,\"name\":\"Fakten\",\"item\":\"https:\/\/rauchfrei.at\/fakten\/\"},{\"@type\":\"ListItem\",\"position\":2,\"name\":\"Gesundheitliche Auswirkungen des Rauchens\",\"item\":\"https:\/\/rauchfrei.at\/fakten\/gesundheitliche-auswirkungen-des-rauchens\/\"},{\"@type\":\"ListItem\",\"position\":3,\"name\":\"Herzkreislauf\"}]},{\"@type\":\"WebSite\",\"@id\":\"https:\/\/rauchfrei.at\/#website\",\"url\":\"https:\/\/rauchfrei.at\/\",\"name\":\"Rauchfrei Telefon\",\"description\":\"Eine \u00f6sterreichweite Initiative der Sozialversicherungen.\",\"potentialAction\":[{\"@type\":\"SearchAction\",\"target\":{\"@type\":\"EntryPoint\",\"urlTemplate\":\"https:\/\/rauchfrei.at\/?s={search_term_string}\"},\"query-input\":{\"@type\":\"PropertyValueSpecification\",\"valueRequired\":true,\"valueName\":\"search_term_string\"}}],\"inLanguage\":\"en-US\"}]}<\/script>\n<!-- \/ Yoast SEO plugin. -->","yoast_head_json":{"title":"Herzkreislauf - Rauchfrei Telefon","robots":{"index":"index","follow":"follow","max-snippet":"max-snippet:-1","max-image-preview":"max-image-preview:large","max-video-preview":"max-video-preview:-1"},"canonical":"https:\/\/rauchfrei.at\/fakten\/gesundheitliche-auswirkungen-des-rauchens\/herzkreislauf\/","og_locale":"en_US","og_type":"article","og_title":"Herzkreislauf - Rauchfrei Telefon","og_description":"Herzkreislauferkrankungen z\u00e4hlen zu den h\u00e4ufigsten Todesursachen in den Industriestaaten. Rauchen ist neben hohem Blutdruck und hohen Cholesterinwerten einer der drei Hauptrisikofaktoren f\u00fcr eine Erkrankung des Herzkreislaufsystems. Rauchen spielt zudem eine wesentliche Rolle bei der Entstehung von Arteriosklerose, bei der Ablagerungen die Blutgef\u00e4\u00dfe verengen. Dies f\u00fchrt zu Durchblutungsst\u00f6rungen, in deren Folge es zu Herzinfarkt oder Schlaganfall [&hellip;]","og_url":"https:\/\/rauchfrei.at\/fakten\/gesundheitliche-auswirkungen-des-rauchens\/herzkreislauf\/","og_site_name":"Rauchfrei Telefon","article_modified_time":"2012-03-20T12:14:51+00:00","twitter_card":"summary_large_image","twitter_misc":{"Est. reading time":"1 minute"},"schema":{"@context":"https:\/\/schema.org","@graph":[{"@type":"WebPage","@id":"https:\/\/rauchfrei.at\/fakten\/gesundheitliche-auswirkungen-des-rauchens\/herzkreislauf\/","url":"https:\/\/rauchfrei.at\/fakten\/gesundheitliche-auswirkungen-des-rauchens\/herzkreislauf\/","name":"Herzkreislauf - Rauchfrei Telefon","isPartOf":{"@id":"https:\/\/rauchfrei.at\/#website"},"datePublished":"2012-02-28T11:37:23+00:00","dateModified":"2012-03-20T12:14:51+00:00","breadcrumb":{"@id":"https:\/\/rauchfrei.at\/fakten\/gesundheitliche-auswirkungen-des-rauchens\/herzkreislauf\/#breadcrumb"},"inLanguage":"en-US","potentialAction":[{"@type":"ReadAction","target":["https:\/\/rauchfrei.at\/fakten\/gesundheitliche-auswirkungen-des-rauchens\/herzkreislauf\/"]}]},{"@type":"BreadcrumbList","@id":"https:\/\/rauchfrei.at\/fakten\/gesundheitliche-auswirkungen-des-rauchens\/herzkreislauf\/#breadcrumb","itemListElement":[{"@type":"ListItem","position":1,"name":"Fakten","item":"https:\/\/rauchfrei.at\/fakten\/"},{"@type":"ListItem","position":2,"name":"Gesundheitliche Auswirkungen des Rauchens","item":"https:\/\/rauchfrei.at\/fakten\/gesundheitliche-auswirkungen-des-rauchens\/"},{"@type":"ListItem","position":3,"name":"Herzkreislauf"}]},{"@type":"WebSite","@id":"https:\/\/rauchfrei.at\/#website","url":"https:\/\/rauchfrei.at\/","name":"Rauchfrei Telefon","description":"Eine \u00f6sterreichweite Initiative der Sozialversicherungen.","potentialAction":[{"@type":"SearchAction","target":{"@type":"EntryPoint","urlTemplate":"https:\/\/rauchfrei.at\/?s={search_term_string}"},"query-input":{"@type":"PropertyValueSpecification","valueRequired":true,"valueName":"search_term_string"}}],"inLanguage":"en-US"}]}},"_links":{"self":[{"href":"https:\/\/rauchfrei.at\/en\/wp-json\/wp\/v2\/pages\/85","targetHints":{"allow":["GET"]}}],"collection":[{"href":"https:\/\/rauchfrei.at\/en\/wp-json\/wp\/v2\/pages"}],"about":[{"href":"https:\/\/rauchfrei.at\/en\/wp-json\/wp\/v2\/types\/page"}],"author":[{"embeddable":true,"href":"https:\/\/rauchfrei.at\/en\/wp-json\/wp\/v2\/users\/2"}],"replies":[{"embeddable":true,"href":"https:\/\/rauchfrei.at\/en\/wp-json\/wp\/v2\/comments?post=85"}],"version-history":[{"count":5,"href":"https:\/\/rauchfrei.at\/en\/wp-json\/wp\/v2\/pages\/85\/revisions"}],"predecessor-version":[{"id":698,"href":"https:\/\/rauchfrei.at\/en\/wp-json\/wp\/v2\/pages\/85\/revisions\/698"}],"up":[{"embeddable":true,"href":"https:\/\/rauchfrei.at\/en\/wp-json\/wp\/v2\/pages\/25"}],"wp:attachment":[{"href":"https:\/\/rauchfrei.at\/en\/wp-json\/wp\/v2\/media?parent=85"}],"curies":[{"name":"wp","href":"https:\/\/api.w.org\/{rel}","templated":true}]}}