
{"id":87,"date":"2012-02-28T11:37:53","date_gmt":"2012-02-28T11:37:53","guid":{"rendered":"http:\/\/web362.itscserver.org\/wordpress\/?page_id=87"},"modified":"2023-11-29T14:31:57","modified_gmt":"2023-11-29T12:31:57","slug":"krebs","status":"publish","type":"page","link":"https:\/\/rauchfrei.at\/en\/fakten\/gesundheitliche-auswirkungen-des-rauchens\/krebs\/","title":{"rendered":"Krebs"},"content":{"rendered":"<p>[et_pb_section fb_built=&#8221;1&#8243; _builder_version=&#8221;4.16&#8243; global_colors_info=&#8221;{}&#8221;][et_pb_row _builder_version=&#8221;4.23.1&#8243; background_size=&#8221;initial&#8221; background_position=&#8221;top_left&#8221; background_repeat=&#8221;repeat&#8221; global_colors_info=&#8221;{}&#8221;][et_pb_column type=&#8221;4_4&#8243; _builder_version=&#8221;4.16&#8243; custom_padding=&#8221;|||&#8221; global_colors_info=&#8221;{}&#8221; custom_padding__hover=&#8221;|||&#8221;][et_pb_text _builder_version=&#8221;4.23.1&#8243; background_size=&#8221;initial&#8221; background_position=&#8221;top_left&#8221; background_repeat=&#8221;repeat&#8221; custom_padding=&#8221;||0px|||&#8221; global_colors_info=&#8221;{}&#8221;]<\/p>\n<p><strong>Was ist Krebs?<\/strong><\/p>\n<p>\u201eKrebs\u201c bezeichnet eine Erkrankung, bei der b\u00f6sartige Gewebeneubildungen im K\u00f6rper entstehen. Diese Krebszellen vermehren sich unkontrolliert und zerst\u00f6ren gesundes Gewebe. Krebserkrankungen k\u00f6nnen in verschiedenen Formen und im gesamten Organismus auftreten. Ohne Behandlung f\u00fchren sie meist zur Verschlechterung und k\u00f6nnen t\u00f6dlich enden.<\/p>\n<p><strong>Risikofaktoren f\u00fcr die Entstehung von Krebs\u00a0<\/strong><\/p>\n<p>Die Entstehung von Krebs hat viele Ursachen. Manche Faktoren sind erblich bedingt, sind Folgen von Infektionen oder von Umwelteinfl\u00fcssen. Auf diese haben Menschen selbst keinen Einfluss, sie sind unvermeidbar. Andere Faktoren sind die Folge von individuellem Verhalten oder dem Lebensstil.<\/p>\n<p>Diese Faktoren sind beeinflussbar, Menschen k\u00f6nnen sie vermeiden. Dazu z\u00e4hlen Rauchen, Alkoholkonsum, hohes K\u00f6rpergewicht und mangelnde Bewegung.<\/p>\n<p>Vier von zehn Krebserkrankungen sind eine Folge des eigenen Verhaltens. Menschen k\u00f6nnen sich selbst durch gesundes Verhalten ihr Krebsrisiko senken.<\/p>\n<p><strong>Welche Rolle spielen Rauch und Passivrauch bei der Krebsentstehung? \u00a0<\/strong><\/p>\n<p>Tabakrauch enth\u00e4lt neben Nikotin und Kohlenmonoxid eine Vielzahl von giftigen und krebserzeugenden (karzinogenen) Stoffen. Bestandteile sind zum Beispiel Ammoniak, tabakspezifische Nitrosamine (TNSA), Schwermetalle und polyzyklische aromatische Kohlenwasserstoffe (PAK). Viele dieser Stoffe sch\u00e4digen die Zellen im menschlichen K\u00f6rper. Sie bewirken Mutationen und unkontrollierte Vermehrung von ver\u00e4nderten Zellen. Dadurch f\u00f6rdern diese Schadstoffe die Entstehung von Krebszellen und Krebsgeschw\u00fclsten.<\/p>\n<p>So kommt es, dass viele Menschen, die rauchen, an Lungenkrebs, Blasenkrebs, Krebs im HNO &#8211; Bereich und anderen Formen von Krebs erkranken. Auch Passivrauch enth\u00e4lt krebserregende Schadstoffe. So kann das h\u00e4ufige Einatmen von Passivrauch auch bei Menschen, die selbst nicht rauchen, zu Krebserkrankungen f\u00fchren.<\/p>\n<p>Kinder und Jugendliche reagieren besonders empfindlich auf die krebserregenden Bestandteile. Ihr Organismus kann die Gifte schlechter abbauen als Erwachsene.<\/p>\n<p><strong>Weitere Tabakprodukte <\/strong><\/p>\n<p>Neben Zigaretten gibt es eine Menge anderer Tabak- und Nikotinprodukte. Alle schaden der Gesundheit.<\/p>\n<ul>\n<li>\u00adZigarren- und Pfeifenrauch bewirken ein gesteigertes Risiko f\u00fcr verschiedene Tumore, vor allem von Krebsarten im Mund, im Rachen und in der Lunge.<\/li>\n<li>Der Rauch von Wasserpfeifen enth\u00e4lt krebserzeugende Stoffe.<\/li>\n<li>Der Rauch von Tabakerhitzern enth\u00e4lt krebserregende Stoffe.<\/li>\n<li>Rauchlose Tabakwaren (Schnupftabak, Kautabak, Lutschtabak) k\u00f6nnen zu Krebserkrankungen des Mundbereichs, der Speiser\u00f6hre und der Bauchspeicheldr\u00fcse f\u00fchren.<\/li>\n<li>In Nikotinbeutel sind tabakspezifische Nitrosamine (TSNA) nachweisbar.<\/li>\n<\/ul>\n<p><strong>Rauchfrei f\u00fcr die Krebspr\u00e4vention!\u00a0<\/strong><\/p>\n<p><strong>Rauchfrei leben<\/strong><\/p>\n<p>Durch eine gesunde Lebensweise k\u00f6nnen viele Krebserkrankungen vermieden werden. Rauchfrei (tabak- und nikotinfrei) zu leben ist der wichtigste Schutzfaktor, den Menschen mit ihrer Lebensweise selbst jederzeit nutzen k\u00f6nnen.<\/p>\n<ul>\n<li>Halten Sie Ihr Zuhause rauchfrei.<\/li>\n<li>Arbeiten Sie in rauchfreier Umgebung.<\/li>\n<li>F\u00fchren Sie Ihr Leben frei von Tabak und Nikotin.<\/li>\n<\/ul>\n<p><strong>Mit dem Rauchstopp Ihre Risiken senken<\/strong><\/p>\n<p>Auch wenn Sie geraucht haben, hilft Ihnen der Rauchstopp dabei, Ihr Krebsrisiko zu senken.<\/p>\n<p>Mit Beginn der Rauchfreiheit sinkt die Wahrscheinlichkeit, an Krebs zu erkranken oder an der Erkrankung zu sterben.<\/p>\n<p><strong>In einem wei\u00dfen Block auf dieser Seite: <\/strong><\/p>\n<p>10 Jahre nach dem Rauchstopp ist das Lungenkrebsrisiko um die H\u00e4lfte gesunken.<\/p>\n<p><strong>Hilft Reduktion als Schutz? <\/strong><\/p>\n<p>Auch wenige Zigaretten pro Woche schaden der Gesundheit und halten die Nikotinabh\u00e4ngigkeit aufrecht. Daher ist es am besten, v\u00f6llig frei von Tabak und Nikotin zu leben.<\/p>\n<p><strong>Rauchfrei f\u00fcr die Kinder \u00a0<\/strong><\/p>\n<p>Wenn Erwachsene rauchfrei leben, hat das Vorbildwirkung f\u00fcr Kinder und Jugendliche und sch\u00fctzt sie vor Passivrauch. Es hilft ihnen dabei, selbst rauchfrei zu bleiben. Dadurch erh\u00f6hen Erwachsene den Schutz f\u00fcr Kinder und Jugendliche vor einer Krebserkrankung.<\/p>\n<p><strong>Die Rauchfreiheit hilft auch bei bestehender Erkrankung.<\/strong><\/p>\n<p><strong>Nikotinabh\u00e4ngigkeit <\/strong><\/p>\n<p>Nikotin ist eine Substanz mit verschiedenen Wirkungen auf K\u00f6rper und Psyche. Viele Menschen erleben, dass Tabak und Nikotin ihnen schaden und rauchen dennoch weiter. Der Grund daf\u00fcr ist die Abh\u00e4ngigkeit vom Nikotin. Diese Abh\u00e4ngigkeit schr\u00e4nkt den freien Willen ein und mindert die Kontrolle \u00fcber das eigene Verhalten.<\/p>\n<p>Das Rauchen zu beenden gelingt den allermeisten, die sich daf\u00fcr entscheiden. Das Beenden des Nikotinkonsums ist manchmal von Entzugserscheinungen begleitet. Sie vergehen meist nach kurzer Zeit. Mit Unterst\u00fctzung erreichen viele Menschen die Rauchfreiheit leichter als alleine \u2013 \u00a0und bisweilen braucht es ein paar Anl\u00e4ufe, bis der Ausstieg langfristig gelingt.<\/p>\n<p><strong>Lohnt sich der Rauchstopp, wenn Sie krank sind?<\/strong><\/p>\n<p>Nach der Diagnose und im Laufe einer Krebserkrankung sind viele Themen wichtig. Das Rauchfrei werden r\u00fcckt dabei manchmal in den Hintergrund. Wichtig zu wissen ist: wenn Sie erkrankt sind, ist es besonders hilfreich und wichtig f\u00fcr Ihren K\u00f6rper, das Rauchen zu beenden.<\/p>\n<p>Wenn Sie rauchfrei leben<\/p>\n<ul>\n<li>kann die Lunge den Sauerstoff besser aufnehmen.<\/li>\n<li>wirken Therapien und Krebsbehandlungen besser.<\/li>\n<li>haben Therapien und Krebsbehandlungen weniger Nebenwirkungen.<\/li>\n<li>heilen Wunden nach chirurgischen Eingriffen schneller.<\/li>\n<li>helfen geringere Mengen von Schmerzmitteln.<\/li>\n<\/ul>\n<p>Ein Leben ohne Tabak und Nikotin wirkt sich immer positiv auf Ihre Gesundheit aus \u2013 in jedem Alter und in jeder k\u00f6rperlichen Verfassung.<\/p>\n<p><strong>Nutzen Sie Hilfe am Weg in die Rauchfreiheit. <\/strong><\/p>\n<p>Unsere telefonische Beratung bietet Ihnen viele Vorteile:<\/p>\n<ul>\n<li>Unser Team aus Gesundheitspsychologinnen ist f\u00fcr Sie telefonisch kostenfrei erreichbar.<\/li>\n<li>Sie k\u00f6nnen von zu Hause aus Kontakt mit uns aufnehmen.<\/li>\n<li>Sie k\u00f6nnen die Beratung \u00f6sterreichweit kostenfrei und anonym nutzen.<\/li>\n<li>Wir beraten Sie individuell und auf Ihre Bed\u00fcrfnisse abgestimmt.<\/li>\n<li>Sie k\u00f6nnen w\u00e4hlen, ob Sie ein einmaliges Gespr\u00e4ch oder mehrere Beratungstermine w\u00fcnschen.<\/li>\n<li>Wir begleiten Sie dabei, rauchfrei zu werden und zu bleiben.<\/li>\n<\/ul>\n<p>[\/et_pb_text][\/et_pb_column][\/et_pb_row][\/et_pb_section]<\/p>\n","protected":false},"excerpt":{"rendered":"<p>Was ist Krebs? \u201eKrebs\u201c bezeichnet eine Erkrankung, bei der b\u00f6sartige Gewebeneubildungen im K\u00f6rper entstehen. Diese Krebszellen vermehren sich unkontrolliert und zerst\u00f6ren gesundes Gewebe. Krebserkrankungen k\u00f6nnen in verschiedenen Formen und im gesamten Organismus auftreten. Ohne Behandlung f\u00fchren sie meist zur Verschlechterung und k\u00f6nnen t\u00f6dlich enden. Risikofaktoren f\u00fcr die Entstehung von Krebs\u00a0 Die Entstehung von Krebs hat [&hellip;]<\/p>\n","protected":false},"author":2,"featured_media":0,"parent":25,"menu_order":0,"comment_status":"closed","ping_status":"open","template":"page-template-blank.php","meta":{"_et_pb_use_builder":"on","_et_pb_old_content":"Je nach Rauchverhalten haben Raucher\/innen gegen\u00fcber Nichtrauchern und Nichtraucherinnen ein bis zu vierfach erh\u00f6htes Risiko an Krebs zu erkranken.\n\nRauchen ist ein Hauptrisikofaktor f\u00fcr Lungenkrebs, Kehlkopfkrebs, Mundh\u00f6hlenkrebs und Speiser\u00f6hrenkrebs. Dar\u00fcber hinaus spielt es auch eine Rolle bei Bauchspeicheldr\u00fcsenkrebs, Harnblasenkrebs, Nierenkrebs, Leberkrebs, Magenkrebs sowie bei bestimmten Formen von Leuk\u00e4mie.\n\nF\u00fcr Frauen ist Rauchen ein Risikofaktor f\u00fcr Geb\u00e4rmutterhalskrebs.\n\nIn Industrienationen sind bei M\u00e4nnern im Alter zwischen 35 und 69 Jahren\n<ul>\n \t<li>40% aller Krebstoten und<\/li>\n \t<li>90% aller Lungenkrebstodesf\u00e4lle<\/li>\n<\/ul>\ndurch Tabakkonsum verursacht.","_et_gb_content_width":"","footnotes":""},"class_list":["post-87","page","type-page","status-publish","hentry"],"yoast_head":"<!-- This site is optimized with the Yoast SEO plugin v26.2 - https:\/\/yoast.com\/wordpress\/plugins\/seo\/ -->\n<title>Krebs - Rauchfrei Telefon<\/title>\n<meta name=\"robots\" content=\"index, follow, max-snippet:-1, max-image-preview:large, max-video-preview:-1\" \/>\n<link rel=\"canonical\" href=\"https:\/\/rauchfrei.at\/fakten\/gesundheitliche-auswirkungen-des-rauchens\/krebs\/\" \/>\n<meta property=\"og:locale\" content=\"en_US\" \/>\n<meta property=\"og:type\" content=\"article\" \/>\n<meta property=\"og:title\" content=\"Krebs - Rauchfrei Telefon\" \/>\n<meta property=\"og:description\" content=\"Was ist Krebs? \u201eKrebs\u201c bezeichnet eine Erkrankung, bei der b\u00f6sartige Gewebeneubildungen im K\u00f6rper entstehen. Diese Krebszellen vermehren sich unkontrolliert und zerst\u00f6ren gesundes Gewebe. Krebserkrankungen k\u00f6nnen in verschiedenen Formen und im gesamten Organismus auftreten. Ohne Behandlung f\u00fchren sie meist zur Verschlechterung und k\u00f6nnen t\u00f6dlich enden. Risikofaktoren f\u00fcr die Entstehung von Krebs\u00a0 Die Entstehung von Krebs hat [&hellip;]\" \/>\n<meta property=\"og:url\" content=\"https:\/\/rauchfrei.at\/fakten\/gesundheitliche-auswirkungen-des-rauchens\/krebs\/\" \/>\n<meta property=\"og:site_name\" content=\"Rauchfrei Telefon\" \/>\n<meta property=\"article:modified_time\" content=\"2023-11-29T12:31:57+00:00\" \/>\n<meta name=\"twitter:card\" content=\"summary_large_image\" \/>\n<meta name=\"twitter:label1\" content=\"Est. reading time\" \/>\n\t<meta name=\"twitter:data1\" content=\"5 minutes\" \/>\n<script type=\"application\/ld+json\" class=\"yoast-schema-graph\">{\"@context\":\"https:\/\/schema.org\",\"@graph\":[{\"@type\":\"WebPage\",\"@id\":\"https:\/\/rauchfrei.at\/fakten\/gesundheitliche-auswirkungen-des-rauchens\/krebs\/\",\"url\":\"https:\/\/rauchfrei.at\/fakten\/gesundheitliche-auswirkungen-des-rauchens\/krebs\/\",\"name\":\"Krebs - Rauchfrei Telefon\",\"isPartOf\":{\"@id\":\"https:\/\/rauchfrei.at\/#website\"},\"datePublished\":\"2012-02-28T11:37:53+00:00\",\"dateModified\":\"2023-11-29T12:31:57+00:00\",\"breadcrumb\":{\"@id\":\"https:\/\/rauchfrei.at\/fakten\/gesundheitliche-auswirkungen-des-rauchens\/krebs\/#breadcrumb\"},\"inLanguage\":\"en-US\",\"potentialAction\":[{\"@type\":\"ReadAction\",\"target\":[\"https:\/\/rauchfrei.at\/fakten\/gesundheitliche-auswirkungen-des-rauchens\/krebs\/\"]}]},{\"@type\":\"BreadcrumbList\",\"@id\":\"https:\/\/rauchfrei.at\/fakten\/gesundheitliche-auswirkungen-des-rauchens\/krebs\/#breadcrumb\",\"itemListElement\":[{\"@type\":\"ListItem\",\"position\":1,\"name\":\"Fakten\",\"item\":\"https:\/\/rauchfrei.at\/fakten\/\"},{\"@type\":\"ListItem\",\"position\":2,\"name\":\"Gesundheitliche Auswirkungen des Rauchens\",\"item\":\"https:\/\/rauchfrei.at\/fakten\/gesundheitliche-auswirkungen-des-rauchens\/\"},{\"@type\":\"ListItem\",\"position\":3,\"name\":\"Krebs\"}]},{\"@type\":\"WebSite\",\"@id\":\"https:\/\/rauchfrei.at\/#website\",\"url\":\"https:\/\/rauchfrei.at\/\",\"name\":\"Rauchfrei Telefon\",\"description\":\"Eine \u00f6sterreichweite Initiative der Sozialversicherungen.\",\"potentialAction\":[{\"@type\":\"SearchAction\",\"target\":{\"@type\":\"EntryPoint\",\"urlTemplate\":\"https:\/\/rauchfrei.at\/?s={search_term_string}\"},\"query-input\":{\"@type\":\"PropertyValueSpecification\",\"valueRequired\":true,\"valueName\":\"search_term_string\"}}],\"inLanguage\":\"en-US\"}]}<\/script>\n<!-- \/ Yoast SEO plugin. -->","yoast_head_json":{"title":"Krebs - Rauchfrei Telefon","robots":{"index":"index","follow":"follow","max-snippet":"max-snippet:-1","max-image-preview":"max-image-preview:large","max-video-preview":"max-video-preview:-1"},"canonical":"https:\/\/rauchfrei.at\/fakten\/gesundheitliche-auswirkungen-des-rauchens\/krebs\/","og_locale":"en_US","og_type":"article","og_title":"Krebs - Rauchfrei Telefon","og_description":"Was ist Krebs? \u201eKrebs\u201c bezeichnet eine Erkrankung, bei der b\u00f6sartige Gewebeneubildungen im K\u00f6rper entstehen. Diese Krebszellen vermehren sich unkontrolliert und zerst\u00f6ren gesundes Gewebe. Krebserkrankungen k\u00f6nnen in verschiedenen Formen und im gesamten Organismus auftreten. Ohne Behandlung f\u00fchren sie meist zur Verschlechterung und k\u00f6nnen t\u00f6dlich enden. Risikofaktoren f\u00fcr die Entstehung von Krebs\u00a0 Die Entstehung von Krebs hat [&hellip;]","og_url":"https:\/\/rauchfrei.at\/fakten\/gesundheitliche-auswirkungen-des-rauchens\/krebs\/","og_site_name":"Rauchfrei Telefon","article_modified_time":"2023-11-29T12:31:57+00:00","twitter_card":"summary_large_image","twitter_misc":{"Est. reading time":"5 minutes"},"schema":{"@context":"https:\/\/schema.org","@graph":[{"@type":"WebPage","@id":"https:\/\/rauchfrei.at\/fakten\/gesundheitliche-auswirkungen-des-rauchens\/krebs\/","url":"https:\/\/rauchfrei.at\/fakten\/gesundheitliche-auswirkungen-des-rauchens\/krebs\/","name":"Krebs - Rauchfrei Telefon","isPartOf":{"@id":"https:\/\/rauchfrei.at\/#website"},"datePublished":"2012-02-28T11:37:53+00:00","dateModified":"2023-11-29T12:31:57+00:00","breadcrumb":{"@id":"https:\/\/rauchfrei.at\/fakten\/gesundheitliche-auswirkungen-des-rauchens\/krebs\/#breadcrumb"},"inLanguage":"en-US","potentialAction":[{"@type":"ReadAction","target":["https:\/\/rauchfrei.at\/fakten\/gesundheitliche-auswirkungen-des-rauchens\/krebs\/"]}]},{"@type":"BreadcrumbList","@id":"https:\/\/rauchfrei.at\/fakten\/gesundheitliche-auswirkungen-des-rauchens\/krebs\/#breadcrumb","itemListElement":[{"@type":"ListItem","position":1,"name":"Fakten","item":"https:\/\/rauchfrei.at\/fakten\/"},{"@type":"ListItem","position":2,"name":"Gesundheitliche Auswirkungen des Rauchens","item":"https:\/\/rauchfrei.at\/fakten\/gesundheitliche-auswirkungen-des-rauchens\/"},{"@type":"ListItem","position":3,"name":"Krebs"}]},{"@type":"WebSite","@id":"https:\/\/rauchfrei.at\/#website","url":"https:\/\/rauchfrei.at\/","name":"Rauchfrei Telefon","description":"Eine \u00f6sterreichweite Initiative der Sozialversicherungen.","potentialAction":[{"@type":"SearchAction","target":{"@type":"EntryPoint","urlTemplate":"https:\/\/rauchfrei.at\/?s={search_term_string}"},"query-input":{"@type":"PropertyValueSpecification","valueRequired":true,"valueName":"search_term_string"}}],"inLanguage":"en-US"}]}},"_links":{"self":[{"href":"https:\/\/rauchfrei.at\/en\/wp-json\/wp\/v2\/pages\/87","targetHints":{"allow":["GET"]}}],"collection":[{"href":"https:\/\/rauchfrei.at\/en\/wp-json\/wp\/v2\/pages"}],"about":[{"href":"https:\/\/rauchfrei.at\/en\/wp-json\/wp\/v2\/types\/page"}],"author":[{"embeddable":true,"href":"https:\/\/rauchfrei.at\/en\/wp-json\/wp\/v2\/users\/2"}],"replies":[{"embeddable":true,"href":"https:\/\/rauchfrei.at\/en\/wp-json\/wp\/v2\/comments?post=87"}],"version-history":[{"count":12,"href":"https:\/\/rauchfrei.at\/en\/wp-json\/wp\/v2\/pages\/87\/revisions"}],"predecessor-version":[{"id":27782,"href":"https:\/\/rauchfrei.at\/en\/wp-json\/wp\/v2\/pages\/87\/revisions\/27782"}],"up":[{"embeddable":true,"href":"https:\/\/rauchfrei.at\/en\/wp-json\/wp\/v2\/pages\/25"}],"wp:attachment":[{"href":"https:\/\/rauchfrei.at\/en\/wp-json\/wp\/v2\/media?parent=87"}],"curies":[{"name":"wp","href":"https:\/\/api.w.org\/{rel}","templated":true}]}}