
{"id":89,"date":"2012-02-28T11:38:15","date_gmt":"2012-02-28T11:38:15","guid":{"rendered":"http:\/\/web362.itscserver.org\/wordpress\/?page_id=89"},"modified":"2012-03-20T14:19:58","modified_gmt":"2012-03-20T14:19:58","slug":"sexualitaet","status":"publish","type":"page","link":"https:\/\/rauchfrei.at\/en\/fakten\/gesundheitliche-auswirkungen-des-rauchens\/sexualitaet\/","title":{"rendered":"Sexualit\u00e4t"},"content":{"rendered":"<p>Rauchen wirkt sich negativ auf die Sexualit\u00e4t von M\u00e4nnern und Frauen aus.<\/p>\n<h2>Frauen<\/h2>\n<p>Rauchen stellt einen ernstzunehmenden Risikofaktor f\u00fcr Herzkreislauferkrankungen dar, besonders wenn gleichzeitig die &#8220;Pille&#8221; eingenommen wird. Durch die Kombination \u201eRauchen und Pille\u201c steigt auch das Thromboserisiko.<\/p>\n<p>Rauchen kann Unfruchtbarkeit, unregelm\u00e4\u00dfige Regelblutungen oder das Ausfallen der Regelblutung verursachen sowie zu einer fr\u00fcheren Menopause f\u00fchren.<\/p>\n<h2>M\u00e4nner<\/h2>\n<p>Rauchen kann den Blutfluss in die Genitalien vermindern. Bei l\u00e4ngerem Zigarettenkonsum k\u00f6nnen die feinen Blutgef\u00e4\u00dfe, die f\u00fcr die Durchblutung im Penis sorgen, gesch\u00e4digt werden. Bei M\u00e4nnern erh\u00f6ht sich das Risiko von Erektionsst\u00f6rungen.<\/p>\n<p>Rauchen beeintr\u00e4chtigt auch die Qualit\u00e4t der Spermien. Ein Rauchstopp reduziert Impotenz und kann die Spermienqualit\u00e4t verbessern.<\/p>\n","protected":false},"excerpt":{"rendered":"<p>Rauchen wirkt sich negativ auf die Sexualit\u00e4t von M\u00e4nnern und Frauen aus. Frauen Rauchen stellt einen ernstzunehmenden Risikofaktor f\u00fcr Herzkreislauferkrankungen dar, besonders wenn gleichzeitig die &#8220;Pille&#8221; eingenommen wird. Durch die Kombination \u201eRauchen und Pille\u201c steigt auch das Thromboserisiko. Rauchen kann Unfruchtbarkeit, unregelm\u00e4\u00dfige Regelblutungen oder das Ausfallen der Regelblutung verursachen sowie zu einer fr\u00fcheren Menopause f\u00fchren. [&hellip;]<\/p>\n","protected":false},"author":2,"featured_media":0,"parent":25,"menu_order":0,"comment_status":"closed","ping_status":"open","template":"","meta":{"_et_pb_use_builder":"","_et_pb_old_content":"","_et_gb_content_width":"","footnotes":""},"class_list":["post-89","page","type-page","status-publish","hentry"],"yoast_head":"<!-- This site is optimized with the Yoast SEO plugin v26.2 - https:\/\/yoast.com\/wordpress\/plugins\/seo\/ -->\n<title>Sexualit\u00e4t - Rauchfrei Telefon<\/title>\n<meta name=\"robots\" content=\"index, follow, max-snippet:-1, max-image-preview:large, max-video-preview:-1\" \/>\n<link rel=\"canonical\" href=\"https:\/\/rauchfrei.at\/fakten\/gesundheitliche-auswirkungen-des-rauchens\/sexualitaet\/\" \/>\n<meta property=\"og:locale\" content=\"en_US\" \/>\n<meta property=\"og:type\" content=\"article\" \/>\n<meta property=\"og:title\" content=\"Sexualit\u00e4t - Rauchfrei Telefon\" \/>\n<meta property=\"og:description\" content=\"Rauchen wirkt sich negativ auf die Sexualit\u00e4t von M\u00e4nnern und Frauen aus. Frauen Rauchen stellt einen ernstzunehmenden Risikofaktor f\u00fcr Herzkreislauferkrankungen dar, besonders wenn gleichzeitig die &#8220;Pille&#8221; eingenommen wird. Durch die Kombination \u201eRauchen und Pille\u201c steigt auch das Thromboserisiko. Rauchen kann Unfruchtbarkeit, unregelm\u00e4\u00dfige Regelblutungen oder das Ausfallen der Regelblutung verursachen sowie zu einer fr\u00fcheren Menopause f\u00fchren. [&hellip;]\" \/>\n<meta property=\"og:url\" content=\"https:\/\/rauchfrei.at\/fakten\/gesundheitliche-auswirkungen-des-rauchens\/sexualitaet\/\" \/>\n<meta property=\"og:site_name\" content=\"Rauchfrei Telefon\" \/>\n<meta property=\"article:modified_time\" content=\"2012-03-20T14:19:58+00:00\" \/>\n<meta name=\"twitter:card\" content=\"summary_large_image\" \/>\n<meta name=\"twitter:label1\" content=\"Est. reading time\" \/>\n\t<meta name=\"twitter:data1\" content=\"1 minute\" \/>\n<script type=\"application\/ld+json\" class=\"yoast-schema-graph\">{\"@context\":\"https:\/\/schema.org\",\"@graph\":[{\"@type\":\"WebPage\",\"@id\":\"https:\/\/rauchfrei.at\/fakten\/gesundheitliche-auswirkungen-des-rauchens\/sexualitaet\/\",\"url\":\"https:\/\/rauchfrei.at\/fakten\/gesundheitliche-auswirkungen-des-rauchens\/sexualitaet\/\",\"name\":\"Sexualit\u00e4t - Rauchfrei Telefon\",\"isPartOf\":{\"@id\":\"https:\/\/rauchfrei.at\/#website\"},\"datePublished\":\"2012-02-28T11:38:15+00:00\",\"dateModified\":\"2012-03-20T14:19:58+00:00\",\"breadcrumb\":{\"@id\":\"https:\/\/rauchfrei.at\/fakten\/gesundheitliche-auswirkungen-des-rauchens\/sexualitaet\/#breadcrumb\"},\"inLanguage\":\"en-US\",\"potentialAction\":[{\"@type\":\"ReadAction\",\"target\":[\"https:\/\/rauchfrei.at\/fakten\/gesundheitliche-auswirkungen-des-rauchens\/sexualitaet\/\"]}]},{\"@type\":\"BreadcrumbList\",\"@id\":\"https:\/\/rauchfrei.at\/fakten\/gesundheitliche-auswirkungen-des-rauchens\/sexualitaet\/#breadcrumb\",\"itemListElement\":[{\"@type\":\"ListItem\",\"position\":1,\"name\":\"Fakten\",\"item\":\"https:\/\/rauchfrei.at\/fakten\/\"},{\"@type\":\"ListItem\",\"position\":2,\"name\":\"Gesundheitliche Auswirkungen des Rauchens\",\"item\":\"https:\/\/rauchfrei.at\/fakten\/gesundheitliche-auswirkungen-des-rauchens\/\"},{\"@type\":\"ListItem\",\"position\":3,\"name\":\"Sexualit\u00e4t\"}]},{\"@type\":\"WebSite\",\"@id\":\"https:\/\/rauchfrei.at\/#website\",\"url\":\"https:\/\/rauchfrei.at\/\",\"name\":\"Rauchfrei Telefon\",\"description\":\"Eine \u00f6sterreichweite Initiative der Sozialversicherungen.\",\"potentialAction\":[{\"@type\":\"SearchAction\",\"target\":{\"@type\":\"EntryPoint\",\"urlTemplate\":\"https:\/\/rauchfrei.at\/?s={search_term_string}\"},\"query-input\":{\"@type\":\"PropertyValueSpecification\",\"valueRequired\":true,\"valueName\":\"search_term_string\"}}],\"inLanguage\":\"en-US\"}]}<\/script>\n<!-- \/ Yoast SEO plugin. -->","yoast_head_json":{"title":"Sexualit\u00e4t - Rauchfrei Telefon","robots":{"index":"index","follow":"follow","max-snippet":"max-snippet:-1","max-image-preview":"max-image-preview:large","max-video-preview":"max-video-preview:-1"},"canonical":"https:\/\/rauchfrei.at\/fakten\/gesundheitliche-auswirkungen-des-rauchens\/sexualitaet\/","og_locale":"en_US","og_type":"article","og_title":"Sexualit\u00e4t - Rauchfrei Telefon","og_description":"Rauchen wirkt sich negativ auf die Sexualit\u00e4t von M\u00e4nnern und Frauen aus. Frauen Rauchen stellt einen ernstzunehmenden Risikofaktor f\u00fcr Herzkreislauferkrankungen dar, besonders wenn gleichzeitig die &#8220;Pille&#8221; eingenommen wird. Durch die Kombination \u201eRauchen und Pille\u201c steigt auch das Thromboserisiko. Rauchen kann Unfruchtbarkeit, unregelm\u00e4\u00dfige Regelblutungen oder das Ausfallen der Regelblutung verursachen sowie zu einer fr\u00fcheren Menopause f\u00fchren. [&hellip;]","og_url":"https:\/\/rauchfrei.at\/fakten\/gesundheitliche-auswirkungen-des-rauchens\/sexualitaet\/","og_site_name":"Rauchfrei Telefon","article_modified_time":"2012-03-20T14:19:58+00:00","twitter_card":"summary_large_image","twitter_misc":{"Est. reading time":"1 minute"},"schema":{"@context":"https:\/\/schema.org","@graph":[{"@type":"WebPage","@id":"https:\/\/rauchfrei.at\/fakten\/gesundheitliche-auswirkungen-des-rauchens\/sexualitaet\/","url":"https:\/\/rauchfrei.at\/fakten\/gesundheitliche-auswirkungen-des-rauchens\/sexualitaet\/","name":"Sexualit\u00e4t - Rauchfrei Telefon","isPartOf":{"@id":"https:\/\/rauchfrei.at\/#website"},"datePublished":"2012-02-28T11:38:15+00:00","dateModified":"2012-03-20T14:19:58+00:00","breadcrumb":{"@id":"https:\/\/rauchfrei.at\/fakten\/gesundheitliche-auswirkungen-des-rauchens\/sexualitaet\/#breadcrumb"},"inLanguage":"en-US","potentialAction":[{"@type":"ReadAction","target":["https:\/\/rauchfrei.at\/fakten\/gesundheitliche-auswirkungen-des-rauchens\/sexualitaet\/"]}]},{"@type":"BreadcrumbList","@id":"https:\/\/rauchfrei.at\/fakten\/gesundheitliche-auswirkungen-des-rauchens\/sexualitaet\/#breadcrumb","itemListElement":[{"@type":"ListItem","position":1,"name":"Fakten","item":"https:\/\/rauchfrei.at\/fakten\/"},{"@type":"ListItem","position":2,"name":"Gesundheitliche Auswirkungen des Rauchens","item":"https:\/\/rauchfrei.at\/fakten\/gesundheitliche-auswirkungen-des-rauchens\/"},{"@type":"ListItem","position":3,"name":"Sexualit\u00e4t"}]},{"@type":"WebSite","@id":"https:\/\/rauchfrei.at\/#website","url":"https:\/\/rauchfrei.at\/","name":"Rauchfrei Telefon","description":"Eine \u00f6sterreichweite Initiative der Sozialversicherungen.","potentialAction":[{"@type":"SearchAction","target":{"@type":"EntryPoint","urlTemplate":"https:\/\/rauchfrei.at\/?s={search_term_string}"},"query-input":{"@type":"PropertyValueSpecification","valueRequired":true,"valueName":"search_term_string"}}],"inLanguage":"en-US"}]}},"_links":{"self":[{"href":"https:\/\/rauchfrei.at\/en\/wp-json\/wp\/v2\/pages\/89","targetHints":{"allow":["GET"]}}],"collection":[{"href":"https:\/\/rauchfrei.at\/en\/wp-json\/wp\/v2\/pages"}],"about":[{"href":"https:\/\/rauchfrei.at\/en\/wp-json\/wp\/v2\/types\/page"}],"author":[{"embeddable":true,"href":"https:\/\/rauchfrei.at\/en\/wp-json\/wp\/v2\/users\/2"}],"replies":[{"embeddable":true,"href":"https:\/\/rauchfrei.at\/en\/wp-json\/wp\/v2\/comments?post=89"}],"version-history":[{"count":5,"href":"https:\/\/rauchfrei.at\/en\/wp-json\/wp\/v2\/pages\/89\/revisions"}],"predecessor-version":[{"id":704,"href":"https:\/\/rauchfrei.at\/en\/wp-json\/wp\/v2\/pages\/89\/revisions\/704"}],"up":[{"embeddable":true,"href":"https:\/\/rauchfrei.at\/en\/wp-json\/wp\/v2\/pages\/25"}],"wp:attachment":[{"href":"https:\/\/rauchfrei.at\/en\/wp-json\/wp\/v2\/media?parent=89"}],"curies":[{"name":"wp","href":"https:\/\/api.w.org\/{rel}","templated":true}]}}