
{"id":8932,"date":"2017-01-18T13:43:43","date_gmt":"2017-01-18T11:43:43","guid":{"rendered":"http:\/\/rauchfrei.at\/?page_id=8932"},"modified":"2025-10-28T11:22:01","modified_gmt":"2025-10-28T09:22:01","slug":"login","status":"publish","type":"page","link":"https:\/\/rauchfrei.at\/en\/fuer-gesundheitsberufe\/login\/","title":{"rendered":"Login"},"content":{"rendered":"<p>[et_pb_section fb_built=&#8221;1&#8243; custom_padding_last_edited=&#8221;off|&#8221; module_class=&#8221;header&#8221; _builder_version=&#8221;4.16&#8243; background_color=&#8221;#67BAD3&#8243; custom_margin=&#8221;||0px|&#8221; custom_padding=&#8221;100px||10px|&#8221; global_colors_info=&#8221;{}&#8221;][et_pb_row _builder_version=&#8221;4.27.4&#8243; custom_margin=&#8221;||0px|&#8221; custom_padding=&#8221;||0px|&#8221; hover_enabled=&#8221;0&#8243; global_colors_info=&#8221;{}&#8221; sticky_enabled=&#8221;0&#8243;][et_pb_column type=&#8221;4_4&#8243; _builder_version=&#8221;4.16&#8243; custom_padding=&#8221;||0px|&#8221; global_colors_info=&#8221;{}&#8221; custom_padding__hover=&#8221;|||&#8221;][et_pb_text admin_label=&#8221;Blue Background Header&#8221; _builder_version=&#8221;4.27.4&#8243; custom_margin=&#8221;||0px|&#8221; custom_padding=&#8221;||0px|&#8221; hover_enabled=&#8221;0&#8243; global_colors_info=&#8221;{}&#8221; sticky_enabled=&#8221;0&#8243;]<\/p>\n<h1>Login und Registrierung &amp; Zuweisung\u00a0<\/h1>\n<h2>F\u00fcr Gesundheitsberufe<\/h2>\n<p>[\/et_pb_text][\/et_pb_column][\/et_pb_row][\/et_pb_section][et_pb_section fb_built=&#8221;1&#8243; _builder_version=&#8221;4.16&#8243; global_colors_info=&#8221;{}&#8221;][et_pb_row column_structure=&#8221;2_3,1_3&#8243; _builder_version=&#8221;4.16&#8243; background_size=&#8221;initial&#8221; background_position=&#8221;top_left&#8221; background_repeat=&#8221;repeat&#8221; global_colors_info=&#8221;{}&#8221;][et_pb_column type=&#8221;2_3&#8243; _builder_version=&#8221;4.16&#8243; custom_padding=&#8221;|||&#8221; global_colors_info=&#8221;{}&#8221; custom_padding__hover=&#8221;|||&#8221;][et_pb_text admin_label=&#8221;Text&#8221; _builder_version=&#8221;4.27.4&#8243; global_colors_info=&#8221;{}&#8221;]<\/p>\n<p><div class='gf_browser_gecko gform_wrapper gf_login_form gravity-theme' id='gform_wrapper_0'><form method='post' id='gform_0'><input type='hidden' name='login_redirect' value='\/en\/wp-json\/wp\/v2\/pages\/8932' \/><div class='gform_heading'><h3 class='gform_title'>Login Form<\/h3><\/div><div class='gform_body'><div id='gform_fields_login' class='gform_fields top_label'><div id=\"field_0_1\" class=\"gfield gfield--type-text gfield_contains_required field_sublabel_below gfield--no-description field_description_below field_validation_below gfield_visibility_visible\"  ><label class='gfield_label gform-field-label' for='input_1'>Username<span class=\"gfield_required\"><span class=\"gfield_required gfield_required_text\">(Required)<\/span><\/span><\/label><div class='ginput_container ginput_container_text'><input name='input_1' id='input_1' type='text' value='' class=''     aria-required=\"true\" aria-invalid=\"false\"   \/><\/div><\/div><div id=\"field_0_2\" class=\"gfield gfield--type-text gfield_contains_required field_sublabel_below gfield--no-description field_description_below field_validation_below gfield_visibility_visible\"  ><label class='gfield_label gform-field-label' for='input_2'>Password<span class=\"gfield_required\"><span class=\"gfield_required gfield_required_text\">(Required)<\/span><\/span><\/label><div class='ginput_container ginput_container_text'><input name='input_2' id='input_2' type='password' value='' class=''     aria-required=\"true\" aria-invalid=\"false\"   \/><\/div><\/div><div id=\"field_0_3\" class=\"gfield gfield--type-remember_me field_sublabel_below gfield--no-description field_description_below hidden_label field_validation_below gfield_visibility_visible\"  ><label class='gfield_label gform-field-label screen-reader-text gfield_label_before_complex' ><\/label><div class='ginput_container ginput_container_checkbox'><div class='gfield_checkbox' id='input_3'><div class='gchoice gchoice_3'>\n\t\t\t\t\t\t<input class='gfield-choice-input' name='input_3.1' type='checkbox'  value='1'  id='choice_3'   \/>\n\t\t\t\t\t\t<label for='choice_3' id='label_3'>Remember Me<\/label>\n\t\t\t\t\t<\/div><\/div><\/div><\/div><\/div><\/div>\n        <div class='gform_footer top_label'> <input type=\"submit\" id=\"gform_submit_button_0\" class=\"gform_button button et_pb_button\" onclick=\"gform.submission.handleButtonClick(this);\" data-submission-type=\"submit\" value=\"Login\"> \n            <input type='hidden' class='gform_hidden' name='gform_submission_method' data-js='gform_submission_method_0' value='postback' \/>\n            <input type='hidden' class='gform_hidden' name='gform_theme' data-js='gform_theme_0' id='gform_theme_0' value='' \/>\n            <input type='hidden' class='gform_hidden' name='gform_style_settings' data-js='gform_style_settings_0' id='gform_style_settings_0' value='' \/>\n            <input type='hidden' class='gform_hidden' name='is_submit_0' value='1' \/>\n            <input type='hidden' class='gform_hidden' name='gform_submit' value='0' \/>\n            \n            <input type='hidden' class='gform_hidden' name='gform_currency' data-currency='EUR' value='KTxeoQIyQUPPtRfJxHC2bhVZ7DF7LUYs1QRktNDd8sPJln9NQLe93t2XIA9cN99+ji5Px2eAQ5o5fkBalWndbb3w052BZrw37jNss86KoIOYmf0=' \/>\n            <input type='hidden' class='gform_hidden' name='gform_unique_id' value='69f1c54452953' \/>\n            <input type='hidden' class='gform_hidden' name='state_0' value='WyJbXSIsIjM4YWYzNTE4ODdkYjY4ZDNiMDE5MmRlOGU2ZmJmYmNjIl0=' \/>\n            <input type='hidden' autocomplete='off' class='gform_hidden' name='gform_target_page_number_0' id='gform_target_page_number_0' value='0' \/>\n            <input type='hidden' autocomplete='off' class='gform_hidden' name='gform_source_page_number_0' id='gform_source_page_number_0' value='1' \/>\n            <input type='hidden' name='gform_field_values' value='' \/>\n            \n        <\/div><\/form><\/div><nav class=\"gf_login_links\"><a href=\"https:\/\/rauchfrei.at\/en\/rauchfrei-login-page\/?action=register\" title=\"Sie haben noch keinen Zugang? Hier k\u00f6nnen Sie sich registrieren.\">Sie haben noch keinen Zugang? Hier k\u00f6nnen Sie sich registrieren.<\/a><br \/><a href=\"https:\/\/rauchfrei.at\/en\/rauchfrei-login-page\/?action=lostpassword\" title=\"Passwort vergessen?\">Passwort vergessen?<\/a><br \/><\/nav><p>&nbsp;<\/p><\/p>\n<p>F\u00fcr die Kooperation ist f\u00fcr Sie eine einmalige Registrierung als Zuweiser\/in erforderlich. Sobald wir Sie als Zuweiser\/in freigegeben haben, sind Sie registriert. In weiterer Folge steigen Sie nur mehr mit Ihrem Kennwort ein, um die Kontaktdaten der Person, die Sie zu uns \u00fcbermitteln m\u00f6chten, anzugeben.<\/p>\n<p>Ihre Patientin\/Ihr Patient erh\u00e4lt dann innerhalb einiger Arbeitstage einen Anruf vom Rauchfrei Telefon.<\/p>\n<p>Bitte loggen Sie sich ein, um Zuweisungen Ihrer Patientinnen und Patienten zum Rauchfrei Telefon durchzuf\u00fchren<\/p>\n<p>Mit dem folgenden Onlineformular k\u00f6nnen Sie Ihre Patientinnen und Patienten direkt beim Rauchfrei Telefon anmelden. Die Zuweisung zu den kostenfreien Beratungsgespr\u00e4chen ist sowohl f\u00fcr den Rauchstopp als auch f\u00fcr die Aufrechterhaltung der Rauchfreiheit m\u00f6glich.<\/p>\n<p>[\/et_pb_text][\/et_pb_column][et_pb_column type=&#8221;1_3&#8243; _builder_version=&#8221;4.16&#8243; custom_padding=&#8221;|||&#8221; global_colors_info=&#8221;{}&#8221; custom_padding__hover=&#8221;|||&#8221;][et_pb_dp_dmb_module_10085 link_text=&#8221;Anleitung&#8221; link_url=&#8221;https:\/\/rauchfrei.at\/fuer-gesundheitsberufe\/rauchfreiticket\/&#8221; admin_label=&#8221;Rauchfrei Ticket Anleitung&#8221; _builder_version=&#8221;4.27.4&#8243; _module_preset=&#8221;default&#8221; global_colors_info=&#8221;{}&#8221;]<\/p>\n<p>Das Rauchfrei Ticket<\/p>\n<p>[\/et_pb_dp_dmb_module_10085][et_pb_dp_dmb_module_10080 link_text=&#8221;hier downloaden&#8221; link_url=&#8221;https:\/\/rauchfrei.at\/broschueren-downloads\/download-broschueren\/&#8221; admin_label=&#8221;Materialdownloads&#8221; _builder_version=&#8221;4.16&#8243; global_module=&#8221;13235&#8243; saved_tabs=&#8221;all&#8221; global_colors_info=&#8221;{}&#8221;]<\/p>\n<p><span lang=\"DE-AT\"><strong>Brosch\u00fcren, Folder<\/strong> und <strong>Poster<\/strong><\/span><\/p>\n<p>[\/et_pb_dp_dmb_module_10080][et_pb_dp_dmb_module_10080 link_text=&#8221;hier kostenfrei bestellen&#8221; link_url=&#8221;https:\/\/rauchfrei.at\/broschueren-downloads\/bestellung\/&#8221; admin_label=&#8221;Materialbestellung&#8221; _builder_version=&#8221;4.16&#8243; global_module=&#8221;13132&#8243; saved_tabs=&#8221;all&#8221; global_colors_info=&#8221;{}&#8221;]<\/p>\n<p><strong>Brosch\u00fcren<br \/>bestellen\u00a0<\/strong><\/p>\n<p>[\/et_pb_dp_dmb_module_10080][\/et_pb_column][\/et_pb_row][\/et_pb_section]<\/p>\n","protected":false},"excerpt":{"rendered":"<p>Login und Registrierung &amp; Zuweisung\u00a0 F\u00fcr Gesundheitsberufe<div class='gf_browser_gecko gform_wrapper gf_login_form gravity-theme' id='gform_wrapper_0'><form method='post' id='gform_0'><input type='hidden' name='login_redirect' value='\/en\/wp-json\/wp\/v2\/pages\/8932' \/><div class='gform_heading'><h3 class='gform_title'>Login Form<\/h3><\/div><div class='gform_body'><div id='gform_fields_login' class='gform_fields top_label'><div id=\"field_0_1\" class=\"gfield gfield--type-text gfield_contains_required field_sublabel_below gfield--no-description field_description_below field_validation_below gfield_visibility_visible\"  ><label class='gfield_label gform-field-label' for='input_1'>Username<span class=\"gfield_required\"><span class=\"gfield_required gfield_required_text\">(Required)<\/span><\/span><\/label><div class='ginput_container ginput_container_text'><input name='input_1' id='input_1' type='text' value='' class=''     aria-required=\"true\" aria-invalid=\"false\"   \/><\/div><\/div><div id=\"field_0_2\" class=\"gfield gfield--type-text gfield_contains_required field_sublabel_below gfield--no-description field_description_below field_validation_below gfield_visibility_visible\"  ><label class='gfield_label gform-field-label' for='input_2'>Password<span class=\"gfield_required\"><span class=\"gfield_required gfield_required_text\">(Required)<\/span><\/span><\/label><div class='ginput_container ginput_container_text'><input name='input_2' id='input_2' type='password' value='' class=''     aria-required=\"true\" aria-invalid=\"false\"   \/><\/div><\/div><div id=\"field_0_3\" class=\"gfield gfield--type-remember_me field_sublabel_below gfield--no-description field_description_below hidden_label field_validation_below gfield_visibility_visible\"  ><label class='gfield_label gform-field-label screen-reader-text gfield_label_before_complex' ><\/label><div class='ginput_container ginput_container_checkbox'><div class='gfield_checkbox' id='input_3'><div class='gchoice gchoice_3'>\n\t\t\t\t\t\t<input class='gfield-choice-input' name='input_3.1' type='checkbox'  value='1'  id='choice_3'   \/>\n\t\t\t\t\t\t<label for='choice_3' id='label_3'>Remember Me<\/label>\n\t\t\t\t\t<\/div><\/div><\/div><\/div><\/div><\/div>\n        <div class='gform_footer top_label'> <input type=\"submit\" id=\"gform_submit_button_0\" class=\"gform_button button et_pb_button\" onclick=\"gform.submission.handleButtonClick(this);\" data-submission-type=\"submit\" value=\"Login\"> \n            <input type='hidden' class='gform_hidden' name='gform_submission_method' data-js='gform_submission_method_0' value='postback' \/>\n            <input type='hidden' class='gform_hidden' name='gform_theme' data-js='gform_theme_0' id='gform_theme_0' value='' \/>\n            <input type='hidden' class='gform_hidden' name='gform_style_settings' data-js='gform_style_settings_0' id='gform_style_settings_0' value='' \/>\n            <input type='hidden' class='gform_hidden' name='is_submit_0' value='1' \/>\n            <input type='hidden' class='gform_hidden' name='gform_submit' value='0' \/>\n            \n            <input type='hidden' class='gform_hidden' name='gform_currency' data-currency='EUR' value='90AzzXLVi3jdIBvdnghZEucQ1MtJZN0kukg8YUm8B1bM4Qw19Yds5mk3+rsJqw\/yTBGowuZPx3cDjx4tP6lkpK9YWDIRKpd9Z8XkE2R9gXpbGdI=' \/>\n            <input type='hidden' class='gform_hidden' name='gform_unique_id' value='69f1c54452953' \/>\n            <input type='hidden' class='gform_hidden' name='state_0' value='WyJbXSIsIjM4YWYzNTE4ODdkYjY4ZDNiMDE5MmRlOGU2ZmJmYmNjIl0=' \/>\n            <input type='hidden' autocomplete='off' class='gform_hidden' name='gform_target_page_number_0' id='gform_target_page_number_0' value='0' \/>\n            <input type='hidden' autocomplete='off' class='gform_hidden' name='gform_source_page_number_0' id='gform_source_page_number_0' value='1' \/>\n            <input type='hidden' name='gform_field_values' value='' \/>\n            \n        <\/div><\/form><\/div><nav class=\"gf_login_links\"><a href=\"https:\/\/rauchfrei.at\/en\/rauchfrei-login-page\/?action=register\" title=\"Sie haben noch keinen Zugang? Hier k\u00f6nnen Sie sich registrieren.\">Sie haben noch keinen Zugang? Hier k\u00f6nnen Sie sich registrieren.<\/a><br \/><a href=\"https:\/\/rauchfrei.at\/en\/rauchfrei-login-page\/?action=lostpassword\" title=\"Passwort vergessen?\">Passwort vergessen?<\/a><br \/><\/nav><p>&nbsp;<\/p> F\u00fcr die Kooperation ist f\u00fcr Sie eine einmalige Registrierung als Zuweiser\/in erforderlich. Sobald wir Sie [&hellip;]<\/p>\n","protected":false},"author":1,"featured_media":0,"parent":336,"menu_order":0,"comment_status":"closed","ping_status":"closed","template":"","meta":{"_et_pb_use_builder":"on","_et_pb_old_content":"<p>\u00a0<\/p><p>Mit dem Rauchfrei Ticket k\u00f6nnen Sie Personen, die rauchen oder gerade aufgeh\u00f6rt haben, zur Beratung an das Rauchfrei Telefon \u00fcberweisen.<\/p><p>Mit dem folgenden Onlineformular k\u00f6nnen Sie Ihre Patientinnen und Patienten direkt beim Rauchfrei Telefon anmelden. Die Zuweisung zu den kostenfreien Beratungsgespr\u00e4chen ist sowohl f\u00fcr den Rauchstopp als auch f\u00fcr die Aufrechterhaltung der Rauchfreiheit m\u00f6glich.<\/p><p>F\u00fcr diese Kooperation ist f\u00fcr Sie eine einmalige Registrierung erforderlich. In weiterer Folge steigen Sie nur mehr mit Ihrem Kennwort ein, um die Kontaktdaten der Person anzugeben. Ihre Patientin\/Ihr Patient erh\u00e4lt dann zeitnah einen Anruf vom Rauchfrei Telefon.<\/p><p>Bitte loggen Sie sich ein, um Zuweisungen Ihrer Patientinnen und Patienten zum Rauchfrei Telefon durchzuf\u00fchren<\/p><p>[gravityform action=\"login\" description=\"false\" logged_in_message=\"Sie sind eingeloggt!\" registration_url=\"#\" registration_link_text=\"Sie haben noch keinen Zugang? Hier k\u00f6nnen Sie sich registrieren.\" forgot_password_text=\"Passwort vergessen?\" forgot_password_display=\"true\" \/]<\/p><p>[gravityform id=\"3\" title=\"true\" description=\"true\" ajax=\"true\"]<\/p>","_et_gb_content_width":"","footnotes":""},"class_list":["post-8932","page","type-page","status-publish","hentry"],"yoast_head":"<!-- This site is optimized with the Yoast SEO plugin v26.2 - https:\/\/yoast.com\/wordpress\/plugins\/seo\/ -->\n<title>Login - Rauchfrei Telefon<\/title>\n<meta name=\"robots\" content=\"index, follow, max-snippet:-1, max-image-preview:large, max-video-preview:-1\" \/>\n<link rel=\"canonical\" href=\"https:\/\/rauchfrei.at\/fuer-gesundheitsberufe\/login\/\" \/>\n<meta property=\"og:locale\" content=\"en_US\" \/>\n<meta property=\"og:type\" content=\"article\" \/>\n<meta property=\"og:title\" content=\"Login - Rauchfrei Telefon\" \/>\n<meta property=\"og:description\" content=\"Login und Registrierung &amp; Zuweisung\u00a0 F\u00fcr Gesundheitsberufe F\u00fcr die Kooperation ist f\u00fcr Sie eine einmalige Registrierung als Zuweiser\/in erforderlich. Sobald wir Sie [&hellip;]\" \/>\n<meta property=\"og:url\" content=\"https:\/\/rauchfrei.at\/fuer-gesundheitsberufe\/login\/\" \/>\n<meta property=\"og:site_name\" content=\"Rauchfrei Telefon\" \/>\n<meta property=\"article:modified_time\" content=\"2025-10-28T09:22:01+00:00\" \/>\n<meta name=\"twitter:card\" content=\"summary_large_image\" \/>\n<meta name=\"twitter:label1\" content=\"Est. reading time\" \/>\n\t<meta name=\"twitter:data1\" content=\"3 minutes\" \/>\n<script type=\"application\/ld+json\" class=\"yoast-schema-graph\">{\"@context\":\"https:\/\/schema.org\",\"@graph\":[{\"@type\":\"WebPage\",\"@id\":\"https:\/\/rauchfrei.at\/fuer-gesundheitsberufe\/login\/\",\"url\":\"https:\/\/rauchfrei.at\/fuer-gesundheitsberufe\/login\/\",\"name\":\"Login - Rauchfrei Telefon\",\"isPartOf\":{\"@id\":\"https:\/\/rauchfrei.at\/#website\"},\"datePublished\":\"2017-01-18T11:43:43+00:00\",\"dateModified\":\"2025-10-28T09:22:01+00:00\",\"breadcrumb\":{\"@id\":\"https:\/\/rauchfrei.at\/fuer-gesundheitsberufe\/login\/#breadcrumb\"},\"inLanguage\":\"en-US\",\"potentialAction\":[{\"@type\":\"ReadAction\",\"target\":[\"https:\/\/rauchfrei.at\/fuer-gesundheitsberufe\/login\/\"]}]},{\"@type\":\"BreadcrumbList\",\"@id\":\"https:\/\/rauchfrei.at\/fuer-gesundheitsberufe\/login\/#breadcrumb\",\"itemListElement\":[{\"@type\":\"ListItem\",\"position\":1,\"name\":\"F\u00fcr Gesundheitsberufe\",\"item\":\"https:\/\/rauchfrei.at\/fuer-gesundheitsberufe\/\"},{\"@type\":\"ListItem\",\"position\":2,\"name\":\"Login\"}]},{\"@type\":\"WebSite\",\"@id\":\"https:\/\/rauchfrei.at\/#website\",\"url\":\"https:\/\/rauchfrei.at\/\",\"name\":\"Rauchfrei Telefon\",\"description\":\"Eine \u00f6sterreichweite Initiative der Sozialversicherungen.\",\"potentialAction\":[{\"@type\":\"SearchAction\",\"target\":{\"@type\":\"EntryPoint\",\"urlTemplate\":\"https:\/\/rauchfrei.at\/?s={search_term_string}\"},\"query-input\":{\"@type\":\"PropertyValueSpecification\",\"valueRequired\":true,\"valueName\":\"search_term_string\"}}],\"inLanguage\":\"en-US\"}]}<\/script>\n<!-- \/ Yoast SEO plugin. -->","yoast_head_json":{"title":"Login - Rauchfrei Telefon","robots":{"index":"index","follow":"follow","max-snippet":"max-snippet:-1","max-image-preview":"max-image-preview:large","max-video-preview":"max-video-preview:-1"},"canonical":"https:\/\/rauchfrei.at\/fuer-gesundheitsberufe\/login\/","og_locale":"en_US","og_type":"article","og_title":"Login - Rauchfrei Telefon","og_description":"Login und Registrierung &amp; Zuweisung\u00a0 F\u00fcr Gesundheitsberufe F\u00fcr die Kooperation ist f\u00fcr Sie eine einmalige Registrierung als Zuweiser\/in erforderlich. Sobald wir Sie [&hellip;]","og_url":"https:\/\/rauchfrei.at\/fuer-gesundheitsberufe\/login\/","og_site_name":"Rauchfrei Telefon","article_modified_time":"2025-10-28T09:22:01+00:00","twitter_card":"summary_large_image","twitter_misc":{"Est. reading time":"3 minutes"},"schema":{"@context":"https:\/\/schema.org","@graph":[{"@type":"WebPage","@id":"https:\/\/rauchfrei.at\/fuer-gesundheitsberufe\/login\/","url":"https:\/\/rauchfrei.at\/fuer-gesundheitsberufe\/login\/","name":"Login - Rauchfrei Telefon","isPartOf":{"@id":"https:\/\/rauchfrei.at\/#website"},"datePublished":"2017-01-18T11:43:43+00:00","dateModified":"2025-10-28T09:22:01+00:00","breadcrumb":{"@id":"https:\/\/rauchfrei.at\/fuer-gesundheitsberufe\/login\/#breadcrumb"},"inLanguage":"en-US","potentialAction":[{"@type":"ReadAction","target":["https:\/\/rauchfrei.at\/fuer-gesundheitsberufe\/login\/"]}]},{"@type":"BreadcrumbList","@id":"https:\/\/rauchfrei.at\/fuer-gesundheitsberufe\/login\/#breadcrumb","itemListElement":[{"@type":"ListItem","position":1,"name":"F\u00fcr Gesundheitsberufe","item":"https:\/\/rauchfrei.at\/fuer-gesundheitsberufe\/"},{"@type":"ListItem","position":2,"name":"Login"}]},{"@type":"WebSite","@id":"https:\/\/rauchfrei.at\/#website","url":"https:\/\/rauchfrei.at\/","name":"Rauchfrei Telefon","description":"Eine \u00f6sterreichweite Initiative der Sozialversicherungen.","potentialAction":[{"@type":"SearchAction","target":{"@type":"EntryPoint","urlTemplate":"https:\/\/rauchfrei.at\/?s={search_term_string}"},"query-input":{"@type":"PropertyValueSpecification","valueRequired":true,"valueName":"search_term_string"}}],"inLanguage":"en-US"}]}},"_links":{"self":[{"href":"https:\/\/rauchfrei.at\/en\/wp-json\/wp\/v2\/pages\/8932","targetHints":{"allow":["GET"]}}],"collection":[{"href":"https:\/\/rauchfrei.at\/en\/wp-json\/wp\/v2\/pages"}],"about":[{"href":"https:\/\/rauchfrei.at\/en\/wp-json\/wp\/v2\/types\/page"}],"author":[{"embeddable":true,"href":"https:\/\/rauchfrei.at\/en\/wp-json\/wp\/v2\/users\/1"}],"replies":[{"embeddable":true,"href":"https:\/\/rauchfrei.at\/en\/wp-json\/wp\/v2\/comments?post=8932"}],"version-history":[{"count":24,"href":"https:\/\/rauchfrei.at\/en\/wp-json\/wp\/v2\/pages\/8932\/revisions"}],"predecessor-version":[{"id":31344,"href":"https:\/\/rauchfrei.at\/en\/wp-json\/wp\/v2\/pages\/8932\/revisions\/31344"}],"up":[{"embeddable":true,"href":"https:\/\/rauchfrei.at\/en\/wp-json\/wp\/v2\/pages\/336"}],"wp:attachment":[{"href":"https:\/\/rauchfrei.at\/en\/wp-json\/wp\/v2\/media?parent=8932"}],"curies":[{"name":"wp","href":"https:\/\/api.w.org\/{rel}","templated":true}]}}