
{"id":91,"date":"2012-02-28T11:38:33","date_gmt":"2012-02-28T11:38:33","guid":{"rendered":"http:\/\/web362.itscserver.org\/wordpress\/?page_id=91"},"modified":"2012-06-20T12:28:49","modified_gmt":"2012-06-20T12:28:49","slug":"zaehne","status":"publish","type":"page","link":"https:\/\/rauchfrei.at\/en\/fakten\/gesundheitliche-auswirkungen-des-rauchens\/zaehne\/","title":{"rendered":"Z\u00e4hne"},"content":{"rendered":"<p>Der negative Einfluss des Rauchens auf die Zahngesundheit wird sehr oft untersch\u00e4tzt.<\/p>\n<p>Durch das Einatmen des Tabakrauchs wird die Mundschleimhaut giftigen und krebserregenden Stoffen ausgesetzt. Das f\u00fchrt zu einem erh\u00f6hten Erkrankungsrisiko im Kiefer- und Gesichtsbereich.<\/p>\n<p>Rauchen ist der wichtigste vermeidbare\u00a0Risikofaktor f\u00fcr Mundh\u00f6hlenkrebs, f\u00fcr Ver\u00e4nderungen in der Mundh\u00f6hle und f\u00fcr Parodontitis. Dar\u00fcber hinaus verz\u00f6gert Rauchen die Wundheilung nach einem chirurgischen Eingriff im Kiefer- und Gesichtsbereich und beeintr\u00e4chtigt den Erfolg einer Zahnimplantatbehandlung.<\/p>\n<p>Rauchen verf\u00e4rbt die Z\u00e4hne und den Zahnersatz und f\u00fchrt zu schlechtem Atem.<\/p>\n<p align=\"left\">Mehr dazu:<br \/>\n<a title=\"Rauchen und Mundgesundheit\" href=\"http:\/\/www.dkfz.de\/de\/tabakkontrolle\/download\/Publikationen\/RoteReihe\/Mundgesundheit_Band_13.pdf\" target=\"_blank\">Rauchen und Mundgesundheit. Erkrankungen des Zahn-, Mund- und Kieferbereiches und Interventionsstrategien f\u00fcr Zahn\u00e4rzte<\/a><br \/>\nRote Reihe Tabakpr\u00e4vention und Tabakkontrolle Band 13, Deutsches Krebsforschungszentrum, Heidelberg 2010<\/p>\n","protected":false},"excerpt":{"rendered":"<p>Der negative Einfluss des Rauchens auf die Zahngesundheit wird sehr oft untersch\u00e4tzt. Durch das Einatmen des Tabakrauchs wird die Mundschleimhaut giftigen und krebserregenden Stoffen ausgesetzt. Das f\u00fchrt zu einem erh\u00f6hten Erkrankungsrisiko im Kiefer- und Gesichtsbereich. Rauchen ist der wichtigste vermeidbare\u00a0Risikofaktor f\u00fcr Mundh\u00f6hlenkrebs, f\u00fcr Ver\u00e4nderungen in der Mundh\u00f6hle und f\u00fcr Parodontitis. Dar\u00fcber hinaus verz\u00f6gert Rauchen die [&hellip;]<\/p>\n","protected":false},"author":2,"featured_media":0,"parent":25,"menu_order":0,"comment_status":"closed","ping_status":"open","template":"","meta":{"_et_pb_use_builder":"","_et_pb_old_content":"","_et_gb_content_width":"","footnotes":""},"class_list":["post-91","page","type-page","status-publish","hentry"],"yoast_head":"<!-- This site is optimized with the Yoast SEO plugin v26.2 - https:\/\/yoast.com\/wordpress\/plugins\/seo\/ -->\n<title>Z\u00e4hne - Rauchfrei Telefon<\/title>\n<meta name=\"robots\" content=\"index, follow, max-snippet:-1, max-image-preview:large, max-video-preview:-1\" \/>\n<link rel=\"canonical\" href=\"https:\/\/rauchfrei.at\/fakten\/gesundheitliche-auswirkungen-des-rauchens\/zaehne\/\" \/>\n<meta property=\"og:locale\" content=\"en_US\" \/>\n<meta property=\"og:type\" content=\"article\" \/>\n<meta property=\"og:title\" content=\"Z\u00e4hne - Rauchfrei Telefon\" \/>\n<meta property=\"og:description\" content=\"Der negative Einfluss des Rauchens auf die Zahngesundheit wird sehr oft untersch\u00e4tzt. Durch das Einatmen des Tabakrauchs wird die Mundschleimhaut giftigen und krebserregenden Stoffen ausgesetzt. Das f\u00fchrt zu einem erh\u00f6hten Erkrankungsrisiko im Kiefer- und Gesichtsbereich. Rauchen ist der wichtigste vermeidbare\u00a0Risikofaktor f\u00fcr Mundh\u00f6hlenkrebs, f\u00fcr Ver\u00e4nderungen in der Mundh\u00f6hle und f\u00fcr Parodontitis. Dar\u00fcber hinaus verz\u00f6gert Rauchen die [&hellip;]\" \/>\n<meta property=\"og:url\" content=\"https:\/\/rauchfrei.at\/fakten\/gesundheitliche-auswirkungen-des-rauchens\/zaehne\/\" \/>\n<meta property=\"og:site_name\" content=\"Rauchfrei Telefon\" \/>\n<meta property=\"article:modified_time\" content=\"2012-06-20T12:28:49+00:00\" \/>\n<meta name=\"twitter:card\" content=\"summary_large_image\" \/>\n<meta name=\"twitter:label1\" content=\"Est. reading time\" \/>\n\t<meta name=\"twitter:data1\" content=\"1 minute\" \/>\n<script type=\"application\/ld+json\" class=\"yoast-schema-graph\">{\"@context\":\"https:\/\/schema.org\",\"@graph\":[{\"@type\":\"WebPage\",\"@id\":\"https:\/\/rauchfrei.at\/fakten\/gesundheitliche-auswirkungen-des-rauchens\/zaehne\/\",\"url\":\"https:\/\/rauchfrei.at\/fakten\/gesundheitliche-auswirkungen-des-rauchens\/zaehne\/\",\"name\":\"Z\u00e4hne - Rauchfrei Telefon\",\"isPartOf\":{\"@id\":\"https:\/\/rauchfrei.at\/#website\"},\"datePublished\":\"2012-02-28T11:38:33+00:00\",\"dateModified\":\"2012-06-20T12:28:49+00:00\",\"breadcrumb\":{\"@id\":\"https:\/\/rauchfrei.at\/fakten\/gesundheitliche-auswirkungen-des-rauchens\/zaehne\/#breadcrumb\"},\"inLanguage\":\"en-US\",\"potentialAction\":[{\"@type\":\"ReadAction\",\"target\":[\"https:\/\/rauchfrei.at\/fakten\/gesundheitliche-auswirkungen-des-rauchens\/zaehne\/\"]}]},{\"@type\":\"BreadcrumbList\",\"@id\":\"https:\/\/rauchfrei.at\/fakten\/gesundheitliche-auswirkungen-des-rauchens\/zaehne\/#breadcrumb\",\"itemListElement\":[{\"@type\":\"ListItem\",\"position\":1,\"name\":\"Fakten\",\"item\":\"https:\/\/rauchfrei.at\/fakten\/\"},{\"@type\":\"ListItem\",\"position\":2,\"name\":\"Gesundheitliche Auswirkungen des Rauchens\",\"item\":\"https:\/\/rauchfrei.at\/fakten\/gesundheitliche-auswirkungen-des-rauchens\/\"},{\"@type\":\"ListItem\",\"position\":3,\"name\":\"Z\u00e4hne\"}]},{\"@type\":\"WebSite\",\"@id\":\"https:\/\/rauchfrei.at\/#website\",\"url\":\"https:\/\/rauchfrei.at\/\",\"name\":\"Rauchfrei Telefon\",\"description\":\"Eine \u00f6sterreichweite Initiative der Sozialversicherungen.\",\"potentialAction\":[{\"@type\":\"SearchAction\",\"target\":{\"@type\":\"EntryPoint\",\"urlTemplate\":\"https:\/\/rauchfrei.at\/?s={search_term_string}\"},\"query-input\":{\"@type\":\"PropertyValueSpecification\",\"valueRequired\":true,\"valueName\":\"search_term_string\"}}],\"inLanguage\":\"en-US\"}]}<\/script>\n<!-- \/ Yoast SEO plugin. -->","yoast_head_json":{"title":"Z\u00e4hne - Rauchfrei Telefon","robots":{"index":"index","follow":"follow","max-snippet":"max-snippet:-1","max-image-preview":"max-image-preview:large","max-video-preview":"max-video-preview:-1"},"canonical":"https:\/\/rauchfrei.at\/fakten\/gesundheitliche-auswirkungen-des-rauchens\/zaehne\/","og_locale":"en_US","og_type":"article","og_title":"Z\u00e4hne - Rauchfrei Telefon","og_description":"Der negative Einfluss des Rauchens auf die Zahngesundheit wird sehr oft untersch\u00e4tzt. Durch das Einatmen des Tabakrauchs wird die Mundschleimhaut giftigen und krebserregenden Stoffen ausgesetzt. Das f\u00fchrt zu einem erh\u00f6hten Erkrankungsrisiko im Kiefer- und Gesichtsbereich. Rauchen ist der wichtigste vermeidbare\u00a0Risikofaktor f\u00fcr Mundh\u00f6hlenkrebs, f\u00fcr Ver\u00e4nderungen in der Mundh\u00f6hle und f\u00fcr Parodontitis. Dar\u00fcber hinaus verz\u00f6gert Rauchen die [&hellip;]","og_url":"https:\/\/rauchfrei.at\/fakten\/gesundheitliche-auswirkungen-des-rauchens\/zaehne\/","og_site_name":"Rauchfrei Telefon","article_modified_time":"2012-06-20T12:28:49+00:00","twitter_card":"summary_large_image","twitter_misc":{"Est. reading time":"1 minute"},"schema":{"@context":"https:\/\/schema.org","@graph":[{"@type":"WebPage","@id":"https:\/\/rauchfrei.at\/fakten\/gesundheitliche-auswirkungen-des-rauchens\/zaehne\/","url":"https:\/\/rauchfrei.at\/fakten\/gesundheitliche-auswirkungen-des-rauchens\/zaehne\/","name":"Z\u00e4hne - Rauchfrei Telefon","isPartOf":{"@id":"https:\/\/rauchfrei.at\/#website"},"datePublished":"2012-02-28T11:38:33+00:00","dateModified":"2012-06-20T12:28:49+00:00","breadcrumb":{"@id":"https:\/\/rauchfrei.at\/fakten\/gesundheitliche-auswirkungen-des-rauchens\/zaehne\/#breadcrumb"},"inLanguage":"en-US","potentialAction":[{"@type":"ReadAction","target":["https:\/\/rauchfrei.at\/fakten\/gesundheitliche-auswirkungen-des-rauchens\/zaehne\/"]}]},{"@type":"BreadcrumbList","@id":"https:\/\/rauchfrei.at\/fakten\/gesundheitliche-auswirkungen-des-rauchens\/zaehne\/#breadcrumb","itemListElement":[{"@type":"ListItem","position":1,"name":"Fakten","item":"https:\/\/rauchfrei.at\/fakten\/"},{"@type":"ListItem","position":2,"name":"Gesundheitliche Auswirkungen des Rauchens","item":"https:\/\/rauchfrei.at\/fakten\/gesundheitliche-auswirkungen-des-rauchens\/"},{"@type":"ListItem","position":3,"name":"Z\u00e4hne"}]},{"@type":"WebSite","@id":"https:\/\/rauchfrei.at\/#website","url":"https:\/\/rauchfrei.at\/","name":"Rauchfrei Telefon","description":"Eine \u00f6sterreichweite Initiative der Sozialversicherungen.","potentialAction":[{"@type":"SearchAction","target":{"@type":"EntryPoint","urlTemplate":"https:\/\/rauchfrei.at\/?s={search_term_string}"},"query-input":{"@type":"PropertyValueSpecification","valueRequired":true,"valueName":"search_term_string"}}],"inLanguage":"en-US"}]}},"_links":{"self":[{"href":"https:\/\/rauchfrei.at\/en\/wp-json\/wp\/v2\/pages\/91","targetHints":{"allow":["GET"]}}],"collection":[{"href":"https:\/\/rauchfrei.at\/en\/wp-json\/wp\/v2\/pages"}],"about":[{"href":"https:\/\/rauchfrei.at\/en\/wp-json\/wp\/v2\/types\/page"}],"author":[{"embeddable":true,"href":"https:\/\/rauchfrei.at\/en\/wp-json\/wp\/v2\/users\/2"}],"replies":[{"embeddable":true,"href":"https:\/\/rauchfrei.at\/en\/wp-json\/wp\/v2\/comments?post=91"}],"version-history":[{"count":5,"href":"https:\/\/rauchfrei.at\/en\/wp-json\/wp\/v2\/pages\/91\/revisions"}],"predecessor-version":[{"id":705,"href":"https:\/\/rauchfrei.at\/en\/wp-json\/wp\/v2\/pages\/91\/revisions\/705"}],"up":[{"embeddable":true,"href":"https:\/\/rauchfrei.at\/en\/wp-json\/wp\/v2\/pages\/25"}],"wp:attachment":[{"href":"https:\/\/rauchfrei.at\/en\/wp-json\/wp\/v2\/media?parent=91"}],"curies":[{"name":"wp","href":"https:\/\/api.w.org\/{rel}","templated":true}]}}