
{"id":93,"date":"2012-02-28T11:38:51","date_gmt":"2012-02-28T11:38:51","guid":{"rendered":"http:\/\/web362.itscserver.org\/wordpress\/?page_id=93"},"modified":"2015-08-28T16:51:39","modified_gmt":"2015-08-28T14:51:39","slug":"psyche","status":"publish","type":"page","link":"https:\/\/rauchfrei.at\/en\/fakten\/gesundheitliche-auswirkungen-des-rauchens\/psyche\/","title":{"rendered":"Psyche"},"content":{"rendered":"<p><strong>Neben der k\u00f6rperlichen gibt es auch die psychische Abh\u00e4ngigkeit von der Zigarette.<\/strong> Das durch den Zigarettenrauch inhalierte Nikotin gelangt innerhalb von sieben Sekunden direkt in das Belohnungszentrums des Gehirns und bewirkt dort das von Raucherinnen und Rauchern h\u00e4ufig als eine Art \u201eKick\u201c beschriebene angenehme Wohlgef\u00fchl.<\/p>\n<p>Nikotin hat ein sogenanntes bivalentes Wirkungsspektrum, das hei\u00dft, dass es je nach Dosierung entweder entspannend oder aktivierend wirken kann.<\/p>\n<p>Effekte des Nikotins durch den Einfluss auf die Botenstoffe im Gehirn sind unter anderem:<\/p>\n<ul>\n<li>Wachheit<\/li>\n<li>verringertes Hungergef\u00fchl<\/li>\n<li>Nachlassen von Anspannung und Angst<\/li>\n<li>antidepressive Wirkung<\/li>\n<li>oder die Steigerung kognitiver Funktionen<\/li>\n<\/ul>\n<p>Die Schnelligkeit, mit der das Nikotin beim Rauchen im Gehirn ist, bedeutet gleichzeitig, dass es ein sehr hohes Suchtpotential in sich birgt. Das beschriebene Wohlgef\u00fchl wird im Laufe der Zeit an die verschiedenen Rauch-Situationen (z.B. Kaffee trinken, eine Wartesituation \u00fcberbr\u00fccken) gekoppelt und auf diese Weise Ausl\u00f6sereize f\u00fcr den Griff zur Zigarette angelernt. Es entsteht ein komplexes Zusammenspiel zwischen ausl\u00f6senden Situationen, den Symptomen der k\u00f6rperlichen und psychischen Abh\u00e4ngigkeit und dem Rauchen.<\/p>\n<p>Nikotin hat eine antidepressive, stimmungsaufhellende Wirkung. So kann es sein, dass Raucher\/innen mit einer depressiven Erkrankung mithilfe der Zigarette ihre Depression quasi \u201e\u00fcberlagern\u201c. Bei einem Rauchstopp kann die depressive Symptomatik dann m\u00f6glicherweise zum Vorschein kommen. <strong>Wenn im Zuge des Rauchstopps depressive Symptome auftreten, sollte unbedingt eine \u00c4rztin\/ein Arzt konsultiert werden.<\/strong><\/p>\n<p><span style=\"color: #ff0000;\"><span style=\"color: #000000;\">Da Nikotin den Stoffwechsel beschleunigt, kann es sein, dass nach dem Rauchstopp mit der Normalisierung des Stoffwechsels auch Medikamente anders\u00a0vom K\u00f6rper aufgenommen\u00a0werden. Besprechen Sie mit Ihrem Arzt\/Ihrer \u00c4rztin, ob die medikament\u00f6se Einstellung noch passend ist oder angepasst werden sollte.<\/span><br \/>\n<\/span><\/p>\n<p>&nbsp;<\/p>\n","protected":false},"excerpt":{"rendered":"<p>Neben der k\u00f6rperlichen gibt es auch die psychische Abh\u00e4ngigkeit von der Zigarette. Das durch den Zigarettenrauch inhalierte Nikotin gelangt innerhalb von sieben Sekunden direkt in das Belohnungszentrums des Gehirns und bewirkt dort das von Raucherinnen und Rauchern h\u00e4ufig als eine Art \u201eKick\u201c beschriebene angenehme Wohlgef\u00fchl. Nikotin hat ein sogenanntes bivalentes Wirkungsspektrum, das hei\u00dft, dass es [&hellip;]<\/p>\n","protected":false},"author":2,"featured_media":0,"parent":25,"menu_order":0,"comment_status":"closed","ping_status":"open","template":"","meta":{"_et_pb_use_builder":"","_et_pb_old_content":"","_et_gb_content_width":"","footnotes":""},"class_list":["post-93","page","type-page","status-publish","hentry"],"yoast_head":"<!-- This site is optimized with the Yoast SEO plugin v26.2 - https:\/\/yoast.com\/wordpress\/plugins\/seo\/ -->\n<title>Psyche - Rauchfrei Telefon<\/title>\n<meta name=\"robots\" content=\"index, follow, max-snippet:-1, max-image-preview:large, max-video-preview:-1\" \/>\n<link rel=\"canonical\" href=\"https:\/\/rauchfrei.at\/fakten\/gesundheitliche-auswirkungen-des-rauchens\/psyche\/\" \/>\n<meta property=\"og:locale\" content=\"en_US\" \/>\n<meta property=\"og:type\" content=\"article\" \/>\n<meta property=\"og:title\" content=\"Psyche - Rauchfrei Telefon\" \/>\n<meta property=\"og:description\" content=\"Neben der k\u00f6rperlichen gibt es auch die psychische Abh\u00e4ngigkeit von der Zigarette. Das durch den Zigarettenrauch inhalierte Nikotin gelangt innerhalb von sieben Sekunden direkt in das Belohnungszentrums des Gehirns und bewirkt dort das von Raucherinnen und Rauchern h\u00e4ufig als eine Art \u201eKick\u201c beschriebene angenehme Wohlgef\u00fchl. Nikotin hat ein sogenanntes bivalentes Wirkungsspektrum, das hei\u00dft, dass es [&hellip;]\" \/>\n<meta property=\"og:url\" content=\"https:\/\/rauchfrei.at\/fakten\/gesundheitliche-auswirkungen-des-rauchens\/psyche\/\" \/>\n<meta property=\"og:site_name\" content=\"Rauchfrei Telefon\" \/>\n<meta property=\"article:modified_time\" content=\"2015-08-28T14:51:39+00:00\" \/>\n<meta name=\"twitter:card\" content=\"summary_large_image\" \/>\n<meta name=\"twitter:label1\" content=\"Est. reading time\" \/>\n\t<meta name=\"twitter:data1\" content=\"1 minute\" \/>\n<script type=\"application\/ld+json\" class=\"yoast-schema-graph\">{\"@context\":\"https:\/\/schema.org\",\"@graph\":[{\"@type\":\"WebPage\",\"@id\":\"https:\/\/rauchfrei.at\/fakten\/gesundheitliche-auswirkungen-des-rauchens\/psyche\/\",\"url\":\"https:\/\/rauchfrei.at\/fakten\/gesundheitliche-auswirkungen-des-rauchens\/psyche\/\",\"name\":\"Psyche - Rauchfrei Telefon\",\"isPartOf\":{\"@id\":\"https:\/\/rauchfrei.at\/#website\"},\"datePublished\":\"2012-02-28T11:38:51+00:00\",\"dateModified\":\"2015-08-28T14:51:39+00:00\",\"breadcrumb\":{\"@id\":\"https:\/\/rauchfrei.at\/fakten\/gesundheitliche-auswirkungen-des-rauchens\/psyche\/#breadcrumb\"},\"inLanguage\":\"en-US\",\"potentialAction\":[{\"@type\":\"ReadAction\",\"target\":[\"https:\/\/rauchfrei.at\/fakten\/gesundheitliche-auswirkungen-des-rauchens\/psyche\/\"]}]},{\"@type\":\"BreadcrumbList\",\"@id\":\"https:\/\/rauchfrei.at\/fakten\/gesundheitliche-auswirkungen-des-rauchens\/psyche\/#breadcrumb\",\"itemListElement\":[{\"@type\":\"ListItem\",\"position\":1,\"name\":\"Fakten\",\"item\":\"https:\/\/rauchfrei.at\/fakten\/\"},{\"@type\":\"ListItem\",\"position\":2,\"name\":\"Gesundheitliche Auswirkungen des Rauchens\",\"item\":\"https:\/\/rauchfrei.at\/fakten\/gesundheitliche-auswirkungen-des-rauchens\/\"},{\"@type\":\"ListItem\",\"position\":3,\"name\":\"Psyche\"}]},{\"@type\":\"WebSite\",\"@id\":\"https:\/\/rauchfrei.at\/#website\",\"url\":\"https:\/\/rauchfrei.at\/\",\"name\":\"Rauchfrei Telefon\",\"description\":\"Eine \u00f6sterreichweite Initiative der Sozialversicherungen.\",\"potentialAction\":[{\"@type\":\"SearchAction\",\"target\":{\"@type\":\"EntryPoint\",\"urlTemplate\":\"https:\/\/rauchfrei.at\/?s={search_term_string}\"},\"query-input\":{\"@type\":\"PropertyValueSpecification\",\"valueRequired\":true,\"valueName\":\"search_term_string\"}}],\"inLanguage\":\"en-US\"}]}<\/script>\n<!-- \/ Yoast SEO plugin. -->","yoast_head_json":{"title":"Psyche - Rauchfrei Telefon","robots":{"index":"index","follow":"follow","max-snippet":"max-snippet:-1","max-image-preview":"max-image-preview:large","max-video-preview":"max-video-preview:-1"},"canonical":"https:\/\/rauchfrei.at\/fakten\/gesundheitliche-auswirkungen-des-rauchens\/psyche\/","og_locale":"en_US","og_type":"article","og_title":"Psyche - Rauchfrei Telefon","og_description":"Neben der k\u00f6rperlichen gibt es auch die psychische Abh\u00e4ngigkeit von der Zigarette. Das durch den Zigarettenrauch inhalierte Nikotin gelangt innerhalb von sieben Sekunden direkt in das Belohnungszentrums des Gehirns und bewirkt dort das von Raucherinnen und Rauchern h\u00e4ufig als eine Art \u201eKick\u201c beschriebene angenehme Wohlgef\u00fchl. Nikotin hat ein sogenanntes bivalentes Wirkungsspektrum, das hei\u00dft, dass es [&hellip;]","og_url":"https:\/\/rauchfrei.at\/fakten\/gesundheitliche-auswirkungen-des-rauchens\/psyche\/","og_site_name":"Rauchfrei Telefon","article_modified_time":"2015-08-28T14:51:39+00:00","twitter_card":"summary_large_image","twitter_misc":{"Est. reading time":"1 minute"},"schema":{"@context":"https:\/\/schema.org","@graph":[{"@type":"WebPage","@id":"https:\/\/rauchfrei.at\/fakten\/gesundheitliche-auswirkungen-des-rauchens\/psyche\/","url":"https:\/\/rauchfrei.at\/fakten\/gesundheitliche-auswirkungen-des-rauchens\/psyche\/","name":"Psyche - Rauchfrei Telefon","isPartOf":{"@id":"https:\/\/rauchfrei.at\/#website"},"datePublished":"2012-02-28T11:38:51+00:00","dateModified":"2015-08-28T14:51:39+00:00","breadcrumb":{"@id":"https:\/\/rauchfrei.at\/fakten\/gesundheitliche-auswirkungen-des-rauchens\/psyche\/#breadcrumb"},"inLanguage":"en-US","potentialAction":[{"@type":"ReadAction","target":["https:\/\/rauchfrei.at\/fakten\/gesundheitliche-auswirkungen-des-rauchens\/psyche\/"]}]},{"@type":"BreadcrumbList","@id":"https:\/\/rauchfrei.at\/fakten\/gesundheitliche-auswirkungen-des-rauchens\/psyche\/#breadcrumb","itemListElement":[{"@type":"ListItem","position":1,"name":"Fakten","item":"https:\/\/rauchfrei.at\/fakten\/"},{"@type":"ListItem","position":2,"name":"Gesundheitliche Auswirkungen des Rauchens","item":"https:\/\/rauchfrei.at\/fakten\/gesundheitliche-auswirkungen-des-rauchens\/"},{"@type":"ListItem","position":3,"name":"Psyche"}]},{"@type":"WebSite","@id":"https:\/\/rauchfrei.at\/#website","url":"https:\/\/rauchfrei.at\/","name":"Rauchfrei Telefon","description":"Eine \u00f6sterreichweite Initiative der Sozialversicherungen.","potentialAction":[{"@type":"SearchAction","target":{"@type":"EntryPoint","urlTemplate":"https:\/\/rauchfrei.at\/?s={search_term_string}"},"query-input":{"@type":"PropertyValueSpecification","valueRequired":true,"valueName":"search_term_string"}}],"inLanguage":"en-US"}]}},"_links":{"self":[{"href":"https:\/\/rauchfrei.at\/en\/wp-json\/wp\/v2\/pages\/93","targetHints":{"allow":["GET"]}}],"collection":[{"href":"https:\/\/rauchfrei.at\/en\/wp-json\/wp\/v2\/pages"}],"about":[{"href":"https:\/\/rauchfrei.at\/en\/wp-json\/wp\/v2\/types\/page"}],"author":[{"embeddable":true,"href":"https:\/\/rauchfrei.at\/en\/wp-json\/wp\/v2\/users\/2"}],"replies":[{"embeddable":true,"href":"https:\/\/rauchfrei.at\/en\/wp-json\/wp\/v2\/comments?post=93"}],"version-history":[{"count":5,"href":"https:\/\/rauchfrei.at\/en\/wp-json\/wp\/v2\/pages\/93\/revisions"}],"predecessor-version":[{"id":7411,"href":"https:\/\/rauchfrei.at\/en\/wp-json\/wp\/v2\/pages\/93\/revisions\/7411"}],"up":[{"embeddable":true,"href":"https:\/\/rauchfrei.at\/en\/wp-json\/wp\/v2\/pages\/25"}],"wp:attachment":[{"href":"https:\/\/rauchfrei.at\/en\/wp-json\/wp\/v2\/media?parent=93"}],"curies":[{"name":"wp","href":"https:\/\/api.w.org\/{rel}","templated":true}]}}