
{"id":95,"date":"2012-02-28T11:39:06","date_gmt":"2012-02-28T11:39:06","guid":{"rendered":"http:\/\/web362.itscserver.org\/wordpress\/?page_id=95"},"modified":"2012-06-20T12:08:09","modified_gmt":"2012-06-20T12:08:09","slug":"diabetes","status":"publish","type":"page","link":"https:\/\/rauchfrei.at\/en\/fakten\/gesundheitliche-auswirkungen-des-rauchens\/diabetes\/","title":{"rendered":"Diabetes"},"content":{"rendered":"<p>Rauchen ist ein wichtiger Faktor f\u00fcr die Entwicklung von Diabetes mellitus Typ 2. Besonders gef\u00e4hrdet sind neben Frauen j\u00fcngere Raucher\/innen und famili\u00e4r vorbelastete Raucher\/innen (z.B. mit Diabetes mellitus Typ 2 in der Verwandtschaft). So haben Raucher\/innen ein \u00fcber\u00a0<strong>3fach erh\u00f6htes Risiko<\/strong>, einen <strong>Typ 2 Diabetes<\/strong> zu entwickeln, besonders wenn fr\u00fch mit dem Rauchen begonnen wird.<\/p>\n<p>Zigarettenrauchen und Diabetes mellitus sind eine gef\u00e4hrliche Kombination. Rauchen kann einerseits Insulinresistenz und Diabetes mellitus Typ 2 mitverursachen, andererseits haben rauchende Diabetikerinnen und Diabetiker ein vielfach erh\u00f6htes Risiko f\u00fcr diabetische Sp\u00e4tsch\u00e4den (z.B. koronare Herzkrankheiten, Arteriosklerose, Nierenerkrankungen, Makuladegeneration).<\/p>\n<p>Die effektivste und kosteng\u00fcnstigste Behandlung f\u00fcr Diabetiker\/innen ist der Rauchstopp.<\/p>\n","protected":false},"excerpt":{"rendered":"<p>Rauchen ist ein wichtiger Faktor f\u00fcr die Entwicklung von Diabetes mellitus Typ 2. Besonders gef\u00e4hrdet sind neben Frauen j\u00fcngere Raucher\/innen und famili\u00e4r vorbelastete Raucher\/innen (z.B. mit Diabetes mellitus Typ 2 in der Verwandtschaft). So haben Raucher\/innen ein \u00fcber\u00a03fach erh\u00f6htes Risiko, einen Typ 2 Diabetes zu entwickeln, besonders wenn fr\u00fch mit dem Rauchen begonnen wird. Zigarettenrauchen [&hellip;]<\/p>\n","protected":false},"author":2,"featured_media":0,"parent":25,"menu_order":0,"comment_status":"closed","ping_status":"open","template":"","meta":{"_et_pb_use_builder":"","_et_pb_old_content":"","_et_gb_content_width":"","footnotes":""},"class_list":["post-95","page","type-page","status-publish","hentry"],"yoast_head":"<!-- This site is optimized with the Yoast SEO plugin v26.2 - https:\/\/yoast.com\/wordpress\/plugins\/seo\/ -->\n<title>Diabetes - Rauchfrei Telefon<\/title>\n<meta name=\"robots\" content=\"index, follow, max-snippet:-1, max-image-preview:large, max-video-preview:-1\" \/>\n<link rel=\"canonical\" href=\"https:\/\/rauchfrei.at\/fakten\/gesundheitliche-auswirkungen-des-rauchens\/diabetes\/\" \/>\n<meta property=\"og:locale\" content=\"en_US\" \/>\n<meta property=\"og:type\" content=\"article\" \/>\n<meta property=\"og:title\" content=\"Diabetes - Rauchfrei Telefon\" \/>\n<meta property=\"og:description\" content=\"Rauchen ist ein wichtiger Faktor f\u00fcr die Entwicklung von Diabetes mellitus Typ 2. Besonders gef\u00e4hrdet sind neben Frauen j\u00fcngere Raucher\/innen und famili\u00e4r vorbelastete Raucher\/innen (z.B. mit Diabetes mellitus Typ 2 in der Verwandtschaft). So haben Raucher\/innen ein \u00fcber\u00a03fach erh\u00f6htes Risiko, einen Typ 2 Diabetes zu entwickeln, besonders wenn fr\u00fch mit dem Rauchen begonnen wird. Zigarettenrauchen [&hellip;]\" \/>\n<meta property=\"og:url\" content=\"https:\/\/rauchfrei.at\/fakten\/gesundheitliche-auswirkungen-des-rauchens\/diabetes\/\" \/>\n<meta property=\"og:site_name\" content=\"Rauchfrei Telefon\" \/>\n<meta property=\"article:modified_time\" content=\"2012-06-20T12:08:09+00:00\" \/>\n<meta name=\"twitter:card\" content=\"summary_large_image\" \/>\n<meta name=\"twitter:label1\" content=\"Est. reading time\" \/>\n\t<meta name=\"twitter:data1\" content=\"1 minute\" \/>\n<script type=\"application\/ld+json\" class=\"yoast-schema-graph\">{\"@context\":\"https:\/\/schema.org\",\"@graph\":[{\"@type\":\"WebPage\",\"@id\":\"https:\/\/rauchfrei.at\/fakten\/gesundheitliche-auswirkungen-des-rauchens\/diabetes\/\",\"url\":\"https:\/\/rauchfrei.at\/fakten\/gesundheitliche-auswirkungen-des-rauchens\/diabetes\/\",\"name\":\"Diabetes - Rauchfrei Telefon\",\"isPartOf\":{\"@id\":\"https:\/\/rauchfrei.at\/#website\"},\"datePublished\":\"2012-02-28T11:39:06+00:00\",\"dateModified\":\"2012-06-20T12:08:09+00:00\",\"breadcrumb\":{\"@id\":\"https:\/\/rauchfrei.at\/fakten\/gesundheitliche-auswirkungen-des-rauchens\/diabetes\/#breadcrumb\"},\"inLanguage\":\"en-US\",\"potentialAction\":[{\"@type\":\"ReadAction\",\"target\":[\"https:\/\/rauchfrei.at\/fakten\/gesundheitliche-auswirkungen-des-rauchens\/diabetes\/\"]}]},{\"@type\":\"BreadcrumbList\",\"@id\":\"https:\/\/rauchfrei.at\/fakten\/gesundheitliche-auswirkungen-des-rauchens\/diabetes\/#breadcrumb\",\"itemListElement\":[{\"@type\":\"ListItem\",\"position\":1,\"name\":\"Fakten\",\"item\":\"https:\/\/rauchfrei.at\/fakten\/\"},{\"@type\":\"ListItem\",\"position\":2,\"name\":\"Gesundheitliche Auswirkungen des Rauchens\",\"item\":\"https:\/\/rauchfrei.at\/fakten\/gesundheitliche-auswirkungen-des-rauchens\/\"},{\"@type\":\"ListItem\",\"position\":3,\"name\":\"Diabetes\"}]},{\"@type\":\"WebSite\",\"@id\":\"https:\/\/rauchfrei.at\/#website\",\"url\":\"https:\/\/rauchfrei.at\/\",\"name\":\"Rauchfrei Telefon\",\"description\":\"Eine \u00f6sterreichweite Initiative der Sozialversicherungen.\",\"potentialAction\":[{\"@type\":\"SearchAction\",\"target\":{\"@type\":\"EntryPoint\",\"urlTemplate\":\"https:\/\/rauchfrei.at\/?s={search_term_string}\"},\"query-input\":{\"@type\":\"PropertyValueSpecification\",\"valueRequired\":true,\"valueName\":\"search_term_string\"}}],\"inLanguage\":\"en-US\"}]}<\/script>\n<!-- \/ Yoast SEO plugin. -->","yoast_head_json":{"title":"Diabetes - Rauchfrei Telefon","robots":{"index":"index","follow":"follow","max-snippet":"max-snippet:-1","max-image-preview":"max-image-preview:large","max-video-preview":"max-video-preview:-1"},"canonical":"https:\/\/rauchfrei.at\/fakten\/gesundheitliche-auswirkungen-des-rauchens\/diabetes\/","og_locale":"en_US","og_type":"article","og_title":"Diabetes - Rauchfrei Telefon","og_description":"Rauchen ist ein wichtiger Faktor f\u00fcr die Entwicklung von Diabetes mellitus Typ 2. Besonders gef\u00e4hrdet sind neben Frauen j\u00fcngere Raucher\/innen und famili\u00e4r vorbelastete Raucher\/innen (z.B. mit Diabetes mellitus Typ 2 in der Verwandtschaft). So haben Raucher\/innen ein \u00fcber\u00a03fach erh\u00f6htes Risiko, einen Typ 2 Diabetes zu entwickeln, besonders wenn fr\u00fch mit dem Rauchen begonnen wird. Zigarettenrauchen [&hellip;]","og_url":"https:\/\/rauchfrei.at\/fakten\/gesundheitliche-auswirkungen-des-rauchens\/diabetes\/","og_site_name":"Rauchfrei Telefon","article_modified_time":"2012-06-20T12:08:09+00:00","twitter_card":"summary_large_image","twitter_misc":{"Est. reading time":"1 minute"},"schema":{"@context":"https:\/\/schema.org","@graph":[{"@type":"WebPage","@id":"https:\/\/rauchfrei.at\/fakten\/gesundheitliche-auswirkungen-des-rauchens\/diabetes\/","url":"https:\/\/rauchfrei.at\/fakten\/gesundheitliche-auswirkungen-des-rauchens\/diabetes\/","name":"Diabetes - Rauchfrei Telefon","isPartOf":{"@id":"https:\/\/rauchfrei.at\/#website"},"datePublished":"2012-02-28T11:39:06+00:00","dateModified":"2012-06-20T12:08:09+00:00","breadcrumb":{"@id":"https:\/\/rauchfrei.at\/fakten\/gesundheitliche-auswirkungen-des-rauchens\/diabetes\/#breadcrumb"},"inLanguage":"en-US","potentialAction":[{"@type":"ReadAction","target":["https:\/\/rauchfrei.at\/fakten\/gesundheitliche-auswirkungen-des-rauchens\/diabetes\/"]}]},{"@type":"BreadcrumbList","@id":"https:\/\/rauchfrei.at\/fakten\/gesundheitliche-auswirkungen-des-rauchens\/diabetes\/#breadcrumb","itemListElement":[{"@type":"ListItem","position":1,"name":"Fakten","item":"https:\/\/rauchfrei.at\/fakten\/"},{"@type":"ListItem","position":2,"name":"Gesundheitliche Auswirkungen des Rauchens","item":"https:\/\/rauchfrei.at\/fakten\/gesundheitliche-auswirkungen-des-rauchens\/"},{"@type":"ListItem","position":3,"name":"Diabetes"}]},{"@type":"WebSite","@id":"https:\/\/rauchfrei.at\/#website","url":"https:\/\/rauchfrei.at\/","name":"Rauchfrei Telefon","description":"Eine \u00f6sterreichweite Initiative der Sozialversicherungen.","potentialAction":[{"@type":"SearchAction","target":{"@type":"EntryPoint","urlTemplate":"https:\/\/rauchfrei.at\/?s={search_term_string}"},"query-input":{"@type":"PropertyValueSpecification","valueRequired":true,"valueName":"search_term_string"}}],"inLanguage":"en-US"}]}},"_links":{"self":[{"href":"https:\/\/rauchfrei.at\/en\/wp-json\/wp\/v2\/pages\/95","targetHints":{"allow":["GET"]}}],"collection":[{"href":"https:\/\/rauchfrei.at\/en\/wp-json\/wp\/v2\/pages"}],"about":[{"href":"https:\/\/rauchfrei.at\/en\/wp-json\/wp\/v2\/types\/page"}],"author":[{"embeddable":true,"href":"https:\/\/rauchfrei.at\/en\/wp-json\/wp\/v2\/users\/2"}],"replies":[{"embeddable":true,"href":"https:\/\/rauchfrei.at\/en\/wp-json\/wp\/v2\/comments?post=95"}],"version-history":[{"count":5,"href":"https:\/\/rauchfrei.at\/en\/wp-json\/wp\/v2\/pages\/95\/revisions"}],"predecessor-version":[{"id":2724,"href":"https:\/\/rauchfrei.at\/en\/wp-json\/wp\/v2\/pages\/95\/revisions\/2724"}],"up":[{"embeddable":true,"href":"https:\/\/rauchfrei.at\/en\/wp-json\/wp\/v2\/pages\/25"}],"wp:attachment":[{"href":"https:\/\/rauchfrei.at\/en\/wp-json\/wp\/v2\/media?parent=95"}],"curies":[{"name":"wp","href":"https:\/\/api.w.org\/{rel}","templated":true}]}}