
{"id":97,"date":"2012-02-28T11:39:31","date_gmt":"2012-02-28T11:39:31","guid":{"rendered":"http:\/\/web362.itscserver.org\/wordpress\/?page_id=97"},"modified":"2023-05-23T11:15:24","modified_gmt":"2023-05-23T09:15:24","slug":"andere-tabakprodukte","status":"publish","type":"page","link":"https:\/\/rauchfrei.at\/en\/fakten\/andere-tabakprodukte\/","title":{"rendered":"Weitere Tabak-\u00a0 und Nikotinprodukte"},"content":{"rendered":"<p>[et_pb_section fb_built=&#8221;1&#8243; custom_padding_last_edited=&#8221;off|&#8221; module_class=&#8221;header&#8221; _builder_version=&#8221;4.16&#8243; background_color=&#8221;#67BAD3&#8243; custom_margin=&#8221;||0px|&#8221; custom_padding=&#8221;100px||10px|&#8221; global_colors_info=&#8221;{}&#8221;][et_pb_row _builder_version=&#8221;4.16&#8243; custom_margin=&#8221;||0px|&#8221; custom_padding=&#8221;||0px|&#8221; global_colors_info=&#8221;{}&#8221;][et_pb_column type=&#8221;4_4&#8243; _builder_version=&#8221;4.16&#8243; custom_padding=&#8221;||0px|&#8221; global_colors_info=&#8221;{}&#8221; custom_padding__hover=&#8221;|||&#8221;][et_pb_text admin_label=&#8221;Blue Background Header&#8221; _builder_version=&#8221;4.17.1&#8243; custom_margin=&#8221;||0px|&#8221; custom_padding=&#8221;||0px|&#8221; z_index_tablet=&#8221;500&#8243; global_colors_info=&#8221;{}&#8221;]<\/p>\n<h1><strong>Weitere Tabak-\u00a0 und Nikotinprodukte<\/strong><\/h1>\n<p>[\/et_pb_text][\/et_pb_column][\/et_pb_row][\/et_pb_section][et_pb_section fb_built=&#8221;1&#8243; _builder_version=&#8221;4.16&#8243; global_colors_info=&#8221;{}&#8221;][et_pb_row column_structure=&#8221;2_3,1_3&#8243; _builder_version=&#8221;4.16&#8243; background_size=&#8221;initial&#8221; background_position=&#8221;top_left&#8221; background_repeat=&#8221;repeat&#8221; global_colors_info=&#8221;{}&#8221;][et_pb_column type=&#8221;2_3&#8243; _builder_version=&#8221;4.16&#8243; custom_padding=&#8221;|||&#8221; global_colors_info=&#8221;{}&#8221; custom_padding__hover=&#8221;|||&#8221;][et_pb_text _builder_version=&#8221;4.20.4&#8243; hover_enabled=&#8221;0&#8243; global_colors_info=&#8221;{}&#8221; sticky_enabled=&#8221;0&#8243;]<\/p>\n<p>Es gibt verschiedene, zum Teil neue Produkte der Tabakindustrie am Markt. Die Industrie bewirbt und verkauft diese Produkte mit der Werbebotschaft eines &#8220;ges\u00fcnderen&#8221; und &#8220;cooleren&#8221; Konsums als Zigaretten.<\/p>\n<p>Es gibt <strong>Tabakprodukte<\/strong> und Produkte, deren Konsumationsart Zigaretten \u00e4hnelt. Das sind z.B. Pfeifen, Zigarren, Zigarillos, Wasserpfeifen (Shisha), Elektronische Zigaretten und Tabakerhitzer.<\/p>\n<p>Diese Produkte sind in \u00d6sterreich gesetzlich in der Kategorie \u201eneuartiges Tabakerzeugnis\u201c oder \u201everwandtes Erzeugnis\u201c eingeordnet. Sie unterliegen denselben gesetzlichen Bestimmungen wie Zigaretten in Bezug auf Rauchverbote und Altersbestimmungen.<\/p>\n<p>Weiters gibt es <a href=\"https:\/\/rauchfrei.at\/fakten\/andere-tabakprodukte\/tabakfreie-nikotinprodukte\/\" target=\"_blank\" rel=\"noopener\"><span style=\"color: #212121;\">Nikotinprodukte<\/span><\/a> ohne Tabak, die anders als Zigaretten konsumiert werden. Das sind Nikotinbeutel. Sie enthalten Nikotin teilweise in hoher Konzentration, das \u00fcber die Mundschleimhaut aufgenommen wird. Sie sind in \u00d6sterreich gesetzlich noch nicht in den Bestimmungen des Nichtraucherschutzgesetzes geregelt. Sie sind\u00a0 in Trafiken und online ohne Alterskontrolle erh\u00e4ltlich.<\/p>\n<p>Nikotin kann in jeder Form abh\u00e4ngig machen. Es hat negative gesundheitliche Auswirkungen auf den K\u00f6rper. Nikotin beeinflusst vor allem das Herz-Kreislauf-System. Die Produkte haben je nach Konsumationsart und Inhaltsstoffen unterschiedliche negative Auswirkungen auf die Gesundheit.<\/p>\n<p>Haben Sie das Gef\u00fchl, von einem Produkt abh\u00e4ngig zu sein? Dann ist es gut, zu testen, ob Sie einige Tage oder Situationen, in denen Sie \u00fcblicherweise konsumieren, ohne dieses Produkt auskommen &#8211; ohne nerv\u00f6s, gereizt oder unruhig zu werden.<\/p>\n<p>Einen Test zur Abh\u00e4ngigkeitsentwicklung finden Sie hier: <span style=\"color: #212121;\"><a href=\"https:\/\/rauchfrei.at\/aufhoeren\/tests-tools\/honc\/\" style=\"color: #212121;\">HONC<\/a><\/span><\/p>\n<p><span style=\"color: #212121;\">Folder:<a href=\"https:\/\/rauchfrei.at\/wp-content\/uploads\/rf23_Neue-Nikotinprodukte_folder_v7_online.pdf\" target=\"_blank\" rel=\"noopener\"> Tabak &amp; Nikotin: Was ist wo drin? <\/a><\/span><\/p>\n<p>[\/et_pb_text][\/et_pb_column][et_pb_column type=&#8221;1_3&#8243; _builder_version=&#8221;4.16&#8243; custom_padding=&#8221;|||&#8221; global_colors_info=&#8221;{}&#8221; custom_padding__hover=&#8221;|||&#8221;][et_pb_dp_dmb_module_15144 headline=&#8221;Teste dich:      Bist du schon abh\u00e4ngig?&#8221; _builder_version=&#8221;4.20.4&#8243; _module_preset=&#8221;default&#8221; link_option_url=&#8221;https:\/\/rauchfrei.at\/aufhoeren\/tests-tools\/honc\/&#8221; link_option_url_new_window=&#8221;on&#8221; global_colors_info=&#8221;{}&#8221;][\/et_pb_dp_dmb_module_15144][et_pb_dp_dmb_module_10080 link_text=&#8221;mehr dazu&#8221; link_url=&#8221;https:\/\/rauchfrei.at\/fakten\/andere-tabakprodukte\/e-zigarette\/&#8221; _builder_version=&#8221;4.20.4&#8243; _module_preset=&#8221;default&#8221; global_colors_info=&#8221;{}&#8221;]<\/p>\n<p>Tabakprodukte<\/p>\n<p>[\/et_pb_dp_dmb_module_10080][et_pb_dp_dmb_module_10080 link_text=&#8221;mehr dazu&#8221; link_url=&#8221;https:\/\/rauchfrei.at\/fakten\/andere-tabakprodukte\/tabakfreie-nikotinprodukte\/&#8221; _builder_version=&#8221;4.20.4&#8243; _module_preset=&#8221;default&#8221; global_colors_info=&#8221;{}&#8221;]<\/p>\n<p>Nikotinprodukte<\/p>\n<p>[\/et_pb_dp_dmb_module_10080][\/et_pb_column][\/et_pb_row][\/et_pb_section]<\/p>\n","protected":false},"excerpt":{"rendered":"<p>Weitere Tabak-\u00a0 und NikotinprodukteEs gibt verschiedene, zum Teil neue Produkte der Tabakindustrie am Markt. Die Industrie bewirbt und verkauft diese Produkte mit der Werbebotschaft eines &#8220;ges\u00fcnderen&#8221; und &#8220;cooleren&#8221; Konsums als Zigaretten. Es gibt Tabakprodukte und Produkte, deren Konsumationsart Zigaretten \u00e4hnelt. Das sind z.B. Pfeifen, Zigarren, Zigarillos, Wasserpfeifen (Shisha), Elektronische Zigaretten und Tabakerhitzer. Diese Produkte sind [&hellip;]<\/p>\n","protected":false},"author":2,"featured_media":0,"parent":11,"menu_order":0,"comment_status":"closed","ping_status":"open","template":"","meta":{"_et_pb_use_builder":"on","_et_pb_old_content":"<p>Neben der Zigarette gibt es noch weitere Produkte, die in Verbindung mit Rauchen, Tabak und Nikotin stehen.<\/p>","_et_gb_content_width":"","footnotes":""},"class_list":["post-97","page","type-page","status-publish","hentry"],"yoast_head":"<!-- This site is optimized with the Yoast SEO plugin v26.2 - https:\/\/yoast.com\/wordpress\/plugins\/seo\/ -->\n<title>Weitere Tabak-\u00a0 und Nikotinprodukte - Rauchfrei Telefon<\/title>\n<meta name=\"robots\" content=\"index, follow, max-snippet:-1, max-image-preview:large, max-video-preview:-1\" \/>\n<link rel=\"canonical\" href=\"https:\/\/rauchfrei.at\/fakten\/andere-tabakprodukte\/\" \/>\n<meta property=\"og:locale\" content=\"en_US\" \/>\n<meta property=\"og:type\" content=\"article\" \/>\n<meta property=\"og:title\" content=\"Weitere Tabak-\u00a0 und Nikotinprodukte - Rauchfrei Telefon\" \/>\n<meta property=\"og:description\" content=\"Weitere Tabak-\u00a0 und NikotinprodukteEs gibt verschiedene, zum Teil neue Produkte der Tabakindustrie am Markt. Die Industrie bewirbt und verkauft diese Produkte mit der Werbebotschaft eines &quot;ges\u00fcnderen&quot; und &quot;cooleren&quot; Konsums als Zigaretten. Es gibt Tabakprodukte und Produkte, deren Konsumationsart Zigaretten \u00e4hnelt. Das sind z.B. Pfeifen, Zigarren, Zigarillos, Wasserpfeifen (Shisha), Elektronische Zigaretten und Tabakerhitzer. Diese Produkte sind [&hellip;]\" \/>\n<meta property=\"og:url\" content=\"https:\/\/rauchfrei.at\/fakten\/andere-tabakprodukte\/\" \/>\n<meta property=\"og:site_name\" content=\"Rauchfrei Telefon\" \/>\n<meta property=\"article:modified_time\" content=\"2023-05-23T09:15:24+00:00\" \/>\n<meta name=\"twitter:card\" content=\"summary_large_image\" \/>\n<meta name=\"twitter:label1\" content=\"Est. reading time\" \/>\n\t<meta name=\"twitter:data1\" content=\"2 minutes\" \/>\n<script type=\"application\/ld+json\" class=\"yoast-schema-graph\">{\"@context\":\"https:\/\/schema.org\",\"@graph\":[{\"@type\":\"WebPage\",\"@id\":\"https:\/\/rauchfrei.at\/fakten\/andere-tabakprodukte\/\",\"url\":\"https:\/\/rauchfrei.at\/fakten\/andere-tabakprodukte\/\",\"name\":\"Weitere Tabak-\u00a0 und Nikotinprodukte - Rauchfrei Telefon\",\"isPartOf\":{\"@id\":\"https:\/\/rauchfrei.at\/#website\"},\"datePublished\":\"2012-02-28T11:39:31+00:00\",\"dateModified\":\"2023-05-23T09:15:24+00:00\",\"breadcrumb\":{\"@id\":\"https:\/\/rauchfrei.at\/fakten\/andere-tabakprodukte\/#breadcrumb\"},\"inLanguage\":\"en-US\",\"potentialAction\":[{\"@type\":\"ReadAction\",\"target\":[\"https:\/\/rauchfrei.at\/fakten\/andere-tabakprodukte\/\"]}]},{\"@type\":\"BreadcrumbList\",\"@id\":\"https:\/\/rauchfrei.at\/fakten\/andere-tabakprodukte\/#breadcrumb\",\"itemListElement\":[{\"@type\":\"ListItem\",\"position\":1,\"name\":\"Fakten\",\"item\":\"https:\/\/rauchfrei.at\/fakten\/\"},{\"@type\":\"ListItem\",\"position\":2,\"name\":\"Weitere Tabak-\u00a0 und Nikotinprodukte\"}]},{\"@type\":\"WebSite\",\"@id\":\"https:\/\/rauchfrei.at\/#website\",\"url\":\"https:\/\/rauchfrei.at\/\",\"name\":\"Rauchfrei Telefon\",\"description\":\"Eine \u00f6sterreichweite Initiative der Sozialversicherungen.\",\"potentialAction\":[{\"@type\":\"SearchAction\",\"target\":{\"@type\":\"EntryPoint\",\"urlTemplate\":\"https:\/\/rauchfrei.at\/?s={search_term_string}\"},\"query-input\":{\"@type\":\"PropertyValueSpecification\",\"valueRequired\":true,\"valueName\":\"search_term_string\"}}],\"inLanguage\":\"en-US\"}]}<\/script>\n<!-- \/ Yoast SEO plugin. -->","yoast_head_json":{"title":"Weitere Tabak-\u00a0 und Nikotinprodukte - Rauchfrei Telefon","robots":{"index":"index","follow":"follow","max-snippet":"max-snippet:-1","max-image-preview":"max-image-preview:large","max-video-preview":"max-video-preview:-1"},"canonical":"https:\/\/rauchfrei.at\/fakten\/andere-tabakprodukte\/","og_locale":"en_US","og_type":"article","og_title":"Weitere Tabak-\u00a0 und Nikotinprodukte - Rauchfrei Telefon","og_description":"Weitere Tabak-\u00a0 und NikotinprodukteEs gibt verschiedene, zum Teil neue Produkte der Tabakindustrie am Markt. Die Industrie bewirbt und verkauft diese Produkte mit der Werbebotschaft eines \"ges\u00fcnderen\" und \"cooleren\" Konsums als Zigaretten. Es gibt Tabakprodukte und Produkte, deren Konsumationsart Zigaretten \u00e4hnelt. Das sind z.B. Pfeifen, Zigarren, Zigarillos, Wasserpfeifen (Shisha), Elektronische Zigaretten und Tabakerhitzer. Diese Produkte sind [&hellip;]","og_url":"https:\/\/rauchfrei.at\/fakten\/andere-tabakprodukte\/","og_site_name":"Rauchfrei Telefon","article_modified_time":"2023-05-23T09:15:24+00:00","twitter_card":"summary_large_image","twitter_misc":{"Est. reading time":"2 minutes"},"schema":{"@context":"https:\/\/schema.org","@graph":[{"@type":"WebPage","@id":"https:\/\/rauchfrei.at\/fakten\/andere-tabakprodukte\/","url":"https:\/\/rauchfrei.at\/fakten\/andere-tabakprodukte\/","name":"Weitere Tabak-\u00a0 und Nikotinprodukte - Rauchfrei Telefon","isPartOf":{"@id":"https:\/\/rauchfrei.at\/#website"},"datePublished":"2012-02-28T11:39:31+00:00","dateModified":"2023-05-23T09:15:24+00:00","breadcrumb":{"@id":"https:\/\/rauchfrei.at\/fakten\/andere-tabakprodukte\/#breadcrumb"},"inLanguage":"en-US","potentialAction":[{"@type":"ReadAction","target":["https:\/\/rauchfrei.at\/fakten\/andere-tabakprodukte\/"]}]},{"@type":"BreadcrumbList","@id":"https:\/\/rauchfrei.at\/fakten\/andere-tabakprodukte\/#breadcrumb","itemListElement":[{"@type":"ListItem","position":1,"name":"Fakten","item":"https:\/\/rauchfrei.at\/fakten\/"},{"@type":"ListItem","position":2,"name":"Weitere Tabak-\u00a0 und Nikotinprodukte"}]},{"@type":"WebSite","@id":"https:\/\/rauchfrei.at\/#website","url":"https:\/\/rauchfrei.at\/","name":"Rauchfrei Telefon","description":"Eine \u00f6sterreichweite Initiative der Sozialversicherungen.","potentialAction":[{"@type":"SearchAction","target":{"@type":"EntryPoint","urlTemplate":"https:\/\/rauchfrei.at\/?s={search_term_string}"},"query-input":{"@type":"PropertyValueSpecification","valueRequired":true,"valueName":"search_term_string"}}],"inLanguage":"en-US"}]}},"_links":{"self":[{"href":"https:\/\/rauchfrei.at\/en\/wp-json\/wp\/v2\/pages\/97","targetHints":{"allow":["GET"]}}],"collection":[{"href":"https:\/\/rauchfrei.at\/en\/wp-json\/wp\/v2\/pages"}],"about":[{"href":"https:\/\/rauchfrei.at\/en\/wp-json\/wp\/v2\/types\/page"}],"author":[{"embeddable":true,"href":"https:\/\/rauchfrei.at\/en\/wp-json\/wp\/v2\/users\/2"}],"replies":[{"embeddable":true,"href":"https:\/\/rauchfrei.at\/en\/wp-json\/wp\/v2\/comments?post=97"}],"version-history":[{"count":24,"href":"https:\/\/rauchfrei.at\/en\/wp-json\/wp\/v2\/pages\/97\/revisions"}],"predecessor-version":[{"id":27108,"href":"https:\/\/rauchfrei.at\/en\/wp-json\/wp\/v2\/pages\/97\/revisions\/27108"}],"up":[{"embeddable":true,"href":"https:\/\/rauchfrei.at\/en\/wp-json\/wp\/v2\/pages\/11"}],"wp:attachment":[{"href":"https:\/\/rauchfrei.at\/en\/wp-json\/wp\/v2\/media?parent=97"}],"curies":[{"name":"wp","href":"https:\/\/api.w.org\/{rel}","templated":true}]}}