
{"id":99,"date":"2012-02-28T11:39:58","date_gmt":"2012-02-28T11:39:58","guid":{"rendered":"http:\/\/web362.itscserver.org\/wordpress\/?page_id=99"},"modified":"2023-04-18T12:50:05","modified_gmt":"2023-04-18T10:50:05","slug":"e-zigarette","status":"publish","type":"page","link":"https:\/\/rauchfrei.at\/en\/fakten\/andere-tabakprodukte\/e-zigarette\/","title":{"rendered":"Tabakprodukte"},"content":{"rendered":"<p>[et_pb_section fb_built=&#8221;1&#8243; custom_padding_last_edited=&#8221;off|&#8221; module_class=&#8221;header&#8221; _builder_version=&#8221;4.16&#8243; background_color=&#8221;#67BAD3&#8243; custom_margin=&#8221;||0px|&#8221; custom_padding=&#8221;100px||10px|&#8221; global_colors_info=&#8221;{}&#8221;][et_pb_row _builder_version=&#8221;4.17.1&#8243; custom_margin=&#8221;||0px|&#8221; custom_padding=&#8221;||0px|&#8221; global_colors_info=&#8221;{}&#8221;][et_pb_column type=&#8221;4_4&#8243; _builder_version=&#8221;4.16&#8243; custom_padding=&#8221;||0px|&#8221; global_colors_info=&#8221;{}&#8221; custom_padding__hover=&#8221;|||&#8221;][et_pb_text admin_label=&#8221;Blue Background Header&#8221; _builder_version=&#8221;4.17.1&#8243; custom_margin=&#8221;||0px|&#8221; custom_padding=&#8221;||0px|&#8221; z_index_tablet=&#8221;500&#8243; global_colors_info=&#8221;{}&#8221;]<\/p>\n<h1>Tabakprodukte<\/h1>\n<p>[\/et_pb_text][\/et_pb_column][\/et_pb_row][\/et_pb_section][et_pb_section fb_built=&#8221;1&#8243; _builder_version=&#8221;4.16&#8243; global_colors_info=&#8221;{}&#8221;][et_pb_row column_structure=&#8221;2_3,1_3&#8243; _builder_version=&#8221;4.16&#8243; background_size=&#8221;initial&#8221; background_position=&#8221;top_left&#8221; background_repeat=&#8221;repeat&#8221; global_colors_info=&#8221;{}&#8221;][et_pb_column type=&#8221;2_3&#8243; _builder_version=&#8221;4.16&#8243; custom_padding=&#8221;|||&#8221; global_colors_info=&#8221;{}&#8221; custom_padding__hover=&#8221;|||&#8221;][et_pb_accordion _builder_version=&#8221;4.20.4&#8243; _module_preset=&#8221;default&#8221; hover_enabled=&#8221;0&#8243; global_colors_info=&#8221;{}&#8221; sticky_enabled=&#8221;0&#8243;][et_pb_accordion_item title=&#8221;Tabakerhitzer&#8221; _builder_version=&#8221;4.20.4&#8243; _module_preset=&#8221;default&#8221; global_colors_info=&#8221;{}&#8221; open=&#8221;on&#8221;]<\/p>\n<p>Bei Tabakerhitzern werden Stifte (Heets) aus stark verarbeitetem Tabak, der mit Glyzerin versetzt ist, mit Hilfe eines Ger\u00e4ts elektronisch auf rund 350 Grad Celsius erhitzt. Das dabei entstehende Aerosol k\u00fchlt in einem Filter ab und wird \u00fcber einen weiteren Filter inhaliert \u2013 \u00e4hnlich dem wie bei Zigaretten. Auch die Dauer der Nutzung mit einem Stift ist \u00e4hnlich dem Rauchen von Zigaretten und liegt bei rund sechs Minuten bzw. etwa 14 Z\u00fcgen. Das Ger\u00e4t muss regelm\u00e4\u00dfig<br \/>aufgeladen werden.<br \/>Der Nikotingehalt des Aerosols des Tabakerhitzers entspricht in etwa der Menge im Zigarettenrauch. Das enthaltene Glyzerin und Propylenglykol ist in h\u00f6heren Mengen enthalten und kann beim Erhitzen zur Bildung der Giftstoffe Formaldehyd und Acrolein f\u00fchren. Die Partikelmenge ist vergleichbar mit der von Zigarettenrauch. Auch weitere Giftstoffe wie Teer und Kohlenmonoxid, die auch beim Rauchen entstehen, werden durch Tabakerhitzer erzeugt. Auch Substanden die nicht im Tabakrauch vorkommen und m\u00f6glicherweise gesundheitssch\u00e4dlich sind konnten gefunden werden, darunter Alkohole. Einige der enthaltenen Stoffe sind krebserzeugend.<\/p>\n<p>Tabakerhitzer enthalten eine \u00e4hnliche Menge an Nikotin wie Zigaretten und d\u00fcrften somit \u00e4hnlich stark abh\u00e4ngig machen. Die Produkte sind neu am Markt, daher fehlen Langzeitstudien zu den Gesundheitsgef\u00e4hrdungen. Einige Studien weisen darauf hin, dass Tabakerhitzer die Leber und Lunge sch\u00e4digen. Die gesetzlichen Rauchverbote gelten in \u00d6sterreich auch f\u00fcr Tabakerhitzer.<\/p>\n<p>[\/et_pb_accordion_item][et_pb_accordion_item title=&#8221;Tabakhaltige Nikotinbeutel, Kautabak und Schnupftabak&#8221; _builder_version=&#8221;4.20.4&#8243; _module_preset=&#8221;default&#8221; global_colors_info=&#8221;{}&#8221; open=&#8221;off&#8221;]<\/p>\n<p>Kautabak und Lutschtabak, wie zum Beispiel Snus oder Makla, gibt es in unterschiedlicher Form. Der Tabak wird in der Mundh\u00f6hle \u201egeparkt\u201c, gekaut oder geschnupft. Die Schadstoffe werden \u00fcber die Schleimh\u00e4ute in Mund und Rachen aufgenommen.<\/p>\n<p>[\/et_pb_accordion_item][et_pb_accordion_item title=&#8221;Snus&#8221; _builder_version=&#8221;4.20.4&#8243; _module_preset=&#8221;default&#8221; global_colors_info=&#8221;{}&#8221; open=&#8221;off&#8221;]<\/p>\n<p>Snus ist ein tabakhaltiger Nikotinbeutel, der zwischen Lippe und Zahnfleisch geschoben wird. Schnupftabak wird in die Nase eingezogen und ist auch unter dem Namen \u201eSnuff\u201c bekannt. Die giftigen Schadstoffe werden \u00fcber die Nasenschleimhaut aufgenommen.<\/p>\n<p>Neben vielf\u00e4ltigen gesundheitssch\u00e4digenden Auswirkungen greifen diese Formen von Tabak speziell Z\u00e4hne, Zahnfleisch bzw. Nasenschleimh\u00e4ute an. Krebserkrankungen speziell in Mund, Nase, Rachen k\u00f6nnen die Folge sein. Das enthaltene Nikotin kann schnell abh\u00e4ngig machen. Diese Formen sind in \u00d6sterreich verboten.<\/p>\n<p>[\/et_pb_accordion_item][et_pb_accordion_item title=&#8221;Light \u2013 Zigaretten und andere \u201eharmlosere\u201c Zigaretten&#8221; _builder_version=&#8221;4.20.4&#8243; _module_preset=&#8221;default&#8221; global_colors_info=&#8221;{}&#8221; open=&#8221;off&#8221;]<\/p>\n<p>Mit \u201elight\u201c (englisch f\u00fcr \u201eleicht\u201c) wurden Zigaretten mit geringeren Nikotin- und Kondensat-Werten bezeichnet. Die Bezeichnung \u201elight\u201c oder \u201eleicht\u201c darf nicht mehr verwendet werden. Zigaretten, die weniger Nikotin enthalten sind ebenso gesundheitssch\u00e4dlich. Meist inhalieren Raucherinnen und Raucher tiefer und rauchen mehr von diesen Zigaretten, um ausreichend Nikotin aufzunehmen. Jede Zigarette gef\u00e4hrdet die Gesundheit. Das gilt auch f\u00fcr Produkte mit ersatzweise verwendeten Begriffen wie Blue, Silver, White, Gold, \u2026<br \/>Zigarettenmarken, die mit \u201enatural flavour\u201c beworben werden und denen keine zus\u00e4tzlichen Inhaltsstoffe aufweisen sollen, sind ebenso gesundheitssch\u00e4digend.<\/p>\n<p>[\/et_pb_accordion_item][et_pb_accordion_item title=&#8221;Pfeifen, Zigarren und Zigarillos&#8221; _builder_version=&#8221;4.20.4&#8243; _module_preset=&#8221;default&#8221; global_colors_info=&#8221;{}&#8221; open=&#8221;off&#8221;]<\/p>\n<p>Alle Formen des Tabakkonsums sind gesundheitssch\u00e4dlich. Das Gesundheitsrisiko von Pfeifen, Zigarren und Zigarillos wird h\u00e4ufig untersch\u00e4tzt. Besonders hoch ist das Risiko f\u00fcr die Entstehung von Tumorerkrankungen im Mund- und Rachenraum, da der Rauch f\u00fcr mehrere Sekunden im Mund verbleibt. Auch die Kohlenmonoxid Konzentrationen sind teilweise deutlich h\u00f6her als beim Zigarettenrauchen.<\/p>\n<p>[\/et_pb_accordion_item][et_pb_accordion_item title=&#8221;Wasserpfeife&#8221; _builder_version=&#8221;4.20.4&#8243; _module_preset=&#8221;default&#8221; global_colors_info=&#8221;{}&#8221; open=&#8221;off&#8221;]<\/p>\n<p>Die Wasserpfeife stammt urspr\u00fcnglich aus Indien und kam \u00fcber den Iran in die arabischen L\u00e4nder. Auch in \u00d6sterreich ist die \u201eShisha-Bar\u201c bzw. das \u201eShisha-Cafe\u201c inzwischen sehr verbreitet. Die Wasserpfeife wird besonders von Jugendlichen h\u00e4ufig genutzt.<\/p>\n<p>Das Rauchen von Wasserpfeifen (Shishas) wird von den Konsumenten und Konsumentinnen f\u00e4lschlicherweise oft als harmloser als Zigarettenrauchen eingesch\u00e4tzt, auch das Suchtpotential wird untersch\u00e4tzt.<\/p>\n<p>Der Rauch kommt zwar vor dem Einatmen mit Wasser in Ber\u00fchrung und k\u00fchlt dadurch aus, verhindert dadurch aber nur das Kratzen im Hals. Der Rauch verliert nicht seine Giftstoffe und macht ebenso s\u00fcchtig, wie jeder andere Tabakrauch. Die verbreitete Meinung, das Wasser reinigt oder \u201efiltert\u201c die Schadstoffe, ist ein Irrglaube.<\/p>\n<p><strong>Funktion:<\/strong><br \/>Die Funktion ist bei allen Wasserpfeifen gleich. Sie bestehen aus Wasserbeh\u00e4lter, Aschenteller, Kopfdichtung und Kopfteller. Zum Rauchen wird eine Mischung aus Tabak, Melasse und Glyzerin (=Feuchthaltemittel) verwendet. In Fertigmischungen sind meist auch diverse Zusatzstoffe (u. a. Fr\u00fcchte, Essenzen, S\u00e4fte, Sirup, H\u00f6lzer, Harze, Zellulose, Aromastoffe, \u2026) enthalten. Diese Zusatzstoffe \u00fcberdecken den eigentlichen Geschmack des Tabaks. Unterschiedliche Geschmacksrichtungen machen das Shisha-Rauchen f\u00fcr Jugendliche besonders attraktiv. Durch die geringere Temperatur der Wasserpfeife wird das Rauchen zus\u00e4tzlich erleichtert, denn durch die K\u00fchlung kann tiefer inhaliert werden.<\/p>\n<p><strong>Sch\u00e4dlichkeit:<\/strong><br \/>Der Gebrauch der Wasserpfeife ist nicht weniger sch\u00e4dlich als das Zigarettenrauchen. Im Gegenteil, \u00fcber den Rauch von Wasserpfeifen werden teilweise sogar gr\u00f6\u00dfere Mengen an Schadstoffen aufgenommen als \u00fcber filterlose Zigaretten. Das gilt insbesondere f\u00fcr Teer und Kohlenmonoxid, sowie f\u00fcr die Giftstoffe Arsen, Chrom und Nickel.<\/p>\n<p><strong>Suchtgefahr:<\/strong><br \/>Auch die Suchtgefahr ist nicht zu untersch\u00e4tzen. Beim Rauchen der Wasserpfeife wird meist ein h\u00f6herer Anteil des Suchtstoffes Nikotin aufgenommen als durch den Konsum von Zigaretten. So entspricht die Nikotinkonzentration im Blut nach dem Konsum einer Wasserpfeife etwa der von 20 Zigaretten t\u00e4glich. Regelm\u00e4\u00dfiges Wasserpfeifen-Rauchen f\u00fchrt erwiesenerma\u00dfen zur Konsumerh\u00f6hung, erschwert den Rauchausstieg und erleichtert den Suchteinstieg.<\/p>\n<p><strong>Zus\u00e4tzliches Gesundheitsrisiko:<\/strong><br \/>Da die Wasserpfeife meistens gemeinsam mit anderen geraucht wird, ist das Risiko, eine Infektionskrankheit (z. B. Tuberkulose oder Helicobacter-pylori-Infektionen) zu bekommen, erh\u00f6ht. Auch Passivrauch der Wasserpfeife ist noch sch\u00e4dlicher als der von Zigaretten.<\/p>\n<p>In \u00d6sterreich ist der Konsum von Tabakprodukten bis zum Alter von 18 Jahren verboten.Auch Wasserpfeifen und E-Shishas fallen unter diese gesetzliche Regelung.<\/p>\n<p>[\/et_pb_accordion_item][et_pb_accordion_item title=&#8221;LINKS: &#8221; _builder_version=&#8221;4.20.4&#8243; _module_preset=&#8221;default&#8221; global_colors_info=&#8221;{}&#8221; open=&#8221;off&#8221;]<\/p>\n<p><strong>Links:<\/strong><br \/><a href=\"https:\/\/www.dkfz.de\/de\/tabakkontrolle\/download\/Publikationen\/FzR\/FzR_2018_Tabakerhitzer.pdf\">DKFZ Factsheet<\/a><br \/><a href=\"https:\/\/www.dkfz.de\/de\/tabakkontrolle\/download\/Publikationen\/sonstVeroeffentlichungen\/E-Zigaretten-und-Tabakerhitzer-Ueberblick_Oktober_2020.pdf\">DKFZ Blaue Reihe E-Zigaretten und Tabakerhitzer \u2013 Ein \u00dcberblick<\/a><\/p>\n<p><strong>Rauchlose Tabakprodukte:<\/strong><br \/><a href=\"file:\/\/\/C:\/Users\/BuettnAn\/AppData\/Local\/Temp\/6\/Rauchlose_Tabakprodukte_Band6.pdf\">Jede Form von Tabak ist gesundheitssch\u00e4dlich<\/a><br \/><a href=\"file:\/\/\/C:\/Users\/BuettnAn\/AppData\/Local\/Temp\/6\/Rauchlose_Tabakprodukte_Band6.pdf\"> Rote Reihe Tabakpr\u00e4vention und Tabakkontrolle Band 6, Deutsches Krebsforschungszentrum, Heidelberg, 2006<\/a><\/p>\n<p><strong>Wasserpfeife:<\/strong><\/p>\n<div class=\"et_pb_column et_pb_column_2_3 et_pb_column_1  et_pb_css_mix_blend_mode_passthrough\">\n<div class=\"et_pb_module et_pb_text et_pb_text_1  et_pb_text_align_left et_pb_bg_layout_light\">\n<div class=\"et_pb_text_inner\">\n<p><a href=\"https:\/\/sdw.wien\/wp-content\/uploads\/sfa_folder_wasserpfeife.pdf\" target=\"_blank\" rel=\"noopener noreferrer\">\u201eInfoblatt Wasserpfeife\u201c ARGE Suchtvorbeugung, \u00d6sterreich<\/a><\/p>\n<p><a href=\"https:\/\/rauchfrei.at\/wp-content\/uploads\/Wasserpfeife_bzga.pdf\" target=\"_blank\" rel=\"noopener noreferrer\">\u201eInfofolder Wasserpfeife\u201c Bundeszentrale f\u00fcr gesundheitliche Aufkl\u00e4rung, Deutschland<\/a><\/p>\n<\/div>\n<\/div>\n<\/div>\n<p>[\/et_pb_accordion_item][\/et_pb_accordion][et_pb_text _builder_version=&#8221;4.20.4&#8243; _module_preset=&#8221;default&#8221; hover_enabled=&#8221;0&#8243; global_colors_info=&#8221;{}&#8221; sticky_enabled=&#8221;0&#8243;]<\/p>\n<p><strong>Links:<\/strong><br \/><a href=\"https:\/\/www.dkfz.de\/de\/tabakkontrolle\/download\/Publikationen\/FzR\/FzR_2018_Tabakerhitzer.pdf\">DKFZ Factsheet<\/a><br \/><a href=\"https:\/\/www.dkfz.de\/de\/tabakkontrolle\/download\/Publikationen\/sonstVeroeffentlichungen\/E-Zigaretten-und-Tabakerhitzer-Ueberblick_Oktober_2020.pdf\">DKFZ Blaue Reihe E-Zigaretten und Tabakerhitzer \u2013 Ein \u00dcberblick<\/a><\/p>\n<p><strong>Rauchlose Tabakprodukte:<\/strong><br \/><a href=\"file:\/\/\/C:\/Users\/BuettnAn\/AppData\/Local\/Temp\/6\/Rauchlose_Tabakprodukte_Band6.pdf\">Jede Form von Tabak ist gesundheitssch\u00e4dlich<\/a><br \/><a href=\"file:\/\/\/C:\/Users\/BuettnAn\/AppData\/Local\/Temp\/6\/Rauchlose_Tabakprodukte_Band6.pdf\"> Rote Reihe Tabakpr\u00e4vention und Tabakkontrolle Band 6, Deutsches Krebsforschungszentrum, Heidelberg, 2006<\/a><\/p>\n<p><strong>Wasserpfeife:<\/strong><\/p>\n<div class=\"et_pb_column et_pb_column_2_3 et_pb_column_1  et_pb_css_mix_blend_mode_passthrough\">\n<div class=\"et_pb_module et_pb_text et_pb_text_1  et_pb_text_align_left et_pb_bg_layout_light\">\n<div class=\"et_pb_text_inner\">\n<p><a href=\"https:\/\/sdw.wien\/wp-content\/uploads\/sfa_folder_wasserpfeife.pdf\" target=\"_blank\" rel=\"noopener noreferrer\">\u201eInfoblatt Wasserpfeife\u201c ARGE Suchtvorbeugung, \u00d6sterreich<\/a><\/p>\n<p><a href=\"https:\/\/rauchfrei.at\/wp-content\/uploads\/Wasserpfeife_bzga.pdf\" target=\"_blank\" rel=\"noopener noreferrer\">\u201eInfofolder Wasserpfeife\u201c Bundeszentrale f\u00fcr gesundheitliche Aufkl\u00e4rung, Deutschland<\/a><\/p>\n<\/div>\n<\/div>\n<\/div>\n<p>[\/et_pb_text][\/et_pb_column][et_pb_column type=&#8221;1_3&#8243; _builder_version=&#8221;4.16&#8243; custom_padding=&#8221;|||&#8221; global_colors_info=&#8221;{}&#8221; custom_padding__hover=&#8221;|||&#8221;][et_pb_dp_dmb_module_10093 farbe=&#8221;blitzblau&#8221; headline=&#8221;Alternativen zum Rauchen&#8221; image=&#8221;https:\/\/rauchfrei.at\/wp-content\/uploads\/Relax-in-hammok.png&#8221; image_position=&#8221;center&#8221; link_text=&#8221;mehr&#8221; link_url=&#8221;https:\/\/rauchfrei.at\/alternativen\/&#8221; admin_label=&#8221;Alternativen zum Rauchen&#8221; _builder_version=&#8221;4.9.0&#8243; z_index_tablet=&#8221;500&#8243; global_module=&#8221;13174&#8243; saved_tabs=&#8221;all&#8221; global_colors_info=&#8221;{}&#8221;]<\/p>\n<p>Es gibt viele M\u00f6glichkeiten, um nicht zur Zigarette zu greifen!<\/p>\n<p>[\/et_pb_dp_dmb_module_10093][et_pb_dp_dmb_module_10080 link_text=&#8221;Wissenswertes&#8221; link_url=&#8221;https:\/\/rauchfrei.at\/fakten\/andere-tabakprodukte\/tabakfreie-nikotinprodukte\/&#8221; _builder_version=&#8221;4.20.2&#8243; _module_preset=&#8221;default&#8221; global_colors_info=&#8221;{}&#8221;]<\/p>\n<p>Informationen zu tabakfreien Nikotinprodukten<\/p>\n<p>[\/et_pb_dp_dmb_module_10080][\/et_pb_column][\/et_pb_row][\/et_pb_section]<\/p>\n","protected":false},"excerpt":{"rendered":"<p>TabakprodukteBei Tabakerhitzern werden Stifte (Heets) aus stark verarbeitetem Tabak, der mit Glyzerin versetzt ist, mit Hilfe eines Ger\u00e4ts elektronisch auf rund 350 Grad Celsius erhitzt. Das dabei entstehende Aerosol k\u00fchlt in einem Filter ab und wird \u00fcber einen weiteren Filter inhaliert \u2013 \u00e4hnlich dem wie bei Zigaretten. Auch die Dauer der Nutzung mit einem Stift [&hellip;]<\/p>\n","protected":false},"author":2,"featured_media":0,"parent":97,"menu_order":0,"comment_status":"closed","ping_status":"open","template":"","meta":{"_et_pb_use_builder":"on","_et_pb_old_content":"<p>Die elektrische Zigarette, auch E-Zigarette genannt, simuliert das Rauchen mit technischen Mitteln, ohne dabei Tabak zu verbrennen.<\/p><p>Der Rauch der E-Zigarette ist eine zur Verdampfung gebrachte Fl\u00fcssigkeit (Liquid), die oft Nikotin und verschiedene Aromastoffe enth\u00e4lt. F\u00fcr den Nebeleffekt ist in vielen F\u00e4llen\u00a0Propylenglykol verantwortlich, das Glimmen der Zigarette wird durch eine Leuchtdiode simuliert.<\/p><p>Der Nebel (insbesondere bei Verwendung von Propylenglykol) kann Atemwegsreizungen hervorrufen, das enthaltene Nikotin macht auch in verdampfter Form k\u00f6rperlich und psychisch stark abh\u00e4ngig.<\/p><p>Da E-Zigaretten herk\u00f6mmlichen Zigaretten \u00e4hneln, Nebel erzeugen und oft mit einer Leuchtdiode das Glimmen nachahmen, k\u00f6nnen sie aus der Ferne kaum von echten Zigaretten unterschieden werden. Die Verwendung von E-Zigaretten k\u00f6nnte somit dazu beitragen, dass das Rauchritual weiter aufrechterhalten wird.<\/p><p>Die <strong>wissenschaftliche Datenlage<\/strong> \u00fcber die gesundheitlichen Auswirkungen bei wiederholtem, langfristigem Gebrauch ist zurzeit <strong>nicht ausreichend<\/strong>, auch <strong>fehlen einheitliche Produkt-Standards<\/strong>. Daher sind E-Zigaretten mit \u00e4u\u00dferster Vorsicht zu betrachten und <strong>weder eine \u201egesunde Alternative\u201c zur herk\u00f6mmlichen Zigarette, noch eine bew\u00e4hrte Methode zur Rauchentw\u00f6hnung<\/strong>.<\/p><p>Ab <strong>20. Mai 2016<\/strong> fallen elektronische Zigaretten unter den Begriff \"verwandte Erzeugnisse\" (TNRSG, 2. \u00a7 1 Z 1e). Somit erstrecken sich die Regelungen des <strong>Rauchverbots<\/strong> jetzt <strong>auch<\/strong> auf die Verwendung von <strong>elektronischen Zigaretten<\/strong>. E-Zigaretten d\u00fcrfen nun also nicht\u00a0mehr an Orten eingesetzt werden, an denen\u00a0ein Rauchverbot gilt.<\/p><p>Mehr dazu:<\/p><p><a href=\"https:\/\/rauchfrei.at\/wp-content\/uploads\/Stellungnahme-E-Zigaretten-Vivid-2011.pdf\" target=\"_blank\" rel=\"attachment noopener wp-att-2725\">Stellungnahme E-Zigaretten<\/a> von VIVID der Fachstelle f\u00fcr Suchtpr\u00e4vention Steiermark<\/p><p><a href=\"https:\/\/rauchfrei.at\/wp-content\/uploads\/2014_Stellungnahme_E-Zigarette_2014.pdf\">Stellungnahme (2014)<\/a>\u00a0und <a title=\"Infos zur E-Zigarette f\u00fcr Schulen (DKFZ)\" href=\"http:\/\/www.dkfz.de\/de\/tabakkontrolle\/download\/Publikationen\/FzR\/FzR_Informationen_fuer_Schulen_E_Zigaretten_und_E_Shishas.pdf\" target=\"_blank\" rel=\"noopener\">Informationsblatt<\/a> des Deutschen Krebsforschungsinstituts<\/p><p><a title=\"DKFZ - Rote Reihe, Band 19\" href=\"http:\/\/www.dkfz.de\/de\/tabakkontrolle\/download\/Publikationen\/RoteReihe\/Band_19_e-zigaretten_ein_ueberblick.pdf\" target=\"_blank\" rel=\"noopener\">Elektrische Zigaretten - ein \u00dcberblick<\/a>\u00a0(DKFZ - Rote Reihe, Band 19)<\/p><p>Quellen:<br \/>Bundeszentrale f\u00fcr gesundheitliche Aufkl\u00e4rung, Deutschland<br \/>VIVID der Fachstelle f\u00fcr Suchtpr\u00e4vention Steiermark<\/p>","_et_gb_content_width":"","footnotes":""},"class_list":["post-99","page","type-page","status-publish","hentry"],"yoast_head":"<!-- This site is optimized with the Yoast SEO plugin v26.2 - https:\/\/yoast.com\/wordpress\/plugins\/seo\/ -->\n<title>Tabakprodukte - Rauchfrei Telefon<\/title>\n<meta name=\"robots\" content=\"index, follow, max-snippet:-1, max-image-preview:large, max-video-preview:-1\" \/>\n<link rel=\"canonical\" href=\"https:\/\/rauchfrei.at\/fakten\/andere-tabakprodukte\/e-zigarette\/\" \/>\n<meta property=\"og:locale\" content=\"en_US\" \/>\n<meta property=\"og:type\" content=\"article\" \/>\n<meta property=\"og:title\" content=\"Tabakprodukte - Rauchfrei Telefon\" \/>\n<meta property=\"og:description\" content=\"TabakprodukteBei Tabakerhitzern werden Stifte (Heets) aus stark verarbeitetem Tabak, der mit Glyzerin versetzt ist, mit Hilfe eines Ger\u00e4ts elektronisch auf rund 350 Grad Celsius erhitzt. Das dabei entstehende Aerosol k\u00fchlt in einem Filter ab und wird \u00fcber einen weiteren Filter inhaliert \u2013 \u00e4hnlich dem wie bei Zigaretten. Auch die Dauer der Nutzung mit einem Stift [&hellip;]\" \/>\n<meta property=\"og:url\" content=\"https:\/\/rauchfrei.at\/fakten\/andere-tabakprodukte\/e-zigarette\/\" \/>\n<meta property=\"og:site_name\" content=\"Rauchfrei Telefon\" \/>\n<meta property=\"article:modified_time\" content=\"2023-04-18T10:50:05+00:00\" \/>\n<meta name=\"twitter:card\" content=\"summary_large_image\" \/>\n<meta name=\"twitter:label1\" content=\"Est. reading time\" \/>\n\t<meta name=\"twitter:data1\" content=\"2 minutes\" \/>\n<script type=\"application\/ld+json\" class=\"yoast-schema-graph\">{\"@context\":\"https:\/\/schema.org\",\"@graph\":[{\"@type\":\"WebPage\",\"@id\":\"https:\/\/rauchfrei.at\/fakten\/andere-tabakprodukte\/e-zigarette\/\",\"url\":\"https:\/\/rauchfrei.at\/fakten\/andere-tabakprodukte\/e-zigarette\/\",\"name\":\"Tabakprodukte - Rauchfrei Telefon\",\"isPartOf\":{\"@id\":\"https:\/\/rauchfrei.at\/#website\"},\"datePublished\":\"2012-02-28T11:39:58+00:00\",\"dateModified\":\"2023-04-18T10:50:05+00:00\",\"breadcrumb\":{\"@id\":\"https:\/\/rauchfrei.at\/fakten\/andere-tabakprodukte\/e-zigarette\/#breadcrumb\"},\"inLanguage\":\"en-US\",\"potentialAction\":[{\"@type\":\"ReadAction\",\"target\":[\"https:\/\/rauchfrei.at\/fakten\/andere-tabakprodukte\/e-zigarette\/\"]}]},{\"@type\":\"BreadcrumbList\",\"@id\":\"https:\/\/rauchfrei.at\/fakten\/andere-tabakprodukte\/e-zigarette\/#breadcrumb\",\"itemListElement\":[{\"@type\":\"ListItem\",\"position\":1,\"name\":\"Fakten\",\"item\":\"https:\/\/rauchfrei.at\/fakten\/\"},{\"@type\":\"ListItem\",\"position\":2,\"name\":\"Weitere Tabak-\u00a0 und Nikotinprodukte\",\"item\":\"https:\/\/rauchfrei.at\/fakten\/andere-tabakprodukte\/\"},{\"@type\":\"ListItem\",\"position\":3,\"name\":\"Tabakprodukte\"}]},{\"@type\":\"WebSite\",\"@id\":\"https:\/\/rauchfrei.at\/#website\",\"url\":\"https:\/\/rauchfrei.at\/\",\"name\":\"Rauchfrei Telefon\",\"description\":\"Eine \u00f6sterreichweite Initiative der Sozialversicherungen.\",\"potentialAction\":[{\"@type\":\"SearchAction\",\"target\":{\"@type\":\"EntryPoint\",\"urlTemplate\":\"https:\/\/rauchfrei.at\/?s={search_term_string}\"},\"query-input\":{\"@type\":\"PropertyValueSpecification\",\"valueRequired\":true,\"valueName\":\"search_term_string\"}}],\"inLanguage\":\"en-US\"}]}<\/script>\n<!-- \/ Yoast SEO plugin. -->","yoast_head_json":{"title":"Tabakprodukte - Rauchfrei Telefon","robots":{"index":"index","follow":"follow","max-snippet":"max-snippet:-1","max-image-preview":"max-image-preview:large","max-video-preview":"max-video-preview:-1"},"canonical":"https:\/\/rauchfrei.at\/fakten\/andere-tabakprodukte\/e-zigarette\/","og_locale":"en_US","og_type":"article","og_title":"Tabakprodukte - Rauchfrei Telefon","og_description":"TabakprodukteBei Tabakerhitzern werden Stifte (Heets) aus stark verarbeitetem Tabak, der mit Glyzerin versetzt ist, mit Hilfe eines Ger\u00e4ts elektronisch auf rund 350 Grad Celsius erhitzt. Das dabei entstehende Aerosol k\u00fchlt in einem Filter ab und wird \u00fcber einen weiteren Filter inhaliert \u2013 \u00e4hnlich dem wie bei Zigaretten. Auch die Dauer der Nutzung mit einem Stift [&hellip;]","og_url":"https:\/\/rauchfrei.at\/fakten\/andere-tabakprodukte\/e-zigarette\/","og_site_name":"Rauchfrei Telefon","article_modified_time":"2023-04-18T10:50:05+00:00","twitter_card":"summary_large_image","twitter_misc":{"Est. reading time":"2 minutes"},"schema":{"@context":"https:\/\/schema.org","@graph":[{"@type":"WebPage","@id":"https:\/\/rauchfrei.at\/fakten\/andere-tabakprodukte\/e-zigarette\/","url":"https:\/\/rauchfrei.at\/fakten\/andere-tabakprodukte\/e-zigarette\/","name":"Tabakprodukte - Rauchfrei Telefon","isPartOf":{"@id":"https:\/\/rauchfrei.at\/#website"},"datePublished":"2012-02-28T11:39:58+00:00","dateModified":"2023-04-18T10:50:05+00:00","breadcrumb":{"@id":"https:\/\/rauchfrei.at\/fakten\/andere-tabakprodukte\/e-zigarette\/#breadcrumb"},"inLanguage":"en-US","potentialAction":[{"@type":"ReadAction","target":["https:\/\/rauchfrei.at\/fakten\/andere-tabakprodukte\/e-zigarette\/"]}]},{"@type":"BreadcrumbList","@id":"https:\/\/rauchfrei.at\/fakten\/andere-tabakprodukte\/e-zigarette\/#breadcrumb","itemListElement":[{"@type":"ListItem","position":1,"name":"Fakten","item":"https:\/\/rauchfrei.at\/fakten\/"},{"@type":"ListItem","position":2,"name":"Weitere Tabak-\u00a0 und Nikotinprodukte","item":"https:\/\/rauchfrei.at\/fakten\/andere-tabakprodukte\/"},{"@type":"ListItem","position":3,"name":"Tabakprodukte"}]},{"@type":"WebSite","@id":"https:\/\/rauchfrei.at\/#website","url":"https:\/\/rauchfrei.at\/","name":"Rauchfrei Telefon","description":"Eine \u00f6sterreichweite Initiative der Sozialversicherungen.","potentialAction":[{"@type":"SearchAction","target":{"@type":"EntryPoint","urlTemplate":"https:\/\/rauchfrei.at\/?s={search_term_string}"},"query-input":{"@type":"PropertyValueSpecification","valueRequired":true,"valueName":"search_term_string"}}],"inLanguage":"en-US"}]}},"_links":{"self":[{"href":"https:\/\/rauchfrei.at\/en\/wp-json\/wp\/v2\/pages\/99","targetHints":{"allow":["GET"]}}],"collection":[{"href":"https:\/\/rauchfrei.at\/en\/wp-json\/wp\/v2\/pages"}],"about":[{"href":"https:\/\/rauchfrei.at\/en\/wp-json\/wp\/v2\/types\/page"}],"author":[{"embeddable":true,"href":"https:\/\/rauchfrei.at\/en\/wp-json\/wp\/v2\/users\/2"}],"replies":[{"embeddable":true,"href":"https:\/\/rauchfrei.at\/en\/wp-json\/wp\/v2\/comments?post=99"}],"version-history":[{"count":23,"href":"https:\/\/rauchfrei.at\/en\/wp-json\/wp\/v2\/pages\/99\/revisions"}],"predecessor-version":[{"id":26762,"href":"https:\/\/rauchfrei.at\/en\/wp-json\/wp\/v2\/pages\/99\/revisions\/26762"}],"up":[{"embeddable":true,"href":"https:\/\/rauchfrei.at\/en\/wp-json\/wp\/v2\/pages\/97"}],"wp:attachment":[{"href":"https:\/\/rauchfrei.at\/en\/wp-json\/wp\/v2\/media?parent=99"}],"curies":[{"name":"wp","href":"https:\/\/api.w.org\/{rel}","templated":true}]}}